{"id":37,"date":"2016-01-28T14:34:41","date_gmt":"2016-01-28T13:34:41","guid":{"rendered":"http:\/\/blogs.uab.cat\/majmin\/?page_id=37"},"modified":"2016-01-28T14:34:41","modified_gmt":"2016-01-28T13:34:41","slug":"objectes-i-productes","status":"publish","type":"page","link":"https:\/\/webs.uab.cat\/majmin\/index\/objectes-i-productes\/","title":{"rendered":"Objectes i productes"},"content":{"rendered":"<hr \/>\n<p><strong>Marques<\/strong><\/p>\n<hr \/>\n<p>Els noms de les marques i els models s&#8217;escriuen amb maj\u00fascula inicial, llevat dels casos en qu\u00e8 s&#8217;usen amb valor gen\u00e8ric.<\/p>\n<div id=\"cos\">\n<div id=\"continguts\">\n<div id=\"objectes\" class=\"capitol\">\n<div id=\"marques\" class=\"seccio\">\n<table class=\"exemples\">\n<tbody>\n<tr class=\"exemples\">\n<td class=\"exemple\">la casa Letona fabrica la beguda Cacaolat<\/td>\n<td class=\"exemple\">demana un cacaolat<\/td>\n<\/tr>\n<\/tbody>\n<\/table>\n<ul class=\"exemples\">\n<li class=\"exemple\">una aspirina<\/li>\n<li class=\"exemple\">un rotlle de cel\u00b7lo<\/li>\n<li class=\"exemple\">un jeep<\/li>\n<\/ul>\n<\/div>\n<div id=\"singulars\" class=\"seccio\">\n<hr \/>\n<p class=\"titolSeccio\"><strong>Objectes singulars<\/strong><\/p>\n<hr \/>\n<p class=\"titolSeccio\">\n<p>S&#8217;escriuen amb maj\u00fascules inicials.<\/p>\n<ul class=\"exemples\">\n<li class=\"exemple\">el Graf Zeppelin [nom d&#8217;un z\u00e8ppelin]<\/li>\n<li class=\"exemple\">el Nautilus [nom d&#8217;un submar\u00ed]<\/li>\n<li class=\"exemple\">el Sant Graal [el calze que Crist va fer servir al Sant Sopar]<\/li>\n<\/ul>\n<\/div>\n<\/div>\n<\/div>\n<\/div>\n<hr \/>\n<p><a href=\"http:\/\/blogs.uab.cat\/majmin\/index\/\">\u00cdndex<\/a><\/p>\n","protected":false},"excerpt":{"rendered":"<p>Marques Els noms de les marques i els models s&#8217;escriuen amb maj\u00fascula inicial, llevat dels casos en qu\u00e8 s&#8217;usen amb valor gen\u00e8ric. la casa Letona fabrica la beguda Cacaolat demana un cacaolat una aspirina un rotlle de cel\u00b7lo un jeep Objectes singulars S&#8217;escriuen amb maj\u00fascules inicials. el Graf Zeppelin [nom d&#8217;un z\u00e8ppelin] el Nautilus [nom [&hellip;]<\/p>\n","protected":false},"author":59,"featured_media":0,"parent":13,"menu_order":9,"comment_status":"closed","ping_status":"closed","template":"","meta":{"footnotes":""},"class_list":["post-37","page","type-page","status-publish","hentry"],"_links":{"self":[{"href":"https:\/\/webs.uab.cat\/majmin\/wp-json\/wp\/v2\/pages\/37","targetHints":{"allow":["GET"]}}],"collection":[{"href":"https:\/\/webs.uab.cat\/majmin\/wp-json\/wp\/v2\/pages"}],"about":[{"href":"https:\/\/webs.uab.cat\/majmin\/wp-json\/wp\/v2\/types\/page"}],"author":[{"embeddable":true,"href":"https:\/\/webs.uab.cat\/majmin\/wp-json\/wp\/v2\/users\/59"}],"replies":[{"embeddable":true,"href":"https:\/\/webs.uab.cat\/majmin\/wp-json\/wp\/v2\/comments?post=37"}],"version-history":[{"count":0,"href":"https:\/\/webs.uab.cat\/majmin\/wp-json\/wp\/v2\/pages\/37\/revisions"}],"up":[{"embeddable":true,"href":"https:\/\/webs.uab.cat\/majmin\/wp-json\/wp\/v2\/pages\/13"}],"wp:attachment":[{"href":"https:\/\/webs.uab.cat\/majmin\/wp-json\/wp\/v2\/media?parent=37"}],"curies":[{"name":"wp","href":"https:\/\/api.w.org\/{rel}","templated":true}]}}