{"id":70,"date":"2016-01-28T15:11:58","date_gmt":"2016-01-28T14:11:58","guid":{"rendered":"http:\/\/blogs.uab.cat\/majmin\/?page_id=70"},"modified":"2024-02-12T12:31:12","modified_gmt":"2024-02-12T12:31:12","slug":"contacte","status":"publish","type":"page","link":"https:\/\/webs.uab.cat\/majmin\/contacte\/","title":{"rendered":"Contacte"},"content":{"rendered":"<ul>\n<li><a href=\"https:\/\/www.uab.cat\/web\/uab-idiomes-campus\/assessorament-linguistic\/traduccio-i-revisio-de-textos-1345815685758.html\">Unitat d\u2019Assessorament Ling\u00fc\u00edstic i Traduccions<\/a><\/li>\n<li><a href=\"http:\/\/www.uab.cat\/servei-llengues\/\">Servei de Lleng\u00fces<\/a><\/li>\n<li><a href=\"http:\/\/www.uab.cat\/\">Universitat Aut\u00f2noma de Barcelona<\/a><\/li>\n<\/ul>\n<hr \/>\n","protected":false},"excerpt":{"rendered":"<p>Unitat d\u2019Assessorament Ling\u00fc\u00edstic i Traduccions Servei de Lleng\u00fces Universitat Aut\u00f2noma de Barcelona<\/p>\n","protected":false},"author":59,"featured_media":0,"parent":0,"menu_order":6,"comment_status":"closed","ping_status":"closed","template":"","meta":{"footnotes":""},"class_list":["post-70","page","type-page","status-publish","hentry"],"_links":{"self":[{"href":"https:\/\/webs.uab.cat\/majmin\/wp-json\/wp\/v2\/pages\/70","targetHints":{"allow":["GET"]}}],"collection":[{"href":"https:\/\/webs.uab.cat\/majmin\/wp-json\/wp\/v2\/pages"}],"about":[{"href":"https:\/\/webs.uab.cat\/majmin\/wp-json\/wp\/v2\/types\/page"}],"author":[{"embeddable":true,"href":"https:\/\/webs.uab.cat\/majmin\/wp-json\/wp\/v2\/users\/59"}],"replies":[{"embeddable":true,"href":"https:\/\/webs.uab.cat\/majmin\/wp-json\/wp\/v2\/comments?post=70"}],"version-history":[{"count":1,"href":"https:\/\/webs.uab.cat\/majmin\/wp-json\/wp\/v2\/pages\/70\/revisions"}],"predecessor-version":[{"id":148,"href":"https:\/\/webs.uab.cat\/majmin\/wp-json\/wp\/v2\/pages\/70\/revisions\/148"}],"wp:attachment":[{"href":"https:\/\/webs.uab.cat\/majmin\/wp-json\/wp\/v2\/media?parent=70"}],"curies":[{"name":"wp","href":"https:\/\/api.w.org\/{rel}","templated":true}]}}