{"id":14,"date":"2026-02-16T18:33:20","date_gmt":"2026-02-16T16:33:20","guid":{"rendered":"https:\/\/webs.uab.cat\/maker-infantil\/?page_id=14"},"modified":"2026-02-25T12:41:52","modified_gmt":"2026-02-25T10:41:52","slug":"propostes","status":"publish","type":"page","link":"https:\/\/webs.uab.cat\/maker-infantil\/propostes\/","title":{"rendered":"Propostes"},"content":{"rendered":"<div class=\"wp-block-image\">\n<figure class=\"alignleft size-full\"><img loading=\"lazy\" decoding=\"async\" width=\"647\" height=\"203\" src=\"https:\/\/webs.uab.cat\/maker-infantil\/wp-content\/uploads\/sites\/714\/2026\/02\/logo-1.png\" alt=\"\" class=\"wp-image-249\" srcset=\"https:\/\/webs.uab.cat\/maker-infantil\/wp-content\/uploads\/sites\/714\/2026\/02\/logo-1.png 647w, https:\/\/webs.uab.cat\/maker-infantil\/wp-content\/uploads\/sites\/714\/2026\/02\/logo-1-300x94.png 300w\" sizes=\"auto, (max-width: 647px) 100vw, 647px\" \/><\/figure>\n<\/div>\n\n\n<p class=\"has-text-align-center has-normal-font-size\"><strong>Materials i propostes pr\u00e0ctiques per implementar activitats maker<\/strong><\/p>\n\n\n\n<p class=\"has-text-align-center\">Descobreix propostes pr\u00e0ctiques per implementar activitats <em>maker<\/em> a l&#8217;escola. Cada proposta inclou materials necessaris, passos detallats, objectius d&#8217;aprenentatge i adaptacions possibles per diferents edats i contextos.<\/p>\n\n\n\n<div class=\"wp-block-columns alignwide is-layout-flex wp-container-core-columns-is-layout-9d6595d7 wp-block-columns-is-layout-flex\">\n<div class=\"wp-block-column is-layout-flow wp-block-column-is-layout-flow\">\n<figure class=\"wp-block-image size-full is-resized\"><img loading=\"lazy\" decoding=\"async\" width=\"1024\" height=\"683\" src=\"https:\/\/webs.uab.cat\/maker-infantil\/wp-content\/uploads\/sites\/714\/2026\/02\/img34.jpg\" alt=\"\" class=\"wp-image-200\" style=\"object-fit:cover;width:500px;height:250px\" srcset=\"https:\/\/webs.uab.cat\/maker-infantil\/wp-content\/uploads\/sites\/714\/2026\/02\/img34.jpg 1024w, https:\/\/webs.uab.cat\/maker-infantil\/wp-content\/uploads\/sites\/714\/2026\/02\/img34-300x200.jpg 300w, https:\/\/webs.uab.cat\/maker-infantil\/wp-content\/uploads\/sites\/714\/2026\/02\/img34-768x512.jpg 768w\" sizes=\"auto, (max-width: 1024px) 100vw, 1024px\" \/><\/figure>\n\n\n\n<h3 class=\"wp-block-heading has-text-align-center\">Proposta: Taller d&#8217;Engranatges<\/h3>\n\n\n\n<p class=\"has-text-align-center\">Pl\u00e0nol detallat per implementar un taller d&#8217;engranatges en educaci\u00f3 infantil. Inclou materials necessaris, passos i objectius d&#8217;aprenentatge. Adaptat per a nens de 4 a 6 anys amb activitats progressives que introdueixen conceptes b\u00e0sics de mec\u00e0nica de manera divertida.<\/p>\n\n\n\n<div class=\"wp-block-file\"><a id=\"wp-block-file--media-bffee20a-8f8c-49df-a288-289832f03ec4\" href=\"https:\/\/webs.uab.cat\/maker-infantil\/wp-content\/uploads\/sites\/714\/2026\/02\/doc-maker.pdf\">Descarrega PDF<\/a><\/div>\n<\/div>\n\n\n\n<div class=\"wp-block-column is-layout-flow wp-block-column-is-layout-flow\">\n<figure class=\"wp-block-image size-full is-resized\"><img loading=\"lazy\" decoding=\"async\" width=\"800\" height=\"600\" src=\"https:\/\/webs.uab.cat\/maker-infantil\/wp-content\/uploads\/sites\/714\/2026\/02\/img12.jpg\" alt=\"\" class=\"wp-image-193\" style=\"object-fit:cover;width:500px;height:250px\" srcset=\"https:\/\/webs.uab.cat\/maker-infantil\/wp-content\/uploads\/sites\/714\/2026\/02\/img12.jpg 800w, https:\/\/webs.uab.cat\/maker-infantil\/wp-content\/uploads\/sites\/714\/2026\/02\/img12-300x225.jpg 300w, https:\/\/webs.uab.cat\/maker-infantil\/wp-content\/uploads\/sites\/714\/2026\/02\/img12-768x576.jpg 768w\" sizes=\"auto, (max-width: 800px) 100vw, 800px\" \/><\/figure>\n\n\n\n<h3 class=\"wp-block-heading has-text-align-center\">Proposta: Espai Maker Escolar<\/h3>\n\n\n\n<p class=\"has-text-align-center\">Disseny d&#8217;espai maker per a escoles d&#8217;educaci\u00f3 infantil. Pl\u00e0nols, llista de materials i recomanacions d&#8217;organitzaci\u00f3. Inclou suggeriments per adaptar espais existents i crear zones espec\u00edfiques per a diferents tipus d&#8217;activitats maker.<\/p>\n\n\n\n<div class=\"wp-block-file\"><a id=\"wp-block-file--media-bffee20a-8f8c-49df-a288-289832f03ec4\" href=\"https:\/\/webs.uab.cat\/maker-infantil\/wp-content\/uploads\/sites\/714\/2026\/02\/doc-maker.pdf\">Descarrega PDF<\/a><\/div>\n<\/div>\n\n\n\n<div class=\"wp-block-column is-layout-flow wp-block-column-is-layout-flow\">\n<figure class=\"wp-block-image size-full is-resized\"><img loading=\"lazy\" decoding=\"async\" width=\"768\" height=\"512\" src=\"https:\/\/webs.uab.cat\/maker-infantil\/wp-content\/uploads\/sites\/714\/2026\/02\/img28.jpg\" alt=\"\" class=\"wp-image-194\" style=\"object-fit:cover;width:500px;height:250px\" srcset=\"https:\/\/webs.uab.cat\/maker-infantil\/wp-content\/uploads\/sites\/714\/2026\/02\/img28.jpg 768w, https:\/\/webs.uab.cat\/maker-infantil\/wp-content\/uploads\/sites\/714\/2026\/02\/img28-300x200.jpg 300w\" sizes=\"auto, (max-width: 768px) 100vw, 768px\" \/><\/figure>\n\n\n\n<h3 class=\"wp-block-heading has-text-align-center\">Proposta: Projecte de Construcci\u00f3<\/h3>\n\n\n\n<p class=\"has-text-align-center\">Projecte complet de construcci\u00f3 amb materials reciclats. Guia pas a pas per educadors amb activitats adaptades per edats. Inclou exemples de projectes, llista de materials i estrat\u00e8gies per gestionar grups grans en activitats de construcci\u00f3.<\/p>\n\n\n\n<div class=\"wp-block-file\"><a id=\"wp-block-file--media-3fbc4c21-71f4-4b55-8f7d-4587e1fc9adc\" href=\"https:\/\/webs.uab.cat\/maker-infantil\/wp-content\/uploads\/sites\/714\/2026\/02\/doc-maker.pdf\">Descarrega PDF<\/a><\/div>\n<\/div>\n<\/div>\n\n\n\n<div class=\"wp-block-columns alignwide is-layout-flex wp-container-core-columns-is-layout-9d6595d7 wp-block-columns-is-layout-flex\">\n<div class=\"wp-block-column is-layout-flow wp-block-column-is-layout-flow\">\n<figure class=\"wp-block-image size-large is-resized\"><img loading=\"lazy\" decoding=\"async\" width=\"1024\" height=\"683\" src=\"https:\/\/webs.uab.cat\/maker-infantil\/wp-content\/uploads\/sites\/714\/2026\/02\/img40-1024x683.jpg\" alt=\"\" class=\"wp-image-198\" style=\"object-fit:cover;width:500px;height:250px\" srcset=\"https:\/\/webs.uab.cat\/maker-infantil\/wp-content\/uploads\/sites\/714\/2026\/02\/img40-1024x683.jpg 1024w, https:\/\/webs.uab.cat\/maker-infantil\/wp-content\/uploads\/sites\/714\/2026\/02\/img40-300x200.jpg 300w, https:\/\/webs.uab.cat\/maker-infantil\/wp-content\/uploads\/sites\/714\/2026\/02\/img40-768x512.jpg 768w, https:\/\/webs.uab.cat\/maker-infantil\/wp-content\/uploads\/sites\/714\/2026\/02\/img40-1200x800.jpg 1200w, https:\/\/webs.uab.cat\/maker-infantil\/wp-content\/uploads\/sites\/714\/2026\/02\/img40.jpg 1440w\" sizes=\"auto, (max-width: 1024px) 100vw, 1024px\" \/><\/figure>\n\n\n\n<h3 class=\"wp-block-heading has-text-align-center\">Proposta: Taller de Tinkering<\/h3>\n\n\n\n<p class=\"has-text-align-center\">Introducci\u00f3 al tinkering (trastejar), un enfocament equitatiu de l&#8217;aprenentatge, per promoure la confian\u00e7a en els infants, la capacitat d&#8217;acci\u00f3, la presa de decisions, les formes de pensar independents i alhora col\u00b7laboratives.<\/p>\n\n\n\n<div class=\"wp-block-file\"><a id=\"wp-block-file--media-bffee20a-8f8c-49df-a288-289832f03ec4\" href=\"https:\/\/webs.uab.cat\/maker-infantil\/wp-content\/uploads\/sites\/714\/2026\/02\/doc-maker.pdf\">Descarrega PDF<\/a><\/div>\n<\/div>\n\n\n\n<div class=\"wp-block-column is-layout-flow wp-block-column-is-layout-flow\">\n<figure class=\"wp-block-image size-full is-resized\"><img loading=\"lazy\" decoding=\"async\" width=\"1024\" height=\"653\" src=\"https:\/\/webs.uab.cat\/maker-infantil\/wp-content\/uploads\/sites\/714\/2026\/02\/img35.jpg\" alt=\"\" class=\"wp-image-196\" style=\"object-fit:cover;width:500px;height:250px\" srcset=\"https:\/\/webs.uab.cat\/maker-infantil\/wp-content\/uploads\/sites\/714\/2026\/02\/img35.jpg 1024w, https:\/\/webs.uab.cat\/maker-infantil\/wp-content\/uploads\/sites\/714\/2026\/02\/img35-300x191.jpg 300w, https:\/\/webs.uab.cat\/maker-infantil\/wp-content\/uploads\/sites\/714\/2026\/02\/img35-768x490.jpg 768w\" sizes=\"auto, (max-width: 1024px) 100vw, 1024px\" \/><\/figure>\n\n\n\n<h3 class=\"wp-block-heading has-text-align-center\">Proposta: Taller de Paper<\/h3>\n\n\n\n<p class=\"has-text-align-center\">Guia completa per a tallers de fabricaci\u00f3 de paper. Inclou materials, procediments i extensions d&#8217;activitat. Els nens aprenen sobre reciclatge mentre creen el seu propi paper personalitzat amb colors i textures \u00faniques.<\/p>\n\n\n\n<div class=\"wp-block-file\"><a id=\"wp-block-file--media-bffee20a-8f8c-49df-a288-289832f03ec4\" href=\"https:\/\/webs.uab.cat\/maker-infantil\/wp-content\/uploads\/sites\/714\/2026\/02\/doc-maker.pdf\">Descarrega PDF<\/a><\/div>\n<\/div>\n\n\n\n<div class=\"wp-block-column is-layout-flow wp-block-column-is-layout-flow\">\n<figure class=\"wp-block-image size-full is-resized\"><img loading=\"lazy\" decoding=\"async\" width=\"768\" height=\"512\" src=\"https:\/\/webs.uab.cat\/maker-infantil\/wp-content\/uploads\/sites\/714\/2026\/02\/img31.jpg\" alt=\"\" class=\"wp-image-197\" style=\"object-fit:cover;width:500px;height:250px\" srcset=\"https:\/\/webs.uab.cat\/maker-infantil\/wp-content\/uploads\/sites\/714\/2026\/02\/img31.jpg 768w, https:\/\/webs.uab.cat\/maker-infantil\/wp-content\/uploads\/sites\/714\/2026\/02\/img31-300x200.jpg 300w\" sizes=\"auto, (max-width: 768px) 100vw, 768px\" \/><\/figure>\n\n\n\n<h3 class=\"wp-block-heading has-text-align-center\">Proposta: Experimentar amb objectes diversos<\/h3>\n\n\n\n<p class=\"has-text-align-center\">Proposta per experimentar amb objectes diversos i materials no estructurats. Els nens exploren, manipulen i creen amb materials oberts que permeten m\u00faltiples possibilitats d&#8217;\u00fas i creaci\u00f3.<\/p>\n\n\n\n<div class=\"wp-block-file\"><a id=\"wp-block-file--media-3fbc4c21-71f4-4b55-8f7d-4587e1fc9adc\" href=\"https:\/\/webs.uab.cat\/maker-infantil\/wp-content\/uploads\/sites\/714\/2026\/02\/doc-maker.pdf\">Descarrega PDF<\/a><\/div>\n<\/div>\n<\/div>\n\n\n\n<p><\/p>\n","protected":false},"excerpt":{"rendered":"<p>Materials i propostes pr\u00e0ctiques per implementar activitats maker Descobreix propostes pr\u00e0ctiques per implementar activitats maker a l&#8217;escola. Cada proposta inclou materials necessaris, passos detallats, objectius d&#8217;aprenentatge i adaptacions possibles per diferents edats i contextos. Proposta: Taller d&#8217;Engranatges Pl\u00e0nol detallat per implementar un taller d&#8217;engranatges en educaci\u00f3 infantil. Inclou materials necessaris, passos i objectius d&#8217;aprenentatge. Adaptat [&hellip;]<\/p>\n","protected":false},"author":3196,"featured_media":0,"parent":0,"menu_order":0,"comment_status":"closed","ping_status":"closed","template":"","meta":{"footnotes":""},"class_list":["post-14","page","type-page","status-publish","hentry"],"_links":{"self":[{"href":"https:\/\/webs.uab.cat\/maker-infantil\/wp-json\/wp\/v2\/pages\/14","targetHints":{"allow":["GET"]}}],"collection":[{"href":"https:\/\/webs.uab.cat\/maker-infantil\/wp-json\/wp\/v2\/pages"}],"about":[{"href":"https:\/\/webs.uab.cat\/maker-infantil\/wp-json\/wp\/v2\/types\/page"}],"author":[{"embeddable":true,"href":"https:\/\/webs.uab.cat\/maker-infantil\/wp-json\/wp\/v2\/users\/3196"}],"replies":[{"embeddable":true,"href":"https:\/\/webs.uab.cat\/maker-infantil\/wp-json\/wp\/v2\/comments?post=14"}],"version-history":[{"count":11,"href":"https:\/\/webs.uab.cat\/maker-infantil\/wp-json\/wp\/v2\/pages\/14\/revisions"}],"predecessor-version":[{"id":262,"href":"https:\/\/webs.uab.cat\/maker-infantil\/wp-json\/wp\/v2\/pages\/14\/revisions\/262"}],"wp:attachment":[{"href":"https:\/\/webs.uab.cat\/maker-infantil\/wp-json\/wp\/v2\/media?parent=14"}],"curies":[{"name":"wp","href":"https:\/\/api.w.org\/{rel}","templated":true}]}}