{"id":43,"date":"2013-11-21T14:30:16","date_gmt":"2013-11-21T14:30:16","guid":{"rendered":"https:\/\/webs.uab.cat\/marianaorozco\/tramos-de-investigacion\/"},"modified":"2022-09-05T09:02:38","modified_gmt":"2022-09-05T09:02:38","slug":"tramos-de-investigacion","status":"publish","type":"page","link":"https:\/\/webs.uab.cat\/marianaorozco\/tramos-de-investigacion\/","title":{"rendered":"Tramos de investigaci\u00f3n y acreditaciones"},"content":{"rendered":"<p>Acreditaci\u00f3n de la ANECA como Catedr\u00e1tica de Universidad (marzo de 2022).<\/p>\n<p>Cuatro tramos de investigaci\u00f3n reconocidos por la Comisi\u00f3n Nacional Evaluadora de la Actividad Investigadora del Ministerio de Educaci\u00f3n (per\u00edodos 1997-2002, 2003-2008,\u00a02009-2014 y 2015-2020).<\/p>\n<p>Cuatro tramos de investigaci\u00f3n reconocidos por la Agencia para la Calidad del Sistema Universitario de Catalu\u00f1a (AQU), per\u00edodos 1997-2002,\u00a02003-2008,\u00a02009-2014 y 2015-2020.<\/p>\n","protected":false},"excerpt":{"rendered":"<p>Acreditaci\u00f3n de la ANECA como Catedr\u00e1tica de Universidad (marzo de 2022). Cuatro tramos de investigaci\u00f3n reconocidos por la Comisi\u00f3n Nacional Evaluadora de la Actividad Investigadora del Ministerio de Educaci\u00f3n (per\u00edodos 1997-2002, 2003-2008,\u00a02009-2014 y 2015-2020). Cuatro tramos de investigaci\u00f3n reconocidos por la Agencia para la Calidad del Sistema Universitario de Catalu\u00f1a (AQU), per\u00edodos 1997-2002,\u00a02003-2008,\u00a02009-2014 y 2015-2020.<\/p>\n","protected":false},"author":20,"featured_media":0,"parent":0,"menu_order":0,"comment_status":"closed","ping_status":"closed","template":"","meta":{"footnotes":""},"class_list":["post-43","page","type-page","status-publish","hentry"],"_links":{"self":[{"href":"https:\/\/webs.uab.cat\/marianaorozco\/wp-json\/wp\/v2\/pages\/43","targetHints":{"allow":["GET"]}}],"collection":[{"href":"https:\/\/webs.uab.cat\/marianaorozco\/wp-json\/wp\/v2\/pages"}],"about":[{"href":"https:\/\/webs.uab.cat\/marianaorozco\/wp-json\/wp\/v2\/types\/page"}],"author":[{"embeddable":true,"href":"https:\/\/webs.uab.cat\/marianaorozco\/wp-json\/wp\/v2\/users\/20"}],"replies":[{"embeddable":true,"href":"https:\/\/webs.uab.cat\/marianaorozco\/wp-json\/wp\/v2\/comments?post=43"}],"version-history":[{"count":1,"href":"https:\/\/webs.uab.cat\/marianaorozco\/wp-json\/wp\/v2\/pages\/43\/revisions"}],"predecessor-version":[{"id":140,"href":"https:\/\/webs.uab.cat\/marianaorozco\/wp-json\/wp\/v2\/pages\/43\/revisions\/140"}],"wp:attachment":[{"href":"https:\/\/webs.uab.cat\/marianaorozco\/wp-json\/wp\/v2\/media?parent=43"}],"curies":[{"name":"wp","href":"https:\/\/api.w.org\/{rel}","templated":true}]}}