{"id":56,"date":"2017-09-26T11:49:03","date_gmt":"2017-09-26T11:49:03","guid":{"rendered":"https:\/\/webs.uab.cat\/marianaorozco\/convenios-y-formacion\/"},"modified":"2017-09-26T11:49:03","modified_gmt":"2017-09-26T11:49:03","slug":"convenios-y-formacion","status":"publish","type":"page","link":"https:\/\/webs.uab.cat\/marianaorozco\/convenios-y-formacion\/","title":{"rendered":"Convenios y formaci\u00f3n"},"content":{"rendered":"<p class=\"rtejustify\">Como responsable en este \u00e1mbito del <strong>grupo de investigaci\u00f3n TRAFIL<\/strong> (2009 SGR-00676), M. Orozco-Jutor\u00e1n firm\u00f3 dos convenios con las oficinas de traducci\u00f3n internacional y espa\u00f1ola de la &#8220;Comunidad para la Preservaci\u00f3n de la Tradici\u00f3n Mahayana&#8221; (FPMT) que tiene 140 centros en 40 pa\u00edses, 7 editoriales que publican libros principalmente en alem\u00e1n, franc\u00e9s, ingl\u00e9s y castellano:<\/p>\n<p class=\"rtejustify\">&#8211; Convenio de colaboraci\u00f3n en el \u00e1mbito de la traducci\u00f3n,&nbsp;01.10.2009 &#8211;&nbsp;30.09.2014.<\/p>\n<p class=\"rtejustify\">&#8211; Convenio de colaboraci\u00f3n en formaci\u00f3n,&nbsp;01.07.2010 &#8211;&nbsp;30.06.2015.<\/p>\n<p class=\"rtejustify\">En el marco de estos convenios, M. Orozco llev\u00f3 a cabo las acciones que se detallan a continuaci\u00f3n.<\/p>\n<p class=\"rtejustify\"><strong>Acciones concretas:<\/strong><br \/>\nReuniones y entrevistas para hacer un an\u00e1lisis de necesidades (2006-2007)<\/p>\n<p>Dise\u00f1o de pruebas diagn\u00f3sticas para traductores voluntarios y asesoramiento para la organizaci\u00f3n y la gesti\u00f3n de los traductores y las traducciones (2007-2008)<\/p>\n<p>Elaboraci\u00f3n de dos gu\u00edas para traductores voluntarios de 35&nbsp;p\u00e1ginas donde se resumen los fundamentos de la teor\u00eda y la metodolog\u00eda de traducci\u00f3n, una en castellano y otra en ingl\u00e9s (2007-2010).<\/p>\n<p>Orozco-Jutor\u00e1n, Mariana (2010). <a href=\"https:\/\/ddd.uab.cat\/record\/220446\"><em>A short guide to Translation<\/em><\/a>, en&nbsp;<em>Dip\u00f2sit Digital de Documents de la UAB<\/em>.<\/p>\n<p>Orozco-Jutor\u00e1n, Mariana (2008). <a href=\"https:\/\/ddd.uab.cat\/record\/220453\"><em>Breve gu\u00eda pr\u00e1ctica de traducci\u00f3n directa al espa\u00f1ol<\/em><\/a>,&nbsp;en&nbsp;<em>Dip\u00f2sit Digital de Documents de la UAB<\/em>.<\/p>\n<p>Organizaci\u00f3n de cursos de formaci\u00f3n y de seminarios de investigaci\u00f3n avanzada (2009-2011).<\/p>\n<p class=\"rtejustify\">Asesoramiento y contactos con empresas de tecnolog\u00eda aplicada a la traducci\u00f3n (2011).<\/p>\n<p class=\"rtejustify\">Participaci\u00f3n en la&nbsp;<a href=\"https:\/\/intranet.uab.es\/servlet\/Satellite\/noticias\/detalle-de-una-noticia-1099409749848.html?noticiaid=1309157168400&amp;rendermode=1203663828107%3Fparam1%3D1195026080655%3Fparam1%3D1195026073077%3Fparam1%3D1096478083760\" target=\"_blank\" rel=\"noopener\">Jornada de I+D+i del Cluster en Educaci\u00f3n y Formaci\u00f3n de la UAB<\/a> (28 de junio de 2011) <a href=\"https:\/\/www.youtube.com\/watch?v=pfDMZp4nsw4\" target=\"_blank\" rel=\"noopener\">ver v\u00eddeo<\/a>.<\/p>\n<p><strong>Cursos de formaci\u00f3n impartidos:<\/strong><br \/>\n\u201cT\u00e9rmino, equivalente y t\u00e9cnicas de traducci\u00f3n, de la teor\u00eda a la pr\u00e1ctica\u201d, impartido durante el I Seminario internacional de investigaci\u00f3n avanzada en traducci\u00f3n de textos sobre filosof\u00eda budista (Universitat Aut\u00f2noma de Barcelona,14-18 diciembre de 2009).<\/p>\n<p>\u201cFuentes de documentaci\u00f3n y recursos del traductor\u201d, impartido durante el I Seminario internacional de investigaci\u00f3n avanzada en traducci\u00f3n de textos sobre filosof\u00eda budista (Universitat Aut\u00f2noma de Barcelona,14-18 diciembre de 2009).<\/p>\n<p>\u201cA Proposed Addition to Future Translation Training in FPMT\u201d, impartido junto con Merry Colony durante el congreso \u201cTaking up the Challenge of Translating Buddhism\u201d, organizado por FPMT Translation Services, Lama Tzong Khapa Institute en Pisa (Italia), 13-20 mayo 2011.<\/p>\n","protected":false},"excerpt":{"rendered":"<p>Como responsable en este \u00e1mbito del grupo de investigaci\u00f3n TRAFIL (2009 SGR-00676), M. Orozco-Jutor\u00e1n firm\u00f3 dos convenios con las oficinas de traducci\u00f3n internacional y espa\u00f1ola de la &#8220;Comunidad para la Preservaci\u00f3n de la Tradici\u00f3n Mahayana&#8221; (FPMT) que tiene 140 centros en 40 pa\u00edses, 7 editoriales que publican libros principalmente en alem\u00e1n, franc\u00e9s, ingl\u00e9s y castellano: [&hellip;]<\/p>\n","protected":false},"author":20,"featured_media":0,"parent":0,"menu_order":0,"comment_status":"closed","ping_status":"closed","template":"","meta":{"footnotes":""},"class_list":["post-56","page","type-page","status-publish","hentry"],"_links":{"self":[{"href":"https:\/\/webs.uab.cat\/marianaorozco\/wp-json\/wp\/v2\/pages\/56","targetHints":{"allow":["GET"]}}],"collection":[{"href":"https:\/\/webs.uab.cat\/marianaorozco\/wp-json\/wp\/v2\/pages"}],"about":[{"href":"https:\/\/webs.uab.cat\/marianaorozco\/wp-json\/wp\/v2\/types\/page"}],"author":[{"embeddable":true,"href":"https:\/\/webs.uab.cat\/marianaorozco\/wp-json\/wp\/v2\/users\/20"}],"replies":[{"embeddable":true,"href":"https:\/\/webs.uab.cat\/marianaorozco\/wp-json\/wp\/v2\/comments?post=56"}],"version-history":[{"count":0,"href":"https:\/\/webs.uab.cat\/marianaorozco\/wp-json\/wp\/v2\/pages\/56\/revisions"}],"wp:attachment":[{"href":"https:\/\/webs.uab.cat\/marianaorozco\/wp-json\/wp\/v2\/media?parent=56"}],"curies":[{"name":"wp","href":"https:\/\/api.w.org\/{rel}","templated":true}]}}