{"id":28,"date":"2016-12-21T17:16:37","date_gmt":"2016-12-21T17:16:37","guid":{"rendered":"https:\/\/webs.uab.cat\/mariolabaucells\/presentacio-0\/"},"modified":"2023-05-26T09:06:23","modified_gmt":"2023-05-26T09:06:23","slug":"presentacio-0","status":"publish","type":"page","link":"https:\/\/webs.uab.cat\/mariolabaucells\/","title":{"rendered":"Presentaci\u00f3"},"content":{"rendered":"\n<div class=\"wp-block-columns is-layout-flex wp-container-core-columns-is-layout-9d6595d7 wp-block-columns-is-layout-flex\">\n<div class=\"wp-block-column is-layout-flow wp-block-column-is-layout-flow\">\n<figure class=\"wp-block-image size-full is-resized\"><img loading=\"lazy\" decoding=\"async\" src=\"https:\/\/webs.uab.cat\/mariolabaucells\/wp-content\/uploads\/sites\/117\/2023\/05\/mariola.jpg\" alt=\"\" class=\"wp-image-74\" width=\"361\" height=\"478\" \/><\/figure>\n<\/div>\n\n\n\n<div class=\"wp-block-column is-layout-flow wp-block-column-is-layout-flow\">\n<p><strong>MARIOLA BAUCELLS SANCHEZ (1960-2012)<\/strong><\/p>\n\n\n\n<p><em>Esfuerzo, rigor, ilusi\u00f3n, conocimientos, inteligencia, empat\u00eda y generosidad son solo algunos apelativos que permiten describir el perfil profesional de Mariola.<\/em><\/p>\n\n\n\n<p><em>Todos los que tuvimos la suerte de compartir nuestra vida profesional con Mariola estamos agradecidos de todo lo que nos ense\u00f1\u00f3 tanto a nivel profesional como personal. Siempre perdurar\u00e1 su alegr\u00eda, su complicidad, su amistad y su cari\u00f1o.<\/em><\/p>\n\n\n\n<p><em>(Ana Cristina Barroeta)<\/em><\/p>\n\n\n\n<p><\/p>\n<\/div>\n<\/div>\n\n\n\n<p>Aquesta p\u00e0gina \u00e9s un homenatge a la que fou professora de la Facultat de Veterin\u00e0ria de la UAB : Mar\u00eda Dolores Baucells S\u00e1nchez &#8220;Mariola&#8221;<\/p>\n\n\n\n<p>Amb el fons de l&#8217;<a href=\"https:\/\/achv.wordpress.com\/\">Associaci\u00f3 Catalana d&#8217;Hist\u00f2ria de la Veterin\u00e0ria<\/a> (ACHV) s&#8217;ha digitalitzat una part important del seu llegat en format articles, pon\u00e8ncies a congressos, \u00e0bstracts, etc. que es troba disponible al <a href=\"https:\/\/ddd.uab,.cat\">Dip\u00f2sit Digital de Documents de la UAB<\/a> (DDD).<\/p>\n\n\n\n<div class=\"wp-block-columns is-layout-flex wp-container-core-columns-is-layout-9d6595d7 wp-block-columns-is-layout-flex\">\n<div class=\"wp-block-column is-layout-flow wp-block-column-is-layout-flow\"><\/div>\n\n\n\n<div class=\"wp-block-column is-layout-flow wp-block-column-is-layout-flow\"><\/div>\n<\/div>\n","protected":false},"excerpt":{"rendered":"<p>MARIOLA BAUCELLS SANCHEZ (1960-2012) Esfuerzo, rigor, ilusi\u00f3n, conocimientos, inteligencia, empat\u00eda y generosidad son solo algunos apelativos que permiten describir el perfil profesional de Mariola. Todos los que tuvimos la suerte de compartir nuestra vida profesional con Mariola estamos agradecidos de todo lo que nos ense\u00f1\u00f3 tanto a nivel profesional como personal. Siempre perdurar\u00e1 su alegr\u00eda, [&hellip;]<\/p>\n","protected":false},"author":20,"featured_media":0,"parent":0,"menu_order":0,"comment_status":"closed","ping_status":"closed","template":"","meta":{"footnotes":""},"class_list":["post-28","page","type-page","status-publish","hentry"],"_links":{"self":[{"href":"https:\/\/webs.uab.cat\/mariolabaucells\/wp-json\/wp\/v2\/pages\/28","targetHints":{"allow":["GET"]}}],"collection":[{"href":"https:\/\/webs.uab.cat\/mariolabaucells\/wp-json\/wp\/v2\/pages"}],"about":[{"href":"https:\/\/webs.uab.cat\/mariolabaucells\/wp-json\/wp\/v2\/types\/page"}],"author":[{"embeddable":true,"href":"https:\/\/webs.uab.cat\/mariolabaucells\/wp-json\/wp\/v2\/users\/20"}],"replies":[{"embeddable":true,"href":"https:\/\/webs.uab.cat\/mariolabaucells\/wp-json\/wp\/v2\/comments?post=28"}],"version-history":[{"count":7,"href":"https:\/\/webs.uab.cat\/mariolabaucells\/wp-json\/wp\/v2\/pages\/28\/revisions"}],"predecessor-version":[{"id":79,"href":"https:\/\/webs.uab.cat\/mariolabaucells\/wp-json\/wp\/v2\/pages\/28\/revisions\/79"}],"wp:attachment":[{"href":"https:\/\/webs.uab.cat\/mariolabaucells\/wp-json\/wp\/v2\/media?parent=28"}],"curies":[{"name":"wp","href":"https:\/\/api.w.org\/{rel}","templated":true}]}}