{"id":29,"date":"2017-01-26T10:51:31","date_gmt":"2017-01-26T10:51:31","guid":{"rendered":"https:\/\/webs.uab.cat\/mariolabaucells\/activitat-docent\/"},"modified":"2017-01-26T10:51:31","modified_gmt":"2017-01-26T10:51:31","slug":"activitat-docent","status":"publish","type":"page","link":"https:\/\/webs.uab.cat\/mariolabaucells\/activitat-docent\/","title":{"rendered":"Activitat docent"},"content":{"rendered":"<p>La seva activitat docent durant m\u00e9s de 25 anys va estar centrada en el camp de la Producci\u00f3 Animal i, especialment, en Nutrici\u00f3 Animal. Des de la seva incorporaci\u00f3 a la UAB va participar activament en la doc\u00e8ncia te\u00f2rica i pr\u00e0ctica de les assignatures de Nutrici\u00f3 i Alimentaci\u00f3 Animal, Producci\u00f3 Porcina (de la que va ser responsable durant 17 anys) i col.laborant puntualment en Producci\u00f3 d&#8217;Aus i Tecnologia de la Fabricaci\u00f3 de Pinsos.<\/p>\n<p>S&#8217;ha de destacar la seva participaci\u00f3 directa com a responsable de la creaci\u00f3 el 1993 i el seu desenvolupament posterior d&#8217;una assignatura pionera en el <em>curr\u00edculum<\/em> veterinari, centrada en l&#8217;Alimentaci\u00f3 i Maneig dels Animals de Companyia.<\/p>\n<p>Paral.lelament va col.laborar activament en la doc\u00e8ncia de tercer cicle, impartint i sent responsable de les assignatures del Programa de Doctorat de Producci\u00f3 Animal de la UAB. D&#8217;altra banda va organitzar i col.laborar en el desenvolupament de Diplomatures i M\u00e0sters d&#8217;especialitzaci\u00f3 i, en Cursos, Seminaris i Jornades posgrau relacionades amb la Nutrici\u00f3 Animal, la Producci\u00f3 Animal i el sector dels anomenats \u201cPetfood\u201d.<\/p>\n<p>Al llarg de tots aquests anys, Mariola sempre va demostrar el seu esperit de millora i&nbsp; innovaci\u00f3 docent, esdevenint un pilar fonamental en els diversos reconeixements de qualitat docent universit\u00e0ria que li han sigut atorgats a la Facultat de Veterin\u00e0ria de la UAB.<\/p>\n","protected":false},"excerpt":{"rendered":"<p>La seva activitat docent durant m\u00e9s de 25 anys va estar centrada en el camp de la Producci\u00f3 Animal i, especialment, en Nutrici\u00f3 Animal. Des de la seva incorporaci\u00f3 a la UAB va participar activament en la doc\u00e8ncia te\u00f2rica i pr\u00e0ctica de les assignatures de Nutrici\u00f3 i Alimentaci\u00f3 Animal, Producci\u00f3 Porcina (de la que va [&hellip;]<\/p>\n","protected":false},"author":20,"featured_media":0,"parent":0,"menu_order":0,"comment_status":"closed","ping_status":"closed","template":"","meta":{"footnotes":""},"class_list":["post-29","page","type-page","status-publish","hentry"],"_links":{"self":[{"href":"https:\/\/webs.uab.cat\/mariolabaucells\/wp-json\/wp\/v2\/pages\/29","targetHints":{"allow":["GET"]}}],"collection":[{"href":"https:\/\/webs.uab.cat\/mariolabaucells\/wp-json\/wp\/v2\/pages"}],"about":[{"href":"https:\/\/webs.uab.cat\/mariolabaucells\/wp-json\/wp\/v2\/types\/page"}],"author":[{"embeddable":true,"href":"https:\/\/webs.uab.cat\/mariolabaucells\/wp-json\/wp\/v2\/users\/20"}],"replies":[{"embeddable":true,"href":"https:\/\/webs.uab.cat\/mariolabaucells\/wp-json\/wp\/v2\/comments?post=29"}],"version-history":[{"count":0,"href":"https:\/\/webs.uab.cat\/mariolabaucells\/wp-json\/wp\/v2\/pages\/29\/revisions"}],"wp:attachment":[{"href":"https:\/\/webs.uab.cat\/mariolabaucells\/wp-json\/wp\/v2\/media?parent=29"}],"curies":[{"name":"wp","href":"https:\/\/api.w.org\/{rel}","templated":true}]}}