{"id":30,"date":"2017-01-26T10:53:37","date_gmt":"2017-01-26T10:53:37","guid":{"rendered":"https:\/\/webs.uab.cat\/mariolabaucells\/bibliografia-0\/"},"modified":"2023-10-18T08:42:04","modified_gmt":"2023-10-18T08:42:04","slug":"bibliografia-0","status":"publish","type":"page","link":"https:\/\/webs.uab.cat\/mariolabaucells\/bibliografia-0\/","title":{"rendered":"Bibliografia"},"content":{"rendered":"\n<p><em>&nbsp; \u201cPublicacions no accessibles a text complet d\u2019acord amb els requisits de propietat intel\u00b7lectual\u201d<\/em><\/p>\n\n\n\n<details class=\"wp-block-mamaduka-toggles wp-block-toggles\"><summary>Articles de revista<\/summary><div class=\"wp-block-toggles__content\">\n<figure class=\"wp-block-table\"><table><tbody><tr><td>Gasa J, Castrillo C, Baucells MD, Guada JA.&nbsp; By-products from the Canning Industry as Feedstuff for Ruminants: Digestibility and its Predicition from Chemical Composition and Laboratory Bioassays. Anim. FeedSci. Technol. 1989;25:67-77<\/td><\/tr><tr><td>Balcells J, Castrillo C, Baucells M, Guada J. Efecto de la concentraci\u00f3n energ\u00e9tica de la dieta de la fase de crecimiento sobre la retenci\u00f3n de nitr\u00f3geno en corderos de raza \u201crasa aragonesa\u201d. Invest. Agr.; Prod. San. Anim. 1989;4(2):99-109<\/td><\/tr><tr><td>Baucells MD, Serrano X. Nutrici\u00f3n y alimentaci\u00f3n del perro. Med. Vet. 1992;9(5):301-307<\/td><\/tr><tr><td>Baucells S\u00e1nchez M\u00aa Dolores. La nutrici\u00f3n, \u00bfuna disciplina menor?.Med. Vet. 1993;10(7\/8):389-390<\/td><\/tr><tr><td>Blanch A, Barroeta AC, Baucells MD, Puchal F. The nutritive value of dietary fats in relation to their chemical composition. Apparent fat availability and metabolizable energy in two-week-old chicks. Poult. Sci. 1995;74:1335-1340<\/td><\/tr><tr><td>Blanch A, Barroeta AC, Baucells MD, Serrano X, Puchal F. Utilization of different fats and oils by adult chickens as a source of energy, lipid and fatty acids. Anim. Feed Sci. Technol. 1996;61:335-342<\/td><\/tr><tr><td>Fontanillas F, Barroeta A, Baucells MD, Codony R. Effect of feeding highly cis-monounsaturated, trans, or n-3 fats on lipid composition of muscle and adipose tissue of pigs. J. Agric. Food Chem. 1997;45:3070-3075<\/td><\/tr><tr><td>Serrano X, Baucells MD, Barroeta AC, Puchal F. Effects of extruded diet on the productive performance of weaning and post-weaned calves. Anim. Feed Sci. Technol. 1998;70:275-279<\/td><\/tr><tr><td>Baucells Mariola. Porcsd\u2019engreix I l\u2019alimentaci\u00f3. Entre camps i animals. 1999;7:20<\/td><\/tr><tr><td>L\u00f3pez-Ferrer S, Baucells MD, Barroeta AC, Grahornt MA. n-3 enrichment of chicken meat using fish oil: alternative substitution with rapeseed and linseed oils. Poult. Sci. 1999;78:356-365<\/td><\/tr><tr><td>Baucells MD, Crespo N, Barroeta AC, L\u00f3pez-Ferrer S, Grashornt MA. Incorporation of different polyunsaturated fatty acids into eggs. Poult. Sci. 2000;79:51-59<\/td><\/tr><tr><td>Baucells Mariola. El benestar en la producci\u00f3 porcina. Entre camps i animals. 2000;11:23<\/td><\/tr><tr><td>Grau Anna, Guardiola Francesc, Boatella Josep, BaucellsMDolores, Codony Rafael. Evaluation of lipid ultraviolet absorption as a parameter to&nbsp; measure lipid oxidation in dark chicken meat. J. Agric. Food Chem. 2000;48:4128-4135<\/td><\/tr><tr><td>Baucells Mariola. Reptes del sector productiu: prohibici\u00f3 de les farines de carn a l\u2019alimentaci\u00f3 animal. Entre camps i animals. 2001;22:43<\/td><\/tr><tr><td>Grau Anna, Codony Rafael, Grimpa Stella, Baucells M Dolores, Guardiola Francesc. Cholesteroloxidation in frozen dark chicken meat: influence of dietary fat source, and \u03b1-tocopherol and asc\u00f2rbic acid supplementation. Meat Sci. 2001;57:197-208<\/td><\/tr><tr><td>Galobart J, Barroeta AC, Baucells MD, Guardiola F. Lipid oxidation in fresh and spray-dried eggs enriched with \u03c93 and \u03c96 polyunsaturated fatty acids during storage as affected by dietary vitamin E and canthaxan thin supplementation. Poult. Sci. 2001;80:327-337<\/td><\/tr><tr><td>Galobart J, Barroeta AC, Baucells MD, Codony R, Ternes W. Effect of dietary supplementation with rosemary extract and \u03b1-tocopheryl acetate on l\u00edpid oxidation in eggs enriched with \u03c93-fatty acids. Poult. Sci. 2001;80:460-467<\/td><\/tr><tr><td>L\u00f3pez-Ferrer S, Baucells MD, Barroeta AC, Grashornt MA. n-3 enrichment of chicken meat. 1. Use of very long-chain fatty acids in chicken diets and their influence on meat quality:&nbsp; fish oil. Poult. Sci. 2001;80:741-752<\/td><\/tr><tr><td>L\u00f3pez-Ferrer S, Baucells MD, Barroeta AC, Grashornt MA. n-3 enrichment of chicken meat. 2. Use of precursors of&nbsp; long-chain polyunsaturated fatty acids: linseed oil. Poult. Sci. 2001;80:753-761<\/td><\/tr><tr><td>Baucells MD, Crespo N, Barroeta AC, L\u00f3pez-Ferrer S, Grashornt MA. Incorporation of different polyunsaturated fatty acids into eggs. Poult. Sci. 2001;79:51-59<\/td><\/tr><tr><td>Galobart J, Barroeta AC, Baucells MD, Cortinas L, Guardiola F. \u03b1-tocopherol transfer efficiency and l\u00edpid oxidation in fresh and spray-dried eggs enriched with \u03c93-polyunsaturated fatty acids. Poult. Sci. 2001;80:1496-1505<\/td><\/tr><tr><td>Garc\u00eda Edgar, Baucells Mariola. Extractes de plantes en les dietes de porcs en creixement. Entre camps i animals. 2002;32:42<\/td><\/tr><tr><td>Chapinal N\u00faria, Baucells Mariola. Sistemes d\u2019allotjament en grup per a truges gestants. Entre camps i animals. 2002;32:39<\/td><\/tr><tr><td>Galobart J, Guardiola F, Barroeta AC, L\u00f3pez-Ferrer S, Baucells MD. Influence of dietary supplementation with \u03b1-tocopherol acetate and canthaxanthin on cholesterol oxidation in \u03c93&nbsp; and \u03c96 fatty acid-enriched spray-dried eggs. J. Food Sci. 2002;67(7):2460-2466<\/td><\/tr><tr><td>Morales J, P\u00e9rez JF, Baucells MD, Mourot J, Gasa J. Comparative digestibility and lipogenic activity in Landrace and Iberian finishing pigsfed ad libitum corn- and corn-sorghum-acorn-based diets. Livest. Prod. Sci. 2002;77:195-205<\/td><\/tr><tr><td>Fondevila M, Morales J, P\u00e9rez JF, Barrios-urdaneta A, Baucells MD. Microbial caecal fermentation in Iberic or Land race pigs given a corn\/sorghum or maize diets estimated in vitro usingthe gas productiontechnique. Anim. FeedSci. Technol. 2002;102:93-107<\/td><\/tr><tr><td>Galobart J, Barroeta AC, Cortinas L, Baucells MD, Codony R. Accumulation of \u03b1-tocopherol in eggs enriched with \u03c93&nbsp; and \u03c96 polyunsaturated fatty acids. Poult. Sci. 2002;81:1873-1876<\/td><\/tr><tr><td>Cortinas Luc\u00eda, Galobart Jaume, Barroeta Ana C, Baucells Mar\u00eda D, Grashorn Michael A. Change in \u03b1-tocopherol contents, l\u00edpid oxidation and fatty acid profile in eggs enriched with linol\u00e8nic acid or very long-chain \u03c93 polyunsaturated fatty acids after different processing methods. J. Sci. Food Agric. 2003;83:820-829<\/td><\/tr><tr><td>Villaverde C, Cortinas L, Barroeta AC, Mart\u00edn-Or\u00fae SM, Baucells MD. Relationship between dietary unsaturation and vitamin E in poultry. J. Anim. Physiol. Anim. Nutr. 2004;88:143-149<\/td><\/tr><tr><td>Cortinas L, Villaverde C, Galobart J, Baucells MD, Codony R, Barroeta AC. Fatty acid content in chicken thig hand breast as affected by dietary polyunsaturation level. Poult. Sci. 2004;83:1-10<\/td><\/tr><tr><td>Cortinas L, Barroeta A, Villaverde C, Galobart J, Guardiola F, Baucells MD. Influence of the dietary polyunsaturation level on chicken meat quality: l\u00edpid oxidation. Poult. Sci. 2005;84:48-55<\/td><\/tr><tr><td>Castrillo C, Baucells M, Vicente F, Mu\u00f1oz F, Andueza D. Energy evaluation of extruded compound foods for dogs by near-infrared spectroscopy. J. Anim. Physiol. Anim. Nutr. 2005;89:194-198<\/td><\/tr><tr><td>Pascual JV, Rafecas M, Canela MA, Boatella J, Bou R, Baucells MD, Codony R. Effects of increasing amounts of a linoleic-rich dietary fat on the fat composition of four pig breeds. Part I: Back fat fatty acid evolution. FoodChem. 2006;96(4):538-548<\/td><\/tr><tr><td>Bou Ricard, Codony Rafael, Baucells Mar\u00eda D, Guardiola Francesc. Effect of heated sunflower oil and dietary suplements on the composition, oxidative stability and sensory quality of dark chicken meat. J. Agric. Food Chem.&nbsp; 2005;53(20):792-801<\/td><\/tr><tr><td>Villaverde Cecilia, Baucells Mar\u00eda D, Cortinas Luc\u00eda, Hervera Marta, Barroeta Ana C. Chemical composition and energy content of chickens in response to different levels of dietary polyunsaturated fatty acids. Arch. Anim. Nutr. 2005;59(4):281-292<\/td><\/tr><tr><td>Hervera M, Baucells MD, Blanch F, Castrillo C. Prediction of digestible energy content of extruded dog food by in vitro analyses. J. Anim. Physiol. Anim. Nutr. 2007;91:205-209<\/td><\/tr><tr><td>Cerisuelo A, Sala R, N\u00fcrnberg G, Baucells M, Rehfeldt C. How many muscle samples are required to obtain reliable estimations of muscle fibre characteristics from pig<em>l ongissimus<\/em> muscle? Meat Sci. 2007;76:583-587<\/td><\/tr><tr><td>Ferrini G, Baucells MD, Esteve-Garc\u00eda E, Barroeta AC. Dietary polyunsaturated fat reduces skin fat as well as abdominal fat in broiler chickens. Poult. Sci. 2008;87:528-535<\/td><\/tr><tr><td>Villaverde C, Baucells MD, Manzanilla EG, Barroeta AC. Highlevels of dietary unsaturated fat decrease \u03b1-tocopherol content of whole body, liver, and plasma of chickens with out variations in intestinal aparent absorption. Poult. Sci. 2008;87:497-505<\/td><\/tr><tr><td>Hervera M, Baucells MD, Torre C, Buj A, Castrillo C. Prediction of digestible energy value of extruded dog food: comparison of methods. J. Anim. Physiol. Anim. Nutr. 2008;92:253-259<\/td><\/tr><tr><td>Chapinal N\u00faria, Ruiz De la Torre Jos\u00e9 Luis, Cerisuelo Alba, Gasa Josep, Baucells Mar\u00eda Dolores, Manteca Xavier. Aggressive behavior in two different group-housing systems for pregnant sows. J. Appl. Anim. Welf. Sci. 2010;13:137-153<\/td><\/tr><tr><td>Chapinal N, Ruiz de la Torre JL, Cerisuelo A, Gasa J, Baucells MD, Coma J, Vidal A, Manteca X. Evaluation of welfare and productivity in pregnant sow skept in stalls or in 2 different group housing Systems. J. Vet. Behav. 2010;5:82-93<\/td><\/tr><tr><td>Ferrini G, Manzanilla EG, Menoyo D, Esteve-Garc\u00eda E, Baucells MD, Barroeta AC. Effects of dietary n-3 fattyacids in fat metabolism and thyroid hormone levels when compared to dietary saturated fatty acids in chickens. Livest. Sci. 2010;131:287-291<\/td><\/tr><\/tbody><\/table><\/figure>\n<\/div><\/details>\n\n\n\n<details class=\"wp-block-mamaduka-toggles wp-block-toggles\"><summary>Cap\u00edtols de llibres<\/summary><div class=\"wp-block-toggles__content\">\n<p>York JL. Enzymes: classification, kinetics, and control. Dins: Devlin TM, editor. Textbook of biochemistry with clinical correlations. 4th ed. New York: Wiley-Liss;1997. p. 127-178<\/p>\n<\/div><\/details>\n\n\n\n<details class=\"wp-block-mamaduka-toggles wp-block-toggles\"><summary>\u00c0bstracts de congressos<\/summary><div class=\"wp-block-toggles__content\">\n<figure class=\"wp-block-table\"><table><tbody><tr><td>Blanch Alfred, Barroeta Ana C, Baucells M Dolores, Puchal Francesc. Effect of the free fatty acid content on the aparent metabolizable energy and the aparent fat availability of fats fed to adult cocks.Poult. Sci. Assoc. 82nd Annual Meeting Abstracts. 1993;72(Supl.1):258<\/td><\/tr><tr><td>Baucells MD, Serrano X, Puchal F. Effect of the inclusion of anex truded mixture in the diets of weaned piglets. Anim. Prod. Winter Meeting. 1994;68(3):467<\/td><\/tr><tr><td>Serrano X, Baucells MD, Puchal F. Performance of weaning and post-weaned steers fed partial or complete extruded diets. Anim. Prod. Winter Meeting. 1994;68(3):414<\/td><\/tr><tr><td>Galobart J, Barroeta AC, Baucells MD, Codony R. Effect of natural antioxidants on the oxidative stability of eggs. 10th European Poultry Conference. 1998:112<\/td><\/tr><tr><td>Mart\u00ednez-Puig D, Morales J, P\u00e9rez JF, Mart\u00edn-Orue SM, Baucells MD. Time response effects of cornstarchan draw potatoes tarch on the whole-tract digestibility and digestive tract adaptation in growing (20-60 kg) pigs. J. Anim. Sci. 2001;79(Suppl.1):474<\/td><\/tr><tr><td>Cortinas L, Villaverde C, Baucells MD, Galobart J, Barroeta AC. PUFA content in poultry meat as affected by dietary unsaturation, \u03b1-tocopherol supplementation and cooking process. International PoultryScientificForum. 2003:42<\/td><\/tr><tr><td>Villaverde C, Baucells MD, Bou R, Barroeta AC. Use of oxidized sun flower oil: effect on vitamin E deposition in different issues in poultry. XXII World\u2019s Poultry Congress. 2004:411<\/td><\/tr><tr><td>Cerisuelo A, Sala R, Coma J, Carrion D, Gasa J, Baucells M. The influence of feed intake during mid-gestation on performance of pregnant sows and progeny growth: a preliminary study. J. Anim. Sci. 2004;82(Suppl.1):332<\/td><\/tr><tr><td>Cerisuelo A, Anguita M, Baucells MD, Gasa J. Factors affecting piglet weight and weaning in first parity and multi parous sows. EAAP 58th Annual Meeting. 2007:326<\/td><\/tr><tr><td>Chapinal N, Ruiz de la Torre JL, Baucells MD, Gasa J, Manteca X. Haptoglobin and pig-map as indicators of stress in pregnant sows<\/td><\/tr><tr><td>Cerisuelo A, Sala R, Carri\u00f3n D, Coma J, Tibble S, Gasa J, Baucells M. Effect of additional feed allowance during midgestation on body reserves changes and feed intake during lactation in Lean sow genotype<\/td><\/tr><tr><td>Cerisuelo A, Baucells M, Bonet J, Carri\u00f3n D, Tibble S, Gasa J, Sala R. Piglet performance and meat quality at slaughter in response to increased maternal feed allowance during mid gestation.<\/td><\/tr><tr><td>Cerisuelo A, Baucells MD, Coma J, Carri\u00f3n D, Gasa J, Sala R. Effect of maternal feed intake during mid-gestation on muscular fiber development, pig performance and meat quality at slaughter.<\/td><\/tr><tr><td>Choque-L\u00f3pez JA, Manzanilla EG, G\u00f3mez de Segura A, Barroeta AC, Baucells MD. Effects of oxidation and vitamin E inclusion on resistance to haemolysis, intestinal microbiota, faecal coccidia counts and epithelium structure of broiler chicken.<\/td><\/tr><\/tbody><\/table><\/figure>\n<\/div><\/details>\n","protected":false},"excerpt":{"rendered":"<p>&nbsp; \u201cPublicacions no accessibles a text complet d\u2019acord amb els requisits de propietat intel\u00b7lectual\u201d<\/p>\n","protected":false},"author":20,"featured_media":0,"parent":0,"menu_order":0,"comment_status":"closed","ping_status":"closed","template":"","meta":{"footnotes":""},"class_list":["post-30","page","type-page","status-publish","hentry"],"_links":{"self":[{"href":"https:\/\/webs.uab.cat\/mariolabaucells\/wp-json\/wp\/v2\/pages\/30","targetHints":{"allow":["GET"]}}],"collection":[{"href":"https:\/\/webs.uab.cat\/mariolabaucells\/wp-json\/wp\/v2\/pages"}],"about":[{"href":"https:\/\/webs.uab.cat\/mariolabaucells\/wp-json\/wp\/v2\/types\/page"}],"author":[{"embeddable":true,"href":"https:\/\/webs.uab.cat\/mariolabaucells\/wp-json\/wp\/v2\/users\/20"}],"replies":[{"embeddable":true,"href":"https:\/\/webs.uab.cat\/mariolabaucells\/wp-json\/wp\/v2\/comments?post=30"}],"version-history":[{"count":10,"href":"https:\/\/webs.uab.cat\/mariolabaucells\/wp-json\/wp\/v2\/pages\/30\/revisions"}],"predecessor-version":[{"id":119,"href":"https:\/\/webs.uab.cat\/mariolabaucells\/wp-json\/wp\/v2\/pages\/30\/revisions\/119"}],"wp:attachment":[{"href":"https:\/\/webs.uab.cat\/mariolabaucells\/wp-json\/wp\/v2\/media?parent=30"}],"curies":[{"name":"wp","href":"https:\/\/api.w.org\/{rel}","templated":true}]}}