{"id":32,"date":"2017-01-26T20:34:20","date_gmt":"2017-01-26T20:34:20","guid":{"rendered":"https:\/\/webs.uab.cat\/mariolabaucells\/activitat-formativa\/"},"modified":"2017-01-26T20:34:20","modified_gmt":"2017-01-26T20:34:20","slug":"activitat-formativa","status":"publish","type":"page","link":"https:\/\/webs.uab.cat\/mariolabaucells\/activitat-formativa\/","title":{"rendered":"Activitat formativa"},"content":{"rendered":"<p>Llicenciada en Veterin\u00e0ria (promoci\u00f3 1977-1982), especialitat Producci\u00f3 Animal, per la Facultat de Veterin\u00e0ria de la Universidad de Zaragoza, obtenint la qualificaci\u00f3 d&#8217;Excel.lent.<\/p>\n<p>Posteriorment va realitzar el Curso Superior de Producci\u00f3n Animal en l&#8217;Institute de Hautes Etudes Agronomiques Mediterraneennes (IAMZ) obtenint la m\u00e0xima qualificaci\u00f3 d&#8217;Excel.lent Cum Laude.<\/p>\n<p>La seva activitat docent i investigadora en el camp de la Nutrici\u00f3 Animal es va iniciar quan es va incorporar al grup de Nutrici\u00f3 Animal de la Facultat de Veterin\u00e0ria de la Universidad de Zaragoza sota la direcci\u00f3 del Dr. Carlos Castrillo i la tutela dels Drs. Guada&nbsp; i Gasa, obtenint el t\u00edtol de doctor el 1988.<\/p>\n<p>Un any despr\u00e9s es va incorporar com a Professora Titular d&#8217;Escola Universit\u00e0ria al grup de Nutrici\u00f3 Animal del Departament de Patologia i Produccions Animals de la Universitat Aut\u00f2noma de Barcelona, obtenint al juliol de 1991 la pla\u00e7a de Professora Titular d&#8217;Universitat, perfil: Nutrici\u00f3 Animal.<\/p>\n<p>En l&#8217;any 2002, gr\u00e0cies a la seva formaci\u00f3 integral i multidisciplinar va obtenir la Diplomatura Europea en Nutrici\u00f3 Comparada per l&#8217;European College of Veterinary and Comparative Nutrition.<\/p>\n","protected":false},"excerpt":{"rendered":"<p>Llicenciada en Veterin\u00e0ria (promoci\u00f3 1977-1982), especialitat Producci\u00f3 Animal, per la Facultat de Veterin\u00e0ria de la Universidad de Zaragoza, obtenint la qualificaci\u00f3 d&#8217;Excel.lent. Posteriorment va realitzar el Curso Superior de Producci\u00f3n Animal en l&#8217;Institute de Hautes Etudes Agronomiques Mediterraneennes (IAMZ) obtenint la m\u00e0xima qualificaci\u00f3 d&#8217;Excel.lent Cum Laude. La seva activitat docent i investigadora en el camp [&hellip;]<\/p>\n","protected":false},"author":20,"featured_media":0,"parent":0,"menu_order":0,"comment_status":"closed","ping_status":"closed","template":"","meta":{"footnotes":""},"class_list":["post-32","page","type-page","status-publish","hentry"],"_links":{"self":[{"href":"https:\/\/webs.uab.cat\/mariolabaucells\/wp-json\/wp\/v2\/pages\/32","targetHints":{"allow":["GET"]}}],"collection":[{"href":"https:\/\/webs.uab.cat\/mariolabaucells\/wp-json\/wp\/v2\/pages"}],"about":[{"href":"https:\/\/webs.uab.cat\/mariolabaucells\/wp-json\/wp\/v2\/types\/page"}],"author":[{"embeddable":true,"href":"https:\/\/webs.uab.cat\/mariolabaucells\/wp-json\/wp\/v2\/users\/20"}],"replies":[{"embeddable":true,"href":"https:\/\/webs.uab.cat\/mariolabaucells\/wp-json\/wp\/v2\/comments?post=32"}],"version-history":[{"count":0,"href":"https:\/\/webs.uab.cat\/mariolabaucells\/wp-json\/wp\/v2\/pages\/32\/revisions"}],"wp:attachment":[{"href":"https:\/\/webs.uab.cat\/mariolabaucells\/wp-json\/wp\/v2\/media?parent=32"}],"curies":[{"name":"wp","href":"https:\/\/api.w.org\/{rel}","templated":true}]}}