{"id":57,"date":"2012-03-09T12:53:17","date_gmt":"2012-03-09T10:53:17","guid":{"rendered":"https:\/\/webs.uab.cat\/marisapresas\/forschungsinteressen\/"},"modified":"2012-03-09T12:53:17","modified_gmt":"2012-03-09T10:53:17","slug":"forschungsinteressen","status":"publish","type":"page","link":"https:\/\/webs.uab.cat\/marisapresas\/de\/forschungsinteressen\/","title":{"rendered":"Forschungsinteressen"},"content":{"rendered":"<p><strong>Kognitive \u00dcbersetzungswissenschaft<\/strong><\/p>\n<p>\u00dcbersetzungskompetenz<\/p>\n<p>\u00dcbersetzungsprozess<\/p>\n<p>Implizite \u00dcbersetzungstheorien<\/p>\n<p>\u00dcbersetzungsdidaktik<\/p>\n<p><strong>Forschungsmethoden<\/strong><\/p>\n<p><strong>\u00dcbersetzungstechnologien<br \/><\/strong><\/p>\n<p><strong><br \/><\/strong><\/p>\n<p>&nbsp;<\/p>\n","protected":false},"excerpt":{"rendered":"<p>Kognitive \u00dcbersetzungswissenschaft \u00dcbersetzungskompetenz \u00dcbersetzungsprozess Implizite \u00dcbersetzungstheorien \u00dcbersetzungsdidaktik Forschungsmethoden \u00dcbersetzungstechnologien &nbsp;<\/p>\n","protected":false},"author":20,"featured_media":0,"parent":0,"menu_order":0,"comment_status":"closed","ping_status":"closed","template":"","meta":{"footnotes":""},"class_list":["post-57","page","type-page","status-publish","hentry"],"_links":{"self":[{"href":"https:\/\/webs.uab.cat\/marisapresas\/de\/wp-json\/wp\/v2\/pages\/57","targetHints":{"allow":["GET"]}}],"collection":[{"href":"https:\/\/webs.uab.cat\/marisapresas\/de\/wp-json\/wp\/v2\/pages"}],"about":[{"href":"https:\/\/webs.uab.cat\/marisapresas\/de\/wp-json\/wp\/v2\/types\/page"}],"author":[{"embeddable":true,"href":"https:\/\/webs.uab.cat\/marisapresas\/de\/wp-json\/wp\/v2\/users\/20"}],"replies":[{"embeddable":true,"href":"https:\/\/webs.uab.cat\/marisapresas\/de\/wp-json\/wp\/v2\/comments?post=57"}],"version-history":[{"count":0,"href":"https:\/\/webs.uab.cat\/marisapresas\/de\/wp-json\/wp\/v2\/pages\/57\/revisions"}],"wp:attachment":[{"href":"https:\/\/webs.uab.cat\/marisapresas\/de\/wp-json\/wp\/v2\/media?parent=57"}],"curies":[{"name":"wp","href":"https:\/\/api.w.org\/{rel}","templated":true}]}}