{"id":45,"date":"2012-03-05T12:24:29","date_gmt":"2012-03-05T10:24:29","guid":{"rendered":"https:\/\/webs.uab.cat\/marisapresas\/publicaciones\/"},"modified":"2022-11-16T07:36:07","modified_gmt":"2022-11-16T05:36:07","slug":"publicaciones","status":"publish","type":"page","link":"https:\/\/webs.uab.cat\/marisapresas\/es\/publicaciones\/","title":{"rendered":"Publicaciones"},"content":{"rendered":"\n<p><a href=\"https:\/\/webs.uab.cat\/marisapresas\/es\/articulos\/\" data-type=\"page\" data-id=\"46\">Art\u00edculos<\/a><br><a href=\"https:\/\/webs.uab.cat\/marisapresas\/es\/edicion-de-libros\/\" data-type=\"page\" data-id=\"47\">Edici\u00f3n de libros<\/a><br><a href=\"https:\/\/webs.uab.cat\/marisapresas\/es\/capitulos-de-libro\/\" data-type=\"page\" data-id=\"48\">Cap\u00edtulos de libro<\/a><br><a href=\"https:\/\/webs.uab.cat\/marisapresas\/es\/participacion-en-congresos\/\" data-type=\"page\" data-id=\"49\">Participaci\u00f3n en congresos<\/a><\/p>\n","protected":false},"excerpt":{"rendered":"<p>Art\u00edculosEdici\u00f3n de librosCap\u00edtulos de libroParticipaci\u00f3n en congresos<\/p>\n","protected":false},"author":20,"featured_media":0,"parent":0,"menu_order":0,"comment_status":"closed","ping_status":"closed","template":"","meta":{"footnotes":""},"class_list":["post-45","page","type-page","status-publish","hentry"],"_links":{"self":[{"href":"https:\/\/webs.uab.cat\/marisapresas\/es\/wp-json\/wp\/v2\/pages\/45","targetHints":{"allow":["GET"]}}],"collection":[{"href":"https:\/\/webs.uab.cat\/marisapresas\/es\/wp-json\/wp\/v2\/pages"}],"about":[{"href":"https:\/\/webs.uab.cat\/marisapresas\/es\/wp-json\/wp\/v2\/types\/page"}],"author":[{"embeddable":true,"href":"https:\/\/webs.uab.cat\/marisapresas\/es\/wp-json\/wp\/v2\/users\/20"}],"replies":[{"embeddable":true,"href":"https:\/\/webs.uab.cat\/marisapresas\/es\/wp-json\/wp\/v2\/comments?post=45"}],"version-history":[{"count":1,"href":"https:\/\/webs.uab.cat\/marisapresas\/es\/wp-json\/wp\/v2\/pages\/45\/revisions"}],"predecessor-version":[{"id":175,"href":"https:\/\/webs.uab.cat\/marisapresas\/es\/wp-json\/wp\/v2\/pages\/45\/revisions\/175"}],"wp:attachment":[{"href":"https:\/\/webs.uab.cat\/marisapresas\/es\/wp-json\/wp\/v2\/media?parent=45"}],"curies":[{"name":"wp","href":"https:\/\/api.w.org\/{rel}","templated":true}]}}