{"id":50,"date":"2012-03-09T12:05:19","date_gmt":"2012-03-09T10:05:19","guid":{"rendered":"https:\/\/webs.uab.cat\/marisapresas\/docencia-2\/"},"modified":"2012-03-09T12:05:19","modified_gmt":"2012-03-09T10:05:19","slug":"docencia-2","status":"publish","type":"page","link":"https:\/\/webs.uab.cat\/marisapresas\/es\/docencia-2\/","title":{"rendered":"Docencia"},"content":{"rendered":"<p><strong>Curso 2016-2017<\/strong><\/p>\n<p><strong>Grado en Traducci\u00f3n e Interpetacin, Universitat Aut\u00f2noma de Barcelona <\/strong><br \/>\nIniciaci\u00f3n a la traducci\u00f3n B-A [alem\u00e1n-castellano, alem\u00e1n-catal\u00e1n]<\/p>\n<p>Idioma y traducci\u00f3n C6 [alem\u00e1n-castellano, alem\u00e1n-catal\u00e1n]<\/p>\n<p><strong>M\u00e1ster en Traducci\u00f3n, Interpretaci\u00f3n y Estudios Interculturales, Universitat Aut\u00f2noma de Barcelona <\/strong><br \/>\nMetodolog\u00eda de la investigaci\u00f3n de la traductolog\u00eda y los estudis interculturales<\/p>\n<p>Cognici\u00f3n en traducci\u00f3n<\/p>\n<p><strong>M\u00e1ster en Tradum\u00e1tica: Tecnolog\u00edas de la Traducci\u00f3n, Universitat Aut\u00f2noma de Barcelona<\/strong><\/p>\n<p>Metodolog\u00edas e instrumentos de investigaci\u00f3n<\/p>\n","protected":false},"excerpt":{"rendered":"<p>Curso 2016-2017 Grado en Traducci\u00f3n e Interpetacin, Universitat Aut\u00f2noma de Barcelona Iniciaci\u00f3n a la traducci\u00f3n B-A [alem\u00e1n-castellano, alem\u00e1n-catal\u00e1n] Idioma y traducci\u00f3n C6 [alem\u00e1n-castellano, alem\u00e1n-catal\u00e1n] M\u00e1ster en Traducci\u00f3n, Interpretaci\u00f3n y Estudios Interculturales, Universitat Aut\u00f2noma de Barcelona Metodolog\u00eda de la investigaci\u00f3n de la traductolog\u00eda y los estudis interculturales Cognici\u00f3n en traducci\u00f3n M\u00e1ster en Tradum\u00e1tica: Tecnolog\u00edas de la [&hellip;]<\/p>\n","protected":false},"author":20,"featured_media":0,"parent":0,"menu_order":0,"comment_status":"closed","ping_status":"closed","template":"","meta":{"footnotes":""},"class_list":["post-50","page","type-page","status-publish","hentry"],"_links":{"self":[{"href":"https:\/\/webs.uab.cat\/marisapresas\/es\/wp-json\/wp\/v2\/pages\/50","targetHints":{"allow":["GET"]}}],"collection":[{"href":"https:\/\/webs.uab.cat\/marisapresas\/es\/wp-json\/wp\/v2\/pages"}],"about":[{"href":"https:\/\/webs.uab.cat\/marisapresas\/es\/wp-json\/wp\/v2\/types\/page"}],"author":[{"embeddable":true,"href":"https:\/\/webs.uab.cat\/marisapresas\/es\/wp-json\/wp\/v2\/users\/20"}],"replies":[{"embeddable":true,"href":"https:\/\/webs.uab.cat\/marisapresas\/es\/wp-json\/wp\/v2\/comments?post=50"}],"version-history":[{"count":0,"href":"https:\/\/webs.uab.cat\/marisapresas\/es\/wp-json\/wp\/v2\/pages\/50\/revisions"}],"wp:attachment":[{"href":"https:\/\/webs.uab.cat\/marisapresas\/es\/wp-json\/wp\/v2\/media?parent=50"}],"curies":[{"name":"wp","href":"https:\/\/api.w.org\/{rel}","templated":true}]}}