{"id":54,"date":"2012-03-09T12:17:28","date_gmt":"2012-03-09T10:17:28","guid":{"rendered":"https:\/\/webs.uab.cat\/marisapresas\/traducciones-de-lij\/"},"modified":"2012-03-09T12:17:28","modified_gmt":"2012-03-09T10:17:28","slug":"traducciones-de-lij","status":"publish","type":"page","link":"https:\/\/webs.uab.cat\/marisapresas\/es\/traducciones-de-lij\/","title":{"rendered":"Traducciones de LIJ"},"content":{"rendered":"<p>Minte-K\u00f6nig, Bianca. <em>La banda de la Kitty<\/em>. Barcelona: Cru\u00eflla, 2001. ISBN: 84-661-0251-5.<\/p>\n<p>Schreiber-Wicke, Edith. <em>La colla de la Lluna Plena. Barcelona: <\/em>Cru\u00eflla, 2000. ISBN: 84-8286-967-1.<\/p>\n<p>Bieniek, Christian. <em>Pat Panotxa<\/em>. Barcelona: Cru\u00eflla, 2000. ISBN: 84-661-0046-6.<\/p>\n<p>Z\u00f6ller, Elisabeth. <em>Nana<\/em>. Barcelona: Cru\u00eflla, 2000. ISBN: 84-661-0090-3.<\/p>\n<p>Ahrens-Kramer,<em> <\/em>Renate.<em> Escala del Gat, 3<\/em>. Barcelona: Cru\u00eflla, 1999. ISBN: 84-8286-760-1.<\/p>\n<p>Bieniek, Christian. <em>Michelle XXL<\/em>. Barcelona: Cru\u00eflla, 1999. ISBN: 84-8286-775-X.<em> <br \/><\/em><\/p>\n<p>F\u00fclscher,<em> <\/em>Susanne.<em> <\/em><em>Tot per un vestit vermell<\/em>. Barcelona: Cru\u00eflla, 1997. ISBN: 84-8286-252-9.<\/p>\n<p>Pausewang, Gudrun.<em> Ben lluny<\/em>. Barcelona: Cru\u00eflla, 1997.<em> <br \/><\/em><\/p>\n<p>Walushek, Christian.<em> El tren diab\u00f3lico<\/em>. Barcelona: Grijalbo Mondadori, 1996. ISBN: 84-478-0398-8.<\/p>\n<p>Pfister,<em> <\/em>Marcus.<em> El pez arco iris se enfrenta al peligro<\/em>. Barcelona: Grijalbo Mondadori, 1996. ISBN: 84-478-0411-9.<\/p>\n<p>Feth,<em> <\/em>Monika.<em> <\/em><em>Dies blaus i dies grisos<\/em>. Barcelona: Cru\u00eflla, 1996. ISBN: 84-8286-353-3.<em> <br \/><\/em><\/p>\n<p>Ende, Michael.<em> La leyenda de la luna llena<\/em>. Barcelona: Grijalbo Mondadori, 1995. ISBN: 84-478-0279-5.<\/p>\n<p>Pestum,<em> <\/em>Jo.<em> A lomos de un poni<\/em>. Barcelona: Grijalbo Mondadori, 1995. ISBN: 84-478-0338-4.<em> <br \/><\/em><\/p>\n<p>Rauprich,<em> <\/em>Nina.<em> A l&#8217;ombra de Xiva<\/em>. Barcelona: Cru\u00eflla, 1993. ISBN: 84-7629-829-3.<\/p>\n<p>Flegel,<em> <\/em>Sissi.<em> L&#8217;enigma del laberint<\/em>. Barcelona: Cru\u00eflla, 1993. ISBN: 84-7629-905-2.<\/p>\n<p>Sklenitzka,<em> <\/em>Franz Sales.<em> Qui ho ha fet?<\/em> Barcelona: Cru\u00eflla, 1992. ISBN: 84-7629-768-8.<\/p>\n<p>Ende,<em> <\/em>Michael.<em> Un dia complicat<\/em>. Barcelona: Cru\u00eflla, 1992. ISBN: 84-7629-773-4.<\/p>\n<p>Kilian, Susanne.<em> Mare Lluna<\/em>. Barcelona: Cru\u00eflla, 1990. ISBN: 84-7629-552-9.<\/p>\n<p>Sklenitzka,<em> <\/em>Franz Sales. <em>Barret per barret<\/em>. Ed. Cru\u00eflla, 1990. ISBN: 84-7629-612-6.<\/p>\n<p>Ende,<em> <\/em>Michael.<em> El secret de Lena<\/em>. Ed. Cru\u00eflla, 1991. ISBN: 84-7629-682-7.<\/p>\n<p>von Schach,<em> <\/em>Rosemarie.<em> Mare, qui ets? Barcelona:<\/em> Cru\u00eflla, 1989.<\/p>\n<p>Lobe,<em> <\/em>Mira.<em> El cas d&#8217;en Heinrich<\/em>. Barcelona: Cru\u00eflla, 1989. ISBN: 84-7629-598-7.<\/p>\n<p>Heine,<em> <\/em>Isolde.<em> Flors de tempesta<\/em>. Barcelona: Cru\u00eflla, 1989. ISBN: 84-7629-554-5.<\/p>\n<p>Grasdorf,<em> <\/em>Erich.<em> Tassie, el llop amb pell de tigre<\/em>. Barcelona: Cru\u00eflla, 1989. ISBN: 84-7629-486-7. Traducci\u00f3 finalista al Premio Nacional de Traducci\u00f3n Infantil y Juvenil 1992.<\/p>\n<p>Pestum,<em> <\/em>Jo.<em> El Gat i les tres creus negres<\/em>. Barcelona: Cru\u00eflla, 1988. ISBN: 84-7629-249-X.<\/p>\n<p>de Cesco,<em> <\/em>Federica.<em> El cavall daurat<\/em>. Barcelona: Cru\u00eflla, 1988. ISBN: 84-7629-339-9.<em> <br \/><\/em><\/p>\n<p>Egli<em>, <\/em>Werner J. <em>Mart\u00edn i Lara<\/em>. Barcelona: Cru\u00eflla, 1988. ISBN: 84-7629-476-X.<\/p>\n<p>Pestum,<em> <\/em>Jo.<em> <\/em><em>El Gat i l&#8217;empresa fantasma<\/em>. Barcelona: Cru\u00eflla, 1987. ISBN: 84-7629-450-6.<\/p>\n","protected":false},"excerpt":{"rendered":"<p>Minte-K\u00f6nig, Bianca. La banda de la Kitty. Barcelona: Cru\u00eflla, 2001. ISBN: 84-661-0251-5. Schreiber-Wicke, Edith. La colla de la Lluna Plena. Barcelona: Cru\u00eflla, 2000. ISBN: 84-8286-967-1. Bieniek, Christian. Pat Panotxa. Barcelona: Cru\u00eflla, 2000. ISBN: 84-661-0046-6. Z\u00f6ller, Elisabeth. Nana. Barcelona: Cru\u00eflla, 2000. ISBN: 84-661-0090-3. Ahrens-Kramer, Renate. Escala del Gat, 3. Barcelona: Cru\u00eflla, 1999. ISBN: 84-8286-760-1. Bieniek, Christian. [&hellip;]<\/p>\n","protected":false},"author":20,"featured_media":0,"parent":0,"menu_order":0,"comment_status":"closed","ping_status":"closed","template":"","meta":{"footnotes":""},"class_list":["post-54","page","type-page","status-publish","hentry"],"_links":{"self":[{"href":"https:\/\/webs.uab.cat\/marisapresas\/es\/wp-json\/wp\/v2\/pages\/54","targetHints":{"allow":["GET"]}}],"collection":[{"href":"https:\/\/webs.uab.cat\/marisapresas\/es\/wp-json\/wp\/v2\/pages"}],"about":[{"href":"https:\/\/webs.uab.cat\/marisapresas\/es\/wp-json\/wp\/v2\/types\/page"}],"author":[{"embeddable":true,"href":"https:\/\/webs.uab.cat\/marisapresas\/es\/wp-json\/wp\/v2\/users\/20"}],"replies":[{"embeddable":true,"href":"https:\/\/webs.uab.cat\/marisapresas\/es\/wp-json\/wp\/v2\/comments?post=54"}],"version-history":[{"count":0,"href":"https:\/\/webs.uab.cat\/marisapresas\/es\/wp-json\/wp\/v2\/pages\/54\/revisions"}],"wp:attachment":[{"href":"https:\/\/webs.uab.cat\/marisapresas\/es\/wp-json\/wp\/v2\/media?parent=54"}],"curies":[{"name":"wp","href":"https:\/\/api.w.org\/{rel}","templated":true}]}}