{"id":24,"date":"2012-03-05T12:16:24","date_gmt":"2012-03-05T10:16:24","guid":{"rendered":"https:\/\/webs.uab.cat\/marisapresas\/linies\/"},"modified":"2012-03-05T12:16:24","modified_gmt":"2012-03-05T10:16:24","slug":"linies","status":"publish","type":"page","link":"https:\/\/webs.uab.cat\/marisapresas\/linies\/","title":{"rendered":"L\u00ednies"},"content":{"rendered":"<p><strong>Traductologia cognitiva<\/strong><\/p>\n<p>Compet\u00e8ncia traductora<\/p>\n<p>Teories impl\u00edcites de la traducci\u00f3<\/p>\n<p>Proc\u00e9s de la traducci\u00f3<\/p>\n<p>Did\u00e0ctica de la traducci\u00f3<\/p>\n<p><strong>Metodologia de la recerca<\/strong><\/p>\n<p><strong>Tecnologies de la traducci\u00f3<br \/><\/strong><\/p>\n","protected":false},"excerpt":{"rendered":"<p>Traductologia cognitiva Compet\u00e8ncia traductora Teories impl\u00edcites de la traducci\u00f3 Proc\u00e9s de la traducci\u00f3 Did\u00e0ctica de la traducci\u00f3 Metodologia de la recerca Tecnologies de la traducci\u00f3<\/p>\n","protected":false},"author":20,"featured_media":0,"parent":0,"menu_order":0,"comment_status":"closed","ping_status":"closed","template":"","meta":{"footnotes":""},"class_list":["post-24","page","type-page","status-publish","hentry"],"_links":{"self":[{"href":"https:\/\/webs.uab.cat\/marisapresas\/wp-json\/wp\/v2\/pages\/24","targetHints":{"allow":["GET"]}}],"collection":[{"href":"https:\/\/webs.uab.cat\/marisapresas\/wp-json\/wp\/v2\/pages"}],"about":[{"href":"https:\/\/webs.uab.cat\/marisapresas\/wp-json\/wp\/v2\/types\/page"}],"author":[{"embeddable":true,"href":"https:\/\/webs.uab.cat\/marisapresas\/wp-json\/wp\/v2\/users\/20"}],"replies":[{"embeddable":true,"href":"https:\/\/webs.uab.cat\/marisapresas\/wp-json\/wp\/v2\/comments?post=24"}],"version-history":[{"count":0,"href":"https:\/\/webs.uab.cat\/marisapresas\/wp-json\/wp\/v2\/pages\/24\/revisions"}],"wp:attachment":[{"href":"https:\/\/webs.uab.cat\/marisapresas\/wp-json\/wp\/v2\/media?parent=24"}],"curies":[{"name":"wp","href":"https:\/\/api.w.org\/{rel}","templated":true}]}}