{"id":25,"date":"2012-03-05T12:24:29","date_gmt":"2012-03-05T10:24:29","guid":{"rendered":"https:\/\/webs.uab.cat\/marisapresas\/publicacions\/"},"modified":"2022-11-16T07:24:24","modified_gmt":"2022-11-16T05:24:24","slug":"publicacions","status":"publish","type":"page","link":"https:\/\/webs.uab.cat\/marisapresas\/publicacions\/","title":{"rendered":"Publicacions"},"content":{"rendered":"\n<p><a href=\"https:\/\/webs.uab.cat\/marisapresas\/articles\/\" data-type=\"page\" data-id=\"29\">Articles<\/a><br><a href=\"https:\/\/webs.uab.cat\/marisapresas\/edicio-de-llibres\/\" data-type=\"page\" data-id=\"30\">Edici\u00f3 de llibres<\/a><br><a href=\"https:\/\/webs.uab.cat\/marisapresas\/capitols-de-llibre\/\" data-type=\"page\" data-id=\"33\">Cap\u00edtols de llibre<\/a><br><a href=\"https:\/\/webs.uab.cat\/marisapresas\/congressos\/\" data-type=\"page\" data-id=\"34\">Participaci\u00f3 en congressos<\/a><\/p>\n","protected":false},"excerpt":{"rendered":"<p>ArticlesEdici\u00f3 de llibresCap\u00edtols de llibreParticipaci\u00f3 en congressos<\/p>\n","protected":false},"author":20,"featured_media":0,"parent":0,"menu_order":0,"comment_status":"closed","ping_status":"closed","template":"","meta":{"footnotes":""},"class_list":["post-25","page","type-page","status-publish","hentry"],"_links":{"self":[{"href":"https:\/\/webs.uab.cat\/marisapresas\/wp-json\/wp\/v2\/pages\/25","targetHints":{"allow":["GET"]}}],"collection":[{"href":"https:\/\/webs.uab.cat\/marisapresas\/wp-json\/wp\/v2\/pages"}],"about":[{"href":"https:\/\/webs.uab.cat\/marisapresas\/wp-json\/wp\/v2\/types\/page"}],"author":[{"embeddable":true,"href":"https:\/\/webs.uab.cat\/marisapresas\/wp-json\/wp\/v2\/users\/20"}],"replies":[{"embeddable":true,"href":"https:\/\/webs.uab.cat\/marisapresas\/wp-json\/wp\/v2\/comments?post=25"}],"version-history":[{"count":1,"href":"https:\/\/webs.uab.cat\/marisapresas\/wp-json\/wp\/v2\/pages\/25\/revisions"}],"predecessor-version":[{"id":144,"href":"https:\/\/webs.uab.cat\/marisapresas\/wp-json\/wp\/v2\/pages\/25\/revisions\/144"}],"wp:attachment":[{"href":"https:\/\/webs.uab.cat\/marisapresas\/wp-json\/wp\/v2\/media?parent=25"}],"curies":[{"name":"wp","href":"https:\/\/api.w.org\/{rel}","templated":true}]}}