{"id":29,"date":"2012-03-05T12:29:11","date_gmt":"2012-03-05T10:29:11","guid":{"rendered":"https:\/\/webs.uab.cat\/marisapresas\/articles\/"},"modified":"2012-03-05T12:29:11","modified_gmt":"2012-03-05T10:29:11","slug":"articles","status":"publish","type":"page","link":"https:\/\/webs.uab.cat\/marisapresas\/articles\/","title":{"rendered":"Articles"},"content":{"rendered":"<div>\n<p>Cid-Leal, Pilar; Mar\u00eda-Carmen Esp\u00edn-Garc\u00eda i Marisa Presas (2019). \u00abTraducci\u00f3n autom\u00e1tica y posedici\u00f3n: perfiles y competencias en los programas de formaci\u00f3n de traductores\u00bb. Tolosa Igualada, Miguel &amp; \u00c1lvaro Echeverri (eds.) 2019. <em>Porque<\/em><em> <\/em><em>algo<\/em><em> <\/em><em>tiene<\/em><em> que <\/em><em>cambiar<\/em><em>. La <\/em><em>formaci\u00f3n<\/em><em> de <\/em><em>traductores<\/em><em> e <\/em><em>int\u00e9rpretes<\/em><em>: <\/em><em>Presente<\/em><em> &amp; <\/em><em>futuro<\/em><em> \/ Because something should change: Present &amp; Future Training of Translators and Interpreters. <\/em><em>MonTI<\/em> 11, 187-214. ISSN: 1889-4178<\/p>\n<p>S\u00e1nchez-Gij\u00f3n, P., i Presas, M. (2018). \u00abTecnolog\u00edas de la traducci\u00f3n en la formaci\u00f3n de investigadores\u00bb. <em>Trans-Kom. Wissenschaftliche Zeitschrift <\/em><em>f<\/em><em>\u00fcr Translation <\/em><em>u<\/em><em>nd Kommunikation<\/em>, <em>11<\/em>(2), 238\u2013264. ISSN: 1867-4844<\/p>\n<p>Kou, Xueting, Esp\u00edn-Garc\u00eda, Mar\u00eda-Carmen i Marisa Presas (2018). \u00abModelos de calidad de la traducci\u00f3n en empresas de la Rep\u00fablica Popular de China: Estudio cualitativo\u00bb. <em>Sendebar. Revista de Traducci\u00f3n e Interpretaci\u00f3n<\/em>, 29, 235-251. ISSN: 2340-2415.&nbsp;&nbsp;<\/p>\n<\/div>\n<p>Presas, Marisa, Pilar Cid-Leal i Olga Torres-Hostench (2016). \u00abMachine translation implementation among language service providers in Spain: A mixed methods study\u00bb. <em>Journal of Research Design and Statistics in Linguistics and Communication Science<\/em>, 3 (1), 126-144. ISSN: 2052-417x (print), 2052-4188 (online)<\/p>\n<p>Presas Corbella, Marisa i Celia Mart\u00edn de Le\u00f3n (2014). \u00abThe role of implicit theories in the non-expert translation process\u00bb, Ricardo Mu\u00f1oz Mart\u00edn (ed.) Minding translation. Con la traducci\u00f3n en mente. <em>MonTI, <\/em>Special Issue 1, 273-302. ISSN-1889-4178.<\/p>\n<p>Kozlova, Inna i Marisa Presas (2014). <em>\u00ab<em>Cognitive aspects of problem solving using dictionaries in L2 writing\u00bb, Scripta Manent, 9 (1), 2-12.<\/em><\/em> ISSN: 1854-2042.<\/p>\n<p>Kozlova, Inna i Marisa Presas (2013). \u00ab<em>ESP students&#8217; views on online language resources for L2 text production purposes\u00bb, Teaching English with Technology, 13(3), 35-52. <\/em>ISSN 1642-1027.<\/p>\n<p>Presas, Marisa (2012). \u00abTraining translators in the European Higher Education Area: A Model for Evaluating Learning Outcomes\u00bb, <em>The Interpreter and Translator Trainer (ITT)<\/em>, Volume 6, Number 2, 138-169. ISSN: 1757-0417 (Online) \/ 1750-399X (Print).<\/p>\n<p>Presas, Marisa i Celia Mart\u00edn de Le\u00f3n (2011). \u00abTeor\u00edas impl\u00edcitas de traductores principiantes. Una investigaci\u00f3n cualitativa en traductolog\u00eda cognitiva\u00bb, Sendebar, 22, 87-111. ISSN: 1130-5509.<\/p>\n<p>Mart\u00edn de Le\u00f3n, Celia i Marisa Presas (2011). \u00abMetaphern als Ausdruck subjektiver Theorien zum \u00dcbersetzen. Eine empirische Untersuchung zur konzeptuell-strukturierenden Funktion von Metaphernmodellen bei Studienanf\u00e4ngern\u00bb, Target, 23:2, 272-310. ISSN: 0924-1884.<\/p>\n<p>Presas, Marisa (2011). \u00ab\u2019Palabras que no tienen una correspondencia exacta\u2019: La voz de los traductores principiantes\u00bb. RIELMA (Revue Internationale d\u2019\u00c9tudes en Langues Modernes Appliqu\u00e9es), 4, 103-119. ISSN: 1844-5586<\/p>\n<p>Presas, Marisa (2008). \u00abFormar traductores expertos en el EEES: Un marco para la formulaci\u00f3n de competencias de los estudios de Grado\u00bb. Sendebar, 19, 199-230. ISSN: 1130-5509. <a href=\"http:\/\/www.ugr.es\/%7Efactrad\/enlaces\/sendebar\/indice2.htm\">Resum<\/a><\/p>\n<p>Neunzig, Wilhelm y Marisa Presas (1994). \u00abDer \u00dcbersetzer in der Zwickm\u00fchle. \u00dcberlegungen zur Rolle des \u00dcbersetzers in der zweisprachigen Kommunikation\u00bb. TextconText 9, 79-94. ISSN: 0179-6844.<\/p>\n<p>Kreutzer, Martin, Willhelm Neunzig, Ramon Piqu\u00e9 i Marisa Presas (1993). \u00abELTAO Seminar in Las Palmas de Gran Canaria: Summary of an Experiment\u00bb. CALICO 10:2, 86-90.<\/p>\n<p>Kreutzer, Martin, Willhelm Neunzig, Ramon Piqu\u00e9 i Marisa Presas (1993). \u00abLa ense\u00f1anza de lengua y traducci\u00f3n asistida por ordenador\u00bb. Comunicaci\u00f3n y Pedagog\u00eda 119, 30-33. ISSN: 1989-5623.<\/p>\n<p>Presas, Marisa (1991). \u00abValenzgrammatik und DaF-Unterricht\u00bb. Forum, 5, 421-425.<\/p>\n","protected":false},"excerpt":{"rendered":"<p>Cid-Leal, Pilar; Mar\u00eda-Carmen Esp\u00edn-Garc\u00eda i Marisa Presas (2019). \u00abTraducci\u00f3n autom\u00e1tica y posedici\u00f3n: perfiles y competencias en los programas de formaci\u00f3n de traductores\u00bb. Tolosa Igualada, Miguel &amp; \u00c1lvaro Echeverri (eds.) 2019. Porque algo tiene que cambiar. La formaci\u00f3n de traductores e int\u00e9rpretes: Presente &amp; futuro \/ Because something should change: Present &amp; Future Training of Translators [&hellip;]<\/p>\n","protected":false},"author":20,"featured_media":0,"parent":0,"menu_order":0,"comment_status":"closed","ping_status":"closed","template":"","meta":{"footnotes":""},"class_list":["post-29","page","type-page","status-publish","hentry"],"_links":{"self":[{"href":"https:\/\/webs.uab.cat\/marisapresas\/wp-json\/wp\/v2\/pages\/29","targetHints":{"allow":["GET"]}}],"collection":[{"href":"https:\/\/webs.uab.cat\/marisapresas\/wp-json\/wp\/v2\/pages"}],"about":[{"href":"https:\/\/webs.uab.cat\/marisapresas\/wp-json\/wp\/v2\/types\/page"}],"author":[{"embeddable":true,"href":"https:\/\/webs.uab.cat\/marisapresas\/wp-json\/wp\/v2\/users\/20"}],"replies":[{"embeddable":true,"href":"https:\/\/webs.uab.cat\/marisapresas\/wp-json\/wp\/v2\/comments?post=29"}],"version-history":[{"count":0,"href":"https:\/\/webs.uab.cat\/marisapresas\/wp-json\/wp\/v2\/pages\/29\/revisions"}],"wp:attachment":[{"href":"https:\/\/webs.uab.cat\/marisapresas\/wp-json\/wp\/v2\/media?parent=29"}],"curies":[{"name":"wp","href":"https:\/\/api.w.org\/{rel}","templated":true}]}}