{"id":30,"date":"2012-03-05T12:36:13","date_gmt":"2012-03-05T10:36:13","guid":{"rendered":"https:\/\/webs.uab.cat\/marisapresas\/edicio-de-llibres\/"},"modified":"2022-11-16T07:25:21","modified_gmt":"2022-11-16T05:25:21","slug":"edicio-de-llibres","status":"publish","type":"page","link":"https:\/\/webs.uab.cat\/marisapresas\/edicio-de-llibres\/","title":{"rendered":"Edici\u00f3 de llibres"},"content":{"rendered":"\n<p>Torres-Hostench, Olga; Presas, Marisa y Cid-Leal, Pilar (coords.) (2016). El uso de traducci\u00f3n autom\u00e1tica y posedici\u00f3n en las empresas de servicios ling\u00fc\u00edsticos espa\u00f1olas: Informe de investigaci\u00f3n ProjecTA 2015. Bellaterra.&nbsp;<a href=\"https:\/\/ddd.uab.cat\/record\/148361\">https:\/\/ddd.uab.cat\/record\/148361<\/a><\/p>\n\n\n\n<p>Torres-Hostench, Olga; Presas, Marisa i Cid-Leal, Pilar (coords.) (2016). L\u2019\u00fas de traducci\u00f3 autom\u00e0tica i postedici\u00f3 en les empreses de serveis ling\u00fc\u00edstics de l\u2019Estat espanyol: Informe de recerca ProjecTA 2015. Bellaterra.&nbsp;<a href=\"https:\/\/ddd.uab.cat\/record\/166753\">https:\/\/ddd.uab.cat\/record\/166753<\/a><\/p>\n\n\n\n<p>Fessenko, Tamara A., Bernd Stefanik i Marisa Presas (eds.) (2002). <em>Reality, Language and Mind. <\/em><em>An International Book of Researcher Reports<\/em>. Tambov: Tambov University Press.<\/p>\n\n\n\n<p>&nbsp;Presas, Marisa (coord.) (2000). <em>Teoria i pr\u00e0ctica de la traducci\u00f3.<\/em> Barcelona: Fundaci\u00f3 per a la Universitat Oberta de Catalunya. ISBN: 84-8429-115-4.<\/p>\n\n\n\n<p>&nbsp;Beeby, Allison, Doris Ensinger i Marisa Presas (eds.) (2000). <em>Investigating Translation<\/em>. <em>Selected Papers from the 4th International Congress on Translation. <\/em>Amsterdam, Filadelfia: John Benjamins. ISBN: 90-272-1637-1.<\/p>\n","protected":false},"excerpt":{"rendered":"<p>Torres-Hostench, Olga; Presas, Marisa y Cid-Leal, Pilar (coords.) (2016). El uso de traducci\u00f3n autom\u00e1tica y posedici\u00f3n en las empresas de servicios ling\u00fc\u00edsticos espa\u00f1olas: Informe de investigaci\u00f3n ProjecTA 2015. Bellaterra.&nbsp;https:\/\/ddd.uab.cat\/record\/148361 Torres-Hostench, Olga; Presas, Marisa i Cid-Leal, Pilar (coords.) (2016). L\u2019\u00fas de traducci\u00f3 autom\u00e0tica i postedici\u00f3 en les empreses de serveis ling\u00fc\u00edstics de l\u2019Estat espanyol: Informe de [&hellip;]<\/p>\n","protected":false},"author":20,"featured_media":0,"parent":0,"menu_order":0,"comment_status":"closed","ping_status":"closed","template":"","meta":{"footnotes":""},"class_list":["post-30","page","type-page","status-publish","hentry"],"_links":{"self":[{"href":"https:\/\/webs.uab.cat\/marisapresas\/wp-json\/wp\/v2\/pages\/30","targetHints":{"allow":["GET"]}}],"collection":[{"href":"https:\/\/webs.uab.cat\/marisapresas\/wp-json\/wp\/v2\/pages"}],"about":[{"href":"https:\/\/webs.uab.cat\/marisapresas\/wp-json\/wp\/v2\/types\/page"}],"author":[{"embeddable":true,"href":"https:\/\/webs.uab.cat\/marisapresas\/wp-json\/wp\/v2\/users\/20"}],"replies":[{"embeddable":true,"href":"https:\/\/webs.uab.cat\/marisapresas\/wp-json\/wp\/v2\/comments?post=30"}],"version-history":[{"count":1,"href":"https:\/\/webs.uab.cat\/marisapresas\/wp-json\/wp\/v2\/pages\/30\/revisions"}],"predecessor-version":[{"id":145,"href":"https:\/\/webs.uab.cat\/marisapresas\/wp-json\/wp\/v2\/pages\/30\/revisions\/145"}],"wp:attachment":[{"href":"https:\/\/webs.uab.cat\/marisapresas\/wp-json\/wp\/v2\/media?parent=30"}],"curies":[{"name":"wp","href":"https:\/\/api.w.org\/{rel}","templated":true}]}}