{"id":31,"date":"2012-03-05T13:58:14","date_gmt":"2012-03-05T11:58:14","guid":{"rendered":"https:\/\/webs.uab.cat\/marisapresas\/grups-i-projectes\/"},"modified":"2012-03-05T13:58:14","modified_gmt":"2012-03-05T11:58:14","slug":"grups-i-projectes","status":"publish","type":"page","link":"https:\/\/webs.uab.cat\/marisapresas\/grups-i-projectes\/","title":{"rendered":"Grups i projectes"},"content":{"rendered":"<p>Com a membre del Grup Tradum\u00e0tica, investigadora del projecte ProjecTA-U &#8211; Usuarios de traducci\u00f3n autom\u00e1tica (FFI2016-78612-R). Investigadores principals: Olga Torres-Hostench i Pilar S\u00e1nchez-Gij\u00f3n.<\/p>\n<p>Com a membre del Grup Tradum\u00e0tica, investigadora del projecte ProjecTA &#8211; Proyectos de traducci\u00f3n con traducci\u00f3n autom\u00e1tica estd\u00edstica y posedici\u00f3n (FFI2013-46041-R). Investigadors principals: Olga Torres-Hostench i Ramon Piqu\u00e9.<\/p>\n<p>Com a membre del grup PETRA, investigadora del projecte CODIGO &#8211; Caracterizaci\u00f3n objetiva de la dificultad general de los originales (FFI2010-15724). Investigador principal: Ricardo Mu\u00f1oz.<\/p>\n<p>Com a membre del grup PACTE, investigadora del projecte An\u00e1lisis de la competencia traductora en traducci\u00f3n escrita (SGR2002-00178). Investigadora principal: Amparo Hurtado. (28\/11\/2002 a 31\/12\/2005)<\/p>\n<p>Com a membre del grup PACTE, investigadora del projecte Estudio emp\u00edrico sobre la competencia traductora (BFF2001\u20132510). Investigadora principal: Amparo Hurtado. (28\/12\/2001 a 27\/12\/2005)<\/p>\n<p>Col\u2022laboraci\u00f3 al projecte Guia digital d\u2019iniciaci\u00f3 universit\u00e0ria: bases d\u2019aprenentatge per a reeixir en els estudis de Traducci\u00f3 i Interpretaci\u00f3 (MQD 2002-195). Coordinadora M. Josep Recoder Sellar\u00e8s. (2002-2003)<\/p>\n<p>Com a membre del grup PACTE, investigadora del projecte Procesos de aprendizaje y evaluaci\u00f3n en la adquisici\u00f3n de la competencia traductora (PB 96-1125). Investigadora principal: Amparo Hurtado. (01\/10\/1997 a 01\/10\/2000).<\/p>\n<p>Coordinaci\u00f3 de l\u2019equip de la UAB participant al projecte FIDE de desenvolupament de materials d\u2019autoaprenentatge per a les lleng\u00fces francesa, italiana, danesa i espanyola (LINGUA 94-03\/1496\/DK-VB) (1994).<\/p>\n<p>Coordinaci\u00f3 del projecte D\u00dcSEN I de desenvolupament de material did\u00e0ctic per a l\u2019autoaprenentatge de llengua alemanaya, amb el suport de Institut de Ci\u00e8ncies de l\u2019Educaci\u00f3 de la UAB (1992 1993).<\/p>\n<p>Col\u2022laboraci\u00f3 al projecte METAL de traducci\u00f3 autom\u00e0tica, conveni entre la UAB i l&#8217;empresa SIEMENS (1\/1\/1987 a 30\/1\/1989). Coordinadora del projecte, Montserrat Meya.<\/p>\n","protected":false},"excerpt":{"rendered":"<p>Com a membre del Grup Tradum\u00e0tica, investigadora del projecte ProjecTA-U &#8211; Usuarios de traducci\u00f3n autom\u00e1tica (FFI2016-78612-R). Investigadores principals: Olga Torres-Hostench i Pilar S\u00e1nchez-Gij\u00f3n. Com a membre del Grup Tradum\u00e0tica, investigadora del projecte ProjecTA &#8211; Proyectos de traducci\u00f3n con traducci\u00f3n autom\u00e1tica estd\u00edstica y posedici\u00f3n (FFI2013-46041-R). Investigadors principals: Olga Torres-Hostench i Ramon Piqu\u00e9. Com a membre del [&hellip;]<\/p>\n","protected":false},"author":20,"featured_media":0,"parent":0,"menu_order":0,"comment_status":"closed","ping_status":"closed","template":"","meta":{"footnotes":""},"class_list":["post-31","page","type-page","status-publish","hentry"],"_links":{"self":[{"href":"https:\/\/webs.uab.cat\/marisapresas\/wp-json\/wp\/v2\/pages\/31","targetHints":{"allow":["GET"]}}],"collection":[{"href":"https:\/\/webs.uab.cat\/marisapresas\/wp-json\/wp\/v2\/pages"}],"about":[{"href":"https:\/\/webs.uab.cat\/marisapresas\/wp-json\/wp\/v2\/types\/page"}],"author":[{"embeddable":true,"href":"https:\/\/webs.uab.cat\/marisapresas\/wp-json\/wp\/v2\/users\/20"}],"replies":[{"embeddable":true,"href":"https:\/\/webs.uab.cat\/marisapresas\/wp-json\/wp\/v2\/comments?post=31"}],"version-history":[{"count":0,"href":"https:\/\/webs.uab.cat\/marisapresas\/wp-json\/wp\/v2\/pages\/31\/revisions"}],"wp:attachment":[{"href":"https:\/\/webs.uab.cat\/marisapresas\/wp-json\/wp\/v2\/media?parent=31"}],"curies":[{"name":"wp","href":"https:\/\/api.w.org\/{rel}","templated":true}]}}