{"id":39,"date":"2012-03-06T17:27:17","date_gmt":"2012-03-06T15:27:17","guid":{"rendered":"https:\/\/webs.uab.cat\/marisapresas\/docencia\/"},"modified":"2012-03-06T17:27:17","modified_gmt":"2012-03-06T15:27:17","slug":"docencia","status":"publish","type":"page","link":"https:\/\/webs.uab.cat\/marisapresas\/docencia\/","title":{"rendered":"Doc\u00e8ncia"},"content":{"rendered":"<h3><strong>Curs 2016-2017<\/strong><\/h3>\n<p><strong>Grau en Traducci\u00f3 i Interpetaci\u00f3, Universitat Aut\u00f2noma de Barcelona <\/strong><br \/>\nIniciaci\u00f3 a la traducci\u00f3 B-A [alemany-castell\u00e0, alemany-catal\u00e0]<br \/>\nIdioma i traducci\u00f3 C6 [alemany-castell\u00e0, alemany-catal\u00e0][<\/p>\n<p><strong>M\u00e0ster en Traducci\u00f3, Interpretaci\u00f3 i Estudis Interculturals, Universitat Aut\u00f2noma de Barcelona <\/strong><br \/>\nMetodologia de la recerca de la traductologia i els estudis interculturals<br \/>\nCognici\u00f3 en traducci\u00f3<\/p>\n<p><strong>M\u00e0ster en Tradum\u00e0tica: Tecnologies de la Traducci\u00f3<\/strong><br \/>\nMetodologies i instruments de recerca<br \/>\n&nbsp;<\/p>\n","protected":false},"excerpt":{"rendered":"<p>Curs 2016-2017 Grau en Traducci\u00f3 i Interpetaci\u00f3, Universitat Aut\u00f2noma de Barcelona Iniciaci\u00f3 a la traducci\u00f3 B-A [alemany-castell\u00e0, alemany-catal\u00e0] Idioma i traducci\u00f3 C6 [alemany-castell\u00e0, alemany-catal\u00e0][ M\u00e0ster en Traducci\u00f3, Interpretaci\u00f3 i Estudis Interculturals, Universitat Aut\u00f2noma de Barcelona Metodologia de la recerca de la traductologia i els estudis interculturals Cognici\u00f3 en traducci\u00f3 M\u00e0ster en Tradum\u00e0tica: Tecnologies de la [&hellip;]<\/p>\n","protected":false},"author":20,"featured_media":0,"parent":0,"menu_order":0,"comment_status":"closed","ping_status":"closed","template":"","meta":{"footnotes":""},"class_list":["post-39","page","type-page","status-publish","hentry"],"_links":{"self":[{"href":"https:\/\/webs.uab.cat\/marisapresas\/wp-json\/wp\/v2\/pages\/39","targetHints":{"allow":["GET"]}}],"collection":[{"href":"https:\/\/webs.uab.cat\/marisapresas\/wp-json\/wp\/v2\/pages"}],"about":[{"href":"https:\/\/webs.uab.cat\/marisapresas\/wp-json\/wp\/v2\/types\/page"}],"author":[{"embeddable":true,"href":"https:\/\/webs.uab.cat\/marisapresas\/wp-json\/wp\/v2\/users\/20"}],"replies":[{"embeddable":true,"href":"https:\/\/webs.uab.cat\/marisapresas\/wp-json\/wp\/v2\/comments?post=39"}],"version-history":[{"count":0,"href":"https:\/\/webs.uab.cat\/marisapresas\/wp-json\/wp\/v2\/pages\/39\/revisions"}],"wp:attachment":[{"href":"https:\/\/webs.uab.cat\/marisapresas\/wp-json\/wp\/v2\/media?parent=39"}],"curies":[{"name":"wp","href":"https:\/\/api.w.org\/{rel}","templated":true}]}}