{"id":64,"date":"2019-12-09T10:45:08","date_gmt":"2019-12-09T08:45:08","guid":{"rendered":"https:\/\/webs.uab.cat\/marisapresas\/inici\/"},"modified":"2022-11-16T07:19:42","modified_gmt":"2022-11-16T05:19:42","slug":"inici","status":"publish","type":"page","link":"https:\/\/webs.uab.cat\/marisapresas\/","title":{"rendered":"Marisa Presas"},"content":{"rendered":"\n<div class=\"wp-block-media-text is-stacked-on-mobile\"><figure class=\"wp-block-media-text__media\"><img decoding=\"async\" src=\"http:\/\/gent.uab.cat\/marisapresas\/sites\/gent.uab.cat.marisapresas\/files\/images\/400-foto-Presas.jpg\" alt=\"\"\/><\/figure><div class=\"wp-block-media-text__content\">\n<p class=\"has-small-font-size\">Campus de la UAB, Edifici K<br>08193 Cerdanyola del Vall\u00e8s<br>+ 34 935813392<br>Marisa.Presas@uab.cat<br><a rel=\"noopener\" href=\"https:\/\/uab.academia.edu\/MarisaPresas\" target=\"_blank\">uab.academia.edu\/MarisaPresas<\/a><\/p>\n<\/div><\/div>\n\n\n\n<p><br>Llicenciada en Hist\u00f2ria de l&#8217;Art, Universitat de Barcelona<\/p>\n\n\n\n<p>Llicenciada en Llengua i Literatura Alemanyes, Universitat de Barcelona<\/p>\n\n\n\n<p>Doctora en Traducci\u00f3 i Interpretaci\u00f3, Universitat Aut\u00f2noma de Barcelona<\/p>\n\n\n\n<p>Professora de traducci\u00f3&nbsp;de l&#8217;alemany<\/p>\n\n\n\n<p>Professora jubilada<\/p>\n","protected":false},"excerpt":{"rendered":"<p>Campus de la UAB, Edifici K08193 Cerdanyola del Vall\u00e8s+ 34 935813392Marisa.Presas@uab.catuab.academia.edu\/MarisaPresas Llicenciada en Hist\u00f2ria de l&#8217;Art, Universitat de Barcelona Llicenciada en Llengua i Literatura Alemanyes, Universitat de Barcelona Doctora en Traducci\u00f3 i Interpretaci\u00f3, Universitat Aut\u00f2noma de Barcelona Professora de traducci\u00f3&nbsp;de l&#8217;alemany Professora jubilada<\/p>\n","protected":false},"author":20,"featured_media":0,"parent":0,"menu_order":0,"comment_status":"closed","ping_status":"closed","template":"","meta":{"footnotes":""},"class_list":["post-64","page","type-page","status-publish","hentry"],"_links":{"self":[{"href":"https:\/\/webs.uab.cat\/marisapresas\/wp-json\/wp\/v2\/pages\/64","targetHints":{"allow":["GET"]}}],"collection":[{"href":"https:\/\/webs.uab.cat\/marisapresas\/wp-json\/wp\/v2\/pages"}],"about":[{"href":"https:\/\/webs.uab.cat\/marisapresas\/wp-json\/wp\/v2\/types\/page"}],"author":[{"embeddable":true,"href":"https:\/\/webs.uab.cat\/marisapresas\/wp-json\/wp\/v2\/users\/20"}],"replies":[{"embeddable":true,"href":"https:\/\/webs.uab.cat\/marisapresas\/wp-json\/wp\/v2\/comments?post=64"}],"version-history":[{"count":1,"href":"https:\/\/webs.uab.cat\/marisapresas\/wp-json\/wp\/v2\/pages\/64\/revisions"}],"predecessor-version":[{"id":140,"href":"https:\/\/webs.uab.cat\/marisapresas\/wp-json\/wp\/v2\/pages\/64\/revisions\/140"}],"wp:attachment":[{"href":"https:\/\/webs.uab.cat\/marisapresas\/wp-json\/wp\/v2\/media?parent=64"}],"curies":[{"name":"wp","href":"https:\/\/api.w.org\/{rel}","templated":true}]}}