{"id":11,"date":"2012-09-07T18:52:38","date_gmt":"2012-09-07T18:52:38","guid":{"rendered":"https:\/\/webs.uab.cat\/marta-tafalla\/presentacion\/"},"modified":"2026-02-18T10:04:55","modified_gmt":"2026-02-18T10:04:55","slug":"presentacion","status":"publish","type":"page","link":"https:\/\/webs.uab.cat\/marta-tafalla\/","title":{"rendered":"Presentaci\u00f3n"},"content":{"rendered":"<div class=\"wp-block-image\">\n<figure class=\"aligncenter size-medium\"><img loading=\"lazy\" decoding=\"async\" width=\"210\" height=\"300\" src=\"https:\/\/webs.uab.cat\/marta-tafalla\/wp-content\/uploads\/sites\/116\/2022\/08\/UAB_2012_003-scaled-e1659621466775-210x300.jpg\" alt=\"\" class=\"wp-image-124\" title=\"\" srcset=\"https:\/\/webs.uab.cat\/marta-tafalla\/wp-content\/uploads\/sites\/116\/2022\/08\/UAB_2012_003-scaled-e1659621466775-210x300.jpg 210w, https:\/\/webs.uab.cat\/marta-tafalla\/wp-content\/uploads\/sites\/116\/2022\/08\/UAB_2012_003-scaled-e1659621466775-717x1024.jpg 717w, https:\/\/webs.uab.cat\/marta-tafalla\/wp-content\/uploads\/sites\/116\/2022\/08\/UAB_2012_003-scaled-e1659621466775-768x1097.jpg 768w, https:\/\/webs.uab.cat\/marta-tafalla\/wp-content\/uploads\/sites\/116\/2022\/08\/UAB_2012_003-scaled-e1659621466775-1075x1536.jpg 1075w, https:\/\/webs.uab.cat\/marta-tafalla\/wp-content\/uploads\/sites\/116\/2022\/08\/UAB_2012_003-scaled-e1659621466775-1434x2048.jpg 1434w, https:\/\/webs.uab.cat\/marta-tafalla\/wp-content\/uploads\/sites\/116\/2022\/08\/UAB_2012_003-scaled-e1659621466775-1200x1714.jpg 1200w, https:\/\/webs.uab.cat\/marta-tafalla\/wp-content\/uploads\/sites\/116\/2022\/08\/UAB_2012_003-scaled-e1659621466775.jpg 1792w\" sizes=\"auto, (max-width: 210px) 100vw, 210px\" \/><\/figure>\n<\/div>\n\n\n<p>Nac\u00ed en Barcelona en 1972, de familia materna gallega y paterna aragonesa, y crec\u00ed en Badalona. Estudi\u00e9 Filosof\u00eda en la UAB. Me licenci\u00e9 en 1995, y de 1996 a 1999 fui becaria FPI, per\u00edodo en el que realic\u00e9 estancias de investigaci\u00f3n en las universidades de Freiburg, Bamberg y M\u00fcnster, y cursos complementarios en la universidad de Heidelberg. El a\u00f1o 2000 comenc\u00e9 a trabajar como profesora en la UAB. En 2002 me doctor\u00e9 en Filosof\u00eda con una tesis sobre Theodor W. Adorno y poco despu\u00e9s edit\u00e9 el compendio de textos <em>Los derechos de los animales<\/em> (Idea Books, 2004). En 2004 realic\u00e9 una estancia postdoctoral como becaria DAAD en la universidad de Potsdam, y en 2006 en la universidad de Londres, gracias al programa de sab\u00e1ticos junior de la UAB y a una beca BE de la Generalitat. Publiqu\u00e9 dos novelas: <em>La Biblioteca de No\u00e9<\/em> (Herder, 2006) y <em>Nunca sabr\u00e1s a qu\u00e9 huele Bagdad<\/em> (UAB, 2010). En 2011 recib\u00ed el premio Aposta para j\u00f3venes investigadores de la UAB por el proyecto <em>Olfato y anosmia en la apreciaci\u00f3n est\u00e9tica<\/em>.<\/p>\n\n\n\n<p>He sido directora de la revista <em>Enrahonar<\/em> (2010-2013), vicedirectora de la misma (2007-2009), y coordinadora del Grado en Filosof\u00eda de la UAB (enero 2015 &#8211; enero 2018).<\/p>\n\n\n\n<p>Desde 2008 soy profesora agregada (contratada doctora) en el Departamento de Filosof\u00eda de la UAB. Tambi\u00e9n formo parte del Centro de \u00c9tica Animal de la UPF. Mi l\u00ednea de investigaci\u00f3n consiste en explorar nuestra relaci\u00f3n con las dem\u00e1s especies y el conjunto de la biosfera desde una perspectiva \u00e9tica y est\u00e9tica.<\/p>\n\n\n\n<p><\/p>\n\n\n\n<p><\/p>\n\n\n\n<p>Mis \u00faltimos libros son: <\/p>\n\n\n\n<p><a href=\"https:\/\/webs.uab.cat\/marta-tafalla\/ecoanimal\/\">Ecoanimal. Una est\u00e9tica plurisensorial, ecologista y animalista (Plaza y Vald\u00e9s, 2019)<\/a><em> <\/em><\/p>\n\n\n\n<p> <a href=\"https:\/\/webs.uab.cat\/marta-tafalla\/novelas\/filosofia-ante-la-crisis-ecologica\">Filosof\u00eda ante la crisis ecol\u00f3gica (Plaza y Vald\u00e9s, 2022<\/a><a href=\"https:\/\/webs.uab.cat\/marta-tafalla\/novelas\/filosofia-ante-la-crisis-ecologica\/\">)<\/a><\/p>\n\n\n\n<p><a href=\"https:\/\/webs.uab.cat\/marta-tafalla\/paradojas-de-la-experimentacion-en-animales\/\" data-type=\"page\" data-id=\"640\">Paradojas de la experimentaci\u00f3n en animales (Plaza y Vald\u00e9s, 2025)<\/a><\/p>\n\n\n\n<p><\/p>\n","protected":false},"excerpt":{"rendered":"<p>Nac\u00ed en Barcelona en 1972, de familia materna gallega y paterna aragonesa, y crec\u00ed en Badalona. Estudi\u00e9 Filosof\u00eda en la UAB. Me licenci\u00e9 en 1995, y de 1996 a 1999 fui becaria FPI, per\u00edodo en el que realic\u00e9 estancias de investigaci\u00f3n en las universidades de Freiburg, Bamberg y M\u00fcnster, y cursos complementarios en la universidad [&hellip;]<\/p>\n","protected":false},"author":20,"featured_media":0,"parent":0,"menu_order":0,"comment_status":"closed","ping_status":"closed","template":"","meta":{"footnotes":""},"class_list":["post-11","page","type-page","status-publish","hentry"],"_links":{"self":[{"href":"https:\/\/webs.uab.cat\/marta-tafalla\/wp-json\/wp\/v2\/pages\/11","targetHints":{"allow":["GET"]}}],"collection":[{"href":"https:\/\/webs.uab.cat\/marta-tafalla\/wp-json\/wp\/v2\/pages"}],"about":[{"href":"https:\/\/webs.uab.cat\/marta-tafalla\/wp-json\/wp\/v2\/types\/page"}],"author":[{"embeddable":true,"href":"https:\/\/webs.uab.cat\/marta-tafalla\/wp-json\/wp\/v2\/users\/20"}],"replies":[{"embeddable":true,"href":"https:\/\/webs.uab.cat\/marta-tafalla\/wp-json\/wp\/v2\/comments?post=11"}],"version-history":[{"count":13,"href":"https:\/\/webs.uab.cat\/marta-tafalla\/wp-json\/wp\/v2\/pages\/11\/revisions"}],"predecessor-version":[{"id":680,"href":"https:\/\/webs.uab.cat\/marta-tafalla\/wp-json\/wp\/v2\/pages\/11\/revisions\/680"}],"wp:attachment":[{"href":"https:\/\/webs.uab.cat\/marta-tafalla\/wp-json\/wp\/v2\/media?parent=11"}],"curies":[{"name":"wp","href":"https:\/\/api.w.org\/{rel}","templated":true}]}}