{"id":14,"date":"2012-09-07T21:44:05","date_gmt":"2012-09-07T21:44:05","guid":{"rendered":"https:\/\/webs.uab.cat\/marta-tafalla\/anosmia\/"},"modified":"2022-08-07T11:20:14","modified_gmt":"2022-08-07T11:20:14","slug":"anosmia","status":"publish","type":"page","link":"https:\/\/webs.uab.cat\/marta-tafalla\/anosmia\/","title":{"rendered":"Anosmia"},"content":{"rendered":"\n<figure class=\"wp-block-image\"><img decoding=\"async\" src=\"http:\/\/gent.uab.cat\/marta.tafalla\/sites\/gent.uab.cat.marta.tafalla\/files\/images\/Captura de pantalla 2012-09-13 a la(s) 09.08.11.png\" alt=\"\" title=\"\" \/><\/figure>\n\n\n\n<p><span class=\"inline inline-left\"><\/span><\/p>\n\n\n\n<p>La anosmia es una <strong>discapacidad sensorial<\/strong> que consiste en la <strong>ausencia de sentido del olfato<\/strong>, y las personas que la sufrimos percibimos el mundo de una forma radicalmente diferente.<\/p>\n\n\n\n<p>En primer lugar, <strong>cuantitativamente<\/strong>, los an\u00f3smicos recibimos menos informaci\u00f3n de lo que nos rodea, al no percibir el olor de personas, alimentos y bebidas, de las ciudades, los mercados o jardines, de los entornos naturales. Vivimos en un mundo donde no existen ni los perfumes ni las pestes. Y en segundo lugar, <strong>cualitativamente<\/strong>, nos falta una manera muy especial de percibir el mundo. Cada uno de nuestros sentidos revela un aspecto distinto de la realidad y ofrece experiencias particulares, y el olfato, uno de los m\u00e1s antiguos, regala experiencias muy inmediatas, fuertemente estimulantes de la memoria y las emociones, que los an\u00f3smicos no podemos disfrutar. Cuando Marcel Proust nos cuenta que al mojar una magdalena en su taza de t\u00e9 el aroma le transporta de nuevo a momentos de su infancia&#8230; nos resulta tan maravilloso y a la vez tan ajeno como si un murci\u00e9lago nos relatara que \u00e9l puede orientarse en cuevas oscuras gracias al eco de su voz. Es algo que admiramos, pero que no podemos compartir.<\/p>\n\n\n\n<p>La anosmia puede ser o bien <strong>cong\u00e9nita<\/strong> o bien <strong>adquirida<\/strong> en cualquier momento de la vida.<\/p>\n\n\n\n<p>Cuando es de nacimiento, como en mi caso, lo que nos sucede es que <strong>jam\u00e1s hemos tenido la experiencia de oler ni sabemos c\u00f3mo son los olores<\/strong>. Si no fuera porque los dem\u00e1s nos dicen que existen unas realidades llamadas perfumes y pestes, a nosotros jam\u00e1s se nos habr\u00eda ocurrido semejante cosa. E incluso cuando nos lo explican con toda la paciencia, se nos hace dif\u00edcil imaginarlo.<\/p>\n\n\n\n<p>El olfato <strong>puede perderse por muchas y diversas causas a lo largo de la vida<\/strong>. Una gripe mal curada o un traumatismo craneoencef\u00e1lico en un accidente de tr\u00e1fico son algunas de las causas m\u00e1s frecuentes. Algunos tipos de c\u00e1ncer o un infarto cerebral tambi\u00e9n pueden dejar sin olfato a la persona que los sufre. Cuando el olfato se pierde en la vida adulta puede ser traum\u00e1tico, pues todo ese mundo de olores que la persona conoc\u00eda, que estaban vinculados a sus emociones, el olor de su familia, sus animales, sus plantas, paisajes, su comida favorita&#8230; desaparecen de repente dej\u00e1ndole una inquietante sensaci\u00f3n de p\u00e9rdida y desorientaci\u00f3n. <strong>El mundo parece entonces mucho m\u00e1s vac\u00edo.<\/strong><\/p>\n\n\n\n<p><strong>Un 2% de la poblaci\u00f3n sufre anosmia, y un 17% hiposmia, una suerte de miop\u00eda olfativa<\/strong>. Y existen muchos otros transtornos del olfato. Sin embargo, apenas reciben atenci\u00f3n. Socialmente no se conocen, no se habla de ellos, muchos m\u00e9dicos apenas les otorgan importancia, y es dif\u00edcil encontrar libros, pel\u00edculas, obras de teatro, dibujos animados, exposiciones, obras de arte, canciones&#8230; que reflexionen sobre el olfato y su p\u00e9rdida, que puedan acompa\u00f1arnos, que nos ayuden a asumir mejor lo que nos sucede, que puedan ofrecernos tambi\u00e9n una buena dosis de optimismo y sentido del humor con que afrontar nuestra manera tan diferente de estar en el mundo.<\/p>\n\n\n\n<p>Es por ello que decid\u00ed escribir una novela que narrara c\u00f3mo percibimos el mundo los an\u00f3smicos, un intento de contribuir a crear cultura sobre la anosmia:<\/p>\n\n\n\n<p><\/p>\n\n\n\n<p class=\"has-text-align-center\"><a href=\"https:\/\/webs.uab.cat\/marta-tafalla\/nunca-sabras-que-huele-bagdad-uab-2010\">Nunca sabr\u00e1s a qu\u00e9 huele Bagdad<\/a><\/p>\n\n\n\n<div style=\"height:50px\" aria-hidden=\"true\" class=\"wp-block-spacer\"><\/div>\n\n\n\n<p>&nbsp;<span class=\"inline inline-center\"><img loading=\"lazy\" decoding=\"async\" class=\"image image-preview \" title=\"\u00a9 In\u00e9s Baucells\" src=\"http:\/\/gent.uab.cat\/marta.tafalla\/sites\/gent.uab.cat.marta.tafalla\/files\/images\/Captura de pantalla 2012-09-13 a la(s) 09.09.05.png\" alt=\"\u00a9 In\u00e9s Baucells\" width=\"605\" height=\"405\"><span class=\"caption\"><strong>\u00a9 In\u00e9s Baucells<\/strong><\/span><\/span><\/p>\n","protected":false},"excerpt":{"rendered":"<p>La anosmia es una discapacidad sensorial que consiste en la ausencia de sentido del olfato, y las personas que la sufrimos percibimos el mundo de una forma radicalmente diferente. En primer lugar, cuantitativamente, los an\u00f3smicos recibimos menos informaci\u00f3n de lo que nos rodea, al no percibir el olor de personas, alimentos y bebidas, de las [&hellip;]<\/p>\n","protected":false},"author":20,"featured_media":0,"parent":0,"menu_order":0,"comment_status":"closed","ping_status":"closed","template":"","meta":{"footnotes":""},"class_list":["post-14","page","type-page","status-publish","hentry"],"_links":{"self":[{"href":"https:\/\/webs.uab.cat\/marta-tafalla\/wp-json\/wp\/v2\/pages\/14","targetHints":{"allow":["GET"]}}],"collection":[{"href":"https:\/\/webs.uab.cat\/marta-tafalla\/wp-json\/wp\/v2\/pages"}],"about":[{"href":"https:\/\/webs.uab.cat\/marta-tafalla\/wp-json\/wp\/v2\/types\/page"}],"author":[{"embeddable":true,"href":"https:\/\/webs.uab.cat\/marta-tafalla\/wp-json\/wp\/v2\/users\/20"}],"replies":[{"embeddable":true,"href":"https:\/\/webs.uab.cat\/marta-tafalla\/wp-json\/wp\/v2\/comments?post=14"}],"version-history":[{"count":3,"href":"https:\/\/webs.uab.cat\/marta-tafalla\/wp-json\/wp\/v2\/pages\/14\/revisions"}],"predecessor-version":[{"id":348,"href":"https:\/\/webs.uab.cat\/marta-tafalla\/wp-json\/wp\/v2\/pages\/14\/revisions\/348"}],"wp:attachment":[{"href":"https:\/\/webs.uab.cat\/marta-tafalla\/wp-json\/wp\/v2\/media?parent=14"}],"curies":[{"name":"wp","href":"https:\/\/api.w.org\/{rel}","templated":true}]}}