{"id":26,"date":"2012-09-10T11:31:57","date_gmt":"2012-09-10T11:31:57","guid":{"rendered":"https:\/\/webs.uab.cat\/marta-tafalla\/traducciones\/"},"modified":"2012-09-10T11:31:57","modified_gmt":"2012-09-10T11:31:57","slug":"traducciones","status":"publish","type":"page","link":"https:\/\/webs.uab.cat\/marta-tafalla\/traducciones\/","title":{"rendered":"Traducciones"},"content":{"rendered":"<p><strong><br \/><\/strong><\/p>\n<p><strong>2010: <\/strong>Art\u00edculo traducido: <em>Jardines bot\u00e1nicos y conciencia medioambiental<\/em>, de Thomas Heyd<\/p>\n<p>Del ingl\u00e9s al castellano.<\/p>\n<p>Revista: <em>Enrahonar<\/em>, UAB, num 45, pp 51-67.<strong><br \/><\/strong><\/p>\n<p><strong><br \/><\/strong><\/p>\n<p><strong>2004:<\/strong> Cap\u00edtulos de libro traducidos:<\/p>\n<p><em>\u00bfQui\u00e9nes son todos?<\/em>, de Ernst Tugendhat<\/p>\n<p>Del alem\u00e1n al castellano.<\/p>\n<p><em>La experimentaci\u00f3n con animales como problema \u00e9tico<\/em>, de Ursula Wolf<\/p>\n<p>Del alem\u00e1n al castellano.<\/p>\n<p><em>La tradici\u00f3n racionalista<\/em>, de Mary Midgley<\/p>\n<p>Del ingl\u00e9s al castellano.<\/p>\n<p><em>Vivisecci\u00f3n. Una pregunta trampa<\/em>, de Gary L. Francione,<\/p>\n<p>Del ingl\u00e9s al castellano.<\/p>\n<p>Libro: Marta Tafalla (ed.). <em>Los derechos de los animales<\/em>. Barcelona: Idea Books.<\/p>\n<p><strong><br \/><\/strong><\/p>\n<p><strong>2002: <\/strong>Art\u00edculo traducido: <em>La vida es bella. El amor fati de Nietzsche en el cine<\/em>, de Christoph T\u00fcrcke<\/p>\n<p>Del alem\u00e1n al castellano.<\/p>\n<p>Revista: <em>Enrahonar<\/em>, UAB, num 35, pp 111-117.<strong><br \/><\/strong><\/p>\n<p><strong><br \/><\/strong><\/p>\n<p><strong>2001: <\/strong>Art\u00edculo traducido: <em>Veritat o esdeveniment? L&#8217;est\u00e8tica despr\u00e9s d&#8217;Adorno, <\/em>de Josef Fr\u00fcchtl<em><br \/><\/em><\/p>\n<p>Del alem\u00e1n al catal\u00e1n. Traducci\u00f3n realizada con Jes\u00fas Adri\u00e1n.<\/p>\n<p>Revista: <em>Enrahonar<\/em>, UAB, num 32\/33, pp 27-42.<strong><br \/><\/strong><\/p>\n<p><strong><br \/><\/strong><\/p>\n<p><strong>2001: <\/strong>Libro traducido: <em>Filosof\u00eda de la compensaci\u00f3n<\/em>, de Odo Marquard<\/p>\n<p>Del alem\u00e1n al castellano.<\/p>\n<p>Paid\u00f3s, Barcelona.<strong><br \/><\/strong><\/p>\n<p><strong><br \/><\/strong><\/p>\n<p><strong>2000: <\/strong>Libro traducido: <em>Sobre la m\u00fasica<\/em>, de T. W. Adorno<\/p>\n<p>Del alem\u00e1n al castellano. Traducci\u00f3n realizada con G. Vilar<\/p>\n<p>Paid\u00f3s, Barcelona.<strong><br \/><\/strong><\/p>\n<p><strong><br \/><\/strong><\/p>\n<p><strong>1997: <\/strong>Art\u00edculo traducido: <em>Universalitat multicultural<\/em>, de Thomas Mc Carthy<\/p>\n<p>Del ingl\u00e9s al catal\u00e1n.<\/p>\n<p>Revista: <em>Enrahonar<\/em>, UAB, num 27, pp 45-59.<strong><br \/><\/strong><\/p>\n<p><strong><br \/><\/strong><\/p>\n<p><strong><br \/><\/strong><\/p>\n<p><strong><br \/><\/strong><\/p>\n","protected":false},"excerpt":{"rendered":"<p>2010: Art\u00edculo traducido: Jardines bot\u00e1nicos y conciencia medioambiental, de Thomas Heyd Del ingl\u00e9s al castellano. Revista: Enrahonar, UAB, num 45, pp 51-67. 2004: Cap\u00edtulos de libro traducidos: \u00bfQui\u00e9nes son todos?, de Ernst Tugendhat Del alem\u00e1n al castellano. La experimentaci\u00f3n con animales como problema \u00e9tico, de Ursula Wolf Del alem\u00e1n al castellano. La tradici\u00f3n racionalista, de [&hellip;]<\/p>\n","protected":false},"author":20,"featured_media":0,"parent":0,"menu_order":0,"comment_status":"closed","ping_status":"closed","template":"","meta":{"footnotes":""},"class_list":["post-26","page","type-page","status-publish","hentry"],"_links":{"self":[{"href":"https:\/\/webs.uab.cat\/marta-tafalla\/wp-json\/wp\/v2\/pages\/26","targetHints":{"allow":["GET"]}}],"collection":[{"href":"https:\/\/webs.uab.cat\/marta-tafalla\/wp-json\/wp\/v2\/pages"}],"about":[{"href":"https:\/\/webs.uab.cat\/marta-tafalla\/wp-json\/wp\/v2\/types\/page"}],"author":[{"embeddable":true,"href":"https:\/\/webs.uab.cat\/marta-tafalla\/wp-json\/wp\/v2\/users\/20"}],"replies":[{"embeddable":true,"href":"https:\/\/webs.uab.cat\/marta-tafalla\/wp-json\/wp\/v2\/comments?post=26"}],"version-history":[{"count":0,"href":"https:\/\/webs.uab.cat\/marta-tafalla\/wp-json\/wp\/v2\/pages\/26\/revisions"}],"wp:attachment":[{"href":"https:\/\/webs.uab.cat\/marta-tafalla\/wp-json\/wp\/v2\/media?parent=26"}],"curies":[{"name":"wp","href":"https:\/\/api.w.org\/{rel}","templated":true}]}}