{"id":115,"date":"2019-10-10T10:59:53","date_gmt":"2019-10-10T08:59:53","guid":{"rendered":"https:\/\/webs.uab.cat\/media4all9\/josep-llurba\/"},"modified":"2022-11-17T08:59:53","modified_gmt":"2022-11-17T06:59:53","slug":"josep-llurba","status":"publish","type":"page","link":"https:\/\/webs.uab.cat\/media4all9\/josep-llurba\/","title":{"rendered":"Josep Llurba"},"content":{"rendered":"<p class=\"rtejustify\"><img loading=\"lazy\" decoding=\"async\" class=\" alignleft size-full wp-image-114\" align=\"left\" alt=\"400-00.alejandro.jpg\" height=\"227\" src=\"https:\/\/webs.uab.cat\/media4all9\/wp-content\/uploads\/sites\/275\/2019\/10\/400-jllurba_perfil.jpg\" style=\"float:left\" width=\"170\" srcset=\"https:\/\/webs.uab.cat\/media4all9\/wp-content\/uploads\/sites\/275\/2019\/10\/400-jllurba_perfil.jpg 300w, https:\/\/webs.uab.cat\/media4all9\/wp-content\/uploads\/sites\/275\/2019\/10\/400-jllurba_perfil-225x300.jpg 225w\" sizes=\"auto, (max-width: 170px) 100vw, 170px\" \/><br \/>\n<span style=\"font-size:18px;\"><span style=\"font-family:verdana,geneva,sans-serif;\"><strong>Josep Llurba (Short Bio)<\/strong><\/span><\/span><\/p>\n<p class=\"rtejustify\"><span style=\"font-size:18px;\"><span style=\"font-family:verdana,geneva,sans-serif;\">Josep Llurba, BA in Translation and Interpreting (Universitat Aut\u00f2noma de Barcelona), has been working as a freelance audiovisual translator since 1991. He translates and adapts for dubbing purposes feature films and TV series from English into Spanish and Catalan. He also translates and adapts subtitles for several film companies and festivals.<\/span><\/span><\/p>\n<p class=\"rtejustify\"><span style=\"font-size:18px;\"><span style=\"font-family:verdana,geneva,sans-serif;\">He presently combines this job with teaching dubbing at the Official Master&#8217;s Degree in Audiovisual Translation from Universitat Aut\u00f2noma de Barcelona, Spain.<\/span><\/span><\/p>\n<p class=\"rtejustify\"><span style=\"font-size:18px;\"><span style=\"font-family:verdana,geneva,sans-serif;\">He is a founder member of CITA, the International Conference on Audiovisual Translation. He is currently President of ATRAE, Asociaci\u00f3n de Traducci\u00f3n y Adaptaci\u00f3n Audiovisual de Espa\u00f1a, and member of the management board of DAMA, a society for audiovisual royalties management.<br \/>\nMore information at <em>http:\/\/www.llurba.com<\/em><\/span><\/span><\/p>\n","protected":false},"excerpt":{"rendered":"<p>Josep Llurba (Short Bio) Josep Llurba, BA in Translation and Interpreting (Universitat Aut\u00f2noma de Barcelona), has been working as a freelance audiovisual translator since 1991. He translates and adapts for dubbing purposes feature films and TV series from English into Spanish and Catalan. He also translates and adapts subtitles for several film companies and festivals. [&hellip;]<\/p>\n","protected":false},"author":20,"featured_media":0,"parent":0,"menu_order":0,"comment_status":"closed","ping_status":"closed","template":"","meta":{"footnotes":""},"class_list":["post-115","page","type-page","status-publish","hentry"],"_links":{"self":[{"href":"https:\/\/webs.uab.cat\/media4all9\/wp-json\/wp\/v2\/pages\/115","targetHints":{"allow":["GET"]}}],"collection":[{"href":"https:\/\/webs.uab.cat\/media4all9\/wp-json\/wp\/v2\/pages"}],"about":[{"href":"https:\/\/webs.uab.cat\/media4all9\/wp-json\/wp\/v2\/types\/page"}],"author":[{"embeddable":true,"href":"https:\/\/webs.uab.cat\/media4all9\/wp-json\/wp\/v2\/users\/20"}],"replies":[{"embeddable":true,"href":"https:\/\/webs.uab.cat\/media4all9\/wp-json\/wp\/v2\/comments?post=115"}],"version-history":[{"count":1,"href":"https:\/\/webs.uab.cat\/media4all9\/wp-json\/wp\/v2\/pages\/115\/revisions"}],"predecessor-version":[{"id":280,"href":"https:\/\/webs.uab.cat\/media4all9\/wp-json\/wp\/v2\/pages\/115\/revisions\/280"}],"wp:attachment":[{"href":"https:\/\/webs.uab.cat\/media4all9\/wp-json\/wp\/v2\/media?parent=115"}],"curies":[{"name":"wp","href":"https:\/\/api.w.org\/{rel}","templated":true}]}}