{"id":24,"date":"2013-02-20T11:15:38","date_gmt":"2013-02-20T11:15:38","guid":{"rendered":"https:\/\/webs.uab.cat\/megalits\/eruta-1-els-dolmens-de-fitor\/"},"modified":"2022-09-21T14:59:10","modified_gmt":"2022-09-21T14:59:10","slug":"eruta-1-els-dolmens-de-fitor","status":"publish","type":"page","link":"https:\/\/webs.uab.cat\/megalits\/eruta-1-els-dolmens-de-fitor\/","title":{"rendered":"ERuta 1: Els Dolmens de Fitor"},"content":{"rendered":"\n<div class=\"wp-block-media-text alignfull is-stacked-on-mobile is-vertically-aligned-top has-primary-background-color has-background\" style=\"grid-template-columns:38% auto\"><figure class=\"wp-block-media-text__media\"><img loading=\"lazy\" decoding=\"async\" width=\"599\" height=\"297\" src=\"https:\/\/webs.uab.cat\/megalits\/wp-content\/uploads\/sites\/214\/2013\/05\/eruta1.png\" alt=\"eruta1\" class=\"wp-image-256 size-full\" srcset=\"https:\/\/webs.uab.cat\/megalits\/wp-content\/uploads\/sites\/214\/2013\/05\/eruta1.png 599w, https:\/\/webs.uab.cat\/megalits\/wp-content\/uploads\/sites\/214\/2013\/05\/eruta1-300x149.png 300w\" sizes=\"auto, (max-width: 599px) 100vw, 599px\" \/><\/figure><div class=\"wp-block-media-text__content\">\n<p class=\"has-small-font-size\">Ruta circular molt f\u00e0cil, ideal per fer amb nens petits o persones amb mobilitat redu\u00efda (no apte per cadires de rodes en el seu tram final). Aquesta ruta de 1,62 km (45 minuts) i amb un desnivell de 72 metres, ens permet visitar l&#8217;esgl\u00e9sia de Santa Coloma de Fitor, el Mas Puig i el dolmen i les inscultures del Llobinar. Gaudirem d\u2019unes bones vistes del campanar de Fitor amb el Montgr\u00ed al darrere i caminarem, en la seva part inicial, pel Cam\u00ed Ral que unia les poblacions de Palam\u00f3s i Girona. Aquesta ruta passa en la seva major part pels terrenys del&nbsp;Mas Joanola de Ram\u00f3n Botey i Serra, respecteu-la.<\/p>\n<\/div><\/div>\n\n\n\n<div class=\"wp-block-columns alignwide is-layout-flex wp-container-core-columns-is-layout-9d6595d7 wp-block-columns-is-layout-flex\">\n<div class=\"wp-block-column is-layout-flow wp-block-column-is-layout-flow\">\n<p>Fitxes dels Punts d&#8217;Inter\u00e8s:<\/p>\n\n\n\n<blockquote class=\"wp-block-quote is-layout-flow wp-block-quote-is-layout-flow\"><p><strong><a href=\"https:\/\/webs.uab.cat\/megalits\/sta-coloma-de-fitor\/\" data-type=\"page\" data-id=\"62\">Santa Coloma de Fitor<\/a><\/strong><a href=\"https:\/\/webs.uab.cat\/megalits\/mas-puig-de-fitor\/\" data-type=\"page\" data-id=\"28\"><strong>   Mas Puig de Fitor<\/strong><\/a><a href=\"https:\/\/webs.uab.cat\/megalits\/inscultures-del-llobinar\/\" data-type=\"page\" data-id=\"27\"><strong>  Les inscultures del Llobinar<\/strong><\/a><a href=\"https:\/\/webs.uab.cat\/megalits\/dolmen-del-llobinar\/\" data-type=\"page\" data-id=\"26\"><strong>  El dolmen del Llobinar<\/strong><\/a><\/p><\/blockquote>\n\n\n\n<p>Mapa de la Ruta:<\/p>\n\n\n\n<iframe loading=\"lazy\" src=\"https:\/\/www.google.com\/maps\/d\/embed?mid=1VKD9EzA9SlAjNyDscxfN90pOAEo&amp;ehbc=2E312F\" width=\"640\" height=\"480\"><\/iframe>\n\n\n\n<p><small>Mostra <a href=\"https:\/\/maps.google.es\/maps\/ms?msid=202222010049608088798.0004dbb974ca05d735ae2&amp;msa=0&amp;ie=UTF8&amp;t=p&amp;ll=41.904321,3.086901&amp;spn=0.011179,0.025792&amp;z=15&amp;source=embed\">E-Ruta Dolmens de Fitor<\/a> en un mapa m\u00e9s gran<\/small><\/p>\n<\/div>\n\n\n\n<div class=\"wp-block-column is-layout-flow wp-block-column-is-layout-flow\" style=\"flex-basis:120px\"><\/div>\n\n\n\n<div class=\"wp-block-column is-layout-flow wp-block-column-is-layout-flow\">\n<p> <\/p>\n\n\n\n<div class=\"wp-block-buttons is-layout-flex wp-block-buttons-is-layout-flex\">\n<div class=\"wp-block-button has-custom-width wp-block-button__width-100\"><a class=\"wp-block-button__link\" href=\"https:\/\/pagines.uab.cat\/megalits\/sites\/pagines.uab.cat.megalits\/files\/e-ruta-dolmens-de-fitor.zip\">Descarrega&#8217;t un fitxer per al GPS i dispositius m\u00f2bils (GPX)<\/a><\/div>\n\n\n\n<div class=\"wp-block-button has-custom-width wp-block-button__width-100\"><a class=\"wp-block-button__link\" href=\"https:\/\/pagines.uab.cat\/megalits\/sites\/pagines.uab.cat.megalits\/files\/ERuta1_dolmens de fitor.pdf\">Descarrega&#8217;t la E-Ruta Dolmens de Fitor en PDF<br><\/a><\/div>\n\n\n\n<div class=\"wp-block-button has-custom-width wp-block-button__width-100\"><a class=\"wp-block-button__link\" href=\"https:\/\/goo.gl\/maps\/pbPDt\">Mostra la E-Ruta Dolmens de Fitor&nbsp; a Google Maps<\/a><\/div>\n\n\n\n<div class=\"wp-block-button has-custom-width wp-block-button__width-100\"><a class=\"wp-block-button__link\" href=\"https:\/\/pagines.uab.cat\/megalits\/sites\/pagines.uab.cat.megalits\/files\/ERuta%20dolmens%20Fitor.kml\">Mostra la E-Ruta Dolmens de Fitor a Google Earth<\/a><\/div>\n\n\n\n<div class=\"wp-block-button has-custom-width wp-block-button__width-100\"><a class=\"wp-block-button__link\" href=\"https:\/\/ca.wikiloc.com\/wikiloc\/view.do?id=4389844\">E-Ruta Dolmens de Fitor a Wikiloc<br><br><\/a><\/div>\n\n\n\n<div class=\"wp-block-button has-custom-width wp-block-button__width-100\"><a class=\"wp-block-button__link\">Capa de la E-Ruta Dolmens de Fitor en Realitat Augmentada (Layar)<\/a><\/div>\n<\/div>\n<\/div>\n<\/div>\n","protected":false},"excerpt":{"rendered":"<p>Ruta circular molt f\u00e0cil, ideal per fer amb nens petits o persones amb mobilitat redu\u00efda (no apte per cadires de rodes en el seu tram final). Aquesta ruta de 1,62 km (45 minuts) i amb un desnivell de 72 metres, ens permet visitar l&#8217;esgl\u00e9sia de Santa Coloma de Fitor, el Mas Puig i el dolmen [&hellip;]<\/p>\n","protected":false},"author":20,"featured_media":0,"parent":0,"menu_order":0,"comment_status":"closed","ping_status":"closed","template":"","meta":{"footnotes":""},"class_list":["post-24","page","type-page","status-publish","hentry"],"_links":{"self":[{"href":"https:\/\/webs.uab.cat\/megalits\/wp-json\/wp\/v2\/pages\/24","targetHints":{"allow":["GET"]}}],"collection":[{"href":"https:\/\/webs.uab.cat\/megalits\/wp-json\/wp\/v2\/pages"}],"about":[{"href":"https:\/\/webs.uab.cat\/megalits\/wp-json\/wp\/v2\/types\/page"}],"author":[{"embeddable":true,"href":"https:\/\/webs.uab.cat\/megalits\/wp-json\/wp\/v2\/users\/20"}],"replies":[{"embeddable":true,"href":"https:\/\/webs.uab.cat\/megalits\/wp-json\/wp\/v2\/comments?post=24"}],"version-history":[{"count":17,"href":"https:\/\/webs.uab.cat\/megalits\/wp-json\/wp\/v2\/pages\/24\/revisions"}],"predecessor-version":[{"id":466,"href":"https:\/\/webs.uab.cat\/megalits\/wp-json\/wp\/v2\/pages\/24\/revisions\/466"}],"wp:attachment":[{"href":"https:\/\/webs.uab.cat\/megalits\/wp-json\/wp\/v2\/media?parent=24"}],"curies":[{"name":"wp","href":"https:\/\/api.w.org\/{rel}","templated":true}]}}