{"id":26,"date":"2013-02-20T11:26:05","date_gmt":"2013-02-20T11:26:05","guid":{"rendered":"https:\/\/webs.uab.cat\/megalits\/dolmen-del-llobinar\/"},"modified":"2022-09-21T15:44:13","modified_gmt":"2022-09-21T15:44:13","slug":"dolmen-del-llobinar","status":"publish","type":"page","link":"https:\/\/webs.uab.cat\/megalits\/dolmen-del-llobinar\/","title":{"rendered":"Dolmen del Llobinar"},"content":{"rendered":"\n<div class=\"wp-block-columns alignwide is-layout-flex wp-container-core-columns-is-layout-9d6595d7 wp-block-columns-is-layout-flex\">\n<div class=\"wp-block-column is-layout-flow wp-block-column-is-layout-flow\">\n<p>Us trobeu davant del dolmen del Llobinar. Es tracte d&#8217;un sepulcre de corredor de cambra i amb un passad\u00eds que actualment no es visible (<em>Tarr\u00fas et al. 1990<\/em>). Les lloses que el configuren s\u00f3n de pissarra i durant la seva excavaci\u00f3 al 1964 Llu\u00eds Esteva va poder confirmar que aquestes havien estat \u201cclavades\u201d al s\u00f2l natural i cal\u00e7ades amb pedres m\u00e9s petites. Aquest monument hauria tingut un t\u00famul artificial del que encara es poden apreciar algunes restes al voltant. Durant l\u2019excavaci\u00f3 es va poder documentar un enllosat artificial de pissarra, que ocupava la cambra i el corredor.<\/p>\n\n\n\n<p>Degut a la seva posici\u00f3 el monument ha estat molt remenat. Aix\u00ed Esteva al 1965 comenta que hi havien 6 lloses <em>in situ<\/em>, mentre que Tarr\u00fas <em>et al. (1989)<\/em> en parlen de 5. Actualment encara es poden observar aquestes 5. La conservaci\u00f3 del monument no es gaire bona, degut a les intervencions passades i a la manca manca d\u2019un bon condicionament tant de la zona com del monument en s\u00ed.<\/p>\n\n\n\n<p>Al voltant d\u2019aquest monument hi ha diverses inscultures tipus \u201ccassoletes\u201d en afloraments propers. Segons Esteva <em>\u201cCazoletas: en una roca horizontal situada a unos 10 m. al Noroeste del dolmen hay dos cazoletas (..) En la cara tambi\u00e9n horizontal de una piedra suelta inmediata a la roca anterior hay otras dos cazoletas.<\/em><\/p>\n\n\n\n<blockquote class=\"wp-block-quote is-layout-flow wp-block-quote-is-layout-flow\"><p><strong>Coordenades UTM: <\/strong>31N 41.90431,3.084393 <strong>Altitud: <\/strong>317 m s.n.mn<\/p><p><strong>Com arribar-hi:<\/strong>des de Fitor agafem la pista que ens duu cap a Can Puig. Un cop arribats a l\u2019encreuament de Can Puig agafem el cam\u00ed cap a la dreta que travessa uns prats. A 200 metres seguim pel cam\u00ed de l\u2019esquerra i ens endinsem en el bosc. Seguim pel cam\u00ed i a uns 180 metres a l\u2019esquerra trobem una gran pedra amb les Inscultures del Llobinar. Uns 100 metres m\u00e9s endavant, a peu de cam\u00ed, trobem a la nostre esquerra el Dolmen del Llobinar.<\/p><p><strong>Tipus de terreny geol\u00f2gic: <\/strong>Sorrenca grauwacosa (segons el Dr. Luis Pall\u00ed). La base geol\u00f2gica est\u00e0 formada per <a href=\"http:\/\/ca.wikipedia.org\/wiki\/Conglomerat\" target=\"_blank\" rel=\"noreferrer noopener\">conglomerats<\/a>, calcopelites, <a href=\"http:\/\/ca.wikipedia.org\/wiki\/Grauvaca\" target=\"_blank\" rel=\"noreferrer noopener\">grauvaques<\/a> i <a href=\"http:\/\/ca.wikipedia.org\/wiki\/Pedra_calc%C3%A0ria\" target=\"_blank\" rel=\"noreferrer noopener\">calc\u00e0ries <\/a>(Sistema mediterrani), aix\u00ed com materials volc\u00e0nics i porfirites. En aquesta zona es situen diversos afloraments de <a href=\"http:\/\/ca.wikipedia.org\/wiki\/Pissarres\" target=\"_blank\" rel=\"noreferrer noopener\">pissarres<\/a> ampel\u00edtiques (mapa geol\u00f2gic del ICC), visibles a nivell superficial.<\/p><p><strong>Materials: <\/strong>durant l\u2019excavaci\u00f3 del 1964 Llu\u00eds Esteva va recuperar dos ganivets de s\u00edlex amb secci\u00f3 trapezo\u00efdal, diferents fragments de dos vasos cer\u00e0mics i 8 peces de disco\u00efdals de pedra de color gris.<\/p><p><strong>Cronologia: <\/strong>segons Tarr\u00fas el dolmen pot haver estat constru\u00eft cap al 300-2700 A.N.E.<\/p><p><strong>N\u00ba Refer\u00e8ncia altres cat\u00e0legs: <\/strong>n\u00ba17 del llistat de monuments megal\u00edtics de Tarr\u00fas et al. (1990).<\/p><p><strong>Not\u00edcies hist\u00f2riques: <\/strong>El monument va ser descobert per Esteve Pericay, l\u2019Esteve de la Cavorca als anys 50, qui inform\u00e0 a en Josep Botey i Riera. Aquest el don\u00e0 a con\u00e8ixer a Llu\u00eds Esteva, que l\u2019excav\u00e0 al 1964 i el&nbsp; public\u00e0 al 1965. En el seu llibre <em>Sepulcros Megal\u00edticos de las Gabarras,<\/em> Esteva relata la seva excavaci\u00f3 de la seg\u00fcent manera:<\/p><p><em>\u201cEl dolmen fue violado por un grupo de le\u00f1adores hace unos 30 a\u00f1os. Hemos conocido a uno de ellos que nos explic\u00f3 lo acontecido: derribaron la cubierta y arrancaron la losa lateral que falta. Como que hab\u00eda un alcornoque en la parte central de la c\u00e1mara, pudieron buscar la olla del tesoro solamente en los extremos, que son las partes que hayamos con estratigraf\u00eda alterada.<\/em><\/p><p><em>Cuando fuimos al dolmen, conoc\u00edamos la historia anterior. Desbrozamos y limpiamos de hojarasca tanto el sepulcro como sus inmediaciones y seguidamente cribamos la tierra acumulada en el espacio violado pr\u00f3ximo a la cabecera, al que llamaremos espacio X (..)<\/em><\/p><p><em>Llev\u00e1bamos vaciada buena parte de esta cavidad, cuando advertimos la presencia de losas irregulares situadas a un mismo nivel, formando enlosado. Al poco rato hallamos, en la criba, un cuchillo de s\u00edlex al que involuntariamente hab\u00edamos roto un fragmento. Era preciso extremar las precauciones a fin de conocer el emplazamiento de los futuros hallazgos. Dejamos de cortar ra\u00edces hasta haber vaciado y examinado la tierra acumulada en el espacio X, donde pod\u00eda estar el fragmento del cuchillo. Apenas remprendido el trabajo, vimos la punta de otro cuchillo sobresaliendo del resto de la tierra. Esta pieza, que pudimos sacar entera, estaba debajo del enlosado.<\/em><\/p><p><em>Solo entonces volvimos a cortar ra\u00edces del alcornoque. Al poco rato ten\u00edamos en nuestras manos el fragmento de cuchillo. Ahora est\u00e1bamos seguros que la otra parte hab\u00eda ca\u00eddo al espacio X desde el enlosado; lo mismo deb\u00eda de haber pasado con el cuchillo entero cuando los le\u00f1adores violaron el sepulcro.<\/em><\/p><p><em>Quitado el alcornoque, hallamos las otras piezas de collar&nbsp; y toda la cer\u00e1mica sobre el enlosado. Es evidente, por lo tanto, que las ofrendas- y posiblemente los restos del difunto- hab\u00edan sido depositadas sobre este enlosado artificial situado a 30 cm. del fondo de los ortostatos.\u201d<\/em><\/p><\/blockquote>\n\n\n\n<p><strong>Per saber-ne mes:<\/strong><\/p>\n\n\n\n<ol class=\"wp-block-list\"><li>Font, J.O. (2004)<strong><a href=\"http:\/\/calaix.gencat.cat\/bitstream\/handle\/10687\/9190\/qmem4519.pdf?sequence=1\" target=\"_blank\" rel=\"noreferrer noopener\"> Informe-Mem\u00f2ria de la prospecci\u00f3 dels seg\u00fcents sepulcres megal\u00edtics de Forallac, Fitor-Fonteta: Dolmen del Dr. Pericot; Serra Mitjana; Roca de la Gla; Vinya Gran; Mas Estanyet; Dolmen d\u2019en Botey; Taula dels tres pagesos; Llobinar.<\/a><\/strong> Servei d\u2019Arqueologia de Catalunya.<\/li><li>Roqu\u00e9 C.,&nbsp; Pall\u00ed&nbsp; L., Tarr\u00fas&nbsp; J.,Carreras E. (1995) <strong><a href=\"http:\/\/dugi-doc.udg.edu\/bitstream\/handle\/10256\/5899\/Aportacions-Coneixement-Gravats.pdf?sequence=1\" target=\"_blank\" rel=\"noreferrer noopener\"><em>Aportacions al coneixement dels gravats prehist\u00f2rics dels massissos de les Gavarres i de Begur (Girona)<\/em><\/a><\/strong> Estudis sobre el Baix Empord\u00e0. volum n.\u00b0 14<\/li><li>Esteva i Crua\u00f1as, Ll. (1965)<em> \u201cSepulcros megal\u00edticos de las Gabarras (Gerona) II\u201d. Corpus de sepulcros megal\u00edticos 4. Gerona.<\/em><\/li><li>Tarr\u00fas, J.; Badia, J.; Bofarull, B.; Carreras, E. i Pi\u00f1ero, Miquel-Didac (1990) <em>D\u00f2lmens i Menhirs. 48 monuments megal\u00edtics de les Gavarres I el Mass\u00eds d\u2019Ardenya (Baix Empord\u00e0, la Selva, el Giron\u00e8s)<\/em>. Guies del Patrimoni Comarcal, n.8, Editorial ART-3. Figueres.<\/li><\/ol>\n<\/div>\n\n\n\n<div class=\"wp-block-column is-layout-flow wp-block-column-is-layout-flow\">\n<figure class=\"wp-block-image\"><a href=\"http:\/\/pagines.uab.cat\/megalits\/sites\/pagines.uab.cat.megalits\/files\/images\/DSC_0278.preview.JPG\" target=\"_blank\" rel=\"noreferrer noopener\"><img decoding=\"async\" src=\"http:\/\/pagines.uab.cat\/megalits\/sites\/pagines.uab.cat.megalits\/files\/images\/DSC_0278.JPG\" alt=\"\"\/><\/a><figcaption>Dolmen del Llobinar (SAPPO)<\/figcaption><\/figure>\n\n\n\n<figure class=\"wp-block-image\"><a href=\"http:\/\/pagines.uab.cat\/megalits\/sites\/pagines.uab.cat.megalits\/files\/images\/Llobinar_Esteva.preview.png\" target=\"_blank\" rel=\"noreferrer noopener\"><img decoding=\"async\" src=\"http:\/\/pagines.uab.cat\/megalits\/sites\/pagines.uab.cat.megalits\/files\/images\/Llobinar_Esteva.png\" alt=\"\"\/><\/a><figcaption>Dolmen del Llobinar Dibuix de Llu\u00eds Esteva. Extret de Esteva 1965.<\/figcaption><\/figure>\n\n\n\n<figure class=\"wp-block-image\"><a href=\"http:\/\/pagines.uab.cat\/megalits\/sites\/pagines.uab.cat.megalits\/files\/images\/2013-02-10%2012.17.28.preview.jpg\" target=\"_blank\" rel=\"noreferrer noopener\"><img decoding=\"async\" src=\"http:\/\/pagines.uab.cat\/megalits\/sites\/pagines.uab.cat.megalits\/files\/images\/2013-02-10%2012.17.28.jpg\" alt=\"\"\/><\/a><figcaption>Detall del Dolmen del Llobinar (SAPPO)<\/figcaption><\/figure>\n\n\n\n<figure class=\"wp-block-image\"><a href=\"http:\/\/pagines.uab.cat\/megalits\/sites\/pagines.uab.cat.megalits\/files\/images\/material%20el%20llobinar.preview.jpg\" target=\"_blank\" rel=\"noreferrer noopener\"><img decoding=\"async\" src=\"http:\/\/pagines.uab.cat\/megalits\/sites\/pagines.uab.cat.megalits\/files\/images\/material%20el%20llobinar.jpg\" alt=\"\"\/><\/a><figcaption>Fotografies de les excavacions i dels materials recuperats al Dolmen del Llobinar. Extret de Esteva 1965.<\/figcaption><\/figure>\n<\/div>\n<\/div>\n\n\n\n<figure class=\"wp-block-table\"><table><tbody><tr><td>\n<p><strong>Situaci\u00f3:<\/strong><\/p>\n<p><iframe loading=\"lazy\" src=\"https:\/\/maps.google.es\/maps\/ms?msa=0&amp;msid=202222010049608088798.0004dbb974ca05d735ae2&amp;hl=ca&amp;ie=UTF8&amp;t=f&amp;ecpose=41.90303548,3.08436711,350.35,-0.001,60.002,0&amp;ll=41.904397,3.084367&amp;spn=0.000599,0.002063&amp;z=19&amp;output=embed\" marginwidth=\"0\" marginheight=\"0\" scrolling=\"no\" width=\"770\" height=\"300\" frameborder=\"0\"><\/iframe><br><small><a style=\"color: #0000ff; text-align: left;\" href=\"https:\/\/maps.google.es\/maps\/ms?msa=0&amp;msid=202222010049608088798.0004dbb974ca05d735ae2&amp;hl=ca&amp;ie=UTF8&amp;t=f&amp;ecpose=41.90303548,3.08436711,350.35,-0.001,60.002,0&amp;ll=41.904397,3.084367&amp;spn=0.000599,0.002063&amp;z=19&amp;source=embed\">E-Ruta Dolmens de Fitor<\/a> <\/small><\/p>\n<\/td><\/tr><\/tbody><\/table><\/figure>\n","protected":false},"excerpt":{"rendered":"<p>Us trobeu davant del dolmen del Llobinar. Es tracte d&#8217;un sepulcre de corredor de cambra i amb un passad\u00eds que actualment no es visible (Tarr\u00fas et al. 1990). Les lloses que el configuren s\u00f3n de pissarra i durant la seva excavaci\u00f3 al 1964 Llu\u00eds Esteva va poder confirmar que aquestes havien estat \u201cclavades\u201d al s\u00f2l [&hellip;]<\/p>\n","protected":false},"author":20,"featured_media":0,"parent":0,"menu_order":0,"comment_status":"closed","ping_status":"closed","template":"","meta":{"footnotes":""},"class_list":["post-26","page","type-page","status-publish","hentry"],"_links":{"self":[{"href":"https:\/\/webs.uab.cat\/megalits\/wp-json\/wp\/v2\/pages\/26","targetHints":{"allow":["GET"]}}],"collection":[{"href":"https:\/\/webs.uab.cat\/megalits\/wp-json\/wp\/v2\/pages"}],"about":[{"href":"https:\/\/webs.uab.cat\/megalits\/wp-json\/wp\/v2\/types\/page"}],"author":[{"embeddable":true,"href":"https:\/\/webs.uab.cat\/megalits\/wp-json\/wp\/v2\/users\/20"}],"replies":[{"embeddable":true,"href":"https:\/\/webs.uab.cat\/megalits\/wp-json\/wp\/v2\/comments?post=26"}],"version-history":[{"count":1,"href":"https:\/\/webs.uab.cat\/megalits\/wp-json\/wp\/v2\/pages\/26\/revisions"}],"predecessor-version":[{"id":510,"href":"https:\/\/webs.uab.cat\/megalits\/wp-json\/wp\/v2\/pages\/26\/revisions\/510"}],"wp:attachment":[{"href":"https:\/\/webs.uab.cat\/megalits\/wp-json\/wp\/v2\/media?parent=26"}],"curies":[{"name":"wp","href":"https:\/\/api.w.org\/{rel}","templated":true}]}}