{"id":27,"date":"2013-02-20T12:01:20","date_gmt":"2013-02-20T12:01:20","guid":{"rendered":"https:\/\/webs.uab.cat\/megalits\/inscultures-del-llobinar\/"},"modified":"2022-09-21T15:42:59","modified_gmt":"2022-09-21T15:42:59","slug":"inscultures-del-llobinar","status":"publish","type":"page","link":"https:\/\/webs.uab.cat\/megalits\/inscultures-del-llobinar\/","title":{"rendered":"Inscultures del Llobinar"},"content":{"rendered":"\n<div class=\"wp-block-columns alignwide is-layout-flex wp-container-core-columns-is-layout-9d6595d7 wp-block-columns-is-layout-flex\">\n<div class=\"wp-block-column is-layout-flow wp-block-column-is-layout-flow\">\n<p>Us trobeu davant les inscultures del Llobinar. Aquestes s\u00f3n gravats artificial fets per percussi\u00f3 directe sobre una pedra de grans dimensions. Els gravats s\u00f3n una manifestaci\u00f3 que es desenvolup\u00e0 entre els per\u00edodes <a href=\"http:\/\/pagines.uab.cat\/megalits\/content\/els-per%C3%ADodes-de-la-prehist%C3%B2ria#neol\u00edtic\" target=\"_blank\" rel=\"noreferrer noopener\">Neol\u00edtic<\/a> i <a href=\"http:\/\/pagines.uab.cat\/megalits\/content\/els-per%C3%ADodes-de-la-prehist%C3%B2ria#calcolitic\">Calcol\u00edtic<\/a> per tota Europa, i s\u2019han relacionat sempre amb el fenomen del megalitisme.&nbsp; Trobem inscultures relacionades amb dolmens i menhirs a Irlanda, a la costa Bretona, a Gal\u00edcia i el Nord peninsular. A Catalunya destaquen&nbsp; l\u2019assentament de <a href=\"www20.gencat.cat\/docs\/CulturaDepartament\/DGPC\/Documents\/Documents2008\/qmem180_web.pdf.pdf\" target=\"_blank\" rel=\"noreferrer noopener\">Ca N&#8217;Isach<\/a> (datat per Carboni 14 entre el 4100-3400 A.N.E.) on durant el neol\u00edtic s\u2019hi feren gravats sobre pedra en forma de cassoletes i reguerons.&nbsp; A la cista amb <a href=\"http:\/\/www.raco.cat\/index.php\/ButlletiICHN\/article\/view\/232657\/314725\" target=\"_blank\" rel=\"noreferrer noopener\">T\u00famul de la Vinya d\u2019en Berta (Pau)<\/a>, excavada al 1932, tamb\u00e9 es van poder documentar un gran motiu complex format per motius cruciformes, cassoletes i reguerons.<\/p>\n\n\n\n<p>La utilitzaci\u00f3 dels gravats en \u00e8poca prehist\u00f2rica sembla molt variada. En alguns casos, quan es troben sobre monuments megal\u00edtics o ben a prop, podem pensar en raons culturals\/rituals, relacionades amb l&#8217;escolament de l\u00edquids o amb explicacions de llegendes, indicacions, etc. que ara per ara desconeixem. D\u2019altra banda, per\u00f2, la seva situaci\u00f3 en punts dominants del paisatge, sovint al voltant d&#8217;una vall o d&#8217;una plana rica en recursos naturals, fa pensar que tamb\u00e9 actuaven com a marcadors de territoris o de zones d&#8217;influ\u00e8ncia de les comunitats prehist\u00f2riques (<em>Roqu\u00e9 et al., 1995<\/em>).<\/p>\n\n\n\n<blockquote class=\"wp-block-quote is-layout-flow wp-block-quote-is-layout-flow\"><p><strong>Coordenades UTM: <\/strong>31N 41.903618N; 3.084637E <strong>Altitud: <\/strong>321 m s.n.mn<\/p><p><strong>Descripci\u00f3: <\/strong>aquestes inscultures estan&nbsp; repartides en 3 blocs, un central i altres dos situats a 60 metres vers el nord\/nord-oest.<\/p><p>Els gravats no s\u00f3n molt profunds, probablement fets per percussi\u00f3 directe a partir de repicat.&nbsp; El bloc principal presenta una b\u00e0ssia artificial, m\u00e9s d\u2019una desena de cassoletes i 2 reguerons que formen una T. &nbsp;&nbsp;<\/p><p><strong>Com arribar-hi:<\/strong>&nbsp;des de Fitor agafem la pista que ens duu cap a Can Puig. Un cop arribats a l\u2019encreuament de Can Puig agafem el cam\u00ed cap a la dreta que travessa uns prats. A 200 metres seguim pel cam\u00ed de l\u2019esquerra i ens endinsem en el bosc. Seguim pel cam\u00ed i a uns 180 metres a l\u2019esquerra trobem una gran pedra amb les Inscultures del Llobinar.<\/p><p><strong>Tipus de terreny geol\u00f2gic: <\/strong>Sorrenca grauwacosa (segons el Dr. Luis Pall\u00ed). La base geol\u00f2gica est\u00e0 formada per <a href=\"http:\/\/ca.wikipedia.org\/wiki\/Conglomerat\" target=\"_blank\" rel=\"noreferrer noopener\">conglomerats<\/a>, calcopelites, <a href=\"http:\/\/ca.wikipedia.org\/wiki\/Grauvaca\" target=\"_blank\" rel=\"noreferrer noopener\">grauvaques<\/a> i <a href=\"http:\/\/ca.wikipedia.org\/wiki\/Pedra_calc%C3%A0ria\" target=\"_blank\" rel=\"noreferrer noopener\">calc\u00e0ries <\/a>(Sistema mediterrani), aix\u00ed com materials volc\u00e0nics i porfirites. En aquesta zona es situen diversos afloraments de <a href=\"http:\/\/ca.wikipedia.org\/wiki\/Pissarres\" target=\"_blank\" rel=\"noreferrer noopener\">pissarres<\/a> ampel\u00edtiques (mapa geol\u00f2gic del ICC), visibles a nivell superficial.<\/p><p><strong>Cronologia: <\/strong>es fa dif\u00edcil precisar la cronologia de l\u2019art sobre pedra en general. Degut a la proximitat a diferents monuments megal\u00edtics, es probable que es realitzessin en un o diferents moments entre el 3000 i el 2000 A.N.E.<\/p><p><strong>Not\u00edcies hist\u00f2riques:<\/strong>Llu\u00eds Esteva al 1965 documenta la pres\u00e8ncia de 2 cassoletes en la superf\u00edcie horitzontal d&#8217;una roca situada a uns 10 m al nord-oest del dolmen, i 2 m\u00e9s en una altra d&#8217;immediata a la roca anterior. <em>Roqu\u00e9 et al. al 1995<\/em> comptabilitzen 5 cassoletes en total. Al 1990 Tarr\u00fas et al. descriuen l&#8217;anomenada <em>&#8220;roca amb inscultures del Llobinar&#8221;<\/em>, localitzada a uns 50 m al sud del dolmen.<\/p><\/blockquote>\n\n\n\n<p><strong>Per saber-ne mes:<\/strong><\/p>\n\n\n\n<ol class=\"wp-block-list\"><li>Font, J.O. (2004)<strong><a href=\"http:\/\/calaix.gencat.cat\/bitstream\/handle\/10687\/9190\/qmem4519.pdf?sequence=1\" target=\"_blank\" rel=\"noreferrer noopener\"> Informe-Mem\u00f2ria de la prospecci\u00f3 dels seg\u00fcents sepulcres megal\u00edtics de Forallac, Fitor-Fonteta: Dolmen del Dr. Pericot; Serra Mitjana; Roca de la Gla; Vinya Gran; Mas Estanyet; Dolmen d\u2019en Botey; Taula dels tres pagesos; Llobinar.<\/a><\/strong> Servei d\u2019Arqueologia de Catalunya.<\/li><li>Roqu\u00e9 C.,&nbsp; Pall\u00ed&nbsp; L., Tarr\u00fas&nbsp; J.,Carreras E. (1995) <strong><a href=\"http:\/\/dugi-doc.udg.edu\/bitstream\/handle\/10256\/5899\/Aportacions-Coneixement-Gravats.pdf?sequence=1\" target=\"_blank\" rel=\"noreferrer noopener\"><em>Aportacions al coneixement dels gravats prehist\u00f2rics dels massissos de les Gavarres i de Begur (Girona)<\/em><\/a><\/strong> Estudis sobre el Baix Empord\u00e0. volum n.\u00b0 14<\/li><li>Esteva i Crua\u00f1as, Ll. (1965)<em> \u201cSepulcros megal\u00edticos de las Gabarras (Gerona) II\u201d. Corpus de sepulcros megal\u00edticos 4. Gerona.<\/em><\/li><\/ol>\n<\/div>\n\n\n\n<div class=\"wp-block-column is-layout-flow wp-block-column-is-layout-flow\">\n<figure class=\"wp-block-image\"><a href=\"http:\/\/pagines.uab.cat\/megalits\/sites\/pagines.uab.cat.megalits\/files\/images\/DSC_0255.preview.JPG\" target=\"_blank\" rel=\"noreferrer noopener\"><img decoding=\"async\" src=\"http:\/\/pagines.uab.cat\/megalits\/sites\/pagines.uab.cat.megalits\/files\/images\/DSC_0255.JPG\" alt=\"\"\/><\/a><figcaption>Inscultures del Llobinar (SAPPO)<\/figcaption><\/figure>\n\n\n\n<figure class=\"wp-block-image\"><a href=\"http:\/\/pagines.uab.cat\/megalits\/sites\/pagines.uab.cat.megalits\/files\/images\/DSC_0255.preview.JPG\" target=\"_blank\" rel=\"noreferrer noopener\"><img decoding=\"async\" src=\"http:\/\/pagines.uab.cat\/megalits\/sites\/pagines.uab.cat.megalits\/files\/images\/Inscultures-del-Llobnar.png\" alt=\"\"\/><\/a><figcaption>Inscultures de la roca del Llobinar Dibuix de BOFARULL,B.(GESEART) Extret de Roqu\u00e8 et alii, 1995<br><a rel=\"noreferrer noopener\" href=\"http:\/\/pagines.uab.cat\/megalits\/sites\/pagines.uab.cat.megalits\/files\/images\/2013-02-10%2012.46.32.preview.jpg\" target=\"_blank\"><\/a>Detall de les inscultures del Llobinar (SAPPO<a rel=\"noreferrer noopener\" href=\"http:\/\/pagines.uab.cat\/megalits\/sites\/pagines.uab.cat.megalits\/files\/images\/DSC_0255.preview.JPG\" target=\"_blank\">)<\/a><\/figcaption><\/figure>\n<\/div>\n<\/div>\n\n\n\n<figure class=\"wp-block-table\"><table><tbody><tr><td>\n<p><strong>Situaci\u00f3:<\/strong><\/p>\n<p><iframe loading=\"lazy\" src=\"https:\/\/maps.google.es\/maps\/ms?msa=0&amp;msid=202222010049608088798.0004dbb974ca05d735ae2&amp;hl=ca&amp;ie=UTF8&amp;t=f&amp;ecpose=41.90142063,3.08470349,418.99,-0.001,60.001,0&amp;ll=41.903725,3.084703&amp;spn=0.001198,0.004125&amp;z=18&amp;output=embed\" marginwidth=\"0\" marginheight=\"0\" scrolling=\"no\" width=\"770\" height=\"300\" frameborder=\"0\"><\/iframe><br><small>&nbsp;<a style=\"color: #0000ff; text-align: left;\" href=\"https:\/\/maps.google.es\/maps\/ms?msa=0&amp;msid=202222010049608088798.0004dbb974ca05d735ae2&amp;hl=ca&amp;ie=UTF8&amp;t=f&amp;ecpose=41.90142063,3.08470349,418.99,-0.001,60.001,0&amp;ll=41.903725,3.084703&amp;spn=0.001198,0.004125&amp;z=18&amp;source=embed\">E-Ruta Dolmens de Fitor<\/a> <\/small><\/p>\n<\/td><\/tr><\/tbody><\/table><\/figure>\n\n\n\n<p>&nbsp;<\/p>\n\n\n\n<p>&nbsp;<\/p>\n","protected":false},"excerpt":{"rendered":"<p>Us trobeu davant les inscultures del Llobinar. Aquestes s\u00f3n gravats artificial fets per percussi\u00f3 directe sobre una pedra de grans dimensions. Els gravats s\u00f3n una manifestaci\u00f3 que es desenvolup\u00e0 entre els per\u00edodes Neol\u00edtic i Calcol\u00edtic per tota Europa, i s\u2019han relacionat sempre amb el fenomen del megalitisme.&nbsp; Trobem inscultures relacionades amb dolmens i menhirs a [&hellip;]<\/p>\n","protected":false},"author":20,"featured_media":0,"parent":0,"menu_order":0,"comment_status":"closed","ping_status":"closed","template":"","meta":{"footnotes":""},"class_list":["post-27","page","type-page","status-publish","hentry"],"_links":{"self":[{"href":"https:\/\/webs.uab.cat\/megalits\/wp-json\/wp\/v2\/pages\/27","targetHints":{"allow":["GET"]}}],"collection":[{"href":"https:\/\/webs.uab.cat\/megalits\/wp-json\/wp\/v2\/pages"}],"about":[{"href":"https:\/\/webs.uab.cat\/megalits\/wp-json\/wp\/v2\/types\/page"}],"author":[{"embeddable":true,"href":"https:\/\/webs.uab.cat\/megalits\/wp-json\/wp\/v2\/users\/20"}],"replies":[{"embeddable":true,"href":"https:\/\/webs.uab.cat\/megalits\/wp-json\/wp\/v2\/comments?post=27"}],"version-history":[{"count":1,"href":"https:\/\/webs.uab.cat\/megalits\/wp-json\/wp\/v2\/pages\/27\/revisions"}],"predecessor-version":[{"id":508,"href":"https:\/\/webs.uab.cat\/megalits\/wp-json\/wp\/v2\/pages\/27\/revisions\/508"}],"wp:attachment":[{"href":"https:\/\/webs.uab.cat\/megalits\/wp-json\/wp\/v2\/media?parent=27"}],"curies":[{"name":"wp","href":"https:\/\/api.w.org\/{rel}","templated":true}]}}