{"id":29,"date":"2013-02-20T12:07:46","date_gmt":"2013-02-20T12:07:46","guid":{"rendered":"https:\/\/webs.uab.cat\/megalits\/presentacio\/"},"modified":"2022-09-21T15:47:09","modified_gmt":"2022-09-21T15:47:09","slug":"presentacio","status":"publish","type":"page","link":"https:\/\/webs.uab.cat\/megalits\/","title":{"rendered":"Presentaci\u00f3"},"content":{"rendered":"\n<p><strong>Megalitisme a les Gavarres<\/strong> \u00e9s un nou projecte de <strong>difusi\u00f3 i revaloritzaci\u00f3 del patrimoni cultural i natural de les Gavarres<\/strong>, i pret\u00e9n apropar aquest ric patrimoni arqueol\u00f2gic al p\u00fablic a traves de l\u2019\u00fas de les <strong>Noves Tecnologies de la Informaci\u00f3 i la Comunicaci\u00f3 (TIC)<\/strong>. El projecte ha estat dut a terme pel <strong>SGR GRAMPO <\/strong>del Departament de Prehist\u00f2ria de la Universitat Aut\u00f2noma de Barcelona i <strong>El Consorci de les Gavarres<\/strong>, amb la col\u00b7laboraci\u00f3 de diferents ens locals i propietaris particulars, especialment de la <strong>Finca Fitor<\/strong>. El finan\u00e7ament del projecte ha estat aportat per la convocat\u00f2ria Ajuts per al finan\u00e7ament d\u2019actuacions en l\u2019\u00e0mbit de la divulgaci\u00f3 cient\u00edfic (ACDC) de la Secretaria d\u2019Universitat i Recerca del Departament d\u2019Economia i Coneixement de la Generalitat de Catalunya.<\/p>\n\n\n\n<p>A trav\u00e9s d\u2019aquest portal podeu accedir al coneixement del fenomen megal\u00edtic a les Gavarres per mitj\u00e0 de diferents Rutes Patrimonials que us ajudaran a con\u00e8ixer millor, i sobre el terreny, el ric patrimoni cultural i natural de les Gavarres.<\/p>\n\n\n\n<div class=\"wp-block-columns is-layout-flex wp-container-core-columns-is-layout-9d6595d7 wp-block-columns-is-layout-flex\">\n<div class=\"wp-block-column is-layout-flow wp-block-column-is-layout-flow\">\n<figure class=\"wp-block-image\"><a href=\"https:\/\/webs.uab.cat\/megalits\/eruta-1-els-dolmens-de-fitor\/\"><img decoding=\"async\" src=\"http:\/\/pagines.uab.cat\/megalits\/sites\/pagines.uab.cat.megalits\/files\/images\/eruta1.png\" alt=\"\"\/><\/a><\/figure>\n<\/div>\n\n\n\n<div class=\"wp-block-column is-layout-flow wp-block-column-is-layout-flow\">\n<figure class=\"wp-block-image\"><a href=\"https:\/\/webs.uab.cat\/megalits\/eruta-2-els-dolmens-de-la-serra-den-cals\/\"><img decoding=\"async\" src=\"http:\/\/pagines.uab.cat\/megalits\/sites\/pagines.uab.cat.megalits\/files\/images\/eruta2.png\" alt=\"\"\/><\/a><\/figure>\n<\/div>\n<\/div>\n\n\n\n<p>&nbsp;<\/p>\n","protected":false},"excerpt":{"rendered":"<p>Megalitisme a les Gavarres \u00e9s un nou projecte de difusi\u00f3 i revaloritzaci\u00f3 del patrimoni cultural i natural de les Gavarres, i pret\u00e9n apropar aquest ric patrimoni arqueol\u00f2gic al p\u00fablic a traves de l\u2019\u00fas de les Noves Tecnologies de la Informaci\u00f3 i la Comunicaci\u00f3 (TIC). El projecte ha estat dut a terme pel SGR GRAMPO del [&hellip;]<\/p>\n","protected":false},"author":20,"featured_media":0,"parent":0,"menu_order":0,"comment_status":"closed","ping_status":"closed","template":"","meta":{"footnotes":""},"class_list":["post-29","page","type-page","status-publish","hentry"],"_links":{"self":[{"href":"https:\/\/webs.uab.cat\/megalits\/wp-json\/wp\/v2\/pages\/29","targetHints":{"allow":["GET"]}}],"collection":[{"href":"https:\/\/webs.uab.cat\/megalits\/wp-json\/wp\/v2\/pages"}],"about":[{"href":"https:\/\/webs.uab.cat\/megalits\/wp-json\/wp\/v2\/types\/page"}],"author":[{"embeddable":true,"href":"https:\/\/webs.uab.cat\/megalits\/wp-json\/wp\/v2\/users\/20"}],"replies":[{"embeddable":true,"href":"https:\/\/webs.uab.cat\/megalits\/wp-json\/wp\/v2\/comments?post=29"}],"version-history":[{"count":2,"href":"https:\/\/webs.uab.cat\/megalits\/wp-json\/wp\/v2\/pages\/29\/revisions"}],"predecessor-version":[{"id":512,"href":"https:\/\/webs.uab.cat\/megalits\/wp-json\/wp\/v2\/pages\/29\/revisions\/512"}],"wp:attachment":[{"href":"https:\/\/webs.uab.cat\/megalits\/wp-json\/wp\/v2\/media?parent=29"}],"curies":[{"name":"wp","href":"https:\/\/api.w.org\/{rel}","templated":true}]}}