{"id":32,"date":"2013-02-20T12:21:26","date_gmt":"2013-02-20T12:21:26","guid":{"rendered":"https:\/\/webs.uab.cat\/megalits\/e-rutes-megalitiques\/"},"modified":"2013-02-20T12:21:26","modified_gmt":"2013-02-20T12:21:26","slug":"e-rutes-megalitiques","status":"publish","type":"page","link":"https:\/\/webs.uab.cat\/megalits\/e-rutes-megalitiques\/","title":{"rendered":"E-Rutes Megal\u00edtiques"},"content":{"rendered":"<p style=\"text-align: justify;\"><strong>Per con\u00e8ixer el Megalitisme a les Gavarres us hem preparat unes E-Rutes a partir de les quals podreu con\u00e8ixer millor el ric patrimoni megal\u00edtic, aix\u00ed com la hist\u00f2ria, el poblament i l\u2019entorn natural de les Gavarres.<\/strong><\/p>\n<p style=\"text-align: justify;\">Durant el recorregut, que passa en la major part per la <a href=\"http:\/\/www.finca-fitor.com\/\" target=\"_blank\" rel=\"noopener\">Finca Fitor<\/a>, farem un trajecte a l\u2019inversa, des dels temps moderns, de quan el suro, la fusta i el carb\u00f3 eren transportats en carros fins a Palam\u00f3s per embarcar-los rumb a Barcelona, N\u00e0pols, La Habana, passant per l\u2019\u00e8poca medieval, on l\u2019explotaci\u00f3 del camp i el bosc eren el mitj\u00e0 de subsist\u00e8ncia dels nuclis de poblaci\u00f3 distribu\u00efts en masos i celleres al voltant de les parr\u00f2quies. Arribarem a l\u2019\u00e8poca Romana amb la influ\u00e8ncia romana i grega d\u2019Emp\u00faries i l&#8217;ib\u00e8rica d\u2019Ullastret,&nbsp; fins arribar a la prehist\u00f2ria, on aquestes serres i valls eren necr\u00f2polis on es constru\u00efren grans monuments megal\u00edtics: d\u00f2lmens, menhirs, pedres dretes, inscultures&#8230;.<\/p>\n<blockquote>\n<p style=\"text-align: justify;\">Una E-Ruta \u00e9s una ruta electr\u00f2nica que podeu seguir mitjan\u00e7ant un GPS, un Smartphone o un ordinador. La E-Ruta us anir\u00e0 marcant el cam\u00ed i monstrant-vos els punts d\u2019inter\u00e8s m\u00e9s importants. Aquests enlla\u00e7aran a diferent informaci\u00f3 relativa al megalitisme, al poblament i a la natura de les Gavarres.<\/p>\n<p style=\"text-align: justify;\"><span style=\"color: #000000;\">Podreu fer la ruta a peu, a cavall, en bicicleta o des de casa. Nom\u00e9s us cal descarregar l&#8217;E-ruta dins el vostre dispositiu i tenir instal\u00b7lat el programari adient.<\/span><\/p>\n<p style=\"text-align: justify;\"><span style=\"color: #000000;\">Tot seguit us expliquem com podeu consultar les E-rutes depenent del dispositiu que feu servir:<\/span><\/p>\n<p style=\"text-align: justify;\"><strong>GPS:<\/strong><\/p>\n<p style=\"text-align: justify;\">Per seguir la E-ruta des de un GPS nom\u00e9s us cal descarregar el <em>track<\/em> en el vostre dispositiu.<\/p>\n<p style=\"text-align: justify;\"><strong>Smartphone o tablet (ha de tenir GPS incorporat):<\/strong><\/p>\n<p style=\"text-align: justify;\">Hi han diferents APP a trav\u00e9s de les quals podeu descarregar el fitxer i executar-lo. Des de totes les aplicacions podreu obrir el fitxer GPX o KML i comen\u00e7ar a gaudir de l&#8217;E-ruta i dels seus continguts. Alguns d\u2019aquestes APP s\u00f3n:<\/p>\n<ol style=\"text-align: justify;\">\n<li><a href=\"http:\/\/www.oruxmaps.com\/\" target=\"_blank\" rel=\"noopener\">OruxMaps<\/a> (Android)<\/li>\n<li><a href=\"http:\/\/www.google.es\/intl\/ca\/earth\/\" target=\"_blank\" rel=\"noopener\">Google Earth<\/a> (Iphone\/Android)<\/li>\n<li><a href=\"http:\/\/ca.wikiloc.com\/wikiloc\/home.do\" target=\"_blank\" rel=\"noopener\">WikiLoc<\/a>&nbsp;(Iphone\/Android)<\/li>\n<li><a href=\"http:\/\/www.everytrail.com\/\" target=\"_blank\" rel=\"noopener\">EveryTrail&nbsp;<\/a>(Iphone\/Android)<a href=\"http:\/\/www.everytrail.com\/\" target=\"_blank\" rel=\"noopener\"><\/a><\/li>\n<li><a href=\"https:\/\/maps.google.es\/\" target=\"_blank\" rel=\"noopener\">Google Maps<\/a> (Iphone\/Android)<\/li>\n<\/ol>\n<p style=\"text-align: justify;\">&nbsp;Tamb\u00e9 podeu gaudir de l&#8217;E-Ruta amb Realitat Augmentada a trav\u00e9s de l&#8217;aplicaci\u00f3 LAYAR<\/p>\n<p style=\"text-align: justify;\"><strong>PC (Linux, OSX o Windows):<\/strong><\/p>\n<p style=\"text-align: justify;\">Des de qualsevol ordinador amb connexi\u00f3 a internet podreu consultar l&#8217;E-ruta a trav\u00e9s del vostre navegador amb <a href=\"https:\/\/maps.google.es\/\" target=\"_blank\" rel=\"noopener\">Google Maps<\/a> o veure l&#8217;E-Ruta amb el programa <a href=\"http:\/\/www.google.es\/intl\/ca\/earth\/\" target=\"_blank\" rel=\"noopener\">Google Earth<\/a>.<\/p>\n<\/blockquote>\n","protected":false},"excerpt":{"rendered":"<p>Per con\u00e8ixer el Megalitisme a les Gavarres us hem preparat unes E-Rutes a partir de les quals podreu con\u00e8ixer millor el ric patrimoni megal\u00edtic, aix\u00ed com la hist\u00f2ria, el poblament i l\u2019entorn natural de les Gavarres. Durant el recorregut, que passa en la major part per la Finca Fitor, farem un trajecte a l\u2019inversa, des [&hellip;]<\/p>\n","protected":false},"author":20,"featured_media":0,"parent":0,"menu_order":0,"comment_status":"closed","ping_status":"closed","template":"","meta":{"footnotes":""},"class_list":["post-32","page","type-page","status-publish","hentry"],"_links":{"self":[{"href":"https:\/\/webs.uab.cat\/megalits\/wp-json\/wp\/v2\/pages\/32","targetHints":{"allow":["GET"]}}],"collection":[{"href":"https:\/\/webs.uab.cat\/megalits\/wp-json\/wp\/v2\/pages"}],"about":[{"href":"https:\/\/webs.uab.cat\/megalits\/wp-json\/wp\/v2\/types\/page"}],"author":[{"embeddable":true,"href":"https:\/\/webs.uab.cat\/megalits\/wp-json\/wp\/v2\/users\/20"}],"replies":[{"embeddable":true,"href":"https:\/\/webs.uab.cat\/megalits\/wp-json\/wp\/v2\/comments?post=32"}],"version-history":[{"count":0,"href":"https:\/\/webs.uab.cat\/megalits\/wp-json\/wp\/v2\/pages\/32\/revisions"}],"wp:attachment":[{"href":"https:\/\/webs.uab.cat\/megalits\/wp-json\/wp\/v2\/media?parent=32"}],"curies":[{"name":"wp","href":"https:\/\/api.w.org\/{rel}","templated":true}]}}