{"id":43,"date":"2013-02-26T10:18:15","date_gmt":"2013-02-26T10:18:15","guid":{"rendered":"https:\/\/webs.uab.cat\/megalits\/cista-del-clot-del-llorer\/"},"modified":"2022-09-21T15:26:07","modified_gmt":"2022-09-21T15:26:07","slug":"cista-del-clot-del-llorer","status":"publish","type":"page","link":"https:\/\/webs.uab.cat\/megalits\/cista-del-clot-del-llorer\/","title":{"rendered":"Cista del Clot del Llorer"},"content":{"rendered":"\n<div class=\"wp-block-columns alignwide is-layout-flex wp-container-core-columns-is-layout-9d6595d7 wp-block-columns-is-layout-flex\">\n<div class=\"wp-block-column is-layout-flow wp-block-column-is-layout-flow\">\n<p>Al Puig del Clot del Llorer hi trobem un sepulcre megal\u00edtic i un conjunt d&#8217;inscultures. Pel que fa al sepulcre es tracta d&#8217;una <a href=\"http:\/\/pagines.uab.cat\/megalits\/content\/el-megalitisme-catalunya#cista\" target=\"_blank\" rel=\"noreferrer noopener\">cista amb t\u00famul rectangular<\/a> constru\u00efda a partir d\u2019un t\u00famul artificial de tend\u00e8ncia circular amb possible cromlec, actualment molt erosionat. \u00c9s un sepulcre d\u2019inhumaci\u00f3 prim\u00e0ria individual o doble, no reutilitzable. Els seu alineament longitudinal va del nord-oest al sud-est. La cambra amida interiorment 1,70m de llarg i 0,60m d\u2019ample, per 0,65m d\u2019al\u00e7ada m\u00e0xima. Actualment la cista conserva&nbsp;<em>in situ<\/em> 6 lloses de pissarra de la seva cambra. No hi ha cobertes. Vers llevant hi ha lloses que poden haver estat del sepulcre. Del t\u00famul que devia cobrir l\u2019estructura interna se\u2019n conserven testimonis visibles, aix\u00ed com probables restes del cromlec. A pocs metres vers els sud es pot apreciar l\u2019exist\u00e8ncia d\u2019inscultures. Aquestes corresponen com a m\u00ednim a una cassoleta de 8.5cm de di\u00e0metre localitzada sobre un bloc de pedra d\u2019uns 30 cm per 35 cm aproximadament.<\/p>\n\n\n\n<blockquote class=\"wp-block-quote is-layout-flow wp-block-quote-is-layout-flow\"><p><strong>Coordenades UTM:&nbsp;<\/strong>31N&nbsp; 4641343N 506423E <strong>Altitud: <\/strong>263 m s.n.m<\/p><p><strong>Com arribar-hi:<\/strong> A la dreta del camp de la Cadena de Fitor, trobem dues pistes. Aleshores cal agafar la de m\u00e9s a la dreta que- en no massa bon estat- segueix la serra de Cals. Al cap de 1,6 km es troba una cru\u00eflla. En aquest punt cal seguir tot dret un corriol que, pel mig del bosc, puja per la carena al cim del Puig del Clot de Llorer. Despr\u00e9s d\u2019uns 60 m trobem situada, al cim del puig, aquesta cista. F\u00e0cil de trobar<\/p><p><strong>Tipus de terreny geol\u00f2gic:&nbsp;<\/strong>La base geol\u00f2gica est\u00e0 formada per conglomerats, calcopelites, grauvaques i calc\u00e0ries (Sistema mediterrani), aix\u00ed com materials volc\u00e0nics i porfirites. En aquesta zona es situen diversos afloraments de pissarres ampel\u00edtiques (mapa geol\u00f2gic del ICC), visibles a nivell superficial.<\/p><p><strong>Materials:&nbsp;<\/strong>Esteva (1965) informa que ja el trob\u00e0 excavat incontroladament. En la seva excavaci\u00f3 no hi trob\u00e0 res.<\/p><p><strong>Cronologia:&nbsp;<\/strong>3400-3000 a. C<\/p><p><strong>Not\u00edcies hist\u00f2riques: <\/strong>Va ser identificat per Joan Botey i Riera, fou donat a con\u00e8ixer per Llu\u00eds Esteva i Crua\u00f1as que l\u2019excav\u00e0 i el public\u00e0 amb bones planimetries l\u2019any 1965. Es classific\u00e0 com una cista megal\u00edtica. Joan Badia i Homs el resseny\u00e0 l\u2019any 1977 i assenyal\u00e0 l\u2019exist\u00e8ncia de cassoletes insculpides en una roca propera. Una d\u2019elles va ser trobada per part d\u2019un equip de l\u2019UAB durant les tasques de prospecci\u00f3 del Cim del Clot de Llorer al Setembre del 2011<\/p><p><strong>Intervencions: <\/strong>excavat per Luis Esteva a l\u2019any 1979.<\/p><p><strong>N\u00ba Refer\u00e8ncia altres cat\u00e0legs:<\/strong> n\u00ba9 del llistat de monuments megal\u00edtics de <em>Tarr\u00fas et al<\/em>. (1990).<\/p><\/blockquote>\n\n\n\n<p><strong>Per saber-ne mes:<\/strong><\/p>\n\n\n\n<ol class=\"wp-block-list\"><li>Esteva i Crua\u00f1as (1965), <em>Corpus <\/em>II&nbsp;&nbsp;&nbsp;&nbsp;&nbsp;&nbsp;<\/li><li>Badia i Homs (1977), p\u00e0g.207 i 209<\/li><li>Tarr\u00fas, J.; Badia, J.; Bofarull, B.; Carreras, E. i Pi\u00f1ero, Miquel-Didac (1990) <em>D\u00f2lmens i Menhirs. 48 monuments megal\u00edtics de les Gavarres I el Mass\u00eds d\u2019Ardenya (Baix Empord\u00e0, la Selva, el Giron\u00e8s)<\/em>. Guies del Patrimoni Comarcal, n.8, Editorial ART-3. Figueres.<\/li><\/ol>\n<\/div>\n\n\n\n<div class=\"wp-block-column is-layout-flow wp-block-column-is-layout-flow\">\n<figure class=\"wp-block-image\"><a href=\"http:\/\/pagines.uab.cat\/megalits\/sites\/pagines.uab.cat.megalits\/files\/images\/image017.preview.jpg\" target=\"_blank\" rel=\"noreferrer noopener\"><img decoding=\"async\" src=\"http:\/\/pagines.uab.cat\/megalits\/sites\/pagines.uab.cat.megalits\/files\/images\/image017.jpg\" alt=\"\"\/><\/a><figcaption>Imatge de la cista del Clot del Llorer. Vista des de l&#8217;oest (SAPPO)<\/figcaption><\/figure>\n\n\n\n<figure class=\"wp-block-image\"><a href=\"http:\/\/pagines.uab.cat\/megalits\/sites\/pagines.uab.cat.megalits\/files\/images\/image019.preview.jpg\" target=\"_blank\" rel=\"noreferrer noopener\"><img decoding=\"async\" src=\"http:\/\/pagines.uab.cat\/megalits\/sites\/pagines.uab.cat.megalits\/files\/images\/image019.jpg\" alt=\"\"\/><\/a><figcaption>Inscultures de la Cista del Clot del Llorer (SAPPO)<\/figcaption><\/figure>\n\n\n\n<figure class=\"wp-block-image\"><a href=\"http:\/\/pagines.uab.cat\/megalits\/sites\/pagines.uab.cat.megalits\/files\/images\/clot_esteva.preview.jpg\" target=\"_blank\" rel=\"noreferrer noopener\"><img decoding=\"async\" src=\"http:\/\/pagines.uab.cat\/megalits\/sites\/pagines.uab.cat.megalits\/files\/images\/clot_esteva.jpg\" alt=\"\"\/><\/a><figcaption>Planta de la Cista del Clot del Llorer. Extret d&#8217;Esteva 1965.<\/figcaption><\/figure>\n<\/div>\n<\/div>\n\n\n\n<figure class=\"wp-block-table\"><table><tbody><tr><td>\n<p><strong>Situaci\u00f3:<\/strong><\/p>\n<p><iframe loading=\"lazy\" src=\"https:\/\/maps.google.es\/maps\/ms?msid=202222010049608088798.0004dd3a2dc4f786c4242&amp;msa=0&amp;ie=UTF8&amp;t=f&amp;ll=41.922183,3.076423&amp;spn=0.000599,0.002063&amp;z=19&amp;ecpose=41.92096707,3.07642281,357.05,-0.001,54.336,-0.01&amp;output=embed\" marginwidth=\"0\" marginheight=\"0\" scrolling=\"no\" width=\"770\" height=\"300\" frameborder=\"0\"><\/iframe><br><small>Mostra <a style=\"color: #0000ff; text-align: left;\" href=\"https:\/\/maps.google.es\/maps\/ms?msid=202222010049608088798.0004dd3a2dc4f786c4242&amp;msa=0&amp;ie=UTF8&amp;t=f&amp;ll=41.922183,3.076423&amp;spn=0.000599,0.002063&amp;z=19&amp;ecpose=41.92096707,3.07642281,357.05,-0.001,54.336,-0.01&amp;source=embed\">E-Ruta Dolmens de la Serra de Cals<\/a> en un mapa m\u00e9s gran<\/small><\/p>\n<\/td><\/tr><\/tbody><\/table><\/figure>\n","protected":false},"excerpt":{"rendered":"<p>Al Puig del Clot del Llorer hi trobem un sepulcre megal\u00edtic i un conjunt d&#8217;inscultures. Pel que fa al sepulcre es tracta d&#8217;una cista amb t\u00famul rectangular constru\u00efda a partir d\u2019un t\u00famul artificial de tend\u00e8ncia circular amb possible cromlec, actualment molt erosionat. \u00c9s un sepulcre d\u2019inhumaci\u00f3 prim\u00e0ria individual o doble, no reutilitzable. Els seu alineament [&hellip;]<\/p>\n","protected":false},"author":20,"featured_media":0,"parent":0,"menu_order":0,"comment_status":"closed","ping_status":"closed","template":"","meta":{"footnotes":""},"class_list":["post-43","page","type-page","status-publish","hentry"],"_links":{"self":[{"href":"https:\/\/webs.uab.cat\/megalits\/wp-json\/wp\/v2\/pages\/43","targetHints":{"allow":["GET"]}}],"collection":[{"href":"https:\/\/webs.uab.cat\/megalits\/wp-json\/wp\/v2\/pages"}],"about":[{"href":"https:\/\/webs.uab.cat\/megalits\/wp-json\/wp\/v2\/types\/page"}],"author":[{"embeddable":true,"href":"https:\/\/webs.uab.cat\/megalits\/wp-json\/wp\/v2\/users\/20"}],"replies":[{"embeddable":true,"href":"https:\/\/webs.uab.cat\/megalits\/wp-json\/wp\/v2\/comments?post=43"}],"version-history":[{"count":1,"href":"https:\/\/webs.uab.cat\/megalits\/wp-json\/wp\/v2\/pages\/43\/revisions"}],"predecessor-version":[{"id":489,"href":"https:\/\/webs.uab.cat\/megalits\/wp-json\/wp\/v2\/pages\/43\/revisions\/489"}],"wp:attachment":[{"href":"https:\/\/webs.uab.cat\/megalits\/wp-json\/wp\/v2\/media?parent=43"}],"curies":[{"name":"wp","href":"https:\/\/api.w.org\/{rel}","templated":true}]}}