{"id":46,"date":"2013-02-26T10:28:02","date_gmt":"2013-02-26T10:28:02","guid":{"rendered":"https:\/\/webs.uab.cat\/megalits\/dolmen-de-la-serra-den-cals\/"},"modified":"2022-09-21T15:31:42","modified_gmt":"2022-09-21T15:31:42","slug":"dolmen-de-la-serra-den-cals","status":"publish","type":"page","link":"https:\/\/webs.uab.cat\/megalits\/dolmen-de-la-serra-den-cals\/","title":{"rendered":"Dolmen de la Serra d&#8217;en Cals"},"content":{"rendered":"\n<div class=\"wp-block-columns alignwide is-layout-flex wp-container-core-columns-is-layout-9d6595d7 wp-block-columns-is-layout-flex\">\n<div class=\"wp-block-column is-layout-flow wp-block-column-is-layout-flow\">\n<p>Es tracta d\u2019una probable <a href=\"http:\/\/pagines.uab.cat\/megalits\/content\/el-megalitisme-catalunya#galeria\">galeria catalana<\/a> en U feta de lloses de pissarra. Del <a href=\"http:\/\/ca.wikipedia.org\/wiki\/T%C3%BAmul\" target=\"_blank\" rel=\"noreferrer noopener\">t\u00famul<\/a> artificial de tend\u00e8ncia circular, terraplenat artificialment vers llevant amb blocs ajaguts, en queden restes visibles. La seva entrada \u00e9s orientada al sud-est (170\u00ba +\/- 5\u00ba). El monument visible amida interiorment 1,70m de llarg, per 0.80 m d\u2019ample, per 1.10m d\u2019al\u00e7ada m\u00e0xima.<\/p>\n\n\n\n<p>Actualment el dolmen conserva 4 lloses de la seva cambra i passad\u00eds i la coberta de la cambra molt inclinada. Del t\u00famul que devia cobrir l\u2019estructura interna i del perist\u00e0til de blocs ajaguts en resten testimonis visibles.<\/p>\n\n\n\n<blockquote class=\"wp-block-quote is-layout-flow wp-block-quote-is-layout-flow\"><p><strong>Coordenades UTM: <\/strong>31N 4640986N; 507021E. <strong>Altitud: <\/strong>281 m s.n.m<\/p><p><strong>Com arribar-hi:<\/strong> A la dreta del camp de la Cadena de Fitor, trobem dues pistes. Aleshores cal agafar la de m\u00e9s a la dreta que \u2013en no massa bon estat- puja vers la serra de Cals. A 950 metres de dist\u00e0ncia, en un repl\u00e0 vora la carena d\u2019aquesta serra, a m\u00e0 dreta i a pocs metres del cam\u00ed, \u00e9s situat aquest dolmen. F\u00e0cil de trobar.<\/p><p><strong>Tipus de terreny geol\u00f2gic:&nbsp;<\/strong>La base geol\u00f2gica est\u00e0 formada per conglomerats, calcopelites, grauvaques i calc\u00e0ries (Sistema mediterrani), aix\u00ed com materials volc\u00e0nics i porfirites. En aquesta zona es situen diversos afloraments de pissarres ampel\u00edtiques (mapa geol\u00f2gic del ICC), visibles a nivell superficial.<\/p><p><strong>Materials:&nbsp;<\/strong>Manuel Cazurro el va excavar a l\u2019any 1911 amb resultats negatius. En l\u2019excavaci\u00f3 d\u2019Esteva (publicada al 1965) tampoc s\u2019hi trob\u00e0 res, la causa podria ser que el monument hagu\u00e9s estat intervingut i pertorbat al llarg de la seva hist\u00f2ria.<\/p><p><strong>Cronologia:&nbsp;<\/strong>2700-2200 A.N.E.<\/p><p><strong>Not\u00edcies hist\u00f2riques:&nbsp;<\/strong>Es va donar a con\u00e8ixer per primer cop per part de Manuel Cazurro i Ruiz l\u2019any 1912. A la seva primera visita al juliol de 1911 va nomenar aquest dolmen com a \u201cDolmen de la Carena de la Serra de Cals\u201d.<\/p><p>Llu\u00eds Pericot i Garc\u00eda el va classificar com a \u201ccista\u201d a la seva tesi doctoral al 1925, posteriorment a l\u2019any 1950 va fer una revisi\u00f3 de la seva tesi i el va re-classificar entre les cistes petites obertes.<\/p><p>Llu\u00eds Esteva i Crua\u00f1as l\u2019excav\u00e0 i el public\u00e0, amb bones planimetries, l\u2019any 1965. No el classific\u00e0 per trobar-se incomplert.<\/p><p><strong>Intervencions: <\/strong>Excavat per Cazurro al 1911 i posteriorment per Llu\u00eds Esteva (1965).<\/p><p><strong>N\u00ba Refer\u00e8ncia altres cat\u00e0legs:<\/strong> n\u00ba7 del llistat de monuments megal\u00edtics a Tarr\u00fas et al. (1990).<\/p><\/blockquote>\n\n\n\n<p><strong>Per saber-ne mes:&nbsp;&nbsp;&nbsp;&nbsp;&nbsp;&nbsp;&nbsp;&nbsp;<\/strong><\/p>\n\n\n\n<ol class=\"wp-block-list\"><li>Cazurro i Ruiz (1912), p\u00e0gs. 61-62; (fotograf\u00eda L\u00e0m XXIX)<\/li><li>Bosch i Gimpera (1919), p\u00e0g.112<\/li><li>Rovira i Virgili (1922), p\u00e0g.354<\/li><li>&nbsp;Pericot i Garc\u00eda (1925), p\u00e0g.96, n\u00fam.32; L\u00e0m. II, 55<\/li><li>Serra-Rafols (1930), p\u00e0g.48 bis<\/li><li>Pericot i Garc\u00eda (1950), p\u00e0g. 148, n\u00fam. 61; Fig. 34, 32<\/li><li>Pla I Cargo (1946) p\u00e0g.114<\/li><li>Sales (1963), p\u00e0g. 108<\/li><li>Esteva I Crua\u00f1as (1965), <em>Corpus II<\/em><\/li><li>Badia I Homs (1977), p\u00e0g.207<\/li><li>Badia I Homs (1981) p\u00e0g. 376<\/li><li>Grau I Ferrando\/Planas I Casamitjana (1988), <em>Girona pas a pas<\/em>, vol.I, p\u00e0g.542<\/li><li>Tarr\u00fas, J.; Badia, J.; Bofarull, B.; Carreras, E. i Pi\u00f1ero, Miquel-Didac (1990) <em>D\u00f2lmens i Menhirs. 48 monuments megal\u00edtics de les Gavarres I el Mass\u00eds d\u2019Ardenya (Baix Empord\u00e0, la Selva, el Giron\u00e8s)<\/em>. Guies del Patrimoni Comarcal, n.8, Editorial ART-3. Figueres.<\/li><\/ol>\n<\/div>\n\n\n\n<div class=\"wp-block-column is-layout-flow wp-block-column-is-layout-flow\">\n<figure class=\"wp-block-image\"><a href=\"http:\/\/pagines.uab.cat\/megalits\/sites\/pagines.uab.cat.megalits\/files\/images\/image037.preview.jpg\" target=\"_blank\" rel=\"noreferrer noopener\"><img decoding=\"async\" src=\"http:\/\/pagines.uab.cat\/megalits\/sites\/pagines.uab.cat.megalits\/files\/images\/image037.jpg\" alt=\"\"\/><\/a><figcaption>Dolmen de la Serra de Cals. Vista des del Sud-Est (SAPPO)<\/figcaption><\/figure>\n\n\n\n<figure class=\"wp-block-image\"><a href=\"http:\/\/pagines.uab.cat\/megalits\/sites\/pagines.uab.cat.megalits\/files\/images\/image039.preview.jpg\" target=\"_blank\" rel=\"noreferrer noopener\"><img decoding=\"async\" src=\"http:\/\/pagines.uab.cat\/megalits\/sites\/pagines.uab.cat.megalits\/files\/images\/image039.jpg\" alt=\"\"\/><\/a><figcaption>Dolmen de la Serra de Cals. Vista des del Nord (SAPPO)<\/figcaption><\/figure>\n\n\n\n<figure class=\"wp-block-image\"><a href=\"http:\/\/pagines.uab.cat\/megalits\/sites\/pagines.uab.cat.megalits\/files\/images\/cals_2%20copia.jpg\" target=\"_blank\" rel=\"noreferrer noopener\"><img decoding=\"async\" src=\"http:\/\/pagines.uab.cat\/megalits\/sites\/pagines.uab.cat.megalits\/files\/images\/cals_2%20copia.jpg\" alt=\"\"\/><\/a><figcaption>Planta del Dolmen de la Serra de Cals. Esteva 1965<\/figcaption><\/figure>\n\n\n\n<figure class=\"wp-block-image\"><a href=\"http:\/\/pagines.uab.cat\/megalits\/sites\/pagines.uab.cat.megalits\/files\/images\/cals%20copia.preview.jpg\" target=\"_blank\" rel=\"noreferrer noopener\"><img decoding=\"async\" src=\"http:\/\/pagines.uab.cat\/megalits\/sites\/pagines.uab.cat.megalits\/files\/images\/cals%20copia.jpg\" alt=\"\"\/><\/a><figcaption>Dolmen de la Serra d&#8217;en Cals. Esteve 1965<\/figcaption><\/figure>\n<\/div>\n<\/div>\n\n\n\n<figure class=\"wp-block-table\"><table><tbody><tr><td>\n<p><strong>Situaci\u00f3:<\/strong><\/p>\n<p><iframe loading=\"lazy\" src=\"https:\/\/maps.google.es\/maps\/ms?msid=202222010049608088798.0004dd3a2dc4f786c4242&amp;msa=0&amp;ie=UTF8&amp;t=f&amp;ll=41.919017,3.083641&amp;spn=0.000599,0.002063&amp;z=19&amp;ecpose=41.9176665,3.08364084,379.36,0.001,55.477,0&amp;output=embed\" marginwidth=\"0\" marginheight=\"0\" scrolling=\"no\" width=\"770\" height=\"300\" frameborder=\"0\"><\/iframe><br><small>Mostra <a style=\"color: #0000ff; text-align: left;\" href=\"https:\/\/maps.google.es\/maps\/ms?msid=202222010049608088798.0004dd3a2dc4f786c4242&amp;msa=0&amp;ie=UTF8&amp;t=f&amp;ll=41.919017,3.083641&amp;spn=0.000599,0.002063&amp;z=19&amp;ecpose=41.9176665,3.08364084,379.36,0.001,55.477,0&amp;source=embed\">E-Ruta Dolmens de la Serra de Cals<\/a> en un mapa m\u00e9s gran<\/small><\/p>\n<\/td><\/tr><\/tbody><\/table><\/figure>\n","protected":false},"excerpt":{"rendered":"<p>Es tracta d\u2019una probable galeria catalana en U feta de lloses de pissarra. Del t\u00famul artificial de tend\u00e8ncia circular, terraplenat artificialment vers llevant amb blocs ajaguts, en queden restes visibles. La seva entrada \u00e9s orientada al sud-est (170\u00ba +\/- 5\u00ba). El monument visible amida interiorment 1,70m de llarg, per 0.80 m d\u2019ample, per 1.10m d\u2019al\u00e7ada [&hellip;]<\/p>\n","protected":false},"author":20,"featured_media":0,"parent":0,"menu_order":0,"comment_status":"closed","ping_status":"closed","template":"","meta":{"footnotes":""},"class_list":["post-46","page","type-page","status-publish","hentry"],"_links":{"self":[{"href":"https:\/\/webs.uab.cat\/megalits\/wp-json\/wp\/v2\/pages\/46","targetHints":{"allow":["GET"]}}],"collection":[{"href":"https:\/\/webs.uab.cat\/megalits\/wp-json\/wp\/v2\/pages"}],"about":[{"href":"https:\/\/webs.uab.cat\/megalits\/wp-json\/wp\/v2\/types\/page"}],"author":[{"embeddable":true,"href":"https:\/\/webs.uab.cat\/megalits\/wp-json\/wp\/v2\/users\/20"}],"replies":[{"embeddable":true,"href":"https:\/\/webs.uab.cat\/megalits\/wp-json\/wp\/v2\/comments?post=46"}],"version-history":[{"count":1,"href":"https:\/\/webs.uab.cat\/megalits\/wp-json\/wp\/v2\/pages\/46\/revisions"}],"predecessor-version":[{"id":495,"href":"https:\/\/webs.uab.cat\/megalits\/wp-json\/wp\/v2\/pages\/46\/revisions\/495"}],"wp:attachment":[{"href":"https:\/\/webs.uab.cat\/megalits\/wp-json\/wp\/v2\/media?parent=46"}],"curies":[{"name":"wp","href":"https:\/\/api.w.org\/{rel}","templated":true}]}}