{"id":48,"date":"2013-02-26T10:32:56","date_gmt":"2013-02-26T10:32:56","guid":{"rendered":"https:\/\/webs.uab.cat\/megalits\/pedra-dreta-de-les-tres-finques\/"},"modified":"2022-09-21T15:34:19","modified_gmt":"2022-09-21T15:34:19","slug":"pedra-dreta-de-les-tres-finques","status":"publish","type":"page","link":"https:\/\/webs.uab.cat\/megalits\/pedra-dreta-de-les-tres-finques\/","title":{"rendered":"Pedra Dreta de les Tres Finques"},"content":{"rendered":"\n<div class=\"wp-block-columns alignwide is-layout-flex wp-container-core-columns-is-layout-9d6595d7 wp-block-columns-is-layout-flex\">\n<div class=\"wp-block-column is-layout-flow wp-block-column-is-layout-flow\">\n<p>Ens trobem davant d\u2019una llosa de grans dimensions (1.54m d\u2019amplada, 1.70m d\u2019al\u00e7ada aproximada i 50cm de gruix) i de morfologia arrodonida que es troba disposada de forma totalment vertical. La llosa es troba alineada en direcci\u00f3 sud-oest\/nord-est. Durant els treballs d&#8217;excavaci\u00f3 del 2011 es confirm\u00e0 la intencionalitat antr\u00f2pica de la seva disposici\u00f3, per\u00f2 desconeixem la seva funcionalitat precisa, tot i que podria formar part de la cap\u00e7alera d&#8217;una sepulcre similar al Dolmen dels Tres Peus.<\/p>\n\n\n\n<p>Gr\u00e0cies als sondejos realitzats a l\u2019any 2011 es va documentar un nivell format per una gran acumulaci\u00f3 de pedres de petites i mitjanes dimensions encaixades entre elles i que podrien formar part del t\u00famul. Aquesta acumulaci\u00f3 descansa sobre la roca natural. Es important remarcar que de forma immediata a la llosa s\u2019hi documenta una fita actual com a indicador de separaci\u00f3 de tres finques, d&#8217;aqu\u00ed el seu nom.<\/p>\n\n\n\n<p>Actualment (5-09-11), es conserva una \u00fanica llosa de grans dimensions disposada de forma completament vertical. Hi ha una gran concentraci\u00f3 de pedres de petites i mitjanes dimensions que formarien part del t\u00famul.<\/p>\n\n\n\n<blockquote class=\"wp-block-quote is-layout-flow wp-block-quote-is-layout-flow\"><p><strong>Coordenades UTM:<\/strong> 31N&nbsp; 4641004; 507109E<strong> Altitud: <\/strong>281 m s.n.m<\/p><p><strong>Com arribar-hi:<\/strong> A la dreta del camp de la Cadena de Fitor trobem dues pistes. Aleshores cal agafar la de m\u00e9s a la dreta que \u2014en no massa bon estat\u2014 puja vers la serra de Cals. A menys d\u2019un&nbsp; quil\u00f2metre de distancia des de la pujada, a banda dreta i a pocs metres del cam\u00ed, en la carena de la serra i a sobre d\u2019un petit promontori aplanat es situa aquesta estructura megal\u00edtica. F\u00e0cil acc\u00e9s. Es troba situat uns 100 metres aproximadament vers el nord-oest del Dolmen de les Maries (ID20), i a 100 metres vers l\u2019est del dolmen de la Serra de Cals.<\/p><p><strong>Tipus de terreny geol\u00f2gic:&nbsp;<\/strong>La base geol\u00f2gica est\u00e0 formada per conglomerats, calcopelites, grauvaques i calc\u00e0ries (Sistema mediterrani), aix\u00ed com materials volc\u00e0nics i porfirites. En aquesta zona es situen diversos afloraments de pissarres ampel\u00edtiques (mapa geol\u00f2gic del ICC), visibles a nivell superficial.<\/p><p><strong>Materials:&nbsp;<\/strong>durant els sondejos realitzats al setembre de l\u2019any 2011 s\u2019hi va recuperar un \u00fanic fragment de cer\u00e0mica recent.<\/p><p><strong>Not\u00edcies hist\u00f2riques:&nbsp;<\/strong>donat a con\u00e8ixer per part de Joan Botey (propietari de la finca) a un grup d\u2019arque\u00f2legs vinculats a la Universitat Aut\u00f2noma de Barcelona (Departament de Prehist\u00f2ria, SAPPO) al mes de setembre de 2011.<\/p><p><strong>Intervencions:<\/strong> Al mes de setembre de 2011 es realitzaren dos sondejos, a banda i banda de la gran llosa vertical. El sondeig 1 es localitza a l\u2019oest de la llosa i presenta unes dimensions d\u20191m per 1,30m. Va permetre documentar un nivell format per una gran acumulaci\u00f3 de pedres d\u2019origen antr\u00f2pic. El sondeig 2 es localitza a l\u2019est de la gran llosa i presenta unes dimensions d\u20191m per 2m. Es aquesta banda no s\u2019hi va documentar el nivell d\u2019acumulaci\u00f3 de pedres i es va arribar a la roca natural.<\/p><\/blockquote>\n\n\n\n<p><strong>Per saber-ne mes:<\/strong><\/p>\n\n\n\n<p>Bofill, M.; Vicente, O.; Ortiz, A (2011): <em>Mem\u00f2ria de la intervenci\u00f3 arqueol\u00f2gica a la Serra d&#8217;en Cals (Fitor-Fonteta, Baix Empord\u00e0).<\/em> Setembre de 2011. (Mem\u00f2ria In\u00e8dita). Servei d&#8217;Arqueologia de la Generalitat de Catalunya.<\/p>\n\n\n\n<p>Vicente, O.;Bofill, M.; Ortiz, A (2012): <em><a href=\"http:\/\/www.academia.edu\/1966536\/INTERVENCIO_ARQUEOLOGICA_A_LA_SERRA_DEN_CALS_FITOR-FONTETA_BAIX_EMPORDA_\" target=\"_blank\" rel=\"noreferrer noopener\">Intervenci\u00f3 arqueol\u00f2gica a la serra d&#8217;en Cals (Fitor-Fonteta, Baix Empord\u00e0)<\/a>.<\/em> Onzenes Jornades d&#8217;Arqueologia de les Comarques de Girona, Girona, 2012, 83-89.<\/p>\n<\/div>\n\n\n\n<div class=\"wp-block-column is-layout-flow wp-block-column-is-layout-flow\">\n<figure class=\"wp-block-image\"><a href=\"http:\/\/pagines.uab.cat\/megalits\/sites\/pagines.uab.cat.megalits\/files\/images\/image053.preview.jpg\" target=\"_blank\" rel=\"noreferrer noopener\"><img decoding=\"async\" src=\"http:\/\/pagines.uab.cat\/megalits\/sites\/pagines.uab.cat.megalits\/files\/images\/image053.jpg\" alt=\"\"\/><\/a><figcaption>Pedra dreta de les Tres Finques. Detall de la gran llosa vertical vista des del nord (SAPPO)<\/figcaption><\/figure>\n\n\n\n<figure class=\"wp-block-image\"><a href=\"http:\/\/pagines.uab.cat\/megalits\/sites\/pagines.uab.cat.megalits\/files\/images\/image049.preview.jpg\" target=\"_blank\" rel=\"noreferrer noopener\"><img decoding=\"async\" src=\"http:\/\/pagines.uab.cat\/megalits\/sites\/pagines.uab.cat.megalits\/files\/images\/image049.jpg\" alt=\"\"\/><\/a><figcaption>Imatge zenital de la Pedra Dreta de les Tres Finques (SAPPO)<\/figcaption><\/figure>\n\n\n\n<figure class=\"wp-block-image\"><a href=\"http:\/\/pagines.uab.cat\/megalits\/sites\/pagines.uab.cat.megalits\/files\/images\/image051.preview.jpg\" target=\"_blank\" rel=\"noreferrer noopener\"><img decoding=\"async\" src=\"http:\/\/pagines.uab.cat\/megalits\/sites\/pagines.uab.cat.megalits\/files\/images\/image051.jpg\" alt=\"\"\/><\/a><figcaption>Pedra dreta de les Tres Finques. Detall de la gran llosa vertical vista des del sud-est (SAPPO)<\/figcaption><\/figure>\n<\/div>\n<\/div>\n\n\n\n<figure class=\"wp-block-table\"><table><tbody><tr><td>\n<p><strong>Situaci\u00f3:<\/strong><\/p>\n<p><iframe loading=\"lazy\" src=\"https:\/\/maps.google.es\/maps?q=https:%2F%2Fdl.dropbox.com%2Fu%2F28399760%2FERuta%2520Cals%2520Fitor.kml&amp;hl=ca&amp;sll=41.497151,2.155094&amp;sspn=0.778626,1.234589&amp;t=f&amp;ecpose=41.92147275,3.07357454,445.12,-0.007,38.09,-0.001&amp;ie=UTF8&amp;ll=41.922925,3.073574&amp;spn=0.001397,0.004828&amp;z=18&amp;output=embed\" marginwidth=\"0\" marginheight=\"0\" scrolling=\"no\" width=\"790\" height=\"300\" frameborder=\"0\">&amp;lt;iframe src=&#8221;https:\/\/maps.google.es\/maps\/ms?msid=202222010049608088798.0004dd3a2dc4f786c4242&amp;amp;amp;msa=0&amp;amp;amp;ie=UTF8&amp;amp;amp;t=f&amp;amp;amp;ll=41.919224,3.084577&amp;amp;amp;spn=0.000599,0.002063&amp;amp;amp;z=19&amp;amp;amp;ecpose=41.91790018,3.08457657,379.36,0.002,55.477,0&amp;amp;amp;output=embed&#8221; frameborder=&#8221;0&#8243; marginwidth=&#8221;0&#8243; marginheight=&#8221;0&#8243; scrolling=&#8221;no&#8221; width=&#8221;770&#8243; height=&#8221;300&#8243;&amp;gt;<\/iframe><br><small>Mostra <a style=\"color: #0000ff; text-align: left;\" href=\"https:\/\/maps.google.es\/maps\/ms?msid=202222010049608088798.0004dd3a2dc4f786c4242&amp;msa=0&amp;ie=UTF8&amp;t=f&amp;ll=41.919224,3.084577&amp;spn=0.000599,0.002063&amp;z=19&amp;ecpose=41.91790018,3.08457657,379.36,0.002,55.477,0&amp;source=embed\">E-Ruta Dolmens de la Serra de Cals<\/a> en un mapa m\u00e9s gran<\/small><\/p>\n<\/td><\/tr><\/tbody><\/table><\/figure>\n","protected":false},"excerpt":{"rendered":"<p>Ens trobem davant d\u2019una llosa de grans dimensions (1.54m d\u2019amplada, 1.70m d\u2019al\u00e7ada aproximada i 50cm de gruix) i de morfologia arrodonida que es troba disposada de forma totalment vertical. La llosa es troba alineada en direcci\u00f3 sud-oest\/nord-est. Durant els treballs d&#8217;excavaci\u00f3 del 2011 es confirm\u00e0 la intencionalitat antr\u00f2pica de la seva disposici\u00f3, per\u00f2 desconeixem la [&hellip;]<\/p>\n","protected":false},"author":20,"featured_media":0,"parent":0,"menu_order":0,"comment_status":"closed","ping_status":"closed","template":"","meta":{"footnotes":""},"class_list":["post-48","page","type-page","status-publish","hentry"],"_links":{"self":[{"href":"https:\/\/webs.uab.cat\/megalits\/wp-json\/wp\/v2\/pages\/48","targetHints":{"allow":["GET"]}}],"collection":[{"href":"https:\/\/webs.uab.cat\/megalits\/wp-json\/wp\/v2\/pages"}],"about":[{"href":"https:\/\/webs.uab.cat\/megalits\/wp-json\/wp\/v2\/types\/page"}],"author":[{"embeddable":true,"href":"https:\/\/webs.uab.cat\/megalits\/wp-json\/wp\/v2\/users\/20"}],"replies":[{"embeddable":true,"href":"https:\/\/webs.uab.cat\/megalits\/wp-json\/wp\/v2\/comments?post=48"}],"version-history":[{"count":1,"href":"https:\/\/webs.uab.cat\/megalits\/wp-json\/wp\/v2\/pages\/48\/revisions"}],"predecessor-version":[{"id":499,"href":"https:\/\/webs.uab.cat\/megalits\/wp-json\/wp\/v2\/pages\/48\/revisions\/499"}],"wp:attachment":[{"href":"https:\/\/webs.uab.cat\/megalits\/wp-json\/wp\/v2\/media?parent=48"}],"curies":[{"name":"wp","href":"https:\/\/api.w.org\/{rel}","templated":true}]}}