{"id":49,"date":"2013-02-26T10:37:08","date_gmt":"2013-02-26T10:37:08","guid":{"rendered":"https:\/\/webs.uab.cat\/megalits\/dolmen-de-les-maries\/"},"modified":"2022-09-21T15:35:28","modified_gmt":"2022-09-21T15:35:28","slug":"dolmen-de-les-maries","status":"publish","type":"page","link":"https:\/\/webs.uab.cat\/megalits\/dolmen-de-les-maries\/","title":{"rendered":"Dolmen de les Maries"},"content":{"rendered":"\n<div class=\"wp-block-columns alignwide is-layout-flex wp-container-core-columns-is-layout-9d6595d7 wp-block-columns-is-layout-flex\">\n<div class=\"wp-block-column is-layout-flow wp-block-column-is-layout-flow\">\n<p>Aquest \u00e9s un dolmen del qual s\u2019hi conserven restes visibles de la paret sud del passad\u00eds i de la possible coberta, una llosa de grans dimensions disposada horitzontalment i localitzada a l\u2019extrem nord-est de la alineaci\u00f3. Les tasques d\u2019excavaci\u00f3 realitzades a l\u2019any 2011 han perm\u00e8s confirmar la autenticitat d\u2019aquesta alineaci\u00f3 de lloses com a jaciment arqueol\u00f2gic de tipus megal\u00edtic. La paret nord del passad\u00eds no es conserva. La totalitat del conjunt conservat presenta unes dimensions de 5,20m de llarg\u00e0ria i 2m d\u2019amplada.<\/p>\n\n\n\n<p>Actualment (2-09-11), es conserven un total de 5 lloses de pissarra disposades de forma vertical i formant una alineaci\u00f3 en direcci\u00f3 nord-est\/sud-oest.&nbsp;<\/p>\n\n\n\n<blockquote class=\"wp-block-quote is-layout-flow wp-block-quote-is-layout-flow\"><p><strong>Coordenades UTM:<\/strong> 31N&nbsp; 4640876; 507239E<strong> Altitud: <\/strong>264 m s.n.m<\/p><p><strong>Com arribar-hi:<\/strong> A la dreta del camp de la Cadena de Fitor trobem dues pistes. Aleshores cal agafar la de m\u00e9s a la dreta que \u2014en no massa bon estat\u2014 puja vers la serra de Cals. A menys d\u2019un&nbsp; quil\u00f2metre de distancia des de la pujada, a la dreta i a pocs metres del cam\u00ed, en la carena de la serra i a sobre d\u2019un petit promontori aplanat \u00e9s situa aquesta estructura megal\u00edtica. F\u00e0cil acc\u00e9s.<\/p><p><strong>Tipus de terreny geol\u00f2gic: <\/strong>La base geol\u00f2gica est\u00e0 formada per conglomerats, calcopelites, grauvaques i calc\u00e0ries (Sistema mediterrani), aix\u00ed com materials volc\u00e0nics i porfirites. En aquesta zona es situen diversos afloraments de pissarres ampel\u00edtiques (mapa geol\u00f2gic del ICC), visibles a nivell superficial.<\/p><p><strong>Materials:&nbsp;<\/strong>durant els sondejos realitzats al setembre de l\u2019any 2011 no s\u2019hi va recuperar cap material.<\/p><p><strong>Not\u00edcies hist\u00f2riques:&nbsp;<\/strong>donat a con\u00e8ixer per part de Joan Botey (propietari de la finca) a un grup d\u2019arque\u00f2legs vinculats a la Universitat Aut\u00f2noma de Barcelona (Departament de Prehist\u00f2ria. SAPPO) al mes de setembre de 2011. El nom de Dolmen de les Maries, prov\u00e8 de la pers\u00e8ncia de dues arque\u00f2logues anomenades Maria en el moment de la seva excavaci\u00f3.<\/p><p><strong>Intervencions:<\/strong> intervingut al mes de setembre de 2011. Es realitz\u00e0 un sondeig d\u20191x2m amb l\u2019objectiu de trobar les lloses que formarien part de la paret nord del passad\u00eds i que completarien l\u2019estructura. Aquestes no s\u2019han trobat, per\u00f2 el sondeig ha perm\u00e8s con\u00e8ixer la profunditat d\u2019algunes de les lloses i documentar que les lloses estan clavades a la roca natural. No s\u2019hi recuper\u00e0 material arqueol\u00f2gic.<\/p><\/blockquote>\n\n\n\n<p><strong>Bibliografia:<\/strong><\/p>\n\n\n\n<p>Bofill, M.; Vicente, O.; Ortiz, A (2011): <em>Mem\u00f2ria de la intervenci\u00f3 arqueol\u00f2gica a la Serra d&#8217;en Cals (Fitor-Fonteta, Baix Empord\u00e0).<\/em> Setembre de 2011. (Mem\u00f2ria In\u00e8dita). Servei d&#8217;Arqueologia de la Generalitat de Catalunya.<\/p>\n\n\n\n<p>Vicente, O.;Bofill, M.; Ortiz, A (2012): <em><a href=\"http:\/\/www.academia.edu\/1966536\/INTERVENCIO_ARQUEOLOGICA_A_LA_SERRA_DEN_CALS_FITOR-FONTETA_BAIX_EMPORDA_\" target=\"_blank\" rel=\"noreferrer noopener\">Intervenci\u00f3 arqueol\u00f2gica a la serra d&#8217;en Cals (Fitor-Fonteta, Baix Empord\u00e0)<\/a>.<\/em> Onzenes Jornades d&#8217;Arqueologia de les Comarques de Girona, Girona, 2012, 83-89.<\/p>\n<\/div>\n\n\n\n<div class=\"wp-block-column is-layout-flow wp-block-column-is-layout-flow\">\n<figure class=\"wp-block-image\"><a href=\"http:\/\/pagines.uab.cat\/megalits\/sites\/pagines.uab.cat.megalits\/files\/images\/maries_1.preview.jpg\" target=\"_blank\" rel=\"noreferrer noopener\"><img decoding=\"async\" src=\"http:\/\/pagines.uab.cat\/megalits\/sites\/pagines.uab.cat.megalits\/files\/images\/maries_1.jpg\" alt=\"\"\/><\/a><figcaption>Imatge zenital del Dolmen de les Maries (SAPPO)<\/figcaption><\/figure>\n\n\n\n<figure class=\"wp-block-image\"><a href=\"http:\/\/pagines.uab.cat\/megalits\/sites\/pagines.uab.cat.megalits\/files\/images\/image058.jpg\" target=\"_blank\" rel=\"noreferrer noopener\"><img decoding=\"async\" src=\"http:\/\/pagines.uab.cat\/megalits\/sites\/pagines.uab.cat.megalits\/files\/images\/image058.jpg\" alt=\"\"\/><\/a><figcaption>Detall del final del sondeig 1 amb la base de la llosa D al descobert del dolmen de les Maries (SAPPO)<\/figcaption><\/figure>\n\n\n\n<figure class=\"wp-block-image\"><a href=\"http:\/\/pagines.uab.cat\/megalits\/sites\/pagines.uab.cat.megalits\/files\/images\/image060.jpg\" target=\"_blank\" rel=\"noreferrer noopener\"><img decoding=\"async\" src=\"http:\/\/pagines.uab.cat\/megalits\/sites\/pagines.uab.cat.megalits\/files\/images\/image060.jpg\" alt=\"\"\/><\/a><figcaption>vista general del monument des de l\u2019oest (SAPPO)<\/figcaption><\/figure>\n<\/div>\n<\/div>\n\n\n\n<figure class=\"wp-block-table\"><table><tbody><tr><td>\n<p><strong>Situaci\u00f3:<\/strong><\/p>\n<p><iframe loading=\"lazy\" src=\"https:\/\/maps.google.es\/maps\/ms?msid=202222010049608088798.0004dd3a2dc4f786c4242&amp;msa=0&amp;ie=UTF8&amp;t=f&amp;ll=41.918158,3.086316&amp;spn=0.000599,0.002063&amp;z=19&amp;ecpose=41.91666626,3.08631544,379.36,0.003,55.477,0&amp;output=embed\" marginwidth=\"0\" marginheight=\"0\" scrolling=\"no\" width=\"770\" height=\"300\" frameborder=\"0\"><\/iframe><br><small>Mostra <a style=\"color: #0000ff; text-align: left;\" href=\"https:\/\/maps.google.es\/maps\/ms?msid=202222010049608088798.0004dd3a2dc4f786c4242&amp;msa=0&amp;ie=UTF8&amp;t=f&amp;ll=41.918158,3.086316&amp;spn=0.000599,0.002063&amp;z=19&amp;ecpose=41.91666626,3.08631544,379.36,0.003,55.477,0&amp;source=embed\">E-Ruta Dolmens de la Serra de Cals<\/a> en un mapa m\u00e9s gran<\/small><\/p>\n<\/td><\/tr><\/tbody><\/table><\/figure>\n","protected":false},"excerpt":{"rendered":"<p>Aquest \u00e9s un dolmen del qual s\u2019hi conserven restes visibles de la paret sud del passad\u00eds i de la possible coberta, una llosa de grans dimensions disposada horitzontalment i localitzada a l\u2019extrem nord-est de la alineaci\u00f3. Les tasques d\u2019excavaci\u00f3 realitzades a l\u2019any 2011 han perm\u00e8s confirmar la autenticitat d\u2019aquesta alineaci\u00f3 de lloses com a jaciment [&hellip;]<\/p>\n","protected":false},"author":20,"featured_media":0,"parent":0,"menu_order":0,"comment_status":"closed","ping_status":"closed","template":"","meta":{"footnotes":""},"class_list":["post-49","page","type-page","status-publish","hentry"],"_links":{"self":[{"href":"https:\/\/webs.uab.cat\/megalits\/wp-json\/wp\/v2\/pages\/49","targetHints":{"allow":["GET"]}}],"collection":[{"href":"https:\/\/webs.uab.cat\/megalits\/wp-json\/wp\/v2\/pages"}],"about":[{"href":"https:\/\/webs.uab.cat\/megalits\/wp-json\/wp\/v2\/types\/page"}],"author":[{"embeddable":true,"href":"https:\/\/webs.uab.cat\/megalits\/wp-json\/wp\/v2\/users\/20"}],"replies":[{"embeddable":true,"href":"https:\/\/webs.uab.cat\/megalits\/wp-json\/wp\/v2\/comments?post=49"}],"version-history":[{"count":1,"href":"https:\/\/webs.uab.cat\/megalits\/wp-json\/wp\/v2\/pages\/49\/revisions"}],"predecessor-version":[{"id":500,"href":"https:\/\/webs.uab.cat\/megalits\/wp-json\/wp\/v2\/pages\/49\/revisions\/500"}],"wp:attachment":[{"href":"https:\/\/webs.uab.cat\/megalits\/wp-json\/wp\/v2\/media?parent=49"}],"curies":[{"name":"wp","href":"https:\/\/api.w.org\/{rel}","templated":true}]}}