{"id":51,"date":"2013-02-26T10:40:11","date_gmt":"2013-02-26T10:40:11","guid":{"rendered":"https:\/\/webs.uab.cat\/megalits\/inscultures-de-la-roca-de-lagla\/"},"modified":"2022-09-21T15:37:33","modified_gmt":"2022-09-21T15:37:33","slug":"inscultures-de-la-roca-de-lagla","status":"publish","type":"page","link":"https:\/\/webs.uab.cat\/megalits\/inscultures-de-la-roca-de-lagla\/","title":{"rendered":"Inscultures de la Roca de l&#8217;Agl\u00e0"},"content":{"rendered":"\n<div class=\"wp-block-columns alignwide is-layout-flex wp-container-core-columns-is-layout-9d6595d7 wp-block-columns-is-layout-flex\">\n<div class=\"wp-block-column is-layout-flow wp-block-column-is-layout-flow\">\n<p>Al voltant del Dolmen de la Roca de l\u2019Agl\u00e0 trobareu diverses inscultures, cassoletes excavades a la roca, que formen part de la simbologia del megalitisme a la zona.<\/p>\n\n\n\n<p>La utilitzaci\u00f3 dels gravats en \u00e8poca prehist\u00f2rica sembla molt variada. En alguns casos, quan es troben sobre monuments megal\u00edtics o ben a prop, podem pensar en raons culturals\/rituals, relacionades amb l&#8217;escolament de l\u00edquids o amb explicacions de llegendes, indicacions, etc. que ara per ara desconeixem. D\u2019altra banda, per\u00f2, la seva situaci\u00f3 en punts dominants del paisatge, sovint al voltant d&#8217;una vall o d&#8217;una plana rica en recursos naturals, fa pensar que tamb\u00e9 actuaven com a marcadors de territoris o de zones d&#8217;influ\u00e8ncia de les comunitats prehist\u00f2riques (<em>Roqu\u00e9 et al.,<\/em> 1995).<\/p>\n\n\n\n<p>L&#8217;antiguitat d&#8217;aquestes marques \u00e9s sovint dif\u00edcil d&#8217;establir. Tot i aix\u00ed, l\u2019aparici\u00f3 d\u2019aquests gravats sobre diversos jaciments prehist\u00f2rics, sobretot monuments megal\u00edtics (ex. Mas Estanyet), sembla evidenciar la seva antiguitat. Per tant, s\u2019interpreta que bona part de les inscultures que apareixen associades als meg\u00e0lits van ser realitzades pels seus mateixos constructors. A m\u00e9s a m\u00e9s, segons la t\u00e8cnica de manufactura utilitzada en insculpir els gravats, la qual haur\u00e0 deixat traces segons el tipus d\u2019\u00fatil emprat, de pedra o met\u00e0l\u00b7lic, tamb\u00e9 aporta informaci\u00f3 per establir la seva possible cronologia prehist\u00f2rica.<\/p>\n\n\n\n<blockquote class=\"wp-block-quote is-layout-flow wp-block-quote-is-layout-flow\"><p><strong>Coordenades UTM: <\/strong>31N 4640585N; 508126E <strong>Altitud: <\/strong>246 m s.n.mn<\/p><p><strong>Com arribar-hi:<\/strong>&nbsp;Passat el camp de la cadena, a uns 750 metres, trenquem a ma esquerra. A una trentena de metres trobarem el dolmen i una mica mes enll\u00e0 les inscultures.<\/p><p><strong>Not\u00edcies hist\u00f2riques: <\/strong>Llu\u00eds Esteva public\u00e0 una refer\u00e8ncia al 1965<strong>.&nbsp;<\/strong><\/p><\/blockquote>\n\n\n\n<p><strong>Bibliografia:<\/strong><\/p>\n\n\n\n<ol class=\"wp-block-list\"><li>Josep Oriol Font Cot (2004) Informe-Mem\u00f2ria de la prospecci\u00f3 dels seg\u00fcents sepulcres megal\u00edtics de Forallac, Fitor-Fonteta: Dolmen del Dr. Pericot; Serra Mitjana; Roca de la Gla; Vinya Gran; Mas Estanyet; Dolmen d\u2019en Botey; Taula dels tres pagesos; Llobinar. Servei d\u2019Arqueologia de Catalunya.<\/li><li>Esteva L. (1965)<\/li><li>Tarr\u00fas (1990)<\/li><li>Roqu\u00e9 C.,&nbsp; Pall\u00ed&nbsp; L., Tarr\u00fas&nbsp; J.,Carreras E. (1995) <strong><a href=\"http:\/\/dugi-doc.udg.edu\/bitstream\/handle\/10256\/5899\/Aportacions-Coneixement-Gravats.pdf?sequence=1\" target=\"_blank\" rel=\"noreferrer noopener\"><em>Aportacions al coneixement dels gravats prehist\u00f2rics dels massissos de les Gavarres i de Begur (Girona)<\/em><\/a><\/strong> Estudis sobre el Baix Empord\u00e0. volum n.\u00b0 14<\/li><\/ol>\n<\/div>\n\n\n\n<div class=\"wp-block-column is-layout-flow wp-block-column-is-layout-flow\">\n<figure class=\"wp-block-image\"><a href=\"http:\/\/pagines.uab.cat\/megalits\/sites\/pagines.uab.cat.megalits\/files\/images\/2013-02-15%2008.53.27.preview.jpg\" target=\"_blank\" rel=\"noreferrer noopener\"><img decoding=\"async\" src=\"http:\/\/pagines.uab.cat\/megalits\/sites\/pagines.uab.cat.megalits\/files\/images\/2013-02-15%2008.53.27.jpg\" alt=\"\"\/><\/a><figcaption>Inscultures de la Roca de l&#8217;Agl\u00e0 (SAPPO)<\/figcaption><\/figure>\n\n\n\n<figure class=\"wp-block-image\"><a href=\"http:\/\/pagines.uab.cat\/megalits\/sites\/pagines.uab.cat.megalits\/files\/images\/Diapositiva8.preview.PNG\" target=\"_blank\" rel=\"noreferrer noopener\"><img decoding=\"async\" src=\"http:\/\/pagines.uab.cat\/megalits\/sites\/pagines.uab.cat.megalits\/files\/images\/Diapositiva8.PNG\" alt=\"\"\/><\/a><figcaption>Planta i fotografia del Dolmen de la Roca de l&#8217;Agl\u00e0. Esteva (1965)<\/figcaption><\/figure>\n<\/div>\n<\/div>\n\n\n\n<figure class=\"wp-block-table\"><table><tbody><tr><td>\n<p><strong>Situaci\u00f3:<\/strong><\/p>\n<p><iframe loading=\"lazy\" src=\"https:\/\/maps.google.es\/maps\/ms?msid=202222010049608088798.0004dd3a2dc4f786c4242&amp;msa=0&amp;ie=UTF8&amp;t=f&amp;ll=41.917246,3.097956&amp;spn=0.000599,0.002063&amp;z=19&amp;ecpose=41.91593723,3.09795559,331.51,0.01,59.748,0.001&amp;output=embed\" marginwidth=\"0\" marginheight=\"0\" scrolling=\"no\" width=\"770\" height=\"300\" frameborder=\"0\"><\/iframe><br><small>Mostra <a style=\"color: #0000ff; text-align: left;\" href=\"https:\/\/maps.google.es\/maps\/ms?msid=202222010049608088798.0004dd3a2dc4f786c4242&amp;msa=0&amp;ie=UTF8&amp;t=f&amp;ll=41.917246,3.097956&amp;spn=0.000599,0.002063&amp;z=19&amp;ecpose=41.91593723,3.09795559,331.51,0.01,59.748,0.001&amp;source=embed\">E-Ruta Dolmens de la Serra de Cals<\/a> en un mapa m\u00e9s gran<\/small><\/p>\n<\/td><\/tr><\/tbody><\/table><\/figure>\n","protected":false},"excerpt":{"rendered":"<p>Al voltant del Dolmen de la Roca de l\u2019Agl\u00e0 trobareu diverses inscultures, cassoletes excavades a la roca, que formen part de la simbologia del megalitisme a la zona. La utilitzaci\u00f3 dels gravats en \u00e8poca prehist\u00f2rica sembla molt variada. En alguns casos, quan es troben sobre monuments megal\u00edtics o ben a prop, podem pensar en raons [&hellip;]<\/p>\n","protected":false},"author":20,"featured_media":0,"parent":0,"menu_order":0,"comment_status":"closed","ping_status":"closed","template":"","meta":{"footnotes":""},"class_list":["post-51","page","type-page","status-publish","hentry"],"_links":{"self":[{"href":"https:\/\/webs.uab.cat\/megalits\/wp-json\/wp\/v2\/pages\/51","targetHints":{"allow":["GET"]}}],"collection":[{"href":"https:\/\/webs.uab.cat\/megalits\/wp-json\/wp\/v2\/pages"}],"about":[{"href":"https:\/\/webs.uab.cat\/megalits\/wp-json\/wp\/v2\/types\/page"}],"author":[{"embeddable":true,"href":"https:\/\/webs.uab.cat\/megalits\/wp-json\/wp\/v2\/users\/20"}],"replies":[{"embeddable":true,"href":"https:\/\/webs.uab.cat\/megalits\/wp-json\/wp\/v2\/comments?post=51"}],"version-history":[{"count":1,"href":"https:\/\/webs.uab.cat\/megalits\/wp-json\/wp\/v2\/pages\/51\/revisions"}],"predecessor-version":[{"id":502,"href":"https:\/\/webs.uab.cat\/megalits\/wp-json\/wp\/v2\/pages\/51\/revisions\/502"}],"wp:attachment":[{"href":"https:\/\/webs.uab.cat\/megalits\/wp-json\/wp\/v2\/media?parent=51"}],"curies":[{"name":"wp","href":"https:\/\/api.w.org\/{rel}","templated":true}]}}