{"id":55,"date":"2013-03-07T09:55:15","date_gmt":"2013-03-07T09:55:15","guid":{"rendered":"https:\/\/webs.uab.cat\/megalits\/els-megalits\/"},"modified":"2022-09-21T14:42:40","modified_gmt":"2022-09-21T14:42:40","slug":"els-megalits","status":"publish","type":"page","link":"https:\/\/webs.uab.cat\/megalits\/els-megalits\/","title":{"rendered":"Els meg\u00e0lits"},"content":{"rendered":"\n<div class=\"wp-block-columns alignwide is-layout-flex wp-container-core-columns-is-layout-9d6595d7 wp-block-columns-is-layout-flex\">\n<div class=\"wp-block-column is-layout-flow wp-block-column-is-layout-flow\">\n<div class=\"wp-block-buttons is-layout-flex wp-block-buttons-is-layout-flex\">\n<div class=\"wp-block-button has-custom-width wp-block-button__width-100\"><a class=\"wp-block-button__link\" href=\"#qui\">Qui i quan es van construir?<\/a><\/div>\n<\/div>\n<\/div>\n\n\n\n<div class=\"wp-block-column is-layout-flow wp-block-column-is-layout-flow\">\n<div class=\"wp-block-buttons is-layout-flex wp-block-buttons-is-layout-flex\">\n<div class=\"wp-block-button has-custom-width wp-block-button__width-100\"><a class=\"wp-block-button__link\" href=\"#perque\">Per qu\u00e8 servien?<\/a><\/div>\n<\/div>\n<\/div>\n\n\n\n<div class=\"wp-block-column is-layout-flow wp-block-column-is-layout-flow\">\n<div class=\"wp-block-buttons is-layout-flex wp-block-buttons-is-layout-flex\">\n<div class=\"wp-block-button has-custom-width wp-block-button__width-100\"><a class=\"wp-block-button__link\" href=\"#com\">Com s&#8217;utilitzaven?<\/a><\/div>\n<\/div>\n<\/div>\n<\/div>\n\n\n\n<div class=\"wp-block-columns alignwide is-not-stacked-on-mobile is-layout-flex wp-container-core-columns-is-layout-9d6595d7 wp-block-columns-is-layout-flex\">\n<div class=\"wp-block-column is-layout-flow wp-block-column-is-layout-flow\">\n<p>Un <strong>meg\u00e0lit<\/strong> (paraula d\u2019origen grec, <em>mega<\/em>-gran, <em>lithos<\/em>-pedra) \u00e9s una estructura constru\u00efda a partir de grans pedres i altres t\u00e8cniques que es van concebre principalment com una expressi\u00f3 de monumentalitat. Van ser constru\u00efdes a multitud d\u2019indrets del m\u00f3n, aix\u00ed com tamb\u00e9 a diverses \u00e8poques des de la Prehist\u00f2ria fins a l\u2019actualitat.. Altres termes com dolmen, menhir i cromlecs (d\u2019origen bret\u00f3) designen diferents tipus de meg\u00e0lits. Un <strong>dolmen<\/strong> est\u00e0 format per diverses lloses que conformen una cambra on es dipositen enterraments humans. Els <strong>menhirs<\/strong> s\u00f3n meg\u00e0lits m\u00e9s simples i corresponen amb una gran pedra allargada disposada en vertical sobre el terreny. Pel que fa als <strong>cromlecs<\/strong>, es tracta de cercles formats per grans pedres o menhirs, els quals poden existir com a estructures independents, o poden estar envoltant dolmens i formar part de la mateixa estructura megal\u00edtica. L\u2019exemple m\u00e9s emblem\u00e0tic de meg\u00e0lit \u00e9s un cromlec anomenat <strong><em>Stonehenge,<\/em><\/strong> localitzat al sud de Gran Bretanya.<\/p>\n\n\n\n<h2 class=\"wp-block-heading\"><strong>Qui i quan es van construir?<\/strong><\/h2>\n\n\n\n<p>Els dibuixos de l\u2019Obelix portant una gran pedra (un menhir) a l\u2019esquena estan inspirats en els menhirs reals existents a la G\u00e0l\u00b7lia francesa del s.I abans de la nostre Era (l\u2019\u00e8poca dels romans i els pobles b\u00e0rbars). Aquests monuments gals per\u00f2 van ser constru\u00efts molt temps abans, concretament a la darrera fase de la <strong>Prehist\u00f2ria<\/strong>.<\/p>\n\n\n\n<p>El Megalitisme, ent\u00e8s com a construccions amb pedres de grans dimensions, \u00e9s una fenomen d\u2019abast gaireb\u00e9 mundial, desenvolupat al llarg de molts per\u00edodes hist\u00f2rics. D\u2019aquesta forma, destaca l\u2019exist\u00e8ncia d\u2019una gran diversitat entre el conjunt d\u2019aquestes <em>societats megal\u00edtiques<\/em>, que van ser neol\u00edtiques en algunes regions del m\u00f3n (Europa occidental); de l\u2019Edat del Bronze (Proper Orient); de l\u2019Edat del Ferro (Tr\u00e0cia); societats ind\u00edgenes pr\u00e8vies al colonialisme europeu (illa de Pasqua); i finalment, algunes de contempor\u00e0nies (Madagascar).&nbsp;<\/p>\n\n\n\n<p>En el territori de l\u2019actual Catalunya el Megalitisme forma part d\u2019un fenomen gestat i desenvolupat a la fa\u00e7ana atl\u00e0ntica europea durant la Prehist\u00f2ria recent, caracteritzat per la construcci\u00f3 de monuments de car\u00e0cter funerari mitjan\u00e7ant la utilitzaci\u00f3 de grans blocs de pedra.<\/p>\n\n\n\n<p>Al territori catal\u00e0, al igual que a la G\u00e0l\u00b7lia francesa, els meg\u00e0lits es van comen\u00e7ar a construir en el <strong>per\u00edode Neol\u00edtic<\/strong>, moment en qu\u00e8 els humans van comen\u00e7ar a practicar l\u2019agricultura i la ramaderia. Els grups humans que habitaven el territori catal\u00e0 en aquells moments fa aproximadament uns 6000 anys vivien en poblats de cabanes i ocupaven tamb\u00e9 les coves naturals que hi han disperses per les muntanyes.<\/p>\n\n\n\n<p><\/p>\n\n\n\n<blockquote class=\"wp-block-quote is-layout-flow wp-block-quote-is-layout-flow\"><p><em><strong><a href=\"https:\/\/webs.uab.cat\/megalits\/c14\/\" data-type=\"page\" data-id=\"57\">&#8230;.a m\u00e9s a m\u00e9s: La dataci\u00f3 del megalitisme<\/a><\/strong><\/em><\/p><\/blockquote>\n\n\n\n<h2 class=\"wp-block-heading\" id=\"perque\"><strong><a><\/a>Per qu\u00e8 servien?<\/strong><\/h2>\n\n\n\n<p>La funci\u00f3 dels meg\u00e0lits pot ser molt diversa segons el context en el qual es troben. En el cas dels meg\u00e0lits catalans, aquets s\u2019han interpretat com a espais funeraris a partir de la pres\u00e8ncia d\u2019enterraments humans en el seu interior. Paral\u00b7lelament s\u2019ha assenyalat que a la vegada, a part de la funci\u00f3 funer\u00e0ria, devien constituir marcadors del territori d\u2019una manera semblant a com actualment s\u2019utilitzen les fites de separaci\u00f3 de terrenys i finques. En aquet sentit, la ubicaci\u00f3 dels meg\u00e0lits i la seva relaci\u00f3 amb el territori \u00e9s cabdal per poder entendre la seva funci\u00f3 i la seva vinculaci\u00f3 amb els humans que els van construir i utilitzar.<\/p>\n\n\n\n<blockquote class=\"wp-block-quote is-layout-flow wp-block-quote-is-layout-flow\"><p><a href=\"http:\/\/pagines.uab.cat\/megalits\/content\/megalitisme-i-territori#territori\"><em><strong>&#8230;.a m\u00e9s a m\u00e9s: megalitis<\/strong><\/em><\/a><em><strong><a href=\"https:\/\/webs.uab.cat\/megalits\/megalitisme-i-territori#territori\">me i territori<\/a><\/strong><\/em><\/p><\/blockquote>\n\n\n\n<h2 class=\"wp-block-heading\" id=\"com\"><strong><a><\/a>Com s\u2019utilitzaven?<\/strong><\/h2>\n\n\n\n<p>En el cas dels dolmens, ens hem d\u2019imaginar que aquests monuments funcionaven com els nostres cementeris actuals: es tracta d\u2019un espai on dipositem els cossos dels nostres familiars i amics que han mort. Els dolmens constitueixen un espai on s\u2019enterrava un grup de persones de manera conjunta, de tal forma que podem interpretar que aquelles persones (homes, dones, infants) formaven part d\u2019un grup concret (una fam\u00edlia, un grup social determinat, persones d\u2019una mateix poblat). A m\u00e9s a m\u00e9s, al igual que els cementeris actuals, els dolmens eren un espai de visita i rituals diversos on es relacionaven els vius amb seus morts.<\/p>\n\n\n\n<p>Pel que fa als menhirs, la hip\u00f2tesi de qu\u00e8 es tracti de marcadors territorials \u00e9s molt acceptada. Incl\u00fas molts d\u2019ells presenten gravats que podien transmetre missatges durant la Prehist\u00f2ria. D\u2019altra banda, tamb\u00e9 cal tenir en compte en cada cas la relaci\u00f3 entre les diverses manifestacions lligades al Megalitisme en un territori concret (per ex. dolmens, menhirs i inscultures), ja que el seu significat i la seva funcionalitat poden estar relacionades entre si.<\/p>\n\n\n\n<blockquote class=\"wp-block-quote is-layout-flow wp-block-quote-is-layout-flow\"><p><a href=\"https:\/\/webs.uab.cat\/megalits\/practiques-funeraries#tombes\"><em><strong>&#8230;a m\u00e9s a m\u00e9s: megalitisme i \u00fas funerari<\/strong><\/em><\/a><\/p><\/blockquote>\n<\/div>\n\n\n\n<div class=\"wp-block-column is-layout-flow wp-block-column-is-layout-flow\">\n<div class=\"wp-block-group is-vertical is-layout-flex wp-container-core-group-is-layout-8cf370e7 wp-block-group-is-layout-flex\">\n<figure class=\"wp-block-embed is-type-video is-provider-youtube wp-block-embed-youtube wp-embed-aspect-4-3 wp-has-aspect-ratio\"><div class=\"wp-block-embed__wrapper\">\n<iframe loading=\"lazy\" title=\"La construcci\u00f3n de un dolmen\" width=\"580\" height=\"435\" src=\"https:\/\/www.youtube.com\/embed\/x3KVE8X22Gc?feature=oembed\" frameborder=\"0\" allow=\"accelerometer; autoplay; clipboard-write; encrypted-media; gyroscope; picture-in-picture; web-share\" referrerpolicy=\"strict-origin-when-cross-origin\" allowfullscreen><\/iframe>\n<\/div><figcaption>V\u00eddeo de la construcci\u00f3 d&#8217;un Dolmen en 3D. Font: Youtube.<\/figcaption><\/figure>\n<\/div>\n\n\n\n<figure class=\"wp-block-image size-large is-resized\"><img loading=\"lazy\" decoding=\"async\" src=\"https:\/\/webs.uab.cat\/megalits\/wp-content\/uploads\/sites\/214\/2022\/09\/Cromaleque_dos_Almendres_Alentejo_Portugal_September_2005-1024x683.jpg\" alt=\"\" class=\"wp-image-351\" width=\"409\" height=\"273\" srcset=\"https:\/\/webs.uab.cat\/megalits\/wp-content\/uploads\/sites\/214\/2022\/09\/Cromaleque_dos_Almendres_Alentejo_Portugal_September_2005-1024x683.jpg 1024w, https:\/\/webs.uab.cat\/megalits\/wp-content\/uploads\/sites\/214\/2022\/09\/Cromaleque_dos_Almendres_Alentejo_Portugal_September_2005-300x200.jpg 300w, https:\/\/webs.uab.cat\/megalits\/wp-content\/uploads\/sites\/214\/2022\/09\/Cromaleque_dos_Almendres_Alentejo_Portugal_September_2005-768x512.jpg 768w, https:\/\/webs.uab.cat\/megalits\/wp-content\/uploads\/sites\/214\/2022\/09\/Cromaleque_dos_Almendres_Alentejo_Portugal_September_2005-1536x1024.jpg 1536w, https:\/\/webs.uab.cat\/megalits\/wp-content\/uploads\/sites\/214\/2022\/09\/Cromaleque_dos_Almendres_Alentejo_Portugal_September_2005-2048x1365.jpg 2048w, https:\/\/webs.uab.cat\/megalits\/wp-content\/uploads\/sites\/214\/2022\/09\/Cromaleque_dos_Almendres_Alentejo_Portugal_September_2005-1200x800.jpg 1200w, https:\/\/webs.uab.cat\/megalits\/wp-content\/uploads\/sites\/214\/2022\/09\/Cromaleque_dos_Almendres_Alentejo_Portugal_September_2005-1980x1320.jpg 1980w\" sizes=\"auto, (max-width: 409px) 100vw, 409px\" \/><figcaption>Cromlec de <a rel=\"noreferrer noopener\" href=\"https:\/\/en.wikipedia.org\/wiki\/Almendres_Cromlech\" target=\"_blank\">Los Almendros<\/a> (Portugal). Font: Viquip\u00e8dia<\/figcaption><\/figure>\n\n\n\n<figure class=\"wp-block-image size-full is-resized\"><img loading=\"lazy\" decoding=\"async\" src=\"https:\/\/webs.uab.cat\/megalits\/wp-content\/uploads\/sites\/214\/2022\/09\/Dolmen_de_la_cova_d_en_Daina.jpg\" alt=\"\" class=\"wp-image-352\" width=\"404\" height=\"252\"\/><figcaption><a rel=\"noreferrer noopener\" href=\"https:\/\/ca.wikipedia.org\/wiki\/Cova_d%27en_Daina\" target=\"_blank\">Cova den Daina<\/a> (Romany\u00e0, La Selva), detall dels ortostats. <br>Font: Viquip\u00e8dia<\/figcaption><\/figure>\n\n\n\n<figure class=\"wp-block-image size-large is-resized\"><img loading=\"lazy\" decoding=\"async\" src=\"https:\/\/webs.uab.cat\/megalits\/wp-content\/uploads\/sites\/214\/2022\/09\/Stonehenge_Total-1024x768.jpg\" alt=\"\" class=\"wp-image-353\" width=\"405\" height=\"303\" srcset=\"https:\/\/webs.uab.cat\/megalits\/wp-content\/uploads\/sites\/214\/2022\/09\/Stonehenge_Total-1024x768.jpg 1024w, https:\/\/webs.uab.cat\/megalits\/wp-content\/uploads\/sites\/214\/2022\/09\/Stonehenge_Total-300x225.jpg 300w, https:\/\/webs.uab.cat\/megalits\/wp-content\/uploads\/sites\/214\/2022\/09\/Stonehenge_Total-768x576.jpg 768w, https:\/\/webs.uab.cat\/megalits\/wp-content\/uploads\/sites\/214\/2022\/09\/Stonehenge_Total-1536x1152.jpg 1536w, https:\/\/webs.uab.cat\/megalits\/wp-content\/uploads\/sites\/214\/2022\/09\/Stonehenge_Total-1200x900.jpg 1200w, https:\/\/webs.uab.cat\/megalits\/wp-content\/uploads\/sites\/214\/2022\/09\/Stonehenge_Total-1980x1485.jpg 1980w, https:\/\/webs.uab.cat\/megalits\/wp-content\/uploads\/sites\/214\/2022\/09\/Stonehenge_Total.jpg 2048w\" sizes=\"auto, (max-width: 405px) 100vw, 405px\" \/><figcaption>Cromlec de <a rel=\"noreferrer noopener\" href=\"https:\/\/ca.wikipedia.org\/wiki\/Stonehenge\" target=\"_blank\">Stonhenge<\/a>. Font: Viquip\u00e8dia<\/figcaption><\/figure>\n\n\n\n<figure class=\"wp-block-image size-full is-resized\"><img loading=\"lazy\" decoding=\"async\" src=\"https:\/\/webs.uab.cat\/megalits\/wp-content\/uploads\/sites\/214\/2022\/09\/Thap_passage_tomb.jpg\" alt=\"\" class=\"wp-image-354\" width=\"404\" height=\"303\" srcset=\"https:\/\/webs.uab.cat\/megalits\/wp-content\/uploads\/sites\/214\/2022\/09\/Thap_passage_tomb.jpg 720w, https:\/\/webs.uab.cat\/megalits\/wp-content\/uploads\/sites\/214\/2022\/09\/Thap_passage_tomb-300x225.jpg 300w\" sizes=\"auto, (max-width: 404px) 100vw, 404px\" \/><figcaption><a rel=\"noreferrer noopener\" href=\"https:\/\/en.wikipedia.org\/wiki\/Carrowmore\" target=\"_blank\">Carrowmore<\/a> (County Sligo, Irlanda). Font: Viquip\u00e8dia<\/figcaption><\/figure>\n<\/div>\n<\/div>\n\n\n\n<p><\/p>\n","protected":false},"excerpt":{"rendered":"<p>Un meg\u00e0lit (paraula d\u2019origen grec, mega-gran, lithos-pedra) \u00e9s una estructura constru\u00efda a partir de grans pedres i altres t\u00e8cniques que es van concebre principalment com una expressi\u00f3 de monumentalitat. Van ser constru\u00efdes a multitud d\u2019indrets del m\u00f3n, aix\u00ed com tamb\u00e9 a diverses \u00e8poques des de la Prehist\u00f2ria fins a l\u2019actualitat.. Altres termes com dolmen, menhir [&hellip;]<\/p>\n","protected":false},"author":20,"featured_media":0,"parent":0,"menu_order":0,"comment_status":"closed","ping_status":"closed","template":"","meta":{"footnotes":""},"class_list":["post-55","page","type-page","status-publish","hentry"],"_links":{"self":[{"href":"https:\/\/webs.uab.cat\/megalits\/wp-json\/wp\/v2\/pages\/55","targetHints":{"allow":["GET"]}}],"collection":[{"href":"https:\/\/webs.uab.cat\/megalits\/wp-json\/wp\/v2\/pages"}],"about":[{"href":"https:\/\/webs.uab.cat\/megalits\/wp-json\/wp\/v2\/types\/page"}],"author":[{"embeddable":true,"href":"https:\/\/webs.uab.cat\/megalits\/wp-json\/wp\/v2\/users\/20"}],"replies":[{"embeddable":true,"href":"https:\/\/webs.uab.cat\/megalits\/wp-json\/wp\/v2\/comments?post=55"}],"version-history":[{"count":13,"href":"https:\/\/webs.uab.cat\/megalits\/wp-json\/wp\/v2\/pages\/55\/revisions"}],"predecessor-version":[{"id":455,"href":"https:\/\/webs.uab.cat\/megalits\/wp-json\/wp\/v2\/pages\/55\/revisions\/455"}],"wp:attachment":[{"href":"https:\/\/webs.uab.cat\/megalits\/wp-json\/wp\/v2\/media?parent=55"}],"curies":[{"name":"wp","href":"https:\/\/api.w.org\/{rel}","templated":true}]}}