{"id":58,"date":"2013-04-29T15:21:44","date_gmt":"2013-04-29T15:21:44","guid":{"rendered":"https:\/\/webs.uab.cat\/megalits\/megalitisme-i-territori\/"},"modified":"2013-04-29T15:21:44","modified_gmt":"2013-04-29T15:21:44","slug":"megalitisme-i-territori","status":"publish","type":"page","link":"https:\/\/webs.uab.cat\/megalits\/megalitisme-i-territori\/","title":{"rendered":"Megalitisme i territori"},"content":{"rendered":"<blockquote>\n<p style=\"text-align: justify;\"><strong><em><a name=\"territori\"><\/a><\/em><\/strong><\/p>\n<p style=\"text-align: justify;\"><strong><em>A m\u00e9s a m\u00e9s&#8230;<\/em><\/strong><\/p>\n<p style=\"text-align: justify;\">D\u2019alguna manera els meg\u00e0lits es poden concebre com marques en el territori que tenen la funci\u00f3 de legitimar l\u2019establiment d\u2019una comunitat humana en un espai f\u00edsic determinat, mitjan\u00e7ant la presencia dels seus ancestres, \u00e9s a dir,&nbsp; els seus avantpassats enterrats a les estructures megal\u00edtiques.<\/p>\n<p style=\"text-align: justify;\">&nbsp;Recentment, noves teories en la investigaci\u00f3 sobre el Megalitisme a Europa assenyalen que les construccions megal\u00edtiques podrien haver actuat com elements de cohesi\u00f3 social en poblacions d\u2019h\u00e0bitat dispers, ja que reafirmarien el sentit de la comunitat mitjan\u00e7ant el treball col\u00b7lectiu que implicava la construcci\u00f3 d\u2019un meg\u00e0lit. A m\u00e9s a m\u00e9s, al enterrar-se en aquestes sepultures els membres d\u2019una mateixa comunitat (els ancestres) tamb\u00e9 es refor\u00e7aven els lligams entre els components vius d\u2019aquesta comunitat.<\/p>\n<\/blockquote>\n","protected":false},"excerpt":{"rendered":"<p>A m\u00e9s a m\u00e9s&#8230; D\u2019alguna manera els meg\u00e0lits es poden concebre com marques en el territori que tenen la funci\u00f3 de legitimar l\u2019establiment d\u2019una comunitat humana en un espai f\u00edsic determinat, mitjan\u00e7ant la presencia dels seus ancestres, \u00e9s a dir,&nbsp; els seus avantpassats enterrats a les estructures megal\u00edtiques. &nbsp;Recentment, noves teories en la investigaci\u00f3 sobre [&hellip;]<\/p>\n","protected":false},"author":20,"featured_media":0,"parent":0,"menu_order":0,"comment_status":"closed","ping_status":"closed","template":"","meta":{"footnotes":""},"class_list":["post-58","page","type-page","status-publish","hentry"],"_links":{"self":[{"href":"https:\/\/webs.uab.cat\/megalits\/wp-json\/wp\/v2\/pages\/58","targetHints":{"allow":["GET"]}}],"collection":[{"href":"https:\/\/webs.uab.cat\/megalits\/wp-json\/wp\/v2\/pages"}],"about":[{"href":"https:\/\/webs.uab.cat\/megalits\/wp-json\/wp\/v2\/types\/page"}],"author":[{"embeddable":true,"href":"https:\/\/webs.uab.cat\/megalits\/wp-json\/wp\/v2\/users\/20"}],"replies":[{"embeddable":true,"href":"https:\/\/webs.uab.cat\/megalits\/wp-json\/wp\/v2\/comments?post=58"}],"version-history":[{"count":0,"href":"https:\/\/webs.uab.cat\/megalits\/wp-json\/wp\/v2\/pages\/58\/revisions"}],"wp:attachment":[{"href":"https:\/\/webs.uab.cat\/megalits\/wp-json\/wp\/v2\/media?parent=58"}],"curies":[{"name":"wp","href":"https:\/\/api.w.org\/{rel}","templated":true}]}}