{"id":71,"date":"2013-06-25T13:19:37","date_gmt":"2013-06-25T13:19:37","guid":{"rendered":"https:\/\/webs.uab.cat\/megalits\/bibliografia\/"},"modified":"2022-09-21T12:51:01","modified_gmt":"2022-09-21T12:51:01","slug":"bibliografia","status":"publish","type":"page","link":"https:\/\/webs.uab.cat\/megalits\/bibliografia\/","title":{"rendered":"Bibliografia"},"content":{"rendered":"\n<h2 class=\"wp-block-heading\"><strong>Megalitisme a les Gavarres<\/strong><\/h2>\n\n\n\n<p>&#8211; Aicart, F. (2006). <em>Agust\u00ed Casas i l\u2019arqueologia de les Gavarres. <\/em>XIV Premi Joan Xirgo. Biblioteca Llu\u00eds Esteva. Consorci de les Gavarres.<\/p>\n\n\n\n<p>&#8211; Esteva i Crua\u00f1as, lL. (1964)<em> \u201cSepulcros megal\u00edticos de las Gabarras (Gerona) I\u201d. Corpus de sepulcros megal\u00edticos <\/em>3. Gerona.<\/p>\n\n\n\n<p>&#8211; Esteva i Crua\u00f1as, Ll. (1965)<em> \u201cSepulcros megal\u00edticos de las Gabarras (Gerona) II\u201d. Corpus de sepulcros megal\u00edticos <\/em>4. Gerona.<\/p>\n\n\n\n<p>&#8211; Esteva i Crua\u00f1as, Ll. (1970)<em> \u201cSepulcros megal\u00edticos de las Gabarras (Gerona) III\u201d. Corpus de sepulcros megal\u00edticos <\/em>5. Gerona.<\/p>\n\n\n\n<p>&#8211; Esteva i Crua\u00f1as, Ll.(1978)<em> \u201cSepulcros megal\u00edticos de las Gabarras. Noticias complementarias\u201d. Cypsela, n.2. Separata editada pel Museu Municipal de Sant Feliu de Gu\u00edxols. pp:55-89 <\/em><\/p>\n\n\n\n<p>&#8211; Esteva i Crua\u00f1as, Ll.(1982)<em> \u201cDolmen del Doctor Pericot (Fitor-Fonteta)\u201d. Cypsela. pp.45-51 <\/em><\/p>\n\n\n\n<p>&#8211; Pons i Brun, E. (1987) \u201cLa presencia megal\u00edtica\u201d. Revista de Girona. Pp.43-48<\/p>\n\n\n\n<p>&#8211; Roqu\u00e9, C., Pall\u00ed, L., Tarr\u00fas, J., Carreras, E. (1995), Aportacions al coneixement dels gravats prehist\u00f2rics dels massissos de les Gavarres i de Begur (Girona), <em>Estudis sobre el Baix Empord\u00e0<\/em>, N.\u00b0 14, pp-77-90.<\/p>\n\n\n\n<p>&#8211; Tarr\u00fas, J.; Badia, J.; Bofarull, B.; Carreras, E. i Pi\u00f1ero, M. D., (1990). <em>D\u00f2lmens i Menhirs. 48 monuments megal\u00edtics de les Gavarres I el Mass\u00eds d\u2019Ardenya (Baix Empord\u00e0, la Selva, el Giron\u00e8s)<\/em>. Guies del Patrimoni Comarcal, n.8, Editorial ART-3. Figueres.<\/p>\n\n\n\n<p>&#8211; Ort\u00edz, A., Bofill, M., (2012). <a href=\"http:\/\/www.santjust.org\/seas\/imatges\/CicleMegalitisme.pdf\">Pr\u00e0ctiques funer\u00e0ries i Megalitisme.<\/a> Publicaci\u00f3 online del Cicle de confer\u00e8ncies i excursions 2012-2013 \u201cDel Paleol\u00edtic a la romanitzaci\u00f3\u201d. Secci\u00f3 Excursionista de l\u2019Ateneu de Sant Just Desvern, Barcelona.<\/p>\n\n\n\n<p>&#8211; Piferrer, M., Ort\u00edz, A., Bofill, M., Vicente, O. (2013). \u201c<a href=\"http:\/\/www.forallac.cat\/attachments\/article\/59\/El%20Ramp%C3%AD_73_mar%C3%A7_2013.pdf\" target=\"_blank\" rel=\"noopener\">Es reactiven les excavacions en diferents meg\u00e0lits del mass\u00eds de les Gavarres<\/a>\u201d, <em>Revista El Ramp\u00ed<\/em>, n\u00fam.73, Forallac, pp.4-5.<\/p>\n\n\n\n<p>&#8211; Vicente, O.; Bofill, M.; Ort\u00edz, A. (2012), <a href=\"http:\/\/www.academia.edu\/1966536\/INTERVENCIO_ARQUEOLOGICA_A_LA_SERRA_DEN_CALS_FITOR-FONTETA_BAIX_EMPORDA_\" target=\"_blank\" rel=\"noopener\">Intervenci\u00f3 arqueol\u00f2gica a la Serra d&#8217;en Cals (Fitor-Fonteta, Baix Empord\u00e0)<\/a>, <em>Actes de les Onzenes Jornades d&#8217;Arqueologia a les comarques de Girona. 2012, <\/em>Girona<em>. <\/em>83-89.<\/p>\n\n\n\n<h2 class=\"wp-block-heading\"><strong>Megalitisme a Catalunya<\/strong><\/h2>\n\n\n\n<p>&#8211; Molist, M.; Cruells, W.; Castells, J. (1987) \u201cL\u2019\u00e0rea megal\u00edtica de Tavertet (Osona)\u201d. <em>Cota Zero<\/em>, Osona, 3: 55-68 .<\/p>\n\n\n\n<p>&#8211; Molist, M, Clop, X. (2010), Los or\u00edgenes del megalitismo en Catalunya en el marco de las pr\u00e1cticas funerarias del Neol\u00edtico, MUNIBE, suplem. n\u00ba32, pp.212-224.<\/p>\n\n\n\n<p>&#8211; Tarr\u00fas, J.; Badia, J.; Bofarull, B.; Carreras, E. i Pi\u00f1ero, M-D., (1988). <em>D\u00f2lmens i Menhirs. 111 monuments megal\u00edtics de l\u2019Alt Empord\u00e0 i Vallespir Orinetal. <\/em>Figueres. Carles Vall\u00e8s editor.<\/p>\n\n\n\n<p>&#8211; Tarr\u00fas, J. (2002), <em>Poblats, d\u00f2lmens i menhirs. Els grups megal\u00edtics de l\u2019Albera, serra de Rodes i cap de Creus (Alt Empord\u00e0, Rossell\u00f3 i Vallespir Oriental)<\/em>, Girona, Diputaci\u00f3 de Girona.<\/p>\n\n\n\n<p>&#8211; Tarr\u00fas, J. (2010), El megalitisme pleno en Catalunya: de los sepulcros de corredor a los d\u00f3lmenes simples, entre el IV i el III milenios cal. AC, MUNIBE, suplem. n\u00ba32, pp.188-211.<\/p>\n\n\n\n<p>&#8211; VVAA, (1987). Revista <em>Cota Zero<\/em>, <a href=\"http:\/\/www.raco.cat\/index.php\/CotaZero\/issue\/view\/5586\/showToc\" target=\"_blank\" rel=\"noopener\">Dossier Megalitisme: arquitectura i societat.<\/a><\/p>\n\n\n\n<h2 class=\"wp-block-heading\"><strong>Megalitisme altres indrets i obres generals<\/strong><\/h2>\n\n\n\n<p>&#8211; Briard, J. (1995) <em>Les M\u00e9galithes de l\u2019Europe Atlantique. Architecture et art fun\u00e9raire (5000-2000 avant J.-C.)<\/em>. Editions errance. Paris<\/p>\n\n\n\n<p>&#8211; Burennult, G. (2003) Megalithic chrologies, en: Burenhult, G. (ed.) <em>Stones and Bones: formal deposition of the dead in Atlantic Europe during the Mesolithic-Neolithic interface<\/em> <em>6000-3000 BC. <\/em><em>Archaeological Conference in Honour of the Late Professor Michael J. O\u2019Kelly. Proceedings of the Stones and Bones Conference in Sligo, Ireland, May 1-5, 2002.<\/em>BAR S1201. Oxford.<\/p>\n\n\n\n<p>&#8211; Guilaine, J. (dir.) (1999) <em>M\u00e9galithismes, de l\u2019Atlantiques \u00e0 l\u2019Ethiopie<\/em>. Editions errance. Paris.<\/p>\n\n\n\n<p>&#8211; Mu\u00f1oz, A.M. (2001) El Megalitismo en la Pen\u00ednsula Ib\u00e9rica. <em>SPAL <\/em>10: 185-191.<\/p>\n\n\n\n<p>&#8211; Renfrew, C. (1973). <em>Before Civilization: the radiocarbon revolution and prehistoric Europe<\/em>. Jonathan Cape Ltd, London.<\/p>\n\n\n\n<h2 class=\"wp-block-heading\"><strong><em>&nbsp;<\/em>Prehist\u00f2ria de Catalunya<\/strong><\/h2>\n\n\n\n<p>&nbsp;&#8211; Bosch, J.; Santacana, J. (2009) <em>Blat, metalls i cabdills. Catalunya del Neol\u00edtic a la iberitzaci\u00f3<\/em>, ed. Rafael Dalmau. Barcelona.<\/p>\n\n\n\n<p><em>&#8211;<\/em> Gibaja, J.F. (2004) \u201cPr\u00e1cticas funerarias durante el Neol\u00edtico en Catalu\u00f1a\u201d, Mainake, XXVI: 9-27.<\/p>\n","protected":false},"excerpt":{"rendered":"<p>Megalitisme a les Gavarres &#8211; Aicart, F. (2006). Agust\u00ed Casas i l\u2019arqueologia de les Gavarres. XIV Premi Joan Xirgo. Biblioteca Llu\u00eds Esteva. Consorci de les Gavarres. &#8211; Esteva i Crua\u00f1as, lL. (1964) \u201cSepulcros megal\u00edticos de las Gabarras (Gerona) I\u201d. Corpus de sepulcros megal\u00edticos 3. Gerona. &#8211; Esteva i Crua\u00f1as, Ll. (1965) \u201cSepulcros megal\u00edticos de las [&hellip;]<\/p>\n","protected":false},"author":20,"featured_media":0,"parent":0,"menu_order":0,"comment_status":"closed","ping_status":"closed","template":"","meta":{"footnotes":""},"class_list":["post-71","page","type-page","status-publish","hentry"],"_links":{"self":[{"href":"https:\/\/webs.uab.cat\/megalits\/wp-json\/wp\/v2\/pages\/71","targetHints":{"allow":["GET"]}}],"collection":[{"href":"https:\/\/webs.uab.cat\/megalits\/wp-json\/wp\/v2\/pages"}],"about":[{"href":"https:\/\/webs.uab.cat\/megalits\/wp-json\/wp\/v2\/types\/page"}],"author":[{"embeddable":true,"href":"https:\/\/webs.uab.cat\/megalits\/wp-json\/wp\/v2\/users\/20"}],"replies":[{"embeddable":true,"href":"https:\/\/webs.uab.cat\/megalits\/wp-json\/wp\/v2\/comments?post=71"}],"version-history":[{"count":1,"href":"https:\/\/webs.uab.cat\/megalits\/wp-json\/wp\/v2\/pages\/71\/revisions"}],"predecessor-version":[{"id":344,"href":"https:\/\/webs.uab.cat\/megalits\/wp-json\/wp\/v2\/pages\/71\/revisions\/344"}],"wp:attachment":[{"href":"https:\/\/webs.uab.cat\/megalits\/wp-json\/wp\/v2\/media?parent=71"}],"curies":[{"name":"wp","href":"https:\/\/api.w.org\/{rel}","templated":true}]}}