{"id":91,"date":"2023-10-27T11:10:38","date_gmt":"2023-10-27T09:10:38","guid":{"rendered":"https:\/\/webs.uab.cat\/melissapilotplant\/?page_id=91"},"modified":"2024-07-12T10:00:12","modified_gmt":"2024-07-12T08:00:12","slug":"concepto-melissa","status":"publish","type":"page","link":"https:\/\/webs.uab.cat\/melissapilotplant\/es\/concepto-melissa\/","title":{"rendered":"Concepto MELiSSA"},"content":{"rendered":"\n<p class=\"has-small-font-size\"><\/p>\n\n\n\n<h6 class=\"wp-block-heading alignwide has-large-font-size\" id=\"we-re-a-studio-in-berlin-with-an-international-practice-in-architecture-urban-planning-and-interior-design-we-believe-in-sharing-knowledge-and-promoting-dialogue-to-increase-the-creative-potential-of-collaboration\" style=\"font-style:normal;font-weight:400;line-height:1.1;text-transform:none\">El proyecto MELiSSA (Sistema de Soporte Vida Micro ecol\u00f3gico Alternativo, por sus siglas en ingl\u00e9s) busca desarrollar un sistema de soporte de vida para misiones humanas tripuladas de larga duraci\u00f3n como por ejemplo una base en la Luna o Marte. Las funciones b\u00e1sicas de un sistema de soporte de vida consisten en la regeneraci\u00f3n de la atm\u00f3sfera, el reciclado del agua y la generaci\u00f3n de material comestible.<\/h6>\n\n\n\n<h6 class=\"wp-block-heading alignwide has-large-font-size\" id=\"we-re-a-studio-in-berlin-with-an-international-practice-in-architecture-urban-planning-and-interior-design-we-believe-in-sharing-knowledge-and-promoting-dialogue-to-increase-the-creative-potential-of-collaboration\" style=\"font-style:normal;font-weight:400;line-height:1.1;text-transform:none\">Para lograr la autosostenibilidad y reducir la dependencia de la Tierra, el sistema debe utilizar como recursos los desechos generados por la tripulaci\u00f3n. Como referencia, los materiales consumibles metab\u00f3licos necesarios para una misi\u00f3n tripulada a Marte compuesta por seis personas y de una duraci\u00f3n de 1000 d\u00edas es de aproximadamente de 100 toneladas; lo que, claramente, hace imposible la misi\u00f3n. Es por ello, los sistemas de soporte de vida son parte de la agenda tecnol\u00f3gica para facilitar la vida de los humanos en el Espacio.<\/h6>\n\n\n\n<h6 class=\"wp-block-heading alignwide has-large-font-size\" id=\"we-re-a-studio-in-berlin-with-an-international-practice-in-architecture-urban-planning-and-interior-design-we-believe-in-sharing-knowledge-and-promoting-dialogue-to-increase-the-creative-potential-of-collaboration\" style=\"font-style:normal;font-weight:400;line-height:1.1;text-transform:none\">El sistema propuesto por MELiSSA est\u00e1 inspirado en un sistema ecol\u00f3gico en la Tierra. A partir del an\u00e1lisis de las principales funciones biol\u00f3gicas del sistema, se propone una estructura basada en compartimentos interconectados donde cada uno desempe\u00f1a una tarea espec\u00edfica.<\/h6>\n\n\n\n<div style=\"height:10px\" aria-hidden=\"true\" class=\"wp-block-spacer\"><\/div>\n\n\n\n<figure class=\"wp-block-gallery alignwide has-nested-images columns-default is-cropped wp-block-gallery-1 is-layout-flex wp-block-gallery-is-layout-flex\">\n<figure class=\"wp-block-image size-large\"><img loading=\"lazy\" decoding=\"async\" width=\"367\" height=\"272\" data-id=\"81\" src=\"https:\/\/webs.uab.cat\/melissapilotplant\/wp-content\/uploads\/sites\/397\/2023\/05\/imatge.png\" alt=\"\" class=\"wp-image-81\" srcset=\"https:\/\/webs.uab.cat\/melissapilotplant\/wp-content\/uploads\/sites\/397\/2023\/05\/imatge.png 367w, https:\/\/webs.uab.cat\/melissapilotplant\/wp-content\/uploads\/sites\/397\/2023\/05\/imatge-300x222.png 300w\" sizes=\"auto, (max-width: 367px) 100vw, 367px\" \/><figcaption class=\"wp-element-caption\">Ecosistema MELiSSA<\/figcaption><\/figure>\n\n\n\n<figure class=\"wp-block-image size-full\"><img loading=\"lazy\" decoding=\"async\" width=\"816\" height=\"652\" data-id=\"1734\" src=\"https:\/\/webs.uab.cat\/melissapilotplant\/wp-content\/uploads\/sites\/397\/2024\/04\/MELiSSA-Loop-with-urine.png\" alt=\"\" class=\"wp-image-1734\" srcset=\"https:\/\/webs.uab.cat\/melissapilotplant\/wp-content\/uploads\/sites\/397\/2024\/04\/MELiSSA-Loop-with-urine.png 816w, https:\/\/webs.uab.cat\/melissapilotplant\/wp-content\/uploads\/sites\/397\/2024\/04\/MELiSSA-Loop-with-urine-300x240.png 300w, https:\/\/webs.uab.cat\/melissapilotplant\/wp-content\/uploads\/sites\/397\/2024\/04\/MELiSSA-Loop-with-urine-768x614.png 768w\" sizes=\"auto, (max-width: 816px) 100vw, 816px\" \/><figcaption class=\"wp-element-caption\">Bucle MELiSSA<\/figcaption><\/figure>\n<\/figure>\n\n\n\n<div style=\"height:13px\" aria-hidden=\"true\" class=\"wp-block-spacer\"><\/div>\n\n\n\n<h6 class=\"wp-block-heading alignwide has-large-font-size\" id=\"we-re-a-studio-in-berlin-with-an-international-practice-in-architecture-urban-planning-and-interior-design-we-believe-in-sharing-knowledge-and-promoting-dialogue-to-increase-the-creative-potential-of-collaboration\" style=\"font-style:normal;font-weight:400;line-height:1.1;text-transform:none\">El sistema est\u00e1 compuesto por un bucle cerrado de cinco compartimientos con funciones espec\u00edficas: la degradaci\u00f3n microbiol\u00f3gica de residuos org\u00e1nicos (Compartimientos 1 y 2), la nitrificaci\u00f3n (Compartimiento 3), la producci\u00f3n de material comestible y ox\u00edgeno mediante cianobacterias y plantas &nbsp;(Compartimientos 4a y 4b respectivamente) y un compartimento que simula la tripulaci\u00f3n, un aislador de animales (Compartimiento 5).&nbsp; El enfoque de MELiSSA se basa en el an\u00e1lisis y el funcionamiento controlado de cada compartimento individual as\u00ed como del ciclo completo, en base a modelos matem\u00e1ticos.<\/h6>\n\n\n\n<h6 class=\"wp-block-heading alignwide has-large-font-size\" id=\"we-re-a-studio-in-berlin-with-an-international-practice-in-architecture-urban-planning-and-interior-design-we-believe-in-sharing-knowledge-and-promoting-dialogue-to-increase-the-creative-potential-of-collaboration\" style=\"font-style:normal;font-weight:400;line-height:1.1;text-transform:none\">Debido a los retos y la complejidad del sistema propuesto, se hace necesario demostrar primero en la Tierra el concepto MELiSSA, su fiabilidad y robustez. Esta integraci\u00f3n y demostraci\u00f3n se realiza en la Planta Piloto MELiSSA, situada en el Campus de la UAB desde 1995.<\/h6>\n\n\n\n<h6 class=\"wp-block-heading alignwide has-large-font-size\" id=\"we-re-a-studio-in-berlin-with-an-international-practice-in-architecture-urban-planning-and-interior-design-we-believe-in-sharing-knowledge-and-promoting-dialogue-to-increase-the-creative-potential-of-collaboration\" style=\"font-style:normal;font-weight:400;line-height:1.1;text-transform:none\">MELiSSA es un consorcio formado por 15 socios en Europa; son m\u00e1s de 30 organizaciones relacionadas con el desarrollo del concepto MELiSSA lo que implica a m\u00e1s de 100 cient\u00edficos trabajando en el proyecto. El consorcio MELiSSA est\u00e1 coordinado por la Agencia Espacial Europea. <\/h6>\n\n\n\n<h6 class=\"wp-block-heading alignwide has-large-font-size\" id=\"we-re-a-studio-in-berlin-with-an-international-practice-in-architecture-urban-planning-and-interior-design-we-believe-in-sharing-knowledge-and-promoting-dialogue-to-increase-the-creative-potential-of-collaboration\" style=\"font-style:normal;font-weight:400;line-height:1.1;text-transform:none\">La MPP trabaja con un grupo multidisciplinario de socios, integrados por:<\/h6>\n\n\n\n<figure class=\"wp-block-image alignwide size-large\"><img loading=\"lazy\" decoding=\"async\" width=\"1024\" height=\"607\" src=\"https:\/\/webs.uab.cat\/melissapilotplant\/wp-content\/uploads\/sites\/397\/2023\/12\/Diseno-sin-titulo-1024x607.png\" alt=\"\" class=\"wp-image-1204\" srcset=\"https:\/\/webs.uab.cat\/melissapilotplant\/wp-content\/uploads\/sites\/397\/2023\/12\/Diseno-sin-titulo-1024x607.png 1024w, https:\/\/webs.uab.cat\/melissapilotplant\/wp-content\/uploads\/sites\/397\/2023\/12\/Diseno-sin-titulo-300x178.png 300w, https:\/\/webs.uab.cat\/melissapilotplant\/wp-content\/uploads\/sites\/397\/2023\/12\/Diseno-sin-titulo-768x455.png 768w, https:\/\/webs.uab.cat\/melissapilotplant\/wp-content\/uploads\/sites\/397\/2023\/12\/Diseno-sin-titulo-1200x711.png 1200w, https:\/\/webs.uab.cat\/melissapilotplant\/wp-content\/uploads\/sites\/397\/2023\/12\/Diseno-sin-titulo.png 1399w\" sizes=\"auto, (max-width: 1024px) 100vw, 1024px\" \/><\/figure>\n\n\n\n<h6 class=\"wp-block-heading alignwide has-normal-font-size\" id=\"we-re-a-studio-in-berlin-with-an-international-practice-in-architecture-urban-planning-and-interior-design-we-believe-in-sharing-knowledge-and-promoting-dialogue-to-increase-the-creative-potential-of-collaboration\" style=\"font-style:normal;font-weight:400;line-height:1.1;text-transform:lowercase\">Para m\u00e1s informaci\u00f3n <a href=\"https:\/\/www.melissafoundation.org\/page\/melissa-project\" data-type=\"URL\" data-id=\"https:\/\/www.melissafoundation.org\/page\/melissa-project\" target=\"_blank\" rel=\"noreferrer noopener\">haz click aqui<\/a><\/h6>\n\n\n\n<div style=\"height:19px\" aria-hidden=\"true\" class=\"wp-block-spacer\"><\/div>\n\n\n\n<h2 class=\"wp-block-heading alignwide\">Videos sobre MELiSSA<\/h2>\n\n\n\n<div style=\"height:14px\" aria-hidden=\"true\" class=\"wp-block-spacer\"><\/div>\n\n\n\n<figure class=\"wp-block-gallery alignwide has-nested-images columns-default is-cropped wp-block-gallery-2 is-layout-flex wp-block-gallery-is-layout-flex\">\n<figure class=\"wp-block-image size-large\"><img loading=\"lazy\" decoding=\"async\" width=\"1024\" height=\"711\" data-id=\"1534\" src=\"https:\/\/webs.uab.cat\/melissapilotplant\/wp-content\/uploads\/sites\/397\/2024\/03\/Diseno-sin-titulo-1024x711.jpg\" alt=\"\" class=\"wp-image-1534\" srcset=\"https:\/\/webs.uab.cat\/melissapilotplant\/wp-content\/uploads\/sites\/397\/2024\/03\/Diseno-sin-titulo-1024x711.jpg 1024w, https:\/\/webs.uab.cat\/melissapilotplant\/wp-content\/uploads\/sites\/397\/2024\/03\/Diseno-sin-titulo-300x208.jpg 300w, https:\/\/webs.uab.cat\/melissapilotplant\/wp-content\/uploads\/sites\/397\/2024\/03\/Diseno-sin-titulo-768x533.jpg 768w, https:\/\/webs.uab.cat\/melissapilotplant\/wp-content\/uploads\/sites\/397\/2024\/03\/Diseno-sin-titulo.jpg 1038w\" sizes=\"auto, (max-width: 1024px) 100vw, 1024px\" \/><figcaption class=\"wp-element-caption\"><a href=\"https:\/\/auvio.rtbf.be\/media\/videos-d-info-projet-melissa-comment-assurer-la-survie-d-un-equipage-humain-sur-la-planete-mars-3061715\" data-type=\"link\" data-id=\"https:\/\/auvio.rtbf.be\/media\/videos-d-info-projet-melissa-comment-assurer-la-survie-d-un-equipage-humain-sur-la-planete-mars-3061715\">Reportage sobre MELiSSA RBFT (en franc\u00e8s)<\/a><\/figcaption><\/figure>\n\n\n\n<figure class=\"wp-block-image size-large\"><img loading=\"lazy\" decoding=\"async\" width=\"884\" height=\"462\" data-id=\"1613\" src=\"https:\/\/webs.uab.cat\/melissapilotplant\/wp-content\/uploads\/sites\/397\/2024\/04\/MELiSSA-conference.png\" alt=\"\" class=\"wp-image-1613\" srcset=\"https:\/\/webs.uab.cat\/melissapilotplant\/wp-content\/uploads\/sites\/397\/2024\/04\/MELiSSA-conference.png 884w, https:\/\/webs.uab.cat\/melissapilotplant\/wp-content\/uploads\/sites\/397\/2024\/04\/MELiSSA-conference-300x157.png 300w, https:\/\/webs.uab.cat\/melissapilotplant\/wp-content\/uploads\/sites\/397\/2024\/04\/MELiSSA-conference-768x401.png 768w\" sizes=\"auto, (max-width: 884px) 100vw, 884px\" \/><figcaption class=\"wp-element-caption\"><a href=\"https:\/\/youtu.be\/JkDWG0BxUnE?si=0GZOolstCjgvVp3D\" data-type=\"link\" data-id=\"https:\/\/youtu.be\/JkDWG0BxUnE?si=0GZOolstCjgvVp3D\">Conferencia MELiSSA 2022<\/a><\/figcaption><\/figure>\n\n\n\n<figure class=\"wp-block-image size-large\"><img loading=\"lazy\" decoding=\"async\" width=\"533\" height=\"403\" data-id=\"1610\" src=\"https:\/\/webs.uab.cat\/melissapilotplant\/wp-content\/uploads\/sites\/397\/2024\/04\/CH.png\" alt=\"\" class=\"wp-image-1610\" srcset=\"https:\/\/webs.uab.cat\/melissapilotplant\/wp-content\/uploads\/sites\/397\/2024\/04\/CH.png 533w, https:\/\/webs.uab.cat\/melissapilotplant\/wp-content\/uploads\/sites\/397\/2024\/04\/CH-300x227.png 300w\" sizes=\"auto, (max-width: 533px) 100vw, 533px\" \/><figcaption class=\"wp-element-caption\"><a href=\"https:\/\/youtu.be\/k40_od1Nbuk\" data-type=\"link\" data-id=\"https:\/\/youtu.be\/k40_od1Nbuk\">MELiSSA en 2 minutos<\/a><\/figcaption><\/figure>\n<\/figure>\n\n\n\n<div style=\"height:8px\" aria-hidden=\"true\" class=\"wp-block-spacer\"><\/div>\n\n\n\n<h3 class=\"wp-block-heading alignwide has-text-align-center\">Comparte esta p\u00e1gina<\/h3>\n","protected":false},"excerpt":{"rendered":"<p>El proyecto MELiSSA (Sistema de Soporte Vida Micro ecol\u00f3gico Alternativo, por sus siglas en ingl\u00e9s) busca desarrollar un sistema de soporte de vida para misiones humanas tripuladas de larga duraci\u00f3n como por ejemplo una base en la Luna o Marte. Las funciones b\u00e1sicas de un sistema de soporte de vida consisten en la regeneraci\u00f3n de [&hellip;]<\/p>\n","protected":false},"author":2614,"featured_media":0,"parent":0,"menu_order":0,"comment_status":"closed","ping_status":"closed","template":"","meta":{"footnotes":""},"class_list":["post-91","page","type-page","status-publish","hentry"],"_links":{"self":[{"href":"https:\/\/webs.uab.cat\/melissapilotplant\/es\/wp-json\/wp\/v2\/pages\/91","targetHints":{"allow":["GET"]}}],"collection":[{"href":"https:\/\/webs.uab.cat\/melissapilotplant\/es\/wp-json\/wp\/v2\/pages"}],"about":[{"href":"https:\/\/webs.uab.cat\/melissapilotplant\/es\/wp-json\/wp\/v2\/types\/page"}],"author":[{"embeddable":true,"href":"https:\/\/webs.uab.cat\/melissapilotplant\/es\/wp-json\/wp\/v2\/users\/2614"}],"replies":[{"embeddable":true,"href":"https:\/\/webs.uab.cat\/melissapilotplant\/es\/wp-json\/wp\/v2\/comments?post=91"}],"version-history":[{"count":66,"href":"https:\/\/webs.uab.cat\/melissapilotplant\/es\/wp-json\/wp\/v2\/pages\/91\/revisions"}],"predecessor-version":[{"id":2213,"href":"https:\/\/webs.uab.cat\/melissapilotplant\/es\/wp-json\/wp\/v2\/pages\/91\/revisions\/2213"}],"wp:attachment":[{"href":"https:\/\/webs.uab.cat\/melissapilotplant\/es\/wp-json\/wp\/v2\/media?parent=91"}],"curies":[{"name":"wp","href":"https:\/\/api.w.org\/{rel}","templated":true}]}}