{"id":136,"date":"2023-10-27T11:13:32","date_gmt":"2023-10-27T09:13:32","guid":{"rendered":"https:\/\/webs.uab.cat\/melissapilotplant\/?page_id=136"},"modified":"2025-10-07T10:07:14","modified_gmt":"2025-10-07T08:07:14","slug":"equip-tecnic-de-la-mpp","status":"publish","type":"page","link":"https:\/\/webs.uab.cat\/melissapilotplant\/equip-tecnic-de-la-mpp\/","title":{"rendered":"Equip t\u00e8cnic de la MPP"},"content":{"rendered":"\n<div style=\"height:5px\" aria-hidden=\"true\" class=\"wp-block-spacer\"><\/div>\n\n\n\n<h6 class=\"wp-block-heading alignwide has-large-font-size\" id=\"we-re-a-studio-in-berlin-with-an-international-practice-in-architecture-urban-planning-and-interior-design-we-believe-in-sharing-knowledge-and-promoting-dialogue-to-increase-the-creative-potential-of-collaboration\" style=\"font-style:normal;font-weight:400;line-height:1.1;text-transform:none\">Per assolir els objectius de la Planta Pilot MELiSSA, \u00e9s necessari un equip multidisciplinari dedicat a l\u2019operaci\u00f3 del laboratori. Per aquesta ra\u00f3 l&#8217;equip de la MPP inclou persones amb diferents disciplin\u00e9s com enginyers de bioproc\u00e9s, t\u00e8cnics d&#8217;an\u00e0lisis laboratori, enginyers qu\u00edmics, enginyers mec\u00e0nics i personal de qualitat.<\/h6>\n\n\n\n<div style=\"height:4px\" aria-hidden=\"true\" class=\"wp-block-spacer\"><\/div>\n\n\n\n<figure class=\"wp-block-gallery alignwide has-nested-images columns-default is-cropped wp-block-gallery-1 is-layout-flex wp-block-gallery-is-layout-flex\">\n<figure class=\"wp-block-image size-large\"><img loading=\"lazy\" decoding=\"async\" width=\"682\" height=\"1024\" data-id=\"309\" src=\"https:\/\/webs.uab.cat\/melissapilotplant\/wp-content\/uploads\/sites\/397\/2023\/10\/DSCF9991-682x1024.jpg\" alt=\"\" class=\"wp-image-309\" srcset=\"https:\/\/webs.uab.cat\/melissapilotplant\/wp-content\/uploads\/sites\/397\/2023\/10\/DSCF9991-682x1024.jpg 682w, https:\/\/webs.uab.cat\/melissapilotplant\/wp-content\/uploads\/sites\/397\/2023\/10\/DSCF9991-200x300.jpg 200w, https:\/\/webs.uab.cat\/melissapilotplant\/wp-content\/uploads\/sites\/397\/2023\/10\/DSCF9991-768x1153.jpg 768w, https:\/\/webs.uab.cat\/melissapilotplant\/wp-content\/uploads\/sites\/397\/2023\/10\/DSCF9991-1023x1536.jpg 1023w, https:\/\/webs.uab.cat\/melissapilotplant\/wp-content\/uploads\/sites\/397\/2023\/10\/DSCF9991-1364x2048.jpg 1364w, https:\/\/webs.uab.cat\/melissapilotplant\/wp-content\/uploads\/sites\/397\/2023\/10\/DSCF9991-1200x1801.jpg 1200w, https:\/\/webs.uab.cat\/melissapilotplant\/wp-content\/uploads\/sites\/397\/2023\/10\/DSCF9991-1980x2972.jpg 1980w, https:\/\/webs.uab.cat\/melissapilotplant\/wp-content\/uploads\/sites\/397\/2023\/10\/DSCF9991-scaled.jpg 1705w\" sizes=\"auto, (max-width: 682px) 100vw, 682px\" \/><figcaption class=\"wp-element-caption\">Francesc G\u00f2dia \u2013 Director General<\/figcaption><\/figure>\n\n\n\n<figure class=\"wp-block-image size-large\"><img loading=\"lazy\" decoding=\"async\" width=\"683\" height=\"1024\" data-id=\"382\" src=\"https:\/\/webs.uab.cat\/melissapilotplant\/wp-content\/uploads\/sites\/397\/2023\/10\/DSCF9541-683x1024.jpg\" alt=\"\" class=\"wp-image-382\" srcset=\"https:\/\/webs.uab.cat\/melissapilotplant\/wp-content\/uploads\/sites\/397\/2023\/10\/DSCF9541-683x1024.jpg 683w, https:\/\/webs.uab.cat\/melissapilotplant\/wp-content\/uploads\/sites\/397\/2023\/10\/DSCF9541-200x300.jpg 200w, https:\/\/webs.uab.cat\/melissapilotplant\/wp-content\/uploads\/sites\/397\/2023\/10\/DSCF9541-768x1152.jpg 768w, https:\/\/webs.uab.cat\/melissapilotplant\/wp-content\/uploads\/sites\/397\/2023\/10\/DSCF9541-1024x1536.jpg 1024w, https:\/\/webs.uab.cat\/melissapilotplant\/wp-content\/uploads\/sites\/397\/2023\/10\/DSCF9541-1365x2048.jpg 1365w, https:\/\/webs.uab.cat\/melissapilotplant\/wp-content\/uploads\/sites\/397\/2023\/10\/DSCF9541-1200x1800.jpg 1200w, https:\/\/webs.uab.cat\/melissapilotplant\/wp-content\/uploads\/sites\/397\/2023\/10\/DSCF9541-1980x2970.jpg 1980w, https:\/\/webs.uab.cat\/melissapilotplant\/wp-content\/uploads\/sites\/397\/2023\/10\/DSCF9541-scaled.jpg 1707w\" sizes=\"auto, (max-width: 683px) 100vw, 683px\" \/><figcaption class=\"wp-element-caption\">Beatriz Iribarren \u2013 Directora de QSE i coordinadora de Sala Blanca<\/figcaption><\/figure>\n\n\n\n<figure class=\"wp-block-image size-large\"><img loading=\"lazy\" decoding=\"async\" width=\"683\" height=\"1024\" data-id=\"312\" src=\"https:\/\/webs.uab.cat\/melissapilotplant\/wp-content\/uploads\/sites\/397\/2023\/10\/DSCF9910-1-683x1024.jpg\" alt=\"\" class=\"wp-image-312\" srcset=\"https:\/\/webs.uab.cat\/melissapilotplant\/wp-content\/uploads\/sites\/397\/2023\/10\/DSCF9910-1-683x1024.jpg 683w, https:\/\/webs.uab.cat\/melissapilotplant\/wp-content\/uploads\/sites\/397\/2023\/10\/DSCF9910-1-200x300.jpg 200w, https:\/\/webs.uab.cat\/melissapilotplant\/wp-content\/uploads\/sites\/397\/2023\/10\/DSCF9910-1-768x1152.jpg 768w, https:\/\/webs.uab.cat\/melissapilotplant\/wp-content\/uploads\/sites\/397\/2023\/10\/DSCF9910-1-1024x1536.jpg 1024w, https:\/\/webs.uab.cat\/melissapilotplant\/wp-content\/uploads\/sites\/397\/2023\/10\/DSCF9910-1-1365x2048.jpg 1365w, https:\/\/webs.uab.cat\/melissapilotplant\/wp-content\/uploads\/sites\/397\/2023\/10\/DSCF9910-1-1200x1800.jpg 1200w, https:\/\/webs.uab.cat\/melissapilotplant\/wp-content\/uploads\/sites\/397\/2023\/10\/DSCF9910-1-1980x2970.jpg 1980w, https:\/\/webs.uab.cat\/melissapilotplant\/wp-content\/uploads\/sites\/397\/2023\/10\/DSCF9910-1-scaled.jpg 1707w\" sizes=\"auto, (max-width: 683px) 100vw, 683px\" \/><figcaption class=\"wp-element-caption\">Enrique Peiro \u2013Director t\u00e8cnic<\/figcaption><\/figure>\n<\/figure>\n\n\n\n<figure class=\"wp-block-gallery alignwide has-nested-images columns-default is-cropped wp-block-gallery-2 is-layout-flex wp-block-gallery-is-layout-flex\">\n<figure class=\"wp-block-image size-large\"><img loading=\"lazy\" decoding=\"async\" width=\"683\" height=\"1024\" data-id=\"318\" src=\"https:\/\/webs.uab.cat\/melissapilotplant\/wp-content\/uploads\/sites\/397\/2023\/10\/DSCF9701-683x1024.jpg\" alt=\"\" class=\"wp-image-318\" srcset=\"https:\/\/webs.uab.cat\/melissapilotplant\/wp-content\/uploads\/sites\/397\/2023\/10\/DSCF9701-683x1024.jpg 683w, https:\/\/webs.uab.cat\/melissapilotplant\/wp-content\/uploads\/sites\/397\/2023\/10\/DSCF9701-200x300.jpg 200w, https:\/\/webs.uab.cat\/melissapilotplant\/wp-content\/uploads\/sites\/397\/2023\/10\/DSCF9701-768x1152.jpg 768w, https:\/\/webs.uab.cat\/melissapilotplant\/wp-content\/uploads\/sites\/397\/2023\/10\/DSCF9701-1024x1536.jpg 1024w, https:\/\/webs.uab.cat\/melissapilotplant\/wp-content\/uploads\/sites\/397\/2023\/10\/DSCF9701-1365x2048.jpg 1365w, https:\/\/webs.uab.cat\/melissapilotplant\/wp-content\/uploads\/sites\/397\/2023\/10\/DSCF9701-1200x1800.jpg 1200w, https:\/\/webs.uab.cat\/melissapilotplant\/wp-content\/uploads\/sites\/397\/2023\/10\/DSCF9701-1980x2970.jpg 1980w, https:\/\/webs.uab.cat\/melissapilotplant\/wp-content\/uploads\/sites\/397\/2023\/10\/DSCF9701-scaled.jpg 1707w\" sizes=\"auto, (max-width: 683px) 100vw, 683px\" \/><figcaption class=\"wp-element-caption\">Carolina Arnau \u2013 Coordinadora T\u00e8cnica<\/figcaption><\/figure>\n\n\n\n<figure class=\"wp-block-image size-full\"><img loading=\"lazy\" decoding=\"async\" width=\"454\" height=\"600\" data-id=\"2358\" src=\"https:\/\/webs.uab.cat\/melissapilotplant\/wp-content\/uploads\/sites\/397\/2024\/12\/Qf.jpg\" alt=\"\" class=\"wp-image-2358\" srcset=\"https:\/\/webs.uab.cat\/melissapilotplant\/wp-content\/uploads\/sites\/397\/2024\/12\/Qf.jpg 454w, https:\/\/webs.uab.cat\/melissapilotplant\/wp-content\/uploads\/sites\/397\/2024\/12\/Qf-227x300.jpg 227w\" sizes=\"auto, (max-width: 454px) 100vw, 454px\" \/><figcaption class=\"wp-element-caption\">Queralt Farr\u00e0s &#8211; Enginyer de Bioproc\u00e9s<\/figcaption><\/figure>\n\n\n\n<figure class=\"wp-block-image size-full\"><img loading=\"lazy\" decoding=\"async\" width=\"1200\" height=\"1600\" data-id=\"2394\" src=\"https:\/\/webs.uab.cat\/melissapilotplant\/wp-content\/uploads\/sites\/397\/2025\/05\/Imagen-de-WhatsApp-2025-05-20-a-las-14.11.24_39bb8a13.jpg\" alt=\"\" class=\"wp-image-2394\" srcset=\"https:\/\/webs.uab.cat\/melissapilotplant\/wp-content\/uploads\/sites\/397\/2025\/05\/Imagen-de-WhatsApp-2025-05-20-a-las-14.11.24_39bb8a13.jpg 1200w, https:\/\/webs.uab.cat\/melissapilotplant\/wp-content\/uploads\/sites\/397\/2025\/05\/Imagen-de-WhatsApp-2025-05-20-a-las-14.11.24_39bb8a13-225x300.jpg 225w, https:\/\/webs.uab.cat\/melissapilotplant\/wp-content\/uploads\/sites\/397\/2025\/05\/Imagen-de-WhatsApp-2025-05-20-a-las-14.11.24_39bb8a13-768x1024.jpg 768w, https:\/\/webs.uab.cat\/melissapilotplant\/wp-content\/uploads\/sites\/397\/2025\/05\/Imagen-de-WhatsApp-2025-05-20-a-las-14.11.24_39bb8a13-1152x1536.jpg 1152w\" sizes=\"auto, (max-width: 1200px) 100vw, 1200px\" \/><figcaption class=\"wp-element-caption\">Christine Steffen &#8211; Enginyer de Bioproc\u00e9s<\/figcaption><\/figure>\n<\/figure>\n\n\n\n<figure class=\"wp-block-gallery alignwide has-nested-images columns-default is-cropped wp-block-gallery-3 is-layout-flex wp-block-gallery-is-layout-flex\">\n<figure class=\"wp-block-image size-full\"><img loading=\"lazy\" decoding=\"async\" width=\"1699\" height=\"2560\" data-id=\"333\" src=\"https:\/\/webs.uab.cat\/melissapilotplant\/wp-content\/uploads\/sites\/397\/2023\/10\/DSCF9643-scaled.jpg\" alt=\"\" class=\"wp-image-333\" srcset=\"https:\/\/webs.uab.cat\/melissapilotplant\/wp-content\/uploads\/sites\/397\/2023\/10\/DSCF9643-scaled.jpg 1699w, https:\/\/webs.uab.cat\/melissapilotplant\/wp-content\/uploads\/sites\/397\/2023\/10\/DSCF9643-199x300.jpg 199w, https:\/\/webs.uab.cat\/melissapilotplant\/wp-content\/uploads\/sites\/397\/2023\/10\/DSCF9643-679x1024.jpg 679w, https:\/\/webs.uab.cat\/melissapilotplant\/wp-content\/uploads\/sites\/397\/2023\/10\/DSCF9643-768x1157.jpg 768w, https:\/\/webs.uab.cat\/melissapilotplant\/wp-content\/uploads\/sites\/397\/2023\/10\/DSCF9643-1019x1536.jpg 1019w, https:\/\/webs.uab.cat\/melissapilotplant\/wp-content\/uploads\/sites\/397\/2023\/10\/DSCF9643-1359x2048.jpg 1359w, https:\/\/webs.uab.cat\/melissapilotplant\/wp-content\/uploads\/sites\/397\/2023\/10\/DSCF9643-1200x1809.jpg 1200w, https:\/\/webs.uab.cat\/melissapilotplant\/wp-content\/uploads\/sites\/397\/2023\/10\/DSCF9643-1980x2984.jpg 1980w\" sizes=\"auto, (max-width: 1699px) 100vw, 1699px\" \/><figcaption class=\"wp-element-caption\">Cristian Eslava \u2013 T\u00e8cnic de manteniment i instrumentaci\u00f3<\/figcaption><\/figure>\n\n\n\n<figure class=\"wp-block-image size-large\"><img loading=\"lazy\" decoding=\"async\" width=\"683\" height=\"1024\" data-id=\"327\" src=\"https:\/\/webs.uab.cat\/melissapilotplant\/wp-content\/uploads\/sites\/397\/2023\/10\/DSCF9573-683x1024.jpg\" alt=\"\" class=\"wp-image-327\" srcset=\"https:\/\/webs.uab.cat\/melissapilotplant\/wp-content\/uploads\/sites\/397\/2023\/10\/DSCF9573-683x1024.jpg 683w, https:\/\/webs.uab.cat\/melissapilotplant\/wp-content\/uploads\/sites\/397\/2023\/10\/DSCF9573-200x300.jpg 200w, https:\/\/webs.uab.cat\/melissapilotplant\/wp-content\/uploads\/sites\/397\/2023\/10\/DSCF9573-768x1152.jpg 768w, https:\/\/webs.uab.cat\/melissapilotplant\/wp-content\/uploads\/sites\/397\/2023\/10\/DSCF9573-1024x1536.jpg 1024w, https:\/\/webs.uab.cat\/melissapilotplant\/wp-content\/uploads\/sites\/397\/2023\/10\/DSCF9573-1365x2048.jpg 1365w, https:\/\/webs.uab.cat\/melissapilotplant\/wp-content\/uploads\/sites\/397\/2023\/10\/DSCF9573-1200x1800.jpg 1200w, https:\/\/webs.uab.cat\/melissapilotplant\/wp-content\/uploads\/sites\/397\/2023\/10\/DSCF9573-1980x2970.jpg 1980w, https:\/\/webs.uab.cat\/melissapilotplant\/wp-content\/uploads\/sites\/397\/2023\/10\/DSCF9573-scaled.jpg 1707w\" sizes=\"auto, (max-width: 683px) 100vw, 683px\" \/><figcaption class=\"wp-element-caption\">Vanessa Garc\u00eda-T\u00e8cnic d&#8217;an\u00e0lisis de laboratori<\/figcaption><\/figure>\n\n\n\n<figure class=\"wp-block-image size-full\"><img loading=\"lazy\" decoding=\"async\" width=\"1707\" height=\"2560\" data-id=\"330\" src=\"https:\/\/webs.uab.cat\/melissapilotplant\/wp-content\/uploads\/sites\/397\/2023\/10\/DSCF9882-scaled.jpg\" alt=\"\" class=\"wp-image-330\" srcset=\"https:\/\/webs.uab.cat\/melissapilotplant\/wp-content\/uploads\/sites\/397\/2023\/10\/DSCF9882-scaled.jpg 1707w, https:\/\/webs.uab.cat\/melissapilotplant\/wp-content\/uploads\/sites\/397\/2023\/10\/DSCF9882-200x300.jpg 200w, https:\/\/webs.uab.cat\/melissapilotplant\/wp-content\/uploads\/sites\/397\/2023\/10\/DSCF9882-683x1024.jpg 683w, https:\/\/webs.uab.cat\/melissapilotplant\/wp-content\/uploads\/sites\/397\/2023\/10\/DSCF9882-768x1152.jpg 768w, https:\/\/webs.uab.cat\/melissapilotplant\/wp-content\/uploads\/sites\/397\/2023\/10\/DSCF9882-1024x1536.jpg 1024w, https:\/\/webs.uab.cat\/melissapilotplant\/wp-content\/uploads\/sites\/397\/2023\/10\/DSCF9882-1365x2048.jpg 1365w, https:\/\/webs.uab.cat\/melissapilotplant\/wp-content\/uploads\/sites\/397\/2023\/10\/DSCF9882-1200x1800.jpg 1200w, https:\/\/webs.uab.cat\/melissapilotplant\/wp-content\/uploads\/sites\/397\/2023\/10\/DSCF9882-1980x2970.jpg 1980w\" sizes=\"auto, (max-width: 1707px) 100vw, 1707px\" \/><figcaption class=\"wp-element-caption\">Cynthia Munganga- T\u00e8cnic d&#8217;an\u00e0lisis de laboratori<\/figcaption><\/figure>\n<\/figure>\n\n\n\n<figure class=\"wp-block-gallery alignwide has-nested-images columns-default is-cropped wp-block-gallery-4 is-layout-flex wp-block-gallery-is-layout-flex\">\n<figure class=\"wp-block-image size-large\"><img loading=\"lazy\" decoding=\"async\" width=\"710\" height=\"1024\" data-id=\"339\" src=\"https:\/\/webs.uab.cat\/melissapilotplant\/wp-content\/uploads\/sites\/397\/2023\/10\/DSCF9727-710x1024.jpg\" alt=\"Daniella Emiliani \u2013 Support technician\" class=\"wp-image-339\" srcset=\"https:\/\/webs.uab.cat\/melissapilotplant\/wp-content\/uploads\/sites\/397\/2023\/10\/DSCF9727-710x1024.jpg 710w, https:\/\/webs.uab.cat\/melissapilotplant\/wp-content\/uploads\/sites\/397\/2023\/10\/DSCF9727-208x300.jpg 208w, https:\/\/webs.uab.cat\/melissapilotplant\/wp-content\/uploads\/sites\/397\/2023\/10\/DSCF9727-768x1108.jpg 768w, https:\/\/webs.uab.cat\/melissapilotplant\/wp-content\/uploads\/sites\/397\/2023\/10\/DSCF9727-1065x1536.jpg 1065w, https:\/\/webs.uab.cat\/melissapilotplant\/wp-content\/uploads\/sites\/397\/2023\/10\/DSCF9727-1420x2048.jpg 1420w, https:\/\/webs.uab.cat\/melissapilotplant\/wp-content\/uploads\/sites\/397\/2023\/10\/DSCF9727-1200x1731.jpg 1200w, https:\/\/webs.uab.cat\/melissapilotplant\/wp-content\/uploads\/sites\/397\/2023\/10\/DSCF9727-1980x2856.jpg 1980w, https:\/\/webs.uab.cat\/melissapilotplant\/wp-content\/uploads\/sites\/397\/2023\/10\/DSCF9727-scaled.jpg 1775w\" sizes=\"auto, (max-width: 710px) 100vw, 710px\" \/><figcaption class=\"wp-element-caption\">Daniella Emiliani \u2013T\u00e8cnic de suport<\/figcaption><\/figure>\n\n\n\n<figure class=\"wp-block-image size-full\"><img loading=\"lazy\" decoding=\"async\" width=\"268\" height=\"382\" data-id=\"2253\" src=\"https:\/\/webs.uab.cat\/melissapilotplant\/wp-content\/uploads\/sites\/397\/2024\/07\/b.png\" alt=\"\" class=\"wp-image-2253\" srcset=\"https:\/\/webs.uab.cat\/melissapilotplant\/wp-content\/uploads\/sites\/397\/2024\/07\/b.png 268w, https:\/\/webs.uab.cat\/melissapilotplant\/wp-content\/uploads\/sites\/397\/2024\/07\/b-210x300.png 210w\" sizes=\"auto, (max-width: 268px) 100vw, 268px\" \/><\/figure>\n\n\n\n<figure class=\"wp-block-image size-large\"><img loading=\"lazy\" decoding=\"async\" width=\"268\" height=\"382\" data-id=\"2253\" src=\"https:\/\/webs.uab.cat\/melissapilotplant\/wp-content\/uploads\/sites\/397\/2024\/07\/b.png\" alt=\"\" class=\"wp-image-2253\" srcset=\"https:\/\/webs.uab.cat\/melissapilotplant\/wp-content\/uploads\/sites\/397\/2024\/07\/b.png 268w, https:\/\/webs.uab.cat\/melissapilotplant\/wp-content\/uploads\/sites\/397\/2024\/07\/b-210x300.png 210w\" sizes=\"auto, (max-width: 268px) 100vw, 268px\" \/><\/figure>\n<\/figure>\n\n\n\n<h3 class=\"wp-block-heading alignwide has-text-align-center\">Comparteix aquesta p\u00e0gina<\/h3>\n\n\n\n<p><\/p>\n","protected":false},"excerpt":{"rendered":"<p>Per assolir els objectius de la Planta Pilot MELiSSA, \u00e9s necessari un equip multidisciplinari dedicat a l\u2019operaci\u00f3 del laboratori. Per aquesta ra\u00f3 l&#8217;equip de la MPP inclou persones amb diferents disciplin\u00e9s com enginyers de bioproc\u00e9s, t\u00e8cnics d&#8217;an\u00e0lisis laboratori, enginyers qu\u00edmics, enginyers mec\u00e0nics i personal de qualitat. Comparteix aquesta p\u00e0gina<\/p>\n","protected":false},"author":2614,"featured_media":0,"parent":0,"menu_order":6,"comment_status":"closed","ping_status":"closed","template":"","meta":{"footnotes":""},"class_list":["post-136","page","type-page","status-publish","hentry"],"_links":{"self":[{"href":"https:\/\/webs.uab.cat\/melissapilotplant\/wp-json\/wp\/v2\/pages\/136","targetHints":{"allow":["GET"]}}],"collection":[{"href":"https:\/\/webs.uab.cat\/melissapilotplant\/wp-json\/wp\/v2\/pages"}],"about":[{"href":"https:\/\/webs.uab.cat\/melissapilotplant\/wp-json\/wp\/v2\/types\/page"}],"author":[{"embeddable":true,"href":"https:\/\/webs.uab.cat\/melissapilotplant\/wp-json\/wp\/v2\/users\/2614"}],"replies":[{"embeddable":true,"href":"https:\/\/webs.uab.cat\/melissapilotplant\/wp-json\/wp\/v2\/comments?post=136"}],"version-history":[{"count":59,"href":"https:\/\/webs.uab.cat\/melissapilotplant\/wp-json\/wp\/v2\/pages\/136\/revisions"}],"predecessor-version":[{"id":2524,"href":"https:\/\/webs.uab.cat\/melissapilotplant\/wp-json\/wp\/v2\/pages\/136\/revisions\/2524"}],"wp:attachment":[{"href":"https:\/\/webs.uab.cat\/melissapilotplant\/wp-json\/wp\/v2\/media?parent=136"}],"curies":[{"name":"wp","href":"https:\/\/api.w.org\/{rel}","templated":true}]}}