{"id":707,"date":"2023-11-13T09:55:01","date_gmt":"2023-11-13T07:55:01","guid":{"rendered":"https:\/\/webs.uab.cat\/melissapilotplant\/?page_id=707"},"modified":"2025-10-20T08:40:23","modified_gmt":"2025-10-20T06:40:23","slug":"publicacions","status":"publish","type":"page","link":"https:\/\/webs.uab.cat\/melissapilotplant\/publicacions\/","title":{"rendered":"Publicacions"},"content":{"rendered":"\n<div style=\"height:7px\" aria-hidden=\"true\" class=\"wp-block-spacer\"><\/div>\n\n\n\n<h6 class=\"wp-block-heading alignwide has-text-align-center has-large-font-size\" id=\"we-re-a-studio-in-berlin-with-an-international-practice-in-architecture-urban-planning-and-interior-design-we-believe-in-sharing-knowledge-and-promoting-dialogue-to-increase-the-creative-potential-of-collaboration\" style=\"font-style:normal;font-weight:400;line-height:1.1;text-transform:none\">A continuaci\u00f3, es llisten algunes publicacions que s\u00f3n un resultat de l&#8217;activitat t\u00e8cnica de la MPP.<\/h6>\n\n\n\n<div style=\"height:9px\" aria-hidden=\"true\" class=\"wp-block-spacer\"><\/div>\n\n\n\n<h2 class=\"wp-block-heading alignwide\">Publicacions d&#8217;acc\u00e8s obert<\/h2>\n\n\n\n<div style=\"height:10px\" aria-hidden=\"true\" class=\"wp-block-spacer\"><\/div>\n\n\n\n<div class=\"wp-block-columns is-layout-flex wp-container-core-columns-is-layout-9d6595d7 wp-block-columns-is-layout-flex\">\n<div class=\"wp-block-column is-layout-flow wp-block-column-is-layout-flow\">\n<div class=\"wp-block-file\"><a id=\"wp-block-file--media-1c181335-d044-4e24-bd1b-74b0e500db93\" href=\"https:\/\/webs.uab.cat\/melissapilotplant\/wp-content\/uploads\/sites\/397\/2023\/11\/Metaproteomics-Heterotrophic-Growth.pdf\"><a href=\"https:\/\/webs.uab.cat\/melissapilotplant\/wp-content\/uploads\/sites\/397\/2023\/11\/Metaproteomics-Heterotrophic-Growth.pdf\">Metaproteomics, Heterotrophic Growth, and Distribution of Nitrosomonas europaea and Nitrobacter winogradskyi after Long-Term Operation of an Autotrophic Nitrifying Biofilm Reactor<br><br>Applied Microbiology, Vol. 2, pp 272-287. 2022<br><br>https:\/\/doi.org\/10.3390\/applmicrobiol2010020<\/a><\/a><a href=\"https:\/\/webs.uab.cat\/melissapilotplant\/wp-content\/uploads\/sites\/397\/2023\/11\/Metaproteomics-Heterotrophic-Growth.pdf\" class=\"wp-block-file__button wp-element-button\" download aria-describedby=\"wp-block-file--media-1c181335-d044-4e24-bd1b-74b0e500db93\">Baixa<\/a><\/div>\n<\/div>\n\n\n\n<div class=\"wp-block-column is-layout-flow wp-block-column-is-layout-flow\">\n<div class=\"wp-block-file\"><a id=\"wp-block-file--media-6e871fc8-b6a1-416f-b91a-28c6d21604e9\" href=\"https:\/\/webs.uab.cat\/melissapilotplant\/wp-content\/uploads\/sites\/397\/2023\/11\/Hierarchically-controlled-ecological.pdf\"><a href=\"https:\/\/webs.uab.cat\/melissapilotplant\/wp-content\/uploads\/sites\/397\/2023\/11\/Hierarchically-controlled-ecological.pdf\">Hierarchically controlled ecological life support systems<br><br>Computers &amp; Chemical Engineering Vol. 157, 2022.<br><br>https:\/\/doi.org\/10.1016\/j.compchemeng.2021.107625<\/a><\/a><a href=\"https:\/\/webs.uab.cat\/melissapilotplant\/wp-content\/uploads\/sites\/397\/2023\/11\/Hierarchically-controlled-ecological.pdf\" class=\"wp-block-file__button wp-element-button\" download aria-describedby=\"wp-block-file--media-6e871fc8-b6a1-416f-b91a-28c6d21604e9\">Baixa<\/a><\/div>\n<\/div>\n<\/div>\n\n\n\n<div style=\"height:8px\" aria-hidden=\"true\" class=\"wp-block-spacer\"><\/div>\n\n\n\n<div class=\"wp-block-columns is-layout-flex wp-container-core-columns-is-layout-9d6595d7 wp-block-columns-is-layout-flex\">\n<div class=\"wp-block-column is-layout-flow wp-block-column-is-layout-flow\">\n<div class=\"wp-block-file\"><a id=\"wp-block-file--media-5d0c6f27-0d37-4187-b107-ba416c842b90\" href=\"https:\/\/webs.uab.cat\/melissapilotplant\/wp-content\/uploads\/sites\/397\/2023\/11\/Photobioreactor-Limnospira-indica-Growth-Model-Application.pdf\"><a href=\"https:\/\/webs.uab.cat\/melissapilotplant\/wp-content\/uploads\/sites\/397\/2023\/11\/Photobioreactor-Limnospira-indica-Growth-Model-Application.pdf\">Photobioreactor Limnospira indica Growth Model: Application From the MELiSSA Plant Pilot Scale to ISS Flight Experiment<br><br>Frontiers Astronomy Space Science Sec. Astrobiology Vol. 8, 2021<br><br>https:\/\/doi.org\/10.3389\/fspas.2021.700277<\/a><\/a><a href=\"https:\/\/webs.uab.cat\/melissapilotplant\/wp-content\/uploads\/sites\/397\/2023\/11\/Photobioreactor-Limnospira-indica-Growth-Model-Application.pdf\" class=\"wp-block-file__button wp-element-button\" download aria-describedby=\"wp-block-file--media-5d0c6f27-0d37-4187-b107-ba416c842b90\">Baixa<\/a><\/div>\n<\/div>\n\n\n\n<div class=\"wp-block-column is-layout-flow wp-block-column-is-layout-flow\">\n<div class=\"wp-block-file\"><a id=\"wp-block-file--media-35b13a08-6421-4f4d-b379-4d2d9e359079\" href=\"https:\/\/webs.uab.cat\/melissapilotplant\/wp-content\/uploads\/sites\/397\/2023\/11\/Integration-of-Nitrifying.pdf\"> <a href=\"https:\/\/webs.uab.cat\/melissapilotplant\/wp-content\/uploads\/sites\/397\/2023\/11\/Integration-of-Nitrifying.pdf\">Integration of Nitrifying, Photosynthetic and Animal Compartments at the MELiSSA Pilot Plant<br><br>Frontiers Astronomy Space Science. Sec. Astrobiology\u00a0 Vol. 8, 2021<br><br><\/a><a href=\"https:\/\/doi.org\/10.3389\/fspas.2021.750616\">https:\/\/doi.org\/10.3389\/fspas.2021.750616<\/a><br><\/a><a href=\"https:\/\/webs.uab.cat\/melissapilotplant\/wp-content\/uploads\/sites\/397\/2023\/11\/Integration-of-Nitrifying.pdf\" class=\"wp-block-file__button wp-element-button\" download aria-describedby=\"wp-block-file--media-35b13a08-6421-4f4d-b379-4d2d9e359079\">Baixa<\/a><\/div>\n<\/div>\n<\/div>\n\n\n\n<div style=\"height:13px\" aria-hidden=\"true\" class=\"wp-block-spacer\"><\/div>\n\n\n\n<div class=\"wp-block-columns is-layout-flex wp-container-core-columns-is-layout-9d6595d7 wp-block-columns-is-layout-flex\">\n<div class=\"wp-block-column is-layout-flow wp-block-column-is-layout-flow\">\n<div class=\"wp-block-file\"><a id=\"wp-block-file--media-982e2701-e653-4b9a-9610-2a2dff1794ed\" href=\"https:\/\/webs.uab.cat\/melissapilotplant\/wp-content\/uploads\/sites\/397\/2023\/11\/Air-Distribution-in-a-Fully-Closed-Higher-Plant-Growth-Chamber.pdf\"><a href=\"https:\/\/webs.uab.cat\/melissapilotplant\/wp-content\/uploads\/sites\/397\/2023\/11\/Air-Distribution-in-a-Fully-Closed-Higher-Plant-Growth-Chamber.pdf\">Air Distribution in a Fully-Closed Higher Plant Growth Chamber Impacts Crop Performance of Hydroponically-Grown Lettuce<br><br>Frontiers Plant Space Science, Sec. Plant Abiotic Stress. Vol 11, 2020<br><br><\/a><a href=\"https:\/\/doi.org\/10.3389\/fpls.2020.00537\"><\/a><a href=\"https:\/\/doi.org\/10.3389\/fpls.2020.00537\">https:\/\/doi.org\/10.3389\/fpls.2020.00537<\/a><\/a><a href=\"https:\/\/webs.uab.cat\/melissapilotplant\/wp-content\/uploads\/sites\/397\/2023\/11\/Air-Distribution-in-a-Fully-Closed-Higher-Plant-Growth-Chamber.pdf\" class=\"wp-block-file__button wp-element-button\" download aria-describedby=\"wp-block-file--media-982e2701-e653-4b9a-9610-2a2dff1794ed\">Baixa<\/a><\/div>\n<\/div>\n\n\n\n<div class=\"wp-block-column is-layout-flow wp-block-column-is-layout-flow\">\n<div class=\"wp-block-file\"><a id=\"wp-block-file--media-53aae2c3-7ac9-44db-8905-15f567781703\" href=\"https:\/\/webs.uab.cat\/melissapilotplant\/wp-content\/uploads\/sites\/397\/2023\/11\/Melissa_The_European_project_of_a_closed_life_supp-1.pdf\"><a href=\"https:\/\/webs.uab.cat\/melissapilotplant\/wp-content\/uploads\/sites\/397\/2023\/11\/Melissa_The_European_project_of_a_closed_life_supp-1.pdf\">Melissa: The European project of a closed life support system.<br><br><br>Gravitational and Space Biology. Vol 23, 2010<\/a><\/a><a href=\"https:\/\/webs.uab.cat\/melissapilotplant\/wp-content\/uploads\/sites\/397\/2023\/11\/Melissa_The_European_project_of_a_closed_life_supp-1.pdf\" class=\"wp-block-file__button wp-element-button\" download aria-describedby=\"wp-block-file--media-53aae2c3-7ac9-44db-8905-15f567781703\">Baixa<\/a><\/div>\n<\/div>\n<\/div>\n\n\n\n<div style=\"height:19px\" aria-hidden=\"true\" class=\"wp-block-spacer\"><\/div>\n\n\n\n<h2 class=\"wp-block-heading alignwide\">Altres Publicacions<\/h2>\n\n\n\n<div style=\"height:11px\" aria-hidden=\"true\" class=\"wp-block-spacer\"><\/div>\n\n\n\n<div class=\"wp-block-columns is-layout-flex wp-container-core-columns-is-layout-9d6595d7 wp-block-columns-is-layout-flex\">\n<div class=\"wp-block-column is-layout-flow wp-block-column-is-layout-flow\">\n<p><a href=\"https:\/\/www.sciencedirect.com\/science\/article\/abs\/pii\/S0301479723012884\">Continuous cultivation of microalgae yields high nutrient recovery from nitrified urine with limited supplementation<\/a><\/p>\n\n\n\n<p><br>Journal of Environmental Management Vol. 345, 2023.<\/p>\n<\/div>\n\n\n\n<div class=\"wp-block-column is-layout-flow wp-block-column-is-layout-flow\">\n<p><a href=\"https:\/\/pubs.acs.org\/doi\/10.1021\/acs.iecr.2c04151\">A Simple and Reliable Method to Determine Mean Incident Light Flux Densities on Cylindrical Photoreactors and Photobioreactors from a Unique Fluence Rate Measurement<\/a><\/p>\n\n\n\n<p>Industrial &amp; Engineering Chemistry Research . Vol. 62, 2023<\/p>\n<\/div>\n<\/div>\n\n\n\n<div style=\"height:10px\" aria-hidden=\"true\" class=\"wp-block-spacer\"><\/div>\n\n\n\n<div class=\"wp-block-columns is-layout-flex wp-container-core-columns-is-layout-9d6595d7 wp-block-columns-is-layout-flex\">\n<div class=\"wp-block-column is-layout-flow wp-block-column-is-layout-flow\">\n<p><a href=\"https:\/\/ieeexplore.ieee.org\/document\/9328230\">Hierarchical Control of Space Closed Ecosystems: Expanding Microgrid Concepts to Bioastronautics<\/a><\/p>\n\n\n\n<p>IEEE Industrial Electronics Magazine, Vol. 15, pp. 16-27, June 2021<\/p>\n<\/div>\n\n\n\n<div class=\"wp-block-column is-layout-flow wp-block-column-is-layout-flow\">\n<p><a href=\"https:\/\/www.sciencedirect.com\/science\/article\/abs\/pii\/S1369703X1930258X\">Continuous controlled long-term operation and modeling of a closed loop connecting an air-lift photobioreactor and an animal compartment for the development of a life support system<\/a><\/p>\n\n\n\n<p>Biochemical Engineering Journal<br>Vol. 151, 2019<\/p>\n<\/div>\n<\/div>\n\n\n\n<div style=\"height:8px\" aria-hidden=\"true\" class=\"wp-block-spacer\"><\/div>\n\n\n\n<h2 class=\"wp-block-heading alignwide\">Tesis Doctorals<\/h2>\n\n\n\n<div class=\"wp-block-columns is-layout-flex wp-container-core-columns-is-layout-9d6595d7 wp-block-columns-is-layout-flex\">\n<div class=\"wp-block-column is-layout-flow wp-block-column-is-layout-flow\">\n<p><a href=\"https:\/\/www.tdx.cat\/handle\/10803\/692868#page=1\" data-type=\"link\" data-id=\"https:\/\/www.tdx.cat\/handle\/10803\/692868#page=1\">Technology development for interconnection of biological life support systems in the MELiSSA Pilot Plant<\/a><\/p>\n\n\n\n<p>2024 \u2013 David Garc\u00eda<\/p>\n<\/div>\n\n\n\n<div class=\"wp-block-column is-layout-flow wp-block-column-is-layout-flow\">\n<p><a href=\"https:\/\/www.tdx.cat\/handle\/10803\/690951#page=1\" data-type=\"link\" data-id=\"https:\/\/www.tdx.cat\/handle\/10803\/690951#page=1\">Proposal of an Overall Control Architecture for the MELiSSA Loop<\/a><\/p>\n\n\n\n<p>2023- Carles Ciurans<\/p>\n<\/div>\n<\/div>\n\n\n\n<div class=\"wp-block-columns is-layout-flex wp-container-core-columns-is-layout-9d6595d7 wp-block-columns-is-layout-flex\">\n<div class=\"wp-block-column is-layout-flow wp-block-column-is-layout-flow\">\n<p><a href=\"http:\/\/hdl.handle.net\/10803\/675379\">Mathematical modelling of bioreactors in the MELiSSA regenerative life support system<\/a><\/p>\n\n\n\n<p>2022 \u2013 Laura Alemany<\/p>\n\n\n\n<p><\/p>\n<\/div>\n\n\n\n<div class=\"wp-block-column is-layout-flow wp-block-column-is-layout-flow\">\n<p><a href=\"http:\/\/hdl.handle.net\/10803\/672515\">Urine recycling technologies for a circular future within and beyond terrestrial boundaries<\/a><\/p>\n\n\n\n<p>2020 \u2013 Jolien De Pape<\/p>\n<\/div>\n<\/div>\n\n\n\n<div style=\"height:11px\" aria-hidden=\"true\" class=\"wp-block-spacer\"><\/div>\n\n\n\n<h3 class=\"wp-block-heading alignwide has-text-align-center\">Comparteix aquesta p\u00e0gina<\/h3>\n","protected":false},"excerpt":{"rendered":"<p>A continuaci\u00f3, es llisten algunes publicacions que s\u00f3n un resultat de l&#8217;activitat t\u00e8cnica de la MPP. Publicacions d&#8217;acc\u00e8s obert Altres Publicacions Continuous cultivation of microalgae yields high nutrient recovery from nitrified urine with limited supplementation Journal of Environmental Management Vol. 345, 2023. A Simple and Reliable Method to Determine Mean Incident Light Flux Densities on [&hellip;]<\/p>\n","protected":false},"author":2614,"featured_media":0,"parent":0,"menu_order":4,"comment_status":"closed","ping_status":"closed","template":"","meta":{"footnotes":""},"class_list":["post-707","page","type-page","status-publish","hentry"],"_links":{"self":[{"href":"https:\/\/webs.uab.cat\/melissapilotplant\/wp-json\/wp\/v2\/pages\/707","targetHints":{"allow":["GET"]}}],"collection":[{"href":"https:\/\/webs.uab.cat\/melissapilotplant\/wp-json\/wp\/v2\/pages"}],"about":[{"href":"https:\/\/webs.uab.cat\/melissapilotplant\/wp-json\/wp\/v2\/types\/page"}],"author":[{"embeddable":true,"href":"https:\/\/webs.uab.cat\/melissapilotplant\/wp-json\/wp\/v2\/users\/2614"}],"replies":[{"embeddable":true,"href":"https:\/\/webs.uab.cat\/melissapilotplant\/wp-json\/wp\/v2\/comments?post=707"}],"version-history":[{"count":60,"href":"https:\/\/webs.uab.cat\/melissapilotplant\/wp-json\/wp\/v2\/pages\/707\/revisions"}],"predecessor-version":[{"id":2535,"href":"https:\/\/webs.uab.cat\/melissapilotplant\/wp-json\/wp\/v2\/pages\/707\/revisions\/2535"}],"wp:attachment":[{"href":"https:\/\/webs.uab.cat\/melissapilotplant\/wp-json\/wp\/v2\/media?parent=707"}],"curies":[{"name":"wp","href":"https:\/\/api.w.org\/{rel}","templated":true}]}}