{"id":88,"date":"2023-10-27T11:10:38","date_gmt":"2023-10-27T09:10:38","guid":{"rendered":"https:\/\/webs.uab.cat\/melissapilotplant\/?page_id=88"},"modified":"2024-07-12T10:00:26","modified_gmt":"2024-07-12T08:00:26","slug":"concepte-melissa","status":"publish","type":"page","link":"https:\/\/webs.uab.cat\/melissapilotplant\/concepte-melissa\/","title":{"rendered":"Concepte MELiSSA"},"content":{"rendered":"\n<h6 class=\"wp-block-heading alignwide has-large-font-size\" id=\"we-re-a-studio-in-berlin-with-an-international-practice-in-architecture-urban-planning-and-interior-design-we-believe-in-sharing-knowledge-and-promoting-dialogue-to-increase-the-creative-potential-of-collaboration\" style=\"font-style:normal;font-weight:400;line-height:1.1;text-transform:none\">El projecte MELiSSA (Sistema de Suport Vida Microecol\u00f2gic Alternatiu, per les seves sigles en angl\u00e8s) busca desenvolupar un sistema de suport de vida per les missions humanes tripulades de llarga durada, com ara una base a la Lluna o Mart. Les funcions b\u00e0siques d&#8217;un sistema de suport de vida s\u00f3n la regeneraci\u00f3 de la atmosfera, el reciclatge de l&#8217;aigua i la generaci\u00f3 de material comestible.<\/h6>\n\n\n\n<h6 class=\"wp-block-heading alignwide has-large-font-size\" id=\"we-re-a-studio-in-berlin-with-an-international-practice-in-architecture-urban-planning-and-interior-design-we-believe-in-sharing-knowledge-and-promoting-dialogue-to-increase-the-creative-potential-of-collaboration\" style=\"font-style:normal;font-weight:400;line-height:1.1;text-transform:none\">Per aconseguir l autosostenibilitat i reduir la depend\u00e8ncia de la Terra cal utilitzar com a recursos els residus generats per la tripulaci\u00f3. Com a referenci\u00e0, es requeririen, 100 tones de materials pel suport de vida en una missi\u00f3 tripulada a Mart, amb 6 persones i una durada de 1000 dies, el que, clarament, fa impossible la missi\u00f3 a dia d\u2019avui. Per aix\u00f2, els sistemes de suport de vida s\u00f3n part de l\u2019agenda tecnol\u00f2gica per a facilitar la vida dels humans a l\u2019Espai.<\/h6>\n\n\n\n<h6 class=\"wp-block-heading alignwide has-large-font-size\" id=\"we-re-a-studio-in-berlin-with-an-international-practice-in-architecture-urban-planning-and-interior-design-we-believe-in-sharing-knowledge-and-promoting-dialogue-to-increase-the-creative-potential-of-collaboration\" style=\"font-style:normal;font-weight:400;line-height:1.1;text-transform:none\">El sistema proposat per MELiSSA est\u00e0 inspirat en un sistema ecol\u00f2gic terrestre. A partir de l\u2019an\u00e0lisi dels funcions biol\u00f2giques principals del sistema, es proposa una estructura basada en compartiments interconnectats on cadascun t\u00e9 una tasca espec\u00edfica.<\/h6>\n\n\n\n<figure class=\"wp-block-gallery alignwide has-nested-images columns-default is-cropped wp-block-gallery-1 is-layout-flex wp-block-gallery-is-layout-flex\">\n<figure class=\"wp-block-image size-large\"><img loading=\"lazy\" decoding=\"async\" width=\"367\" height=\"272\" data-id=\"80\" src=\"https:\/\/webs.uab.cat\/melissapilotplant\/wp-content\/uploads\/sites\/397\/2023\/05\/imatge.png\" alt=\"\" class=\"wp-image-80\" srcset=\"https:\/\/webs.uab.cat\/melissapilotplant\/wp-content\/uploads\/sites\/397\/2023\/05\/imatge.png 367w, https:\/\/webs.uab.cat\/melissapilotplant\/wp-content\/uploads\/sites\/397\/2023\/05\/imatge-300x222.png 300w\" sizes=\"auto, (max-width: 367px) 100vw, 367px\" \/><figcaption class=\"wp-element-caption\">Ecosistema MELiSSA<\/figcaption><\/figure>\n\n\n\n<figure class=\"wp-block-image size-full\"><img loading=\"lazy\" decoding=\"async\" width=\"816\" height=\"652\" data-id=\"1732\" src=\"https:\/\/webs.uab.cat\/melissapilotplant\/wp-content\/uploads\/sites\/397\/2024\/04\/MELiSSA-Loop-with-urine.png\" alt=\"\" class=\"wp-image-1732\" srcset=\"https:\/\/webs.uab.cat\/melissapilotplant\/wp-content\/uploads\/sites\/397\/2024\/04\/MELiSSA-Loop-with-urine.png 816w, https:\/\/webs.uab.cat\/melissapilotplant\/wp-content\/uploads\/sites\/397\/2024\/04\/MELiSSA-Loop-with-urine-300x240.png 300w, https:\/\/webs.uab.cat\/melissapilotplant\/wp-content\/uploads\/sites\/397\/2024\/04\/MELiSSA-Loop-with-urine-768x614.png 768w\" sizes=\"auto, (max-width: 816px) 100vw, 816px\" \/><figcaption class=\"wp-element-caption\">Bucle MELiSSA<\/figcaption><\/figure>\n<\/figure>\n\n\n\n<h6 class=\"wp-block-heading alignwide has-large-font-size\" id=\"we-re-a-studio-in-berlin-with-an-international-practice-in-architecture-urban-planning-and-interior-design-we-believe-in-sharing-knowledge-and-promoting-dialogue-to-increase-the-creative-potential-of-collaboration\" style=\"font-style:normal;font-weight:400;line-height:1.1;text-transform:none\">El sistema est\u00e0 format per un cicle tancat amb cinc compartiments amb funcions espec\u00edfiques: degradaci\u00f3 microbiol\u00f2gica de residus org\u00e0nics (Compartiments 1 i 2), nitrificaci\u00f3 (Compartiment 3) producci\u00f3 de material comestible i oxigen mitjan\u00e7ant cianobacteris i plantes (Compartiments 4a i 4b respectivament) i un compartiment que simula la tripulaci\u00f3, un a\u00efllador animals (Compartiment 5). L\u2019 enfoc de MELiSSA es basa en l\u2019an\u00e0lisi i el funcionament controlat de cada compartiment individual aix\u00ed com del sistema complert en base a models matem\u00e0tics<\/h6>\n\n\n\n<h6 class=\"wp-block-heading alignwide has-large-font-size\" id=\"we-re-a-studio-in-berlin-with-an-international-practice-in-architecture-urban-planning-and-interior-design-we-believe-in-sharing-knowledge-and-promoting-dialogue-to-increase-the-creative-potential-of-collaboration\" style=\"font-style:normal;font-weight:400;line-height:1.1;text-transform:none\">Degut als reptes i la complexitat per construir un entorn segur per els astronautes, es requereix integrar i demostrar a la Terra el concepte MELiSSA. Aquesta integraci\u00f3 i demostraci\u00f3, es fa al campus de la UAB des de 1995 mitjan\u00e7ant experiments de llarga durada amb rates com a tripulaci\u00f3. Els residus utilitzats en aquet proc\u00e9s s\u00f3n deixalles humans reals ja que dif\u00edcilment es poden imitar.<\/h6>\n\n\n\n<h6 class=\"wp-block-heading alignwide has-large-font-size\" id=\"we-re-a-studio-in-berlin-with-an-international-practice-in-architecture-urban-planning-and-interior-design-we-believe-in-sharing-knowledge-and-promoting-dialogue-to-increase-the-creative-potential-of-collaboration\" style=\"font-style:normal;font-weight:400;line-height:1.1;text-transform:none\">El Consorci MELiSSA est\u00e0 conformat per 15 socis d&#8217;Europa. T\u00e9 m\u00e9s de 30 organitzacions relacionades, el que implica que m\u00e9s de 100 cient\u00edfics treballen en el desenvolupament del concepte MELiSSA. El consorci MELiSSA&nbsp; est\u00e0 coordinat per l\u2019Ag\u00e8ncia Europea de \u2018Espai.<\/h6>\n\n\n\n<h6 class=\"wp-block-heading alignwide has-large-font-size\" id=\"we-re-a-studio-in-berlin-with-an-international-practice-in-architecture-urban-planning-and-interior-design-we-believe-in-sharing-knowledge-and-promoting-dialogue-to-increase-the-creative-potential-of-collaboration\" style=\"font-style:normal;font-weight:400;line-height:1.1;text-transform:none\">Per a desenvolupar les activitats de la MPP, l&#8217;equip treballa amb un grup multidisciplinari de socis, integrats per:<\/h6>\n\n\n\n<figure class=\"wp-block-image alignwide size-large\"><img loading=\"lazy\" decoding=\"async\" width=\"1024\" height=\"607\" src=\"https:\/\/webs.uab.cat\/melissapilotplant\/wp-content\/uploads\/sites\/397\/2023\/12\/Diseno-sin-titulo-1024x607.png\" alt=\"\" class=\"wp-image-1205\" srcset=\"https:\/\/webs.uab.cat\/melissapilotplant\/wp-content\/uploads\/sites\/397\/2023\/12\/Diseno-sin-titulo-1024x607.png 1024w, https:\/\/webs.uab.cat\/melissapilotplant\/wp-content\/uploads\/sites\/397\/2023\/12\/Diseno-sin-titulo-300x178.png 300w, https:\/\/webs.uab.cat\/melissapilotplant\/wp-content\/uploads\/sites\/397\/2023\/12\/Diseno-sin-titulo-768x455.png 768w, https:\/\/webs.uab.cat\/melissapilotplant\/wp-content\/uploads\/sites\/397\/2023\/12\/Diseno-sin-titulo-1200x711.png 1200w, https:\/\/webs.uab.cat\/melissapilotplant\/wp-content\/uploads\/sites\/397\/2023\/12\/Diseno-sin-titulo.png 1399w\" sizes=\"auto, (max-width: 1024px) 100vw, 1024px\" \/><\/figure>\n\n\n\n<h6 class=\"wp-block-heading alignwide has-normal-font-size\" id=\"we-re-a-studio-in-berlin-with-an-international-practice-in-architecture-urban-planning-and-interior-design-we-believe-in-sharing-knowledge-and-promoting-dialogue-to-increase-the-creative-potential-of-collaboration\" style=\"font-style:normal;font-weight:400;line-height:1.1;text-transform:none\">Per m\u00e9s informaci\u00f2 feu <a href=\"https:\/\/www.melissafoundation.org\/page\/melissa-\" data-type=\"link\" data-id=\"https:\/\/www.melissafoundation.org\/page\/melissa-\">click aqui<\/a><br><\/h6>\n\n\n\n<h2 class=\"wp-block-heading alignwide\">V\u00eddeos sobre MELiSSA<\/h2>\n\n\n\n<div style=\"height:6px\" aria-hidden=\"true\" class=\"wp-block-spacer\"><\/div>\n\n\n\n<figure class=\"wp-block-gallery alignwide has-nested-images columns-default is-cropped wp-block-gallery-2 is-layout-flex wp-block-gallery-is-layout-flex\">\n<figure class=\"wp-block-image size-large\"><img loading=\"lazy\" decoding=\"async\" width=\"1024\" height=\"711\" data-id=\"1532\" src=\"https:\/\/webs.uab.cat\/melissapilotplant\/wp-content\/uploads\/sites\/397\/2024\/03\/Diseno-sin-titulo-1024x711.jpg\" alt=\"\" class=\"wp-image-1532\" srcset=\"https:\/\/webs.uab.cat\/melissapilotplant\/wp-content\/uploads\/sites\/397\/2024\/03\/Diseno-sin-titulo-1024x711.jpg 1024w, https:\/\/webs.uab.cat\/melissapilotplant\/wp-content\/uploads\/sites\/397\/2024\/03\/Diseno-sin-titulo-300x208.jpg 300w, https:\/\/webs.uab.cat\/melissapilotplant\/wp-content\/uploads\/sites\/397\/2024\/03\/Diseno-sin-titulo-768x533.jpg 768w, https:\/\/webs.uab.cat\/melissapilotplant\/wp-content\/uploads\/sites\/397\/2024\/03\/Diseno-sin-titulo.jpg 1038w\" sizes=\"auto, (max-width: 1024px) 100vw, 1024px\" \/><figcaption class=\"wp-element-caption\"><a href=\"https:\/\/auvio.rtbf.be\/media\/videos-d-info-projet-melissa-comment-assurer-la-survie-d-un-equipage-humain-sur-la-planete-mars-3061715\" data-type=\"link\" data-id=\"https:\/\/auvio.rtbf.be\/media\/videos-d-info-projet-melissa-comment-assurer-la-survie-d-un-equipage-humain-sur-la-planete-mars-3061715\">Reportatge sobre MELiSSA RBFT<\/a><\/figcaption><\/figure>\n\n\n\n<figure class=\"wp-block-image size-large\"><img loading=\"lazy\" decoding=\"async\" width=\"884\" height=\"462\" data-id=\"1614\" src=\"https:\/\/webs.uab.cat\/melissapilotplant\/wp-content\/uploads\/sites\/397\/2024\/04\/MELiSSA-conference.png\" alt=\"\" class=\"wp-image-1614\" srcset=\"https:\/\/webs.uab.cat\/melissapilotplant\/wp-content\/uploads\/sites\/397\/2024\/04\/MELiSSA-conference.png 884w, https:\/\/webs.uab.cat\/melissapilotplant\/wp-content\/uploads\/sites\/397\/2024\/04\/MELiSSA-conference-300x157.png 300w, https:\/\/webs.uab.cat\/melissapilotplant\/wp-content\/uploads\/sites\/397\/2024\/04\/MELiSSA-conference-768x401.png 768w\" sizes=\"auto, (max-width: 884px) 100vw, 884px\" \/><figcaption class=\"wp-element-caption\"><a href=\"https:\/\/youtu.be\/JkDWG0BxUnE?si=0GZOolstCjgvVp3D\" data-type=\"link\" data-id=\"https:\/\/youtu.be\/JkDWG0BxUnE?si=0GZOolstCjgvVp3D\">Conferencia MELiSSA 2022<\/a><\/figcaption><\/figure>\n\n\n\n<figure class=\"wp-block-image size-large\"><img loading=\"lazy\" decoding=\"async\" width=\"533\" height=\"403\" data-id=\"1611\" src=\"https:\/\/webs.uab.cat\/melissapilotplant\/wp-content\/uploads\/sites\/397\/2024\/04\/CH.png\" alt=\"\" class=\"wp-image-1611\" srcset=\"https:\/\/webs.uab.cat\/melissapilotplant\/wp-content\/uploads\/sites\/397\/2024\/04\/CH.png 533w, https:\/\/webs.uab.cat\/melissapilotplant\/wp-content\/uploads\/sites\/397\/2024\/04\/CH-300x227.png 300w\" sizes=\"auto, (max-width: 533px) 100vw, 533px\" \/><figcaption class=\"wp-element-caption\"><a href=\"https:\/\/youtu.be\/k40_od1Nbuk\">MELiSSA en 2 minuts<\/a><\/figcaption><\/figure>\n<\/figure>\n\n\n\n<div style=\"height:11px\" aria-hidden=\"true\" class=\"wp-block-spacer\"><\/div>\n\n\n\n<div style=\"height:10px\" aria-hidden=\"true\" class=\"wp-block-spacer\"><\/div>\n\n\n\n<h3 class=\"wp-block-heading alignwide has-text-align-center\">Comparteix aquesta p\u00e0gina<\/h3>\n","protected":false},"excerpt":{"rendered":"<p>El projecte MELiSSA (Sistema de Suport Vida Microecol\u00f2gic Alternatiu, per les seves sigles en angl\u00e8s) busca desenvolupar un sistema de suport de vida per les missions humanes tripulades de llarga durada, com ara una base a la Lluna o Mart. Les funcions b\u00e0siques d&#8217;un sistema de suport de vida s\u00f3n la regeneraci\u00f3 de la atmosfera, [&hellip;]<\/p>\n","protected":false},"author":2614,"featured_media":0,"parent":0,"menu_order":0,"comment_status":"closed","ping_status":"closed","template":"","meta":{"footnotes":""},"class_list":["post-88","page","type-page","status-publish","hentry"],"_links":{"self":[{"href":"https:\/\/webs.uab.cat\/melissapilotplant\/wp-json\/wp\/v2\/pages\/88","targetHints":{"allow":["GET"]}}],"collection":[{"href":"https:\/\/webs.uab.cat\/melissapilotplant\/wp-json\/wp\/v2\/pages"}],"about":[{"href":"https:\/\/webs.uab.cat\/melissapilotplant\/wp-json\/wp\/v2\/types\/page"}],"author":[{"embeddable":true,"href":"https:\/\/webs.uab.cat\/melissapilotplant\/wp-json\/wp\/v2\/users\/2614"}],"replies":[{"embeddable":true,"href":"https:\/\/webs.uab.cat\/melissapilotplant\/wp-json\/wp\/v2\/comments?post=88"}],"version-history":[{"count":51,"href":"https:\/\/webs.uab.cat\/melissapilotplant\/wp-json\/wp\/v2\/pages\/88\/revisions"}],"predecessor-version":[{"id":2507,"href":"https:\/\/webs.uab.cat\/melissapilotplant\/wp-json\/wp\/v2\/pages\/88\/revisions\/2507"}],"wp:attachment":[{"href":"https:\/\/webs.uab.cat\/melissapilotplant\/wp-json\/wp\/v2\/media?parent=88"}],"curies":[{"name":"wp","href":"https:\/\/api.w.org\/{rel}","templated":true}]}}