{"id":897,"date":"2024-06-26T02:00:00","date_gmt":"2024-06-26T00:00:00","guid":{"rendered":"https:\/\/webs.uab.cat\/melissapilotplant\/?page_id=897"},"modified":"2026-03-17T10:23:27","modified_gmt":"2026-03-17T08:23:27","slug":"planta-pilot-melissa","status":"publish","type":"page","link":"https:\/\/webs.uab.cat\/melissapilotplant\/","title":{"rendered":""},"content":{"rendered":"\n<h6 class=\"wp-block-heading alignwide has-text-align-center has-large-font-size\" id=\"we-re-a-studio-in-berlin-with-an-international-practice-in-architecture-urban-planning-and-interior-design-we-believe-in-sharing-knowledge-and-promoting-dialogue-to-increase-the-creative-potential-of-collaboration\" style=\"font-style:normal;font-weight:400;line-height:1.1;text-transform:none\">La Planta Pilot MELiSSA (MPP per les seves sigles en angl\u00e8s) \u00e9s un laboratori extern de l\u2019Ag\u00e8ncia Europea de l\u2019Espai (ESA per les seves sigles en angl\u00e8s) ubicada al campus de la Universitat Aut\u00f2noma de Barcelona. La MPP forma part del consorci MELiSSA i \u00e9s un laboratori per la demostraci\u00f3 i integraci\u00f3 de tecnologies relacionades amb el suport de vida a l\u2019espai.&nbsp;<\/h6>\n\n\n\n<div style=\"height:13px\" aria-hidden=\"true\" class=\"wp-block-spacer\"><\/div>\n\n\n\n<div style=\"height:4px\" aria-hidden=\"true\" class=\"wp-block-spacer\"><\/div>\n\n\n\n<h2 class=\"wp-block-heading alignwide\">Activitats Recents<\/h2>\n\n\n\n<div style=\"height:10px\" aria-hidden=\"true\" class=\"wp-block-spacer\"><\/div>\n\n\n\n<figure class=\"wp-block-gallery alignwide has-nested-images columns-default is-cropped wp-block-gallery-1 is-layout-flex wp-block-gallery-is-layout-flex\">\n<figure class=\"wp-block-image size-full\"><img loading=\"lazy\" decoding=\"async\" width=\"2048\" height=\"1152\" data-id=\"2604\" src=\"https:\/\/webs.uab.cat\/melissapilotplant\/wp-content\/uploads\/sites\/397\/2026\/03\/SANI.jpeg\" alt=\"\" class=\"wp-image-2604\" srcset=\"https:\/\/webs.uab.cat\/melissapilotplant\/wp-content\/uploads\/sites\/397\/2026\/03\/SANI.jpeg 2048w, https:\/\/webs.uab.cat\/melissapilotplant\/wp-content\/uploads\/sites\/397\/2026\/03\/SANI-300x169.jpeg 300w, https:\/\/webs.uab.cat\/melissapilotplant\/wp-content\/uploads\/sites\/397\/2026\/03\/SANI-1024x576.jpeg 1024w, https:\/\/webs.uab.cat\/melissapilotplant\/wp-content\/uploads\/sites\/397\/2026\/03\/SANI-768x432.jpeg 768w, https:\/\/webs.uab.cat\/melissapilotplant\/wp-content\/uploads\/sites\/397\/2026\/03\/SANI-1536x864.jpeg 1536w, https:\/\/webs.uab.cat\/melissapilotplant\/wp-content\/uploads\/sites\/397\/2026\/03\/SANI-1200x675.jpeg 1200w, https:\/\/webs.uab.cat\/melissapilotplant\/wp-content\/uploads\/sites\/397\/2026\/03\/SANI-1980x1114.jpeg 1980w\" sizes=\"auto, (max-width: 2048px) 100vw, 2048px\" \/><figcaption class=\"wp-element-caption\">Visita de Jarno Robin i Michael Juul Jensen, de SANI Membranes<\/figcaption><\/figure>\n\n\n\n<figure class=\"wp-block-image size-large\"><img loading=\"lazy\" decoding=\"async\" width=\"1024\" height=\"543\" data-id=\"2608\" src=\"https:\/\/webs.uab.cat\/melissapilotplant\/wp-content\/uploads\/sites\/397\/2026\/03\/BSE-1024x543.jpeg\" alt=\"\" class=\"wp-image-2608\" srcset=\"https:\/\/webs.uab.cat\/melissapilotplant\/wp-content\/uploads\/sites\/397\/2026\/03\/BSE-1024x543.jpeg 1024w, https:\/\/webs.uab.cat\/melissapilotplant\/wp-content\/uploads\/sites\/397\/2026\/03\/BSE-300x159.jpeg 300w, https:\/\/webs.uab.cat\/melissapilotplant\/wp-content\/uploads\/sites\/397\/2026\/03\/BSE-768x407.jpeg 768w, https:\/\/webs.uab.cat\/melissapilotplant\/wp-content\/uploads\/sites\/397\/2026\/03\/BSE-1536x815.jpeg 1536w, https:\/\/webs.uab.cat\/melissapilotplant\/wp-content\/uploads\/sites\/397\/2026\/03\/BSE-1200x637.jpeg 1200w, https:\/\/webs.uab.cat\/melissapilotplant\/wp-content\/uploads\/sites\/397\/2026\/03\/BSE.jpeg 1855w\" sizes=\"auto, (max-width: 1024px) 100vw, 1024px\" \/><figcaption class=\"wp-element-caption\">Participaci\u00f3 de la MPP en el Bioprocess Summit Europe a Barcelona amb una Featured Lecture<\/figcaption><\/figure>\n<\/figure>\n\n\n\n<div style=\"height:8px\" aria-hidden=\"true\" class=\"wp-block-spacer\"><\/div>\n\n\n\n<h6 class=\"wp-block-heading alignwide has-text-align-right has-normal-font-size\" id=\"we-re-a-studio-in-berlin-with-an-international-practice-in-architecture-urban-planning-and-interior-design-we-believe-in-sharing-knowledge-and-promoting-dialogue-to-increase-the-creative-potential-of-collaboration\" style=\"font-style:normal;font-weight:400;line-height:1.1;text-transform:none\">Per veure m\u00e9s activitats  <a href=\"https:\/\/webs.uab.cat\/melissapilotplant\/?page_id=438\" data-type=\"link\" data-id=\"https:\/\/webs.uab.cat\/melissapilotplant\/?page_id=438\">feu click aqui<\/a><\/h6>\n\n\n\n<h2 class=\"wp-block-heading alignwide\">Videos<\/h2>\n\n\n\n<div style=\"height:9px\" aria-hidden=\"true\" class=\"wp-block-spacer\"><\/div>\n\n\n\n<figure class=\"wp-block-gallery alignwide has-nested-images columns-default is-cropped wp-block-gallery-2 is-layout-flex wp-block-gallery-is-layout-flex\">\n<figure class=\"wp-block-image size-large\"><img loading=\"lazy\" decoding=\"async\" width=\"1024\" height=\"768\" data-id=\"1828\" src=\"https:\/\/webs.uab.cat\/melissapilotplant\/wp-content\/uploads\/sites\/397\/2024\/04\/GOPR2925-1024x768.jpeg\" alt=\"\" class=\"wp-image-1828\" srcset=\"https:\/\/webs.uab.cat\/melissapilotplant\/wp-content\/uploads\/sites\/397\/2024\/04\/GOPR2925-1024x768.jpeg 1024w, https:\/\/webs.uab.cat\/melissapilotplant\/wp-content\/uploads\/sites\/397\/2024\/04\/GOPR2925-300x225.jpeg 300w, https:\/\/webs.uab.cat\/melissapilotplant\/wp-content\/uploads\/sites\/397\/2024\/04\/GOPR2925-768x576.jpeg 768w, https:\/\/webs.uab.cat\/melissapilotplant\/wp-content\/uploads\/sites\/397\/2024\/04\/GOPR2925-1536x1152.jpeg 1536w, https:\/\/webs.uab.cat\/melissapilotplant\/wp-content\/uploads\/sites\/397\/2024\/04\/GOPR2925-2048x1536.jpeg 2048w, https:\/\/webs.uab.cat\/melissapilotplant\/wp-content\/uploads\/sites\/397\/2024\/04\/GOPR2925-1200x900.jpeg 1200w, https:\/\/webs.uab.cat\/melissapilotplant\/wp-content\/uploads\/sites\/397\/2024\/04\/GOPR2925-1980x1485.jpeg 1980w\" sizes=\"auto, (max-width: 1024px) 100vw, 1024px\" \/><figcaption class=\"wp-element-caption\"><a href=\"https:\/\/youtu.be\/pqpvNd0URls\" data-type=\"link\" data-id=\"https:\/\/youtu.be\/pqpvNd0URls\">VIsita virtual a la MPP<\/a><\/figcaption><\/figure>\n\n\n\n<figure class=\"wp-block-image size-full\"><img loading=\"lazy\" decoding=\"async\" width=\"573\" height=\"271\" data-id=\"2242\" src=\"https:\/\/webs.uab.cat\/melissapilotplant\/wp-content\/uploads\/sites\/397\/2024\/07\/Kale-1.png\" alt=\"\" class=\"wp-image-2242\" srcset=\"https:\/\/webs.uab.cat\/melissapilotplant\/wp-content\/uploads\/sites\/397\/2024\/07\/Kale-1.png 573w, https:\/\/webs.uab.cat\/melissapilotplant\/wp-content\/uploads\/sites\/397\/2024\/07\/Kale-1-300x142.png 300w\" sizes=\"auto, (max-width: 573px) 100vw, 573px\" \/><figcaption class=\"wp-element-caption\"><br><a href=\"https:\/\/youtu.be\/WlvFau5eC8I\" data-type=\"link\" data-id=\"https:\/\/youtu.be\/WlvFau5eC8I\">Creixement del kale en el C4b<\/a><\/figcaption><\/figure>\n<\/figure>\n\n\n\n<div class=\"wp-block-columns is-layout-flex wp-container-core-columns-is-layout-9d6595d7 wp-block-columns-is-layout-flex\">\n<div class=\"wp-block-column is-layout-flow wp-block-column-is-layout-flow\">\n<figure class=\"wp-block-gallery has-nested-images columns-default is-cropped wp-block-gallery-3 is-layout-flex wp-block-gallery-is-layout-flex\">\n<figure class=\"wp-block-image size-large\"><img loading=\"lazy\" decoding=\"async\" width=\"900\" height=\"506\" data-id=\"2512\" src=\"https:\/\/webs.uab.cat\/melissapilotplant\/wp-content\/uploads\/sites\/397\/2025\/08\/C4a-Incoculated-1.jpg\" alt=\"\" class=\"wp-image-2512\" srcset=\"https:\/\/webs.uab.cat\/melissapilotplant\/wp-content\/uploads\/sites\/397\/2025\/08\/C4a-Incoculated-1.jpg 900w, https:\/\/webs.uab.cat\/melissapilotplant\/wp-content\/uploads\/sites\/397\/2025\/08\/C4a-Incoculated-1-300x169.jpg 300w, https:\/\/webs.uab.cat\/melissapilotplant\/wp-content\/uploads\/sites\/397\/2025\/08\/C4a-Incoculated-1-768x432.jpg 768w\" sizes=\"auto, (max-width: 900px) 100vw, 900px\" \/><figcaption class=\"wp-element-caption\"><a href=\"https:\/\/youtube.com\/shorts\/M9ZPUYoyaOc?feature=share\" data-type=\"link\" data-id=\"https:\/\/youtube.com\/shorts\/M9ZPUYoyaOc?feature=share\">C4a inoculat per el WP7<\/a><\/figcaption><\/figure>\n<\/figure>\n<\/div>\n<\/div>\n\n\n\n<h6 class=\"wp-block-heading alignwide has-text-align-right has-normal-font-size\" id=\"we-re-a-studio-in-berlin-with-an-international-practice-in-architecture-urban-planning-and-interior-design-we-believe-in-sharing-knowledge-and-promoting-dialogue-to-increase-the-creative-potential-of-collaboration\" style=\"font-style:normal;font-weight:400;line-height:1.1;text-transform:none\">Per veure m\u00e9s v\u00eddeos <a href=\"https:\/\/webs.uab.cat\/melissapilotplant\/?page_id=438\">feu click aqui<\/a><\/h6>\n","protected":false},"excerpt":{"rendered":"<p>La Planta Pilot MELiSSA (MPP per les seves sigles en angl\u00e8s) \u00e9s un laboratori extern de l\u2019Ag\u00e8ncia Europea de l\u2019Espai (ESA per les seves sigles en angl\u00e8s) ubicada al campus de la Universitat Aut\u00f2noma de Barcelona. La MPP forma part del consorci MELiSSA i \u00e9s un laboratori per la demostraci\u00f3 i integraci\u00f3 de tecnologies relacionades [&hellip;]<\/p>\n","protected":false},"author":2614,"featured_media":0,"parent":0,"menu_order":0,"comment_status":"closed","ping_status":"closed","template":"","meta":{"footnotes":""},"class_list":["post-897","page","type-page","status-publish","hentry"],"_links":{"self":[{"href":"https:\/\/webs.uab.cat\/melissapilotplant\/wp-json\/wp\/v2\/pages\/897","targetHints":{"allow":["GET"]}}],"collection":[{"href":"https:\/\/webs.uab.cat\/melissapilotplant\/wp-json\/wp\/v2\/pages"}],"about":[{"href":"https:\/\/webs.uab.cat\/melissapilotplant\/wp-json\/wp\/v2\/types\/page"}],"author":[{"embeddable":true,"href":"https:\/\/webs.uab.cat\/melissapilotplant\/wp-json\/wp\/v2\/users\/2614"}],"replies":[{"embeddable":true,"href":"https:\/\/webs.uab.cat\/melissapilotplant\/wp-json\/wp\/v2\/comments?post=897"}],"version-history":[{"count":58,"href":"https:\/\/webs.uab.cat\/melissapilotplant\/wp-json\/wp\/v2\/pages\/897\/revisions"}],"predecessor-version":[{"id":2611,"href":"https:\/\/webs.uab.cat\/melissapilotplant\/wp-json\/wp\/v2\/pages\/897\/revisions\/2611"}],"wp:attachment":[{"href":"https:\/\/webs.uab.cat\/melissapilotplant\/wp-json\/wp\/v2\/media?parent=897"}],"curies":[{"name":"wp","href":"https:\/\/api.w.org\/{rel}","templated":true}]}}