{"id":93,"date":"2008-11-12T21:55:15","date_gmt":"2008-11-12T19:55:15","guid":{"rendered":"http:\/\/blogs.uab.cat\/memoria\/"},"modified":"2008-11-12T21:55:15","modified_gmt":"2008-11-12T19:55:15","slug":"sobre-esta-bitacora","status":"publish","type":"page","link":"https:\/\/webs.uab.cat\/memoria\/sobre-esta-bitacora\/","title":{"rendered":"Sobre esta bit\u00e1cora"},"content":{"rendered":"<h3 align=\"left\"><img loading=\"lazy\" decoding=\"async\" src=\"http:\/\/www.labcompublica.info\/images\/pedro.jpg\" alt=\"\" width=\"66\" height=\"85\" align=\"top\" border=\"0\" \/>Pedro Molina Rodr\u00edguez-Navas<\/h3>\n<h3>Profesor del Departamento de Comunicaci\u00f3n Audiovisual y Publicidad de la UAB.<\/h3>\n<h3>Investigador del Laboratorio de Periodismo y Comunicaci\u00f3n para la Ciudadan\u00eda Plural (UAB)<\/h3>\n<h3>Contacto: <a href=\"mailto:pedro.molina@uab.es\">pedro.molina@uab.es<\/a><\/h3>\n<h3>Sobre este blog<\/h3>\n<h3 align=\"justify\">Este cuaderno pretende ser un punto de encuentro riguroso pero informal. Un lugar donde compartir ideas y noticias, abierto a todo aquel que quiera participar y colaborar, aportando informaciones y elementos de debate para generar una red de personas interesadas en la investigaci\u00f3n, la docencia, la participaci\u00f3n ciudadana o en cualquier otro aspecto relacionado con las fuentes de la memoria, el periodismo y la comunicaci\u00f3n.<\/h3>\n<h3 align=\"justify\">En sinton\u00eda con estos objetivos, ruego a todo aquel que amablemente deje sus comentarios, que se identifique con su nombre aut\u00e9ntico, evitando seud\u00f3nimos que impidan saber con qui\u00e9n se dialoga.<\/h3>\n","protected":false},"excerpt":{"rendered":"<p>Pedro Molina Rodr\u00edguez-Navas Profesor del Departamento de Comunicaci\u00f3n Audiovisual y Publicidad de la UAB. Investigador del Laboratorio de Periodismo y Comunicaci\u00f3n para la Ciudadan\u00eda Plural (UAB) Contacto: pedro.molina@uab.es Sobre este blog Este cuaderno pretende ser un punto de encuentro riguroso pero informal. Un lugar donde compartir ideas y noticias, abierto a todo aquel que quiera [&hellip;]<\/p>\n","protected":false},"author":143,"featured_media":0,"parent":0,"menu_order":0,"comment_status":"open","ping_status":"open","template":"","meta":{"footnotes":""},"class_list":["post-93","page","type-page","status-publish","hentry"],"_links":{"self":[{"href":"https:\/\/webs.uab.cat\/memoria\/wp-json\/wp\/v2\/pages\/93","targetHints":{"allow":["GET"]}}],"collection":[{"href":"https:\/\/webs.uab.cat\/memoria\/wp-json\/wp\/v2\/pages"}],"about":[{"href":"https:\/\/webs.uab.cat\/memoria\/wp-json\/wp\/v2\/types\/page"}],"author":[{"embeddable":true,"href":"https:\/\/webs.uab.cat\/memoria\/wp-json\/wp\/v2\/users\/143"}],"replies":[{"embeddable":true,"href":"https:\/\/webs.uab.cat\/memoria\/wp-json\/wp\/v2\/comments?post=93"}],"version-history":[{"count":0,"href":"https:\/\/webs.uab.cat\/memoria\/wp-json\/wp\/v2\/pages\/93\/revisions"}],"wp:attachment":[{"href":"https:\/\/webs.uab.cat\/memoria\/wp-json\/wp\/v2\/media?parent=93"}],"curies":[{"name":"wp","href":"https:\/\/api.w.org\/{rel}","templated":true}]}}