{"id":364,"date":"2015-01-12T17:00:42","date_gmt":"2015-01-12T17:00:42","guid":{"rendered":"https:\/\/webs.uab.cat\/mequeedo\/meque-edo-10\/"},"modified":"2022-08-03T09:34:28","modified_gmt":"2022-08-03T09:34:28","slug":"meque-edo-10","status":"publish","type":"page","link":"https:\/\/webs.uab.cat\/mequeedo\/en\/","title":{"rendered":"Mequ\u00e8 Edo"},"content":{"rendered":"<p><img loading=\"lazy\" decoding=\"async\" class=\" size-full wp-image-362\" alt=\"meque.jpg\" src=\"https:\/\/webs.uab.cat\/mequeedo\/wp-content\/uploads\/sites\/99\/2015\/01\/meque.jpg\" style=\"float:right\" width=\"299\" height=\"299\" srcset=\"https:\/\/webs.uab.cat\/mequeedo\/wp-content\/uploads\/sites\/99\/2015\/01\/meque.jpg 299w, https:\/\/webs.uab.cat\/mequeedo\/wp-content\/uploads\/sites\/99\/2015\/01\/meque-150x150.jpg 150w\" sizes=\"auto, (max-width: 299px) 100vw, 299px\" \/><strong><img decoding=\"async\" alt=\"\" src=\"\/mequeedo\/sites\/gent.uab.cat.mequeedo\/files\/images\/MequeEdo.thumbnail.jpg\"><\/strong><a href=\"mailto:Meque.Edo@uab.es\"><strong>Meque.Edo@uab.cat<\/strong><\/a><\/p>\n<p>Maria Merc\u00e8 Edo i Bast\u00e9<\/p>\n<p><strong>Office:<\/strong> G5-136<br \/>\n<strong>Telephone:<\/strong> +34 93 581 26 43<\/p>\n<p>Pofessor.<\/p>\n<p>School of Education, Universitat Aut\u00f2noma de Barcelona.<\/p>\n<p>Campus UAB, 08193, Cerdanyola del Vall\u00e8s, Barcelona, Catalunya, Spain.<\/p>\n","protected":false},"excerpt":{"rendered":"<p>Meque.Edo@uab.cat Maria Merc\u00e8 Edo i Bast\u00e9 Office: G5-136 Telephone: +34 93 581 26 43 Pofessor. School of Education, Universitat Aut\u00f2noma de Barcelona. Campus UAB, 08193, Cerdanyola del Vall\u00e8s, Barcelona, Catalunya, Spain.<\/p>\n","protected":false},"author":20,"featured_media":0,"parent":0,"menu_order":0,"comment_status":"closed","ping_status":"closed","template":"","meta":{"footnotes":""},"class_list":["post-364","page","type-page","status-publish","hentry"],"_links":{"self":[{"href":"https:\/\/webs.uab.cat\/mequeedo\/en\/wp-json\/wp\/v2\/pages\/364","targetHints":{"allow":["GET"]}}],"collection":[{"href":"https:\/\/webs.uab.cat\/mequeedo\/en\/wp-json\/wp\/v2\/pages"}],"about":[{"href":"https:\/\/webs.uab.cat\/mequeedo\/en\/wp-json\/wp\/v2\/types\/page"}],"author":[{"embeddable":true,"href":"https:\/\/webs.uab.cat\/mequeedo\/en\/wp-json\/wp\/v2\/users\/20"}],"replies":[{"embeddable":true,"href":"https:\/\/webs.uab.cat\/mequeedo\/en\/wp-json\/wp\/v2\/comments?post=364"}],"version-history":[{"count":1,"href":"https:\/\/webs.uab.cat\/mequeedo\/en\/wp-json\/wp\/v2\/pages\/364\/revisions"}],"predecessor-version":[{"id":558,"href":"https:\/\/webs.uab.cat\/mequeedo\/en\/wp-json\/wp\/v2\/pages\/364\/revisions\/558"}],"wp:attachment":[{"href":"https:\/\/webs.uab.cat\/mequeedo\/en\/wp-json\/wp\/v2\/media?parent=364"}],"curies":[{"name":"wp","href":"https:\/\/api.w.org\/{rel}","templated":true}]}}