{"id":367,"date":"2019-05-30T12:44:47","date_gmt":"2019-05-30T12:44:47","guid":{"rendered":"https:\/\/webs.uab.cat\/mequeedo\/projectes\/"},"modified":"2019-05-30T12:44:47","modified_gmt":"2019-05-30T12:44:47","slug":"projectes","status":"publish","type":"page","link":"https:\/\/webs.uab.cat\/mequeedo\/projectes\/","title":{"rendered":"Participaci\u00f3 en recerques finan\u00e7ades"},"content":{"rendered":"<p><strong>SGR-2017-101:<\/strong> \u201cGrup d\u2019Investigaci\u00f3 en Pr\u00e0ctica Educativa i Activitat Matem\u00e0tica\u201d \u2013GIPEAM, AGAUR, Generalitat de Catalunya. Gener de 2017-Desembre de 2019. IP: N\u00faria Planas (UAB).<\/p>\n<p><strong>EDU2016-81994-REDT: <\/strong>\u201cRed de investigaci\u00f3n en educaci\u00f3n matem\u00e1tica y formaci\u00f3n del profesorado\u201d. Ministerio de Econom\u00eda y Competitividad, Acciones de Dinamizaci\u00f3n de Redes de Excelencia. Gener de 2017-Desembre de 2018. IP: N\u00faria Planas (UAB).<\/p>\n<p><strong>2015-ARMIF-00019: <\/strong>\u201cImplementaci\u00f3 i avaluaci\u00f3 d&#8217;un pr\u00e0cticum amb major comprom\u00eds social: creaci\u00f3 d&#8217;escenaris formatius col\u00b7laboratius pel desenvolupament social i professional dels futurs mestres\u201d. AGAUR, Generalitat de Catalunya. Juliol de 2016-Juliol de 2018. IP: Gemma Par\u00eds (UAB).<\/p>\n<p><strong>EDU2015-65378-P:&nbsp;<\/strong>&#8220;Construcci\u00f3n de conocimiento matem\u00e1tico escolar: Discurso del profesor y actividad de ense\u00f1anza\u201d.&nbsp;Ministerio de Econom\u00eda y Competitividad; Gener de 2016-Desembre de 2019. IP: N\u00faria Planas (UAB).<\/p>\n<p><strong>SGR-2014-972: <\/strong>\u201cGrup d\u2019Investigaci\u00f3 en Pr\u00e0ctica Educativa i Activitat Matem\u00e0tica\u201d \u2013GIPEAM, AGAUR, Generalitat de Catalunya; Gener de 2014-Desembre de 2016. IP: N\u00faria Planas (UAB).<\/p>\n<p><strong>2014-ARMIF-00049:<\/strong> \u201cMillora del perfil competencial personal, social i professional en els graus d&#8217;Educaci\u00f3 infantil i d&#8217;Educaci\u00f3 prim\u00e0ria a trav\u00e9s d&#8217;un nou models dels pr\u00e0cticum basat en el comprom\u00eds social de l&#8217;alumna\u201d. AGAUR, Generalitat de Catalunya. Juliol de 2014-Desembre de 2015. IP: S\u00edlvia Blanch (UAB).<\/p>\n<p><strong>EDU2012-31464:<\/strong> \u201cAn\u00e1lisis de entornos colaborativos de aula desde la perspectiva de su mediaci\u00f3n en la construcci\u00f3n discursiva de conocimiento matem\u00e1tico\u201d. Ministerio de Econom\u00eda y Competitividad; Gener de 2013-Desembre de 2015. IP: N\u00faria Planas (UAB).<\/p>\n<p><strong>2009-ARFI-1-00052: <\/strong>\u201cDiagnosi de necessitats socials i educatives de l\u2019aula multiling\u00fce: aproximaci\u00f3 des del cas de matem\u00e0tiques\u201d; AGAUR, Generalitat de Catalunya; Abril de 2010-Abril de 2011. IP: N\u00faria Planas (UAB).<\/p>\n<p><strong>EDU2009-07113: <\/strong>\u201cEstudio sobre el desarrollo de competencias discursivas en el aula de matem\u00e1ticas\u201d; Ministerio de Ciencia e Innovaci\u00f3n, 6PN_Programa nacional de proyectos de investigaci\u00f3n fundamental (08-11); Gener de 2010-Desembre de 2012. IP: N\u00faria Planas (UAB).<\/p>\n<p><strong>2007-ARAF-100022<\/strong>: \u201cEducaci\u00f3 matem\u00e1tica dels alumnes immigrats: Identificaci\u00f3 de necessitats en la formaci\u00f3 inicial de mestres i propostes\u201d; AGAUR, Generalitat de Catalunya; Febrer de 2008-Octubre de 2009. IP: N\u00faria Gorgori\u00f3 (UAB).<\/p>\n<p><strong>PB96-1200<\/strong>: \u201cProcesos del pensamiento matem\u00e1tico avanzado\u201d; Ministerio de Educaci\u00f3n y Cultura, Direcci\u00f3n General de Investigaci\u00f3n Cient\u00edfica y T\u00e9cnica (DGICYT); Desembre de 1997-Gener de 2000. IP: Jordi Deulofeu (UAB)<\/p>\n<p><strong>PB92-0610<\/strong>: \u201cLas explicaciones de los alumnos de ciencias y matem\u00e1ticas. An\u00e1lisis, caracterizaci\u00f3n y representaci\u00f3n\u201d; Ministerio de Educaci\u00f3n y Cultura, Direcci\u00f3n General de Investigaci\u00f3n Cient\u00edfica y T\u00e9cnica (DGICYT); Juny de 1993-Desembre de 1996. IP: Jordi Deulofeu (UAB).<\/p>\n<p>&nbsp;<\/p>\n","protected":false},"excerpt":{"rendered":"<p>SGR-2017-101: \u201cGrup d\u2019Investigaci\u00f3 en Pr\u00e0ctica Educativa i Activitat Matem\u00e0tica\u201d \u2013GIPEAM, AGAUR, Generalitat de Catalunya. Gener de 2017-Desembre de 2019. IP: N\u00faria Planas (UAB). EDU2016-81994-REDT: \u201cRed de investigaci\u00f3n en educaci\u00f3n matem\u00e1tica y formaci\u00f3n del profesorado\u201d. Ministerio de Econom\u00eda y Competitividad, Acciones de Dinamizaci\u00f3n de Redes de Excelencia. Gener de 2017-Desembre de 2018. IP: N\u00faria Planas (UAB). [&hellip;]<\/p>\n","protected":false},"author":20,"featured_media":0,"parent":0,"menu_order":0,"comment_status":"closed","ping_status":"closed","template":"","meta":{"footnotes":""},"class_list":["post-367","page","type-page","status-publish","hentry"],"_links":{"self":[{"href":"https:\/\/webs.uab.cat\/mequeedo\/wp-json\/wp\/v2\/pages\/367","targetHints":{"allow":["GET"]}}],"collection":[{"href":"https:\/\/webs.uab.cat\/mequeedo\/wp-json\/wp\/v2\/pages"}],"about":[{"href":"https:\/\/webs.uab.cat\/mequeedo\/wp-json\/wp\/v2\/types\/page"}],"author":[{"embeddable":true,"href":"https:\/\/webs.uab.cat\/mequeedo\/wp-json\/wp\/v2\/users\/20"}],"replies":[{"embeddable":true,"href":"https:\/\/webs.uab.cat\/mequeedo\/wp-json\/wp\/v2\/comments?post=367"}],"version-history":[{"count":0,"href":"https:\/\/webs.uab.cat\/mequeedo\/wp-json\/wp\/v2\/pages\/367\/revisions"}],"wp:attachment":[{"href":"https:\/\/webs.uab.cat\/mequeedo\/wp-json\/wp\/v2\/media?parent=367"}],"curies":[{"name":"wp","href":"https:\/\/api.w.org\/{rel}","templated":true}]}}