{"id":155,"date":"2011-06-18T22:14:43","date_gmt":"2011-06-18T20:14:43","guid":{"rendered":"https:\/\/webs.uab.cat\/methodos\/nuestra-revista\/"},"modified":"2011-11-19T01:26:50","modified_gmt":"2011-11-18T23:26:50","slug":"nuestra-revista","status":"publish","type":"page","link":"https:\/\/webs.uab.cat\/methodos\/es\/","title":{"rendered":"Nuestra revista"},"content":{"rendered":"<p>La revista digital <strong><em>Methodos<\/em><\/strong> fue fundada y dirigida en su <a href=\"http:\/\/pagines.uab.cat\/methodos\/es\/primera-epoca\"><strong>primera \u00e9poca<\/strong><\/a> por Pedro Luis Cano. Su <strong>segunda \u00e9poca<\/strong> se inici\u00f3 en 2011. Actualmente <strong><em>Methodos. Revista de did\u00e0ctica dels estudis cl\u00e0ssics<\/em><\/strong> es una publicaci\u00f3n editada por el <a href=\"http:\/\/pagines.uab.cat\/iceclassiques\/\">Equip Arg\u00f3 de Lleng\u00fces i Cultura Cl\u00e0ssiques<\/a> de la <a href=\"http:\/\/www.uab.cat\/\">Universitat Aut\u00f2noma de Barcelona<\/a>, que integra a profesorado del <a href=\"http:\/\/www.uab.cat\/departament\/ciencies-antiguitat-edat-mitjana\/\" target=\"_blank\" rel=\"noopener\">Departament de Ci\u00e8ncies de l&#8217;Antiguitat i l&#8217;Edat Mitjana<\/a> y profesorado de varios centros de secundaria. <strong><em>Methodos<\/em><\/strong> publica art\u00edculos sobre did\u00e1ctica de las lenguas y la cultura cl\u00e1sicas en cualquier nivel educativo. Su vocaci\u00f3n es convertirse un espacio de encuentro entre la ense\u00f1anza secundaria y la universitaria, entre el estudio del lat\u00edn y del griego, entre la did\u00e1ctica de la lengua y de la cultura cl\u00e1sica.<\/p>\n<p><strong>Director<\/strong><\/p>\n<ul>\n<li>Sebasti\u00e0 Giralt, profesor agregado de filolog\u00eda latina en la Universitat Aut\u00f2noma de Barcelona.<\/li>\n<\/ul>\n<p>&nbsp;<\/p>\n<p><strong>Consejo de redacci\u00f3n<\/strong><\/p>\n<div id=\"node-19\">\n<div>\n<div>\n<div>\n<div>\n<div>\n<ul>\n<li>Victoria Besc\u00f3s, profesora de cl\u00e1sicas en el Institut Baldiri Guilera, el Prat de Llobregat y consultora de la UOC.<\/li>\n<li>C\u00e1ndida Ferrero, profesora agregada de filolog\u00eda latina en la Universitat Aut\u00f2noma de Barcelona.<\/li>\n<li>Marta Oller, profesora agregada interina de filolog\u00eda giega en la Universitat Aut\u00f2noma de Barcelona.<\/li>\n<li>Joan Pag\u00e8s, profesor asociado de filolog\u00eda griega en la Universitat Aut\u00f2noma de Barcelona.<\/li>\n<li>Gemma Puigvert, profesora titular de filolog\u00eda latina en la Universitat Aut\u00f2noma de Barcelona.<\/li>\n<\/ul>\n<\/div>\n<\/div>\n<\/div>\n<\/div>\n<\/div>\n<\/div>\n<p><strong>Consejo asesor<\/strong><\/p>\n<ul>\n<li>Joan Alberich, profesor de cl\u00e1sicas en el Institut Emperador Carles, Barcelona.<\/li>\n<li>Carlos Cabanillas, profesor de lat\u00edn en el IES Santiago Ap\u00f3stol, Almendralejo.<\/li>\n<li>Pedro L. Cano, catedr\u00e1tico em\u00e9rito de filolog\u00eda latina en la Universitat Aut\u00f2noma de Barcelona.<\/li>\n<li>Joan Carbonell, profesor titular de filolog\u00eda latina en la Universitat Aut\u00f2noma de Barcelona.<\/li>\n<li>Pilar G\u00f3mez, profesora titular de filolog\u00eda griega en la Universitat de Barcelona.<\/li>\n<li>Francesca Mestre, profesora titular de filolog\u00eda griega en la Universitat de Barcelona.<\/li>\n<li>Silvana Rocca, catedr\u00e1tica de filolog\u00eda latina dell&#8217;Universit\u00e0 degli Studi di Genova.<\/li>\n<\/ul>\n<p><strong>ISNN: <\/strong>2013-682X<\/p>\n<p><strong>Correo electr\u00f3nico de contacto<\/strong>: <a href=\"mailto:revista.methodos@uab.cat\">revista.methodos@uab.cat<\/a>.<\/p>\n<p><strong>Direcci\u00f3n postal<\/strong>: env\u00edo a nombre de Sebasti\u00e0 Giralt, <em>Methodos<\/em>,<br \/>\nDepartament de Ci\u00e8ncies de l&#8217;Antiguitat i l&#8217;Edat Mitjana, Edifici B,<br \/>\nCampus de la Universitat Aut\u00f2noma de Barcelona, 08193 Bellaterra (Cerdanyola del Vall\u00e8s).<\/p>\n<p><a href=\"http:\/\/creativecommons.org\/licenses\/by-nc-nd\/3.0\/deed.ca\" target=\"_self\" rel=\"noopener\"><img loading=\"lazy\" decoding=\"async\" alt=\"cc\" height=\"31\" src=\"http:\/\/pagines.uab.cat\/methodos\/sites\/pagines.uab.cat.methodos\/files\/cc.png\" width=\"88\" \/><\/a><\/p>\n<p><em>Methodos<\/em> se publica bajo la licencia <span><a href=\"http:\/\/creativecommons.org\/licenses\/by-nc-nd\/3.0\/deed.es\" target=\"_blank\" rel=\"noopener\">Creative Commons<\/a>. Por lo tanto, se permite la reproducci\u00f3n total o parcial y la comunicaci\u00f3n p\u00fablica de los contenidos de la revista, siempre que no sea con finalidades comerciales, y siempre que se reconozca la autor\u00eda de la obra original. No se permite la creaci\u00f3n de obras derivadas de sus contenidos.&nbsp;<\/span><\/p>\n<p style=\"text-align: center;\">&nbsp;<\/p>\n<table border=\"0\" cellpadding=\"4\" cellspacing=\"0\" style=\"width: 638px; height: 142px; text-align: center;\">\n<colgroup>\n<col width=\"611\" \/>\n<col width=\"611\" \/>\n\t<\/colgroup>\n<tbody>\n<tr valign=\"TOP\">\n<td align=\"center\" style=\"width: 611px;\" valign=\"middle\">\n<p align=\"CENTER\"><a href=\"http:\/\/www.uab.cat\/departament\/ciencies-antiguitat-edat-mitjana\/\" target=\"_blank\" rel=\"noopener\"><img loading=\"lazy\" decoding=\"async\" alt=\"\" height=\"54\" src=\"http:\/\/pagines.uab.cat\/methodos\/sites\/pagines.uab.cat.methodos\/files\/images\/UAB.jpg\" width=\"228\" \/><\/a><\/p>\n<\/td>\n<td>\n<p style=\"text-align:center\"><a href=\"http:\/\/pagines.uab.cat\/iceclassiques\" target=\"_blank\" rel=\"noopener\"><img loading=\"lazy\" decoding=\"async\" alt=\"\" height=\"70\" src=\"http:\/\/pagines.uab.cat\/methodos\/sites\/pagines.uab.cat.methodos\/files\/images\/classiques_daurat_mini_0.jpg\" width=\"70\" \/><\/a><\/p>\n<\/td>\n<\/tr>\n<tr>\n<td align=\"center\" valign=\"middle\">\n<p align=\"CENTER\">Departament de Ci\u00e8ncies<br \/>\n\t\t\tde l\u2019Antiguitat i de l\u2019Edat Mitjana<\/p>\n<\/td>\n<td style=\"text-align: center;\">\n<p>Equip de Formaci\u00f3 i Innovaci\u00f3<br \/>\n\t\t\tde Lleng\u00fces i Cultura Cl\u00e0ssiques<br \/>\n\t\t\tICE de la UAB<\/p>\n<\/td>\n<\/tr>\n<\/tbody>\n<\/table>\n<p style=\"text-align: center;\">&nbsp;<\/p>\n","protected":false},"excerpt":{"rendered":"<p>La revista digital Methodos fue fundada y dirigida en su primera \u00e9poca por Pedro Luis Cano. Su segunda \u00e9poca se inici\u00f3 en 2011. Actualmente Methodos. Revista de did\u00e0ctica dels estudis cl\u00e0ssics es una publicaci\u00f3n editada por el Equip Arg\u00f3 de Lleng\u00fces i Cultura Cl\u00e0ssiques de la Universitat Aut\u00f2noma de Barcelona, que integra a profesorado del [&hellip;]<\/p>\n","protected":false},"author":20,"featured_media":0,"parent":0,"menu_order":0,"comment_status":"closed","ping_status":"closed","template":"","meta":{"footnotes":""},"class_list":["post-155","page","type-page","status-publish","hentry"],"_links":{"self":[{"href":"https:\/\/webs.uab.cat\/methodos\/es\/wp-json\/wp\/v2\/pages\/155","targetHints":{"allow":["GET"]}}],"collection":[{"href":"https:\/\/webs.uab.cat\/methodos\/es\/wp-json\/wp\/v2\/pages"}],"about":[{"href":"https:\/\/webs.uab.cat\/methodos\/es\/wp-json\/wp\/v2\/types\/page"}],"author":[{"embeddable":true,"href":"https:\/\/webs.uab.cat\/methodos\/es\/wp-json\/wp\/v2\/users\/20"}],"replies":[{"embeddable":true,"href":"https:\/\/webs.uab.cat\/methodos\/es\/wp-json\/wp\/v2\/comments?post=155"}],"version-history":[{"count":0,"href":"https:\/\/webs.uab.cat\/methodos\/es\/wp-json\/wp\/v2\/pages\/155\/revisions"}],"wp:attachment":[{"href":"https:\/\/webs.uab.cat\/methodos\/es\/wp-json\/wp\/v2\/media?parent=155"}],"curies":[{"name":"wp","href":"https:\/\/api.w.org\/{rel}","templated":true}]}}