{"id":156,"date":"2011-10-10T00:05:14","date_gmt":"2011-10-09T22:05:14","guid":{"rendered":"https:\/\/webs.uab.cat\/methodos\/primera-epoca-2\/"},"modified":"2011-12-01T23:06:34","modified_gmt":"2011-12-01T21:06:34","slug":"primera-epoca-2","status":"publish","type":"page","link":"https:\/\/webs.uab.cat\/methodos\/es\/primera-epoca-2\/","title":{"rendered":"Methodos. Primera \u00e9poca"},"content":{"rendered":"<p><img decoding=\"async\" alt=\"methodos1epoca\" src=\"http:\/\/pagines.uab.cat\/methodos\/sites\/pagines.uab.cat.methodos\/files\/images\/\/logomethodos.gif\" \/><\/p>\n<p><strong><em>Methodos. Revista electr\u00f3nica de did\u00e1ctica del lat\u00edn<\/em><\/strong> naci\u00f3 en el a\u00f1o 2003, fundada y dirigida por Pedro Luis Cano como una iniciativa del \u00c1rea de Lat\u00edn de la <a href=\"http:\/\/www.uab.cat\/\">Universitat Aut\u00f2noma de Barcelona<\/a>. En la primera \u00e9poca Jos\u00e9 Luis Cimarras fue secretario de la revista. Todos los art\u00edculos aparecidos en la primera \u00e9poca se han recuperado en el <a href=\"biblio\/keyword\/13\">n\u00famero 0 de la nueva \u00e9poca<\/a>.<\/p>\n<p><em>In memoriam<\/em> Carmen Pal\u00e0<\/p>\n<p>&nbsp;<\/p>\n<p>&nbsp;<\/p>\n<p>&nbsp;<\/p>\n","protected":false},"excerpt":{"rendered":"<p>Methodos. Revista electr\u00f3nica de did\u00e1ctica del lat\u00edn naci\u00f3 en el a\u00f1o 2003, fundada y dirigida por Pedro Luis Cano como una iniciativa del \u00c1rea de Lat\u00edn de la Universitat Aut\u00f2noma de Barcelona. En la primera \u00e9poca Jos\u00e9 Luis Cimarras fue secretario de la revista. Todos los art\u00edculos aparecidos en la primera \u00e9poca se han recuperado [&hellip;]<\/p>\n","protected":false},"author":20,"featured_media":0,"parent":0,"menu_order":0,"comment_status":"closed","ping_status":"closed","template":"","meta":{"footnotes":""},"class_list":["post-156","page","type-page","status-publish","hentry"],"_links":{"self":[{"href":"https:\/\/webs.uab.cat\/methodos\/es\/wp-json\/wp\/v2\/pages\/156","targetHints":{"allow":["GET"]}}],"collection":[{"href":"https:\/\/webs.uab.cat\/methodos\/es\/wp-json\/wp\/v2\/pages"}],"about":[{"href":"https:\/\/webs.uab.cat\/methodos\/es\/wp-json\/wp\/v2\/types\/page"}],"author":[{"embeddable":true,"href":"https:\/\/webs.uab.cat\/methodos\/es\/wp-json\/wp\/v2\/users\/20"}],"replies":[{"embeddable":true,"href":"https:\/\/webs.uab.cat\/methodos\/es\/wp-json\/wp\/v2\/comments?post=156"}],"version-history":[{"count":0,"href":"https:\/\/webs.uab.cat\/methodos\/es\/wp-json\/wp\/v2\/pages\/156\/revisions"}],"wp:attachment":[{"href":"https:\/\/webs.uab.cat\/methodos\/es\/wp-json\/wp\/v2\/media?parent=156"}],"curies":[{"name":"wp","href":"https:\/\/api.w.org\/{rel}","templated":true}]}}