{"id":157,"date":"2011-12-02T00:19:48","date_gmt":"2011-12-01T22:19:48","guid":{"rendered":"https:\/\/webs.uab.cat\/methodos\/enlaces\/"},"modified":"2011-12-02T00:19:48","modified_gmt":"2011-12-01T22:19:48","slug":"enlaces","status":"publish","type":"page","link":"https:\/\/webs.uab.cat\/methodos\/es\/enlaces\/","title":{"rendered":"Enlaces"},"content":{"rendered":"<p>Did\u00e1ctica de los estudios cl\u00e1sicos:<\/p>\n<ol>\n<li><a href=\"http:\/\/grupsderecerca.uab.cat\/graudeclassiques\/\" target=\"_blank\" rel=\"noopener\">Grau d&#8217;Estudis Cl\u00e0ssics de la UAB. Projecte AGAUR<\/a>,<\/li>\n<li><a href=\"http:\/\/pagines.uab.cat\/iceclassiques\/\" target=\"_blank\" rel=\"noopener\">Equip de Formaci\u00f3 i Innovaci\u00f3 de Lleng\u00fces i Cultura Cl\u00e0ssiques de l&#8217;ICE de la UAB<\/a>,<\/li>\n<li><a href=\"http:\/\/www.thamyris.uma.es\" target=\"_blank\" rel=\"noopener\">Thamyris. Revista de Did\u00e1ctica de Cultura Cl\u00e1sica, Griego y Lat\u00edn<\/a><\/li>\n<\/ol>\n<p>&nbsp;<\/p>\n<p>&nbsp;<\/p>\n","protected":false},"excerpt":{"rendered":"<p>Did\u00e1ctica de los estudios cl\u00e1sicos: Grau d&#8217;Estudis Cl\u00e0ssics de la UAB. Projecte AGAUR, Equip de Formaci\u00f3 i Innovaci\u00f3 de Lleng\u00fces i Cultura Cl\u00e0ssiques de l&#8217;ICE de la UAB, Thamyris. Revista de Did\u00e1ctica de Cultura Cl\u00e1sica, Griego y Lat\u00edn &nbsp; &nbsp;<\/p>\n","protected":false},"author":20,"featured_media":0,"parent":0,"menu_order":0,"comment_status":"closed","ping_status":"closed","template":"","meta":{"footnotes":""},"class_list":["post-157","page","type-page","status-publish","hentry"],"_links":{"self":[{"href":"https:\/\/webs.uab.cat\/methodos\/es\/wp-json\/wp\/v2\/pages\/157","targetHints":{"allow":["GET"]}}],"collection":[{"href":"https:\/\/webs.uab.cat\/methodos\/es\/wp-json\/wp\/v2\/pages"}],"about":[{"href":"https:\/\/webs.uab.cat\/methodos\/es\/wp-json\/wp\/v2\/types\/page"}],"author":[{"embeddable":true,"href":"https:\/\/webs.uab.cat\/methodos\/es\/wp-json\/wp\/v2\/users\/20"}],"replies":[{"embeddable":true,"href":"https:\/\/webs.uab.cat\/methodos\/es\/wp-json\/wp\/v2\/comments?post=157"}],"version-history":[{"count":0,"href":"https:\/\/webs.uab.cat\/methodos\/es\/wp-json\/wp\/v2\/pages\/157\/revisions"}],"wp:attachment":[{"href":"https:\/\/webs.uab.cat\/methodos\/es\/wp-json\/wp\/v2\/media?parent=157"}],"curies":[{"name":"wp","href":"https:\/\/api.w.org\/{rel}","templated":true}]}}