{"id":153,"date":"2011-10-10T00:05:14","date_gmt":"2011-10-09T22:05:14","guid":{"rendered":"https:\/\/webs.uab.cat\/methodos\/primera-epoca\/"},"modified":"2022-10-25T17:05:11","modified_gmt":"2022-10-25T15:05:11","slug":"primera-epoca","status":"publish","type":"page","link":"https:\/\/webs.uab.cat\/methodos\/primera-epoca\/","title":{"rendered":"Methodos. Primera \u00e8poca"},"content":{"rendered":"\n<figure class=\"wp-block-image\"><img decoding=\"async\" src=\"http:\/\/pagines.uab.cat\/methodos\/sites\/pagines.uab.cat.methodos\/files\/images\/logomethodos.gif\" alt=\"methodos1epoca\"\/><\/figure>\n\n\n\n<p><em><strong>Methodos. Revista electr\u00f3nica de did\u00e1ctica del lat\u00edn<\/strong><\/em> va n\u00e9ixer l&#8217;any 2003, fundada i dirigida per Pedro Luis Cano com una iniciativa de l&#8217;\u00c0rea de Llat\u00ed de la <a href=\"http:\/\/www.uab.cat\/\">Universitat Aut\u00f2noma de Barcelona<\/a>. En la primera \u00e8poca Jos\u00e9 Luis Cimarras va ser el secretari de la revista. Tots els articles apareguts en la primera \u00e8poca han estat recuperats en el <a href=\"https:\/\/webs.uab.cat\/methodos\/numero-0-primera-epoca\/\" data-type=\"page\" data-id=\"441\">n\u00famero 0 de la nova \u00e8poca<\/a>.<\/p>\n\n\n\n<p><em>In memoriam<\/em> Carmen Pal\u00e0<\/p>\n","protected":false},"excerpt":{"rendered":"<p>Methodos. Revista electr\u00f3nica de did\u00e1ctica del lat\u00edn va n\u00e9ixer l&#8217;any 2003, fundada i dirigida per Pedro Luis Cano com una iniciativa de l&#8217;\u00c0rea de Llat\u00ed de la Universitat Aut\u00f2noma de Barcelona. En la primera \u00e8poca Jos\u00e9 Luis Cimarras va ser el secretari de la revista. Tots els articles apareguts en la primera \u00e8poca han estat [&hellip;]<\/p>\n","protected":false},"author":20,"featured_media":0,"parent":0,"menu_order":0,"comment_status":"closed","ping_status":"closed","template":"","meta":{"footnotes":""},"class_list":["post-153","page","type-page","status-publish","hentry"],"_links":{"self":[{"href":"https:\/\/webs.uab.cat\/methodos\/wp-json\/wp\/v2\/pages\/153","targetHints":{"allow":["GET"]}}],"collection":[{"href":"https:\/\/webs.uab.cat\/methodos\/wp-json\/wp\/v2\/pages"}],"about":[{"href":"https:\/\/webs.uab.cat\/methodos\/wp-json\/wp\/v2\/types\/page"}],"author":[{"embeddable":true,"href":"https:\/\/webs.uab.cat\/methodos\/wp-json\/wp\/v2\/users\/20"}],"replies":[{"embeddable":true,"href":"https:\/\/webs.uab.cat\/methodos\/wp-json\/wp\/v2\/comments?post=153"}],"version-history":[{"count":2,"href":"https:\/\/webs.uab.cat\/methodos\/wp-json\/wp\/v2\/pages\/153\/revisions"}],"predecessor-version":[{"id":451,"href":"https:\/\/webs.uab.cat\/methodos\/wp-json\/wp\/v2\/pages\/153\/revisions\/451"}],"wp:attachment":[{"href":"https:\/\/webs.uab.cat\/methodos\/wp-json\/wp\/v2\/media?parent=153"}],"curies":[{"name":"wp","href":"https:\/\/api.w.org\/{rel}","templated":true}]}}