{"id":445,"date":"2022-10-25T17:01:50","date_gmt":"2022-10-25T15:01:50","guid":{"rendered":"https:\/\/webs.uab.cat\/methodos\/?page_id=445"},"modified":"2022-10-25T17:01:51","modified_gmt":"2022-10-25T15:01:51","slug":"numero-2","status":"publish","type":"page","link":"https:\/\/webs.uab.cat\/methodos\/numero-2\/","title":{"rendered":"N\u00famero 2"},"content":{"rendered":"<li><span class=\"any\">2015<\/span>, Cano, Pedro Luis. <span class=\"titol\"><a href=\"https:\/\/webs.uab.cat\/methodos\/biblio\/aspectes-de-lobra-didactica-deduard-valenti-i-fiol-amb-especial-esment-de-la-sintaxis-latina\/\">Aspectes de l&#8217;obra did\u00e0ctica d&#8217;Eduard Valent\u00ed i Fiol amb especial esment de la Sintaxis Latina<\/a><\/span>. <span class=\"revista\">Methodos<\/span> 2 80-92<\/li><li><span class=\"any\">2015<\/span>, Cabr\u00e9, Teresa. <span class=\"titol\"><a href=\"https:\/\/webs.uab.cat\/methodos\/biblio\/eduard-valenti-fiol-un-referent-indiscutible\/\">Eduard Valent\u00ed Fiol, un referent indiscutible<\/a><\/span>. <span class=\"revista\">Methodos<\/span> 2 9-12<\/li><li><span class=\"any\">2015<\/span>, G\u00f3mez Pallar\u00e8s, Joan. <span class=\"titol\"><a href=\"https:\/\/webs.uab.cat\/methodos\/biblio\/eduard-valenti-fiol-la-petja-de-la-biblioteca\/\">Eduard Valent\u00ed Fiol: la petja de la biblioteca<\/a><\/span>. <span class=\"revista\">Methodos<\/span> 2 100-106<\/li><li><span class=\"any\">2015<\/span>, Mart\u00ednez G\u00e1zquez, Jos\u00e9. <span class=\"titol\"><a href=\"https:\/\/webs.uab.cat\/methodos\/biblio\/eduard-valenti-i-fiol-en-la-rablb\/\">Eduard Valent\u00ed i Fiol en la RABLB<\/a><\/span>. <span class=\"revista\">Methodos<\/span> 2 122-130<\/li><li><span class=\"any\">2015<\/span>, Medina, Jaume. <span class=\"titol\"><a href=\"https:\/\/webs.uab.cat\/methodos\/biblio\/eduard-valenti-i-fiol-i-carles-riba\/\">Eduard Valent\u00ed i Fiol i Carles Riba<\/a><\/span>. <span class=\"revista\">Methodos<\/span> 2 13-44<\/li><li><span class=\"any\">2015<\/span>, Mayer i Oliv\u00e9, Marc. <span class=\"titol\"><a href=\"https:\/\/webs.uab.cat\/methodos\/biblio\/eduard-valenti-i-fiol-i-la-seva-relacio-amb-linstitut-destudis-catalans\/\">Eduard Valent\u00ed i Fiol i la seva relaci\u00f3 amb l&#8217;Institut d&#8217;Estudis Catalans<\/a><\/span>. <span class=\"revista\">Methodos<\/span> 2 116-121<\/li><li><span class=\"any\">2015<\/span>, Cano, Pedro Luis. <span class=\"titol\"><a href=\"https:\/\/webs.uab.cat\/methodos\/biblio\/eduard-valenti-i-fiol-record-dun-humanista-i-la-seva-obra\/\">Eduard Valent\u00ed i Fiol, record d&#8217;un humanista i la seva obra<\/a><\/span>. <span class=\"revista\">Methodos<\/span> 2 136-148<\/li><li><span class=\"any\">2015<\/span>, D\u00edez, Mar\u00eda Goretti. <span class=\"titol\"><a href=\"https:\/\/webs.uab.cat\/methodos\/biblio\/eduard-valenti-i-fiol-la-universitat-autonoma-de-barcelona-en-el-record-i-en-la-historia\/\">Eduard Valent\u00ed i Fiol: la Universitat Aut\u00f2noma de Barcelona en el record i en la hist\u00f2ria<\/a><\/span>. <span class=\"revista\">Methodos<\/span> 2 45-76<\/li><li><span class=\"any\">2015<\/span>, Pena, Mar\u00eda Jos\u00e9. <span class=\"titol\"><a href=\"https:\/\/webs.uab.cat\/methodos\/biblio\/exposicio-bibliografica-la-biblioteca-dhumanitats\/\">Exposici\u00f3 bibliogr\u00e0fica a la Biblioteca d&#8217;Humanitats<\/a><\/span>. <span class=\"revista\">Methodos<\/span> 2 77-79<\/li><li><span class=\"any\">2015<\/span>, Rico, Francisco. <span class=\"titol\"><a href=\"https:\/\/webs.uab.cat\/methodos\/biblio\/las-paraules-de-saviesa-de-eduard-valenti\/\">Las &#8220;paraules de saviesa&#8221; de Eduard Valent\u00ed<\/a><\/span>. <span class=\"revista\">Methodos<\/span> 2 134-135<\/li>\n<p class=\"pods-pagination\">\n\n<span class=\"pods-pagination-advanced \">\n\t\n\t<span\n\t\tclass=\"pods-pagination-number pods-pagination-current \">1<\/span>\n\n\t\t\t<a href=\"\/methodos\/wp-json\/wp\/v2\/pages\/445?pg=2\"\n\t\t   class=\"pods-pagination-number pods-pagination-last pods-pagination-2 \">2<\/a>\n\t\t\t\t\t<a href=\"\/methodos\/wp-json\/wp\/v2\/pages\/445?pg=2\"\n\t\t\t   class=\"pods-pagination-label pods-pagination-next \">Seg\u00fcent &rsaquo;<\/a>\n\t\t\t\t\t\t\t<a href=\"\/methodos\/wp-json\/wp\/v2\/pages\/445?pg=2\"\n\t\t\t   class=\"pods-pagination-label pods-pagination-last \">\u00daltim &raquo;<\/a>\n\t\t\t\t\n<\/span>\n\n<\/p>\n","protected":false},"excerpt":{"rendered":"","protected":false},"author":20,"featured_media":0,"parent":0,"menu_order":0,"comment_status":"closed","ping_status":"closed","template":"","meta":{"footnotes":""},"class_list":["post-445","page","type-page","status-publish","hentry"],"_links":{"self":[{"href":"https:\/\/webs.uab.cat\/methodos\/wp-json\/wp\/v2\/pages\/445","targetHints":{"allow":["GET"]}}],"collection":[{"href":"https:\/\/webs.uab.cat\/methodos\/wp-json\/wp\/v2\/pages"}],"about":[{"href":"https:\/\/webs.uab.cat\/methodos\/wp-json\/wp\/v2\/types\/page"}],"author":[{"embeddable":true,"href":"https:\/\/webs.uab.cat\/methodos\/wp-json\/wp\/v2\/users\/20"}],"replies":[{"embeddable":true,"href":"https:\/\/webs.uab.cat\/methodos\/wp-json\/wp\/v2\/comments?post=445"}],"version-history":[{"count":1,"href":"https:\/\/webs.uab.cat\/methodos\/wp-json\/wp\/v2\/pages\/445\/revisions"}],"predecessor-version":[{"id":446,"href":"https:\/\/webs.uab.cat\/methodos\/wp-json\/wp\/v2\/pages\/445\/revisions\/446"}],"wp:attachment":[{"href":"https:\/\/webs.uab.cat\/methodos\/wp-json\/wp\/v2\/media?parent=445"}],"curies":[{"name":"wp","href":"https:\/\/api.w.org\/{rel}","templated":true}]}}